{"id":1234,"date":"2024-09-18T07:48:58","date_gmt":"2024-09-18T07:48:58","guid":{"rendered":"https:\/\/keweicorten.com\/?post_type=product&#038;p=1234"},"modified":"2024-09-18T07:48:59","modified_gmt":"2024-09-18T07:48:59","slug":"corten-steel-a588gra","status":"publish","type":"product","link":"https:\/\/keweicorten.com\/es\/corten-steel-a588gra\/","title":{"rendered":"Acero corten A588GRA"},"content":{"rendered":"<h2>The key features of weathering steel plates:<\/h2>\n<ul>\n<li>Corrosion Resistance: Weathering steel forms a stable rust-like appearance when exposed to the elements, which acts as a protective layer to prevent deeper corrosion. This oxide layer continues to develop over time, providing ongoing protection from the environment.<\/li>\n<li>High Strength: Weathering steel has a higher yield strength compared to standard structural steels, making it suitable for demanding structural applications and allowing for lighter and stronger designs.<\/li>\n<li>Low Alloy Content: It contains specific alloying elements such as copper, chromium, and nickel, which enhance its weather resistance and overall durability.<\/li>\n<li>Atractivo est\u00e9tico<\/li>\n<li>Maintenance-Free: One of the biggest advantages of weathering steel Corten Steel A588GRA is its low maintenance requirement. Once the protective patina has formed, there is generally little need for treatments, coatings, or repainting.<\/li>\n<li>Environmental Resistance: Weathering steel is particularly suited for outdoor structures, as it can withstand various atmospheric conditions, including rain, snow, and extreme temperatures.<\/li>\n<li>Weldability: Weathering steels Corten Steel A588GRA can be welded the same way as other structural steels, though specific considerations must be taken into account regarding the welding process to maintain the material&#8217;s properties.<\/li>\n<li>Longevity: Weathering steel Corten Steel A588GRA has a long lifespan, making it a cost-effective choice over time for structures subject to harsh weather conditions.<\/li>\n<li>Formability: It can be easily formed into various shapes and structures, making it versatile for architectural and structural applications.<\/li>\n<li>Sustainability: Due to its durability and low maintenance, weathering steel contributes to sustainable construction practices, reducing the need for resources spent on coatings and frequent replacements.<\/li>\n<\/ul>\n<figure style=\"width: 750px\" class=\"wp-caption alignnone\"><a href=\"https:\/\/keweicorten.com\/es\/contacto\/\"><img fetchpriority=\"high\" decoding=\"async\" title=\"corten steel sheets\" src=\"https:\/\/sc04.alicdn.com\/kf\/H4b06690ff5ec4483be228e9342b4f08fn\/239729424\/H4b06690ff5ec4483be228e9342b4f08fn.jpg\" alt=\"\" width=\"750\" height=\"929\" \/><\/a><figcaption class=\"wp-caption-text\">corten steel sheets<\/figcaption><\/figure>\n<table class=\"has-title all magic-9\" style=\"height: 323px;\" width=\"910\">\n<tbody>\n<tr>\n<td colspan=\"1\" rowspan=\"1\">\n<div class=\"magic-10\" data-spm-anchor-id=\"a2700.details.0.i42.4d704381X3PZPe\">Nombre del producto<\/div>\n<\/td>\n<td colspan=\"4\" rowspan=\"1\">\n<div class=\"magic-11\">Chapa de acero resistente a la intemperie<\/div>\n<\/td>\n<\/tr>\n<tr>\n<td colspan=\"1\" rowspan=\"1\">\n<div class=\"magic-10\" data-spm-anchor-id=\"a2700.details.0.i41.4d704381X3PZPe\">Est\u00e1ndar<\/div>\n<\/td>\n<td colspan=\"4\" rowspan=\"1\">\n<div class=\"magic-11\">DIN GB JIS BA AISI ASTM<\/div>\n<\/td>\n<\/tr>\n<tr>\n<td colspan=\"1\" rowspan=\"1\">\n<div class=\"magic-10\">Longitud<\/div>\n<\/td>\n<td colspan=\"4\" rowspan=\"1\">\n<div class=\"magic-11\">\u00a0customize<\/div>\n<\/td>\n<\/tr>\n<tr>\n<td colspan=\"1\" rowspan=\"1\">\n<div class=\"magic-10\">Anchura<\/div>\n<\/td>\n<td colspan=\"4\" rowspan=\"1\">\n<div class=\"magic-11\">customize<\/div>\n<\/td>\n<\/tr>\n<tr>\n<td colspan=\"1\" rowspan=\"1\">\n<div class=\"magic-10\">Espesor<\/div>\n<\/td>\n<td colspan=\"4\" rowspan=\"1\">\n<div class=\"magic-11\">2-100 mm o personalizable<\/div>\n<\/td>\n<\/tr>\n<tr>\n<td colspan=\"1\" rowspan=\"1\">\n<div class=\"magic-10\">Material<\/div>\n<\/td>\n<td colspan=\"4\" rowspan=\"1\">\n<div class=\"magic-11\">\u00a0Q235NH Q355NH Q355GNH Q295NH Q295GNH Q460NH S235J0WP S235J2WP S235J2W A588grA CortenA CortenB Q345NH Q295NH Q295GNH Q355GNHL 09CuPCrNi-A SPA-H\u00a0Corten A CortenB Cu-P<\/div>\n<\/td>\n<\/tr>\n<tr>\n<td colspan=\"1\" rowspan=\"1\">\n<div class=\"magic-10\">Pago<\/div>\n<\/td>\n<td colspan=\"4\" rowspan=\"1\">\n<div class=\"magic-11\">30%T\/T + 70% balance<\/div>\n<\/td>\n<\/tr>\n<tr>\n<td colspan=\"1\" rowspan=\"1\">\n<div class=\"magic-10\">Aplicaci\u00f3n<\/div>\n<\/td>\n<td colspan=\"4\" rowspan=\"1\">\n<div class=\"magic-11\">El acero resistente a la intemperie se utiliza principalmente en ferrocarriles, veh\u00edculos, puentes, torres, energ\u00eda fotovoltaica, ingenier\u00eda de alta velocidad y otras aplicaciones a largo plazo.<br \/>\nde las estructuras de acero. Tambi\u00e9n puede utilizarse en la fabricaci\u00f3n de contenedores, ferrocarriles<br \/>\nveh\u00edculos, torres petrol\u00edferas, edificios portuarios, plataformas petrol\u00edferas y contenedores de medios corrosivos que contengan azufre en instalaciones qu\u00edmicas y petrol\u00edferas.<br \/>\nequipos petrol\u00edferos. Adem\u00e1s, debido a su aspecto \u00fanico, el acero resistente a la intemperie tambi\u00e9n se utiliza a menudo en arte p\u00fablico, exteriores, etc.<br \/>\nescultura y decoraci\u00f3n de paredes exteriores de edificios.<\/div>\n<\/td>\n<\/tr>\n<tr>\n<td colspan=\"1\" rowspan=\"1\">\n<div class=\"magic-10\">Embalaje para exportaci\u00f3n<\/div>\n<\/td>\n<td colspan=\"4\" rowspan=\"1\">\n<div class=\"magic-11\">Papel impermeable, y fleje de acero embalado.<br \/>\nEmbalaje mar\u00edtimo de exportaci\u00f3n est\u00e1ndar, adecuado para todo tipo de transporte o seg\u00fan se requiera.<\/div>\n<\/td>\n<\/tr>\n<tr>\n<td colspan=\"1\" rowspan=\"1\">\n<div class=\"magic-10\">Superficie<\/div>\n<\/td>\n<td colspan=\"4\" rowspan=\"1\">\n<div class=\"magic-14\">Negro, revestimiento, revestimiento de color, barniz antioxidante, aceite antioxidante, rejilla, etc.<\/div>\n<\/td>\n<\/tr>\n<\/tbody>\n<\/table>\n<h2 class=\"magic-29\"><span class=\"magic-30\" data-spm-anchor-id=\"a2700.details.0.i45.4d704381X3PZPe\">Weather resistant steel plate application<\/span><\/h2>\n<div class=\"magic-5\">\n<div class=\"magic-6\">\n<div class=\"magic-7\">1<b>\u3001Weather resistant landscape<\/b><\/p>\n<div><\/div>\n<div>2\u3001<b>Muro cortina resistente a la intemperie<\/b><\/div>\n<div><\/div>\n<div>3\u3001<b>Weather sculpture<\/b><\/div>\n<div><\/div>\n<div>4\u3001<b>Weather-resistant flower pot<\/b><\/div>\n<div><b>\u00a0<\/b><\/div>\n<div>5\u3001<b>Weather-resistant building<\/b><\/div>\n<div><b>\u00a0<\/b><\/div>\n<div>6\u3001<b>Weatherproof screen<\/b><\/div>\n<h2>Product packaging<\/h2>\n<div>\n<figure style=\"width: 646px\" class=\"wp-caption alignnone\"><a href=\"https:\/\/keweicorten.com\/es\"><img decoding=\"async\" title=\"chapa de acero corten\" src=\"https:\/\/sc01.alicdn.com\/kf\/HTB1qOM4nrYI8KJjy0Fa762AiVXaL\/231450570\/HTB1qOM4nrYI8KJjy0Fa762AiVXaL.png\" alt=\"\" width=\"646\" height=\"410\" \/><\/a><figcaption class=\"wp-caption-text\">chapa de acero corten<\/figcaption><\/figure>\n<\/div>\n<\/div>\n<\/div>\n<\/div>","protected":false},"excerpt":{"rendered":"<table class=\"all magic-1\" style=\"height: 120px;\" width=\"313\">\n<tbody>\n<tr>\n<td colspan=\"1\" rowspan=\"1\">\n<div class=\"magic-2\" data-spm-anchor-id=\"a2700.details.0.i39.73d28eb8YeAqUO\">Produce name<\/div>\n<\/td>\n<td colspan=\"1\" rowspan=\"1\">\n<div class=\"magic-3\">Chapa de acero resistente a la intemperie<\/div>\n<\/td>\n<\/tr>\n<tr>\n<td colspan=\"1\" rowspan=\"1\">\n<div class=\"magic-2\">Grado<\/div>\n<\/td>\n<td colspan=\"1\" rowspan=\"1\">\n<div class=\"magic-3\">09CuPCrNi-A,cortenA,cortenB<br \/>\nQ235NH,Q295NH,Q345NH,Q500NH<br \/>\nS235JOW,S355JOW,S355J2WP<\/div>\n<\/td>\n<\/tr>\n<tr>\n<td colspan=\"1\" rowspan=\"1\">\n<div class=\"magic-2\">T\u00e9cnica<\/div>\n<\/td>\n<td colspan=\"1\" rowspan=\"1\">\n<div class=\"magic-3\">Cold rolled<\/div>\n<\/td>\n<\/tr>\n<tr>\n<td colspan=\"1\" rowspan=\"1\">\n<div class=\"magic-2\">Superficie<\/div>\n<\/td>\n<td colspan=\"1\" rowspan=\"1\">\n<div class=\"magic-3\">Rust-treatment,Clean,blasting or according to customer requirement.<\/div>\n<\/td>\n<\/tr>\n<\/tbody>\n<\/table>","protected":false},"featured_media":1244,"comment_status":"open","ping_status":"closed","template":"","meta":{"_eb_attr":"","_monsterinsights_skip_tracking":false,"_monsterinsights_sitenote_active":false,"_monsterinsights_sitenote_note":"","_monsterinsights_sitenote_category":0,"_uf_show_specific_survey":0,"_uf_disable_surveys":false},"product_brand":[],"product_cat":[21],"product_tag":[],"class_list":{"0":"post-1234","1":"product","2":"type-product","3":"status-publish","4":"has-post-thumbnail","6":"product_cat-weather-resistant-steel-plate","8":"first","9":"instock","10":"shipping-taxable","11":"product-type-simple"},"_links":{"self":[{"href":"https:\/\/keweicorten.com\/es\/wp-json\/wp\/v2\/product\/1234"}],"collection":[{"href":"https:\/\/keweicorten.com\/es\/wp-json\/wp\/v2\/product"}],"about":[{"href":"https:\/\/keweicorten.com\/es\/wp-json\/wp\/v2\/types\/product"}],"replies":[{"embeddable":true,"href":"https:\/\/keweicorten.com\/es\/wp-json\/wp\/v2\/comments?post=1234"}],"version-history":[{"count":1,"href":"https:\/\/keweicorten.com\/es\/wp-json\/wp\/v2\/product\/1234\/revisions"}],"predecessor-version":[{"id":1245,"href":"https:\/\/keweicorten.com\/es\/wp-json\/wp\/v2\/product\/1234\/revisions\/1245"}],"wp:featuredmedia":[{"embeddable":true,"href":"https:\/\/keweicorten.com\/es\/wp-json\/wp\/v2\/media\/1244"}],"wp:attachment":[{"href":"https:\/\/keweicorten.com\/es\/wp-json\/wp\/v2\/media?parent=1234"}],"wp:term":[{"taxonomy":"product_brand","embeddable":true,"href":"https:\/\/keweicorten.com\/es\/wp-json\/wp\/v2\/product_brand?post=1234"},{"taxonomy":"product_cat","embeddable":true,"href":"https:\/\/keweicorten.com\/es\/wp-json\/wp\/v2\/product_cat?post=1234"},{"taxonomy":"product_tag","embeddable":true,"href":"https:\/\/keweicorten.com\/es\/wp-json\/wp\/v2\/product_tag?post=1234"}],"curies":[{"name":"wp","href":"https:\/\/api.w.org\/{rel}","templated":true}]}}