{"id":1269,"date":"2024-09-19T07:26:56","date_gmt":"2024-09-19T07:26:56","guid":{"rendered":"https:\/\/keweicorten.com\/?post_type=product&#038;p=1269"},"modified":"2025-01-15T06:26:37","modified_gmt":"2025-01-15T06:26:37","slug":"mesa-de-gas-para-exterior","status":"publish","type":"product","link":"https:\/\/keweicorten.com\/es\/mesa-de-gas-para-exterior\/","title":{"rendered":"mesa de gas para exterior"},"content":{"rendered":"<p>Una mesa de gas para exterior es un mueble multifuncional que combina la calidez y el ambiente de una hoguera con la practicidad de una mesa. Funcionan con propano o gas natural, por lo que son m\u00e1s limpias y pr\u00e1cticas que las de le\u00f1a. Estas mesas suelen tener una hoguera en el centro, rodeada de una superficie plana donde se pueden colocar bebidas, aperitivos u objetos decorativos.<\/p>\n<h2>Mesa de fuego de gas natural Caracter\u00edsticas principales:<\/h2>\n<p>1. 1. Material: Los materiales m\u00e1s comunes son el aluminio, el acero, el mimbre, el hormig\u00f3n y la piedra, cada uno de ellos con una est\u00e9tica y una durabilidad diferentes para las condiciones exteriores.<br \/>\n2. 2. Medios para el fuego: La zona de fuego se decora a menudo con vidrio de fuego, rocas de lava o troncos de cer\u00e1mica para realzar el atractivo visual.<br \/>\n3. Tipo de combustible:<br \/>\nPropano: Requiere un dep\u00f3sito de propano, a menudo almacenado debajo de la mesa.<br \/>\nGas natural: Normalmente implica una conexi\u00f3n directa a la l\u00ednea de gas, por lo que es m\u00e1s permanente.<br \/>\n4. Espacio para la mesa: El borde exterior de la mesa de la hoguera sirve como zona de mesa funcional, proporcionando espacio para colocar objetos mientras se disfruta del fuego.<br \/>\n5. 5. Encendido: La mayor\u00eda de los modelos cuentan con un sistema de encendido f\u00e1cil de usar (pulsador o electr\u00f3nico).<br \/>\n6. Potencia calor\u00edfica (BTU): La potencia calor\u00edfica var\u00eda, siendo las BTU m\u00e1s altas las que proporcionan m\u00e1s calor para espacios m\u00e1s grandes.<\/p>\n<p>Ventajas:<br \/>\nMultifuncional: Se puede utilizar como hoguera y como mesa de entretenimiento.<br \/>\nF\u00e1cil de encender y controlar: Enciende y apaga el fuego al instante con un interruptor o mando.<br \/>\nMenos mantenimiento: No hay cenizas ni restos de madera que limpiar, a diferencia de las hogueras tradicionales.<br \/>\nDise\u00f1o elegante: Muchos modelos tienen dise\u00f1os modernos que realzan la est\u00e9tica de los espacios exteriores.<\/p>\n<p>Consideraciones:<br \/>\nTama\u00f1o: Aseg\u00farate de que la mesa cabe c\u00f3modamente en tu espacio exterior sin abarrotarlo.<br \/>\nResistente a la intemperie: Busca materiales que resistan la exposici\u00f3n al exterior o invierte en una cubierta para protegerlos.<br \/>\nRadio de calor: Dependiendo del tama\u00f1o y la potencia en BTU, la mesa para hogueras calentar\u00e1 un \u00e1rea espec\u00edfica. Considere si es suficiente para sus necesidades.<\/p>\n<table class=\"has-title all magic-6\">\n<tbody>\n<tr>\n<td colspan=\"1\" rowspan=\"1\">\n<div class=\"magic-7\" data-spm-anchor-id=\"a2700.details.0.i38.476a7509rg8LcG\">Nombre del producto<\/div>\n<\/td>\n<td colspan=\"1\" rowspan=\"1\">\n<div class=\"magic-8\">Durable calentador de fuego al aire libre de carb\u00f3n de le\u00f1a de metal de la naturaleza de gas en el pozo de fuego al aire libre<\/div>\n<\/td>\n<\/tr>\n<tr>\n<td colspan=\"1\" rowspan=\"1\">\n<div class=\"magic-7\">Material<\/div>\n<\/td>\n<td colspan=\"1\" rowspan=\"1\">\n<div class=\"magic-8\">Acero corten, acero inoxidable<\/div>\n<\/td>\n<\/tr>\n<tr>\n<td colspan=\"1\" rowspan=\"1\">\n<div class=\"magic-7\">Talla<\/div>\n<\/td>\n<td colspan=\"1\" rowspan=\"1\">\n<div class=\"magic-8\">800*800*400 o personalizado<\/div>\n<\/td>\n<\/tr>\n<tr>\n<td colspan=\"1\" rowspan=\"1\">\n<div class=\"magic-7\">Superficie<\/div>\n<\/td>\n<td colspan=\"1\" rowspan=\"1\">\n<div class=\"magic-8\">recubrimiento en polvo negro<\/div>\n<\/td>\n<\/tr>\n<tr>\n<td colspan=\"1\" rowspan=\"1\">\n<div class=\"magic-7\">Tecnolog\u00eda<\/div>\n<\/td>\n<td colspan=\"1\" rowspan=\"1\">\n<div class=\"magic-8\">\u00a0Corte por l\u00e1ser, plegado, punzonado, soldadura, intemperie<\/div>\n<\/td>\n<\/tr>\n<tr>\n<td colspan=\"1\" rowspan=\"1\">\n<div class=\"magic-7\">Aplicaci\u00f3n<\/div>\n<\/td>\n<td colspan=\"1\" rowspan=\"1\">\n<div class=\"magic-8\">Decoraci\u00f3n de exteriores o patios<\/div>\n<\/td>\n<\/tr>\n<\/tbody>\n<\/table>\n<figure style=\"width: 700px\" class=\"wp-caption alignnone\"><a href=\"https:\/\/keweicorten.com\/es\"><img fetchpriority=\"high\" decoding=\"async\" title=\"hoguera sobre mesa\" src=\"https:\/\/sc04.alicdn.com\/kf\/H2922166013fd43e4ae1450eaa5391c06A\/252624420\/H2922166013fd43e4ae1450eaa5391c06A.jpg\" alt=\"\" width=\"700\" height=\"700\" \/><\/a><figcaption class=\"wp-caption-text\">hoguera sobre mesa<\/figcaption><\/figure>","protected":false},"excerpt":{"rendered":"<p>An outdoor gas fire pit table is a multifunctional piece of outdoor furniture that combines the warmth and ambiance of a fire pit with the practicality of a table. It runs on either propane or natural gas, making it cleaner and more convenient than wood-burning fire pits. These tables often feature a fire pit in [&hellip;]<\/p>","protected":false},"featured_media":1271,"comment_status":"open","ping_status":"closed","template":"","meta":{"_eb_attr":"","_monsterinsights_skip_tracking":false,"_monsterinsights_sitenote_active":false,"_monsterinsights_sitenote_note":"","_monsterinsights_sitenote_category":0,"_uf_show_specific_survey":0,"_uf_disable_surveys":false},"product_brand":[],"product_cat":[55],"product_tag":[],"class_list":{"0":"post-1269","1":"product","2":"type-product","3":"status-publish","4":"has-post-thumbnail","6":"product_cat-gas-fire-pit","8":"first","9":"instock","10":"shipping-taxable","11":"product-type-simple"},"_links":{"self":[{"href":"https:\/\/keweicorten.com\/es\/wp-json\/wp\/v2\/product\/1269"}],"collection":[{"href":"https:\/\/keweicorten.com\/es\/wp-json\/wp\/v2\/product"}],"about":[{"href":"https:\/\/keweicorten.com\/es\/wp-json\/wp\/v2\/types\/product"}],"replies":[{"embeddable":true,"href":"https:\/\/keweicorten.com\/es\/wp-json\/wp\/v2\/comments?post=1269"}],"version-history":[{"count":1,"href":"https:\/\/keweicorten.com\/es\/wp-json\/wp\/v2\/product\/1269\/revisions"}],"predecessor-version":[{"id":1272,"href":"https:\/\/keweicorten.com\/es\/wp-json\/wp\/v2\/product\/1269\/revisions\/1272"}],"wp:featuredmedia":[{"embeddable":true,"href":"https:\/\/keweicorten.com\/es\/wp-json\/wp\/v2\/media\/1271"}],"wp:attachment":[{"href":"https:\/\/keweicorten.com\/es\/wp-json\/wp\/v2\/media?parent=1269"}],"wp:term":[{"taxonomy":"product_brand","embeddable":true,"href":"https:\/\/keweicorten.com\/es\/wp-json\/wp\/v2\/product_brand?post=1269"},{"taxonomy":"product_cat","embeddable":true,"href":"https:\/\/keweicorten.com\/es\/wp-json\/wp\/v2\/product_cat?post=1269"},{"taxonomy":"product_tag","embeddable":true,"href":"https:\/\/keweicorten.com\/es\/wp-json\/wp\/v2\/product_tag?post=1269"}],"curies":[{"name":"wp","href":"https:\/\/api.w.org\/{rel}","templated":true}]}}