{"id":1277,"date":"2024-09-19T08:11:50","date_gmt":"2024-09-19T08:11:50","guid":{"rendered":"https:\/\/keweicorten.com\/?post_type=product&#038;p=1277"},"modified":"2025-01-15T06:26:18","modified_gmt":"2025-01-15T06:26:18","slug":"cuenco-para-hoguera","status":"publish","type":"product","link":"https:\/\/keweicorten.com\/es\/cuenco-para-hoguera\/","title":{"rendered":"cuenco de corten"},"content":{"rendered":"<h2><b data-spm-anchor-id=\"a2700.details.0.i38.54803c56Fst1G1\">\u00a0Fogata de acero corten para exteriores <\/b><\/h2>\n<div>Garden Corten Steel Wood Burning Fire Pit Bowl es una excelente opci\u00f3n para crear calidez y ambiente en espacios al aire libre, mientras que proporciona un aspecto sofisticado y r\u00fastico que a\u00f1ade car\u00e1cter al paisaje circundante.<\/div>\n<div>Estos cuencos para hogueras se presentan en diversas formas y tama\u00f1os para adaptarse a diferentes espacios exteriores, y son f\u00e1ciles de mantener, lo que los convierte en una opci\u00f3n muy popular entre los amantes de la vida al aire libre.<\/div>\n<div>\n<table class=\"all magic-16\" style=\"height: 216px;\" width=\"816\">\n<tbody>\n<tr>\n<td colspan=\"1\" rowspan=\"1\">\n<div class=\"magic-17\" data-spm-anchor-id=\"a2700.details.0.i44.54803c56Fst1G1\">Nombre del producto<\/div>\n<\/td>\n<td colspan=\"4\" rowspan=\"1\">\n<div class=\"magic-18\">Decoraci\u00f3n de jard\u00edn Chimenea port\u00e1til sin humo Taz\u00f3n de fuego de acero al aire libre de acero corten Dise\u00f1o de pozo de fuego<\/div>\n<\/td>\n<\/tr>\n<tr>\n<td colspan=\"1\" rowspan=\"1\">\n<div class=\"magic-17\">Material<\/div>\n<\/td>\n<td colspan=\"4\" rowspan=\"1\">\n<div class=\"magic-18\">Acero corten\/resistente a la intemperie<\/div>\n<\/td>\n<\/tr>\n<tr>\n<td colspan=\"1\" rowspan=\"1\">\n<div class=\"magic-17\">Acabado superficial<\/div>\n<\/td>\n<td colspan=\"4\" rowspan=\"1\">\n<div class=\"magic-18\">Preoxidaci\u00f3n, seg\u00fan los requisitos<\/div>\n<\/td>\n<\/tr>\n<tr>\n<td colspan=\"1\" rowspan=\"1\">\n<div class=\"magic-17\">Talla<\/div>\n<\/td>\n<td colspan=\"4\" rowspan=\"1\">\n<div class=\"magic-21\">\n<p>Di\u00e1metro: 800 mm-1200 mm<\/p>\n<div data-spm-anchor-id=\"a2700.pc-decorate.0.i14.1ac93333diqBDj\">Espesor: 3mm,personalizado<\/div>\n<\/div>\n<\/td>\n<\/tr>\n<tr>\n<td colspan=\"1\" rowspan=\"1\">\n<div class=\"magic-22\">Caracter\u00edstica<\/div>\n<\/td>\n<td colspan=\"4\" rowspan=\"1\">\n<div class=\"magic-21\">Dise\u00f1o estable, f\u00e1cil de montar, resistente a altas temperaturas<\/div>\n<\/td>\n<\/tr>\n<tr>\n<td colspan=\"1\" rowspan=\"1\">\n<div class=\"magic-22\">Servicio adicional<\/div>\n<\/td>\n<td colspan=\"1\" rowspan=\"1\">\n<div class=\"magic-21\">Cada cuenco Fire Pits se puede fabricar en base al dise\u00f1o, dibujo, muestra y requisitos detallados de los clientes.<\/div>\n<\/td>\n<\/tr>\n<\/tbody>\n<\/table>\n<\/div>\n<div><a href=\"https:\/\/keweicorten.com\/es\"><img fetchpriority=\"high\" decoding=\"async\" class=\"alignnone\" title=\"foso de fuego\" src=\"https:\/\/sc04.alicdn.com\/kf\/H98c98f834b0941fe86f09cf240438fe2D\/252583075\/H98c98f834b0941fe86f09cf240438fe2D.jpg\" alt=\"\" width=\"676\" height=\"676\" \/><\/a><\/div>\n<div>\n<h2>Caracter\u00edsticas de los cuencos de fuego Corten:<\/h2>\n<ol>\n<li><strong>Material<\/strong>: Con el tiempo, el acero corten adquiere una p\u00e1tina similar a la del \u00f3xido, lo que le confiere un aspecto \u00fanico y texturado que combina bien con el entorno natural.<\/li>\n<li><strong>Durabilidad<\/strong>: El acero es resistente a la corrosi\u00f3n y a la intemperie, por lo que es apto para su uso en exteriores durante todo el a\u00f1o.<\/li>\n<li><strong>Dise\u00f1o<\/strong>: Los cuencos de fuego de corten se presentan en varias formas y tama\u00f1os, a menudo con dise\u00f1os minimalistas que realzan la est\u00e9tica de cualquier espacio al aire libre.<\/li>\n<li><strong>Funcionalidad<\/strong>: Pueden utilizarse tanto para cocinar como para calentar, proporcionando calor y un punto de reuni\u00f3n central para las actividades al aire libre.<\/li>\n<\/ol>\n<\/div>\n<div><\/div>\n<div>\n<figure style=\"width: 675px\" class=\"wp-caption alignnone\"><a href=\"https:\/\/keweicorten.com\/es\/contacto\/\"><img decoding=\"async\" title=\"foso de fuego\" src=\"https:\/\/sc04.alicdn.com\/kf\/Hc05888b8a84f48d7891b9c11c4d261b9Q\/252583075\/Hc05888b8a84f48d7891b9c11c4d261b9Q.jpg\" alt=\"\" width=\"675\" height=\"675\" \/><\/a><figcaption class=\"wp-caption-text\">foso de fuego<\/figcaption><\/figure>\n<\/div>\n<div>\n<h2>Beneficios de los cuencos de fuego Corten:<\/h2>\n<ul>\n<li><strong>Est\u00e9tica \u00fanica<\/strong>: El aspecto r\u00fastico del acero corten aporta car\u00e1cter y elegancia a su jard\u00edn o patio.<\/li>\n<li><strong>Bajo mantenimiento<\/strong>: A diferencia de las hogueras de le\u00f1a, los cuencos de corten requieren un mantenimiento m\u00ednimo.<\/li>\n<li><strong>Versatilidad<\/strong>: Muchos modelos pueden servir de mesa cuando no se utilizan para hacer fuego.<\/li>\n<\/ul>\n<\/div>\n<div>\n<figure style=\"width: 673px\" class=\"wp-caption alignnone\"><a href=\"https:\/\/keweicorten.com\/es\"><img decoding=\"async\" title=\"hoguera de corten\" src=\"https:\/\/sc04.alicdn.com\/kf\/H98c98f834b0941fe86f09cf240438fe2D\/252583075\/H98c98f834b0941fe86f09cf240438fe2D.jpg\" alt=\"\" width=\"673\" height=\"673\" \/><\/a><figcaption class=\"wp-caption-text\">hoguera de corten<\/figcaption><\/figure>\n<\/div>\n<div>\n<div class=\"J_module\">\n<div class=\"detail-decorate-json-renderer-container\">\n<div class=\"magic-4\">\n<div class=\"magic-5\">\n<div class=\"magic-6\">\n<div class=\"magic-7\">\n<p><b data-spm-anchor-id=\"a2700.details.0.i45.54803c56Fst1G1\">Le\u00f1a de acero corten al aire libre fogata cuenco<\/b><\/p>\n<div>\n<p>Wood Burning Fire Pit es un recipiente ancho, poco profundo hilado de 3\/16 \"(5 mm) de acero Corten, com\u00fanmente conocido como acero a la intemperie, que no s\u00f3lo hace que este pozo de fuego extremadamente durable, pero tambi\u00e9n le da un estilo muy singular que lo distingue de todos los dem\u00e1s pozos de fuego.<\/p>\n<div><\/div>\n<div><span data-spm-anchor-id=\"a2700.details.0.i46.54803c56Fst1G1\">Este tipo de acero tambi\u00e9n est\u00e1 hecho para cambiar ligeramente con el paso de los a\u00f1os, lo que le da un aspecto envejecido a\u00fan m\u00e1s \u00fanico y muy buscado. Alcanzar\u00e1 su p\u00e1tina m\u00e1xima en 2 o 4 a\u00f1os, y despu\u00e9s permanecer\u00e1 en ese estado con muy pocos cambios.<\/span><\/div>\n<\/div>\n<\/div>\n<\/div>\n<\/div>\n<\/div>\n<\/div>\n<\/div>\n<div class=\"J_module\">\n<div class=\"icbu-pc-images magic-1\">\n<div>\n<div class=\"flex-layout-v\">\n<div class=\"flex-layout-h magic-1\">\n<div class=\"magic-26\"><a href=\"https:\/\/kwijbl.en.alibaba.com\/\" target=\"_blank\" rel=\"noopener nofollow\"><img decoding=\"async\" class=\"magic-27\" src=\"https:\/\/sc04.alicdn.com\/kf\/Hd5663bf2cbbf4b99aabdba5721ae9d7bL\/252583075\/Hd5663bf2cbbf4b99aabdba5721ae9d7bL.jpg\" data-src=\"\/\/sc04.alicdn.com\/kf\/Hd5663bf2cbbf4b99aabdba5721ae9d7bL\/252583075\/Hd5663bf2cbbf4b99aabdba5721ae9d7bL.jpg\" \/><\/a><\/div>\n<\/div>\n<\/div>\n<\/div>\n<\/div>\n<\/div>\n<\/div>","protected":false},"excerpt":{"rendered":"<p>Material: El acero resistente a la intemperie formar\u00e1 una capa protectora de \u00f3xido cuando se exponga a la intemperie para evitar una mayor corrosi\u00f3n.<br \/>\nDise\u00f1o: Los cuencos de acero para hogueras suelen tener un dise\u00f1o sencillo y una gran variedad de formas, que pueden utilizarse como hogueras o como muebles decorativos.<br \/>\nDurabilidad: El acero para intemperie tiene una gran resistencia a la corrosi\u00f3n y es adecuado para su uso en exteriores sin preocuparse por los efectos del mal tiempo.<br \/>\nVersatilidad: No s\u00f3lo para la calefacci\u00f3n y la fiesta, sino tambi\u00e9n para cocinar al aire libre<\/p>","protected":false},"featured_media":1278,"comment_status":"open","ping_status":"closed","template":"","meta":{"_eb_attr":"","_monsterinsights_skip_tracking":false,"_monsterinsights_sitenote_active":false,"_monsterinsights_sitenote_note":"","_monsterinsights_sitenote_category":0,"_uf_show_specific_survey":0,"_uf_disable_surveys":false},"product_brand":[],"product_cat":[54],"product_tag":[],"class_list":{"0":"post-1277","1":"product","2":"type-product","3":"status-publish","4":"has-post-thumbnail","6":"product_cat-wood-fire-pit","8":"first","9":"instock","10":"shipping-taxable","11":"product-type-simple"},"_links":{"self":[{"href":"https:\/\/keweicorten.com\/es\/wp-json\/wp\/v2\/product\/1277"}],"collection":[{"href":"https:\/\/keweicorten.com\/es\/wp-json\/wp\/v2\/product"}],"about":[{"href":"https:\/\/keweicorten.com\/es\/wp-json\/wp\/v2\/types\/product"}],"replies":[{"embeddable":true,"href":"https:\/\/keweicorten.com\/es\/wp-json\/wp\/v2\/comments?post=1277"}],"version-history":[{"count":2,"href":"https:\/\/keweicorten.com\/es\/wp-json\/wp\/v2\/product\/1277\/revisions"}],"predecessor-version":[{"id":1280,"href":"https:\/\/keweicorten.com\/es\/wp-json\/wp\/v2\/product\/1277\/revisions\/1280"}],"wp:featuredmedia":[{"embeddable":true,"href":"https:\/\/keweicorten.com\/es\/wp-json\/wp\/v2\/media\/1278"}],"wp:attachment":[{"href":"https:\/\/keweicorten.com\/es\/wp-json\/wp\/v2\/media?parent=1277"}],"wp:term":[{"taxonomy":"product_brand","embeddable":true,"href":"https:\/\/keweicorten.com\/es\/wp-json\/wp\/v2\/product_brand?post=1277"},{"taxonomy":"product_cat","embeddable":true,"href":"https:\/\/keweicorten.com\/es\/wp-json\/wp\/v2\/product_cat?post=1277"},{"taxonomy":"product_tag","embeddable":true,"href":"https:\/\/keweicorten.com\/es\/wp-json\/wp\/v2\/product_tag?post=1277"}],"curies":[{"name":"wp","href":"https:\/\/api.w.org\/{rel}","templated":true}]}}