{"id":1281,"date":"2024-09-19T08:33:27","date_gmt":"2024-09-19T08:33:27","guid":{"rendered":"https:\/\/keweicorten.com\/?post_type=product&#038;p=1281"},"modified":"2025-01-15T06:26:04","modified_gmt":"2025-01-15T06:26:04","slug":"cuenco-de-acero-corten","status":"publish","type":"product","link":"https:\/\/keweicorten.com\/es\/cuenco-de-acero-corten\/","title":{"rendered":"cuenco de acero corten"},"content":{"rendered":"<table class=\"all magic-16\" style=\"height: 213px;\" width=\"675\">\n<tbody>\n<tr>\n<td colspan=\"1\" rowspan=\"1\">\n<div class=\"magic-17\" data-spm-anchor-id=\"a2700.details.0.i44.54803c56Fst1G1\">Nombre del producto<\/div>\n<\/td>\n<td colspan=\"4\" rowspan=\"1\">\n<div class=\"magic-18\">Decoraci\u00f3n de jard\u00edn Chimenea port\u00e1til sin humo Taz\u00f3n de fuego de acero al aire libre de acero corten Dise\u00f1o de pozo de fuego<\/div>\n<\/td>\n<\/tr>\n<tr>\n<td colspan=\"1\" rowspan=\"1\">\n<div class=\"magic-17\">Material<\/div>\n<\/td>\n<td colspan=\"4\" rowspan=\"1\">\n<div class=\"magic-18\">Acero corten\/resistente a la intemperie<\/div>\n<\/td>\n<\/tr>\n<tr>\n<td colspan=\"1\" rowspan=\"1\">\n<div class=\"magic-17\">Acabado superficial<\/div>\n<\/td>\n<td colspan=\"4\" rowspan=\"1\">\n<div class=\"magic-18\">Preoxidaci\u00f3n, seg\u00fan los requisitos<\/div>\n<\/td>\n<\/tr>\n<tr>\n<td colspan=\"1\" rowspan=\"1\">\n<div class=\"magic-17\">Talla<\/div>\n<\/td>\n<td colspan=\"4\" rowspan=\"1\">\n<div class=\"magic-21\">Di\u00e1metro: 800 mm-1200 mm<\/p>\n<div data-spm-anchor-id=\"a2700.pc-decorate.0.i14.1ac93333diqBDj\">Espesor: 3mm,personalizado<\/div>\n<\/div>\n<\/td>\n<\/tr>\n<tr>\n<td colspan=\"1\" rowspan=\"1\">\n<div class=\"magic-22\">Caracter\u00edstica<\/div>\n<\/td>\n<td colspan=\"4\" rowspan=\"1\">\n<div class=\"magic-21\">Dise\u00f1o estable, f\u00e1cil de montar, resistente a altas temperaturas<\/div>\n<\/td>\n<\/tr>\n<tr>\n<td colspan=\"1\" rowspan=\"1\">\n<div class=\"magic-22\">Servicio adicional<\/div>\n<\/td>\n<td colspan=\"1\" rowspan=\"1\">\n<div class=\"magic-21\">Cada cuenco Fire Pits se puede fabricar en base al dise\u00f1o, dibujo, muestra y requisitos detallados de los clientes.<\/div>\n<\/td>\n<\/tr>\n<\/tbody>\n<\/table>\n<h2>Cuenco de acero corten para hoguera Caracter\u00edsticas:<\/h2>\n<ol>\n<li>Efecto calor\u00edfico: El cuenco del pozo de fuego de acero corten puede generar calor de manera efectiva y proporcionar calor para las noches fr\u00edas.<\/li>\n<li>Material de acero resistente a la intemperie: Este acero puede formar una capa protectora de \u00f3xido en el ambiente exterior, con alta durabilidad y resistencia a la corrosi\u00f3n.<\/li>\n<li>Dise\u00f1o diverso: Hay una gran variedad de formas y estilos entre los que elegir, desde los m\u00e1s sencillos y modernos hasta los m\u00e1s tradicionales, para satisfacer diferentes necesidades est\u00e9ticas.<\/li>\n<li>Aspecto \u00fanico: Con el paso del tiempo, el acero de intemperie desarrollar\u00e1 un color de \u00f3xido \u00fanico, a\u00f1adiendo sabor natural.<\/li>\n<li>Bajo mantenimiento: Los fosos de acero resistente a la intemperie son m\u00e1s duraderos y requieren menos mantenimiento que los de madera.<\/li>\n<li>Versatilidad: Se puede utilizar para fiestas, barbacoas o como decoraci\u00f3n exterior.<\/li>\n<\/ol>\n<figure style=\"width: 681px\" class=\"wp-caption alignnone\"><a href=\"https:\/\/keweicorten.com\/es\"><img fetchpriority=\"high\" decoding=\"async\" title=\"hoguera de corten\" src=\"https:\/\/sc04.alicdn.com\/kf\/He4a60616fc3f4077b11865c42a940e80M\/252583075\/He4a60616fc3f4077b11865c42a940e80M.jpg\" alt=\"\" width=\"681\" height=\"681\" \/><\/a><figcaption class=\"wp-caption-text\">hoguera<\/figcaption><\/figure>\n<p class=\"text-title\"><span data-spm-anchor-id=\"a2700.details.0.i48.54803c56Fst1G1\">Caracter\u00edstica:<\/span><\/p>\n<div class=\"text-content\" data-spm-anchor-id=\"a2700.details.0.i50.54803c56Fst1G1\">Entretenimiento toda la noche<\/p>\n<div><\/div>\n<div><span class=\"magic-11\">Construcci\u00f3n de acero corten<\/span><\/div>\n<div><\/div>\n<div>Dise\u00f1o vers\u00e1til<\/div>\n<div><\/div>\n<div>Dise\u00f1o estable, f\u00e1cil de montar, resistente a altas temperaturas<\/div>\n<div>\n<figure style=\"width: 688px\" class=\"wp-caption alignnone\"><a href=\"https:\/\/keweicorten.com\/es\/contacto\/\"><img decoding=\"async\" title=\"hoguera de acero corten\" src=\"https:\/\/sc04.alicdn.com\/kf\/Hf3f21555e1104e5890549829f8f4f0e9w\/252583075\/Hf3f21555e1104e5890549829f8f4f0e9w.jpg\" alt=\"\" width=\"688\" height=\"688\" \/><\/a><figcaption class=\"wp-caption-text\">hoguera de acero corten<\/figcaption><\/figure>\n<div class=\"text-content\">El dise\u00f1o del Firepit presenta un cuenco sin juntas y suavemente torneado, fabricado a partir de una \u00fanica pieza de acero resistente a la intemperie,<span data-spm-anchor-id=\"a2700.details.0.i54.54803c56Fst1G1\"> tambi\u00e9n conocido como acero corten,un acero especial desarrollado originalmente para la construcci\u00f3n de puentes y rascacielos debido a su incre\u00edble resistencia.<\/span> El agua no da\u00f1ar\u00e1 ni corroer\u00e1 la cubeta gracias a la capa protectora formada por el acero corten.<\/div>\n<div>\n<figure style=\"width: 709px\" class=\"wp-caption alignnone\"><a href=\"https:\/\/keweicorten.com\/es\"><img decoding=\"async\" title=\"chimenea de le\u00f1a de acero corten\" src=\"https:\/\/sc04.alicdn.com\/kf\/H75f4af517494456698484c6c3fdb8945C\/252583075\/H75f4af517494456698484c6c3fdb8945C.jpg\" alt=\"\" width=\"709\" height=\"516\" \/><\/a><figcaption class=\"wp-caption-text\">chimenea de le\u00f1a de acero corten<\/figcaption><\/figure>\n<\/div>\n<\/div>\n<\/div>","protected":false},"excerpt":{"rendered":"<p>Esta ronda Rusty Red <strong>Cuenco de acero corten para hoguera<\/strong>\u00a0es el elemento de jard\u00edn perfecto que requiere poco mantenimiento. Disponible en tama\u00f1os de 60 a 150 cm, se adapta a cualquier espacio y presupuesto. El acero corten comienza siendo de color gris, pero en cuanto se expone a la intemperie se resiste de forma natural y adquiere un atractivo acabado.<\/p>","protected":false},"featured_media":1282,"comment_status":"open","ping_status":"closed","template":"","meta":{"_eb_attr":"","_monsterinsights_skip_tracking":false,"_monsterinsights_sitenote_active":false,"_monsterinsights_sitenote_note":"","_monsterinsights_sitenote_category":0,"_uf_show_specific_survey":0,"_uf_disable_surveys":false},"product_brand":[],"product_cat":[54],"product_tag":[],"class_list":{"0":"post-1281","1":"product","2":"type-product","3":"status-publish","4":"has-post-thumbnail","6":"product_cat-wood-fire-pit","8":"first","9":"instock","10":"shipping-taxable","11":"product-type-simple"},"_links":{"self":[{"href":"https:\/\/keweicorten.com\/es\/wp-json\/wp\/v2\/product\/1281"}],"collection":[{"href":"https:\/\/keweicorten.com\/es\/wp-json\/wp\/v2\/product"}],"about":[{"href":"https:\/\/keweicorten.com\/es\/wp-json\/wp\/v2\/types\/product"}],"replies":[{"embeddable":true,"href":"https:\/\/keweicorten.com\/es\/wp-json\/wp\/v2\/comments?post=1281"}],"version-history":[{"count":1,"href":"https:\/\/keweicorten.com\/es\/wp-json\/wp\/v2\/product\/1281\/revisions"}],"predecessor-version":[{"id":1283,"href":"https:\/\/keweicorten.com\/es\/wp-json\/wp\/v2\/product\/1281\/revisions\/1283"}],"wp:featuredmedia":[{"embeddable":true,"href":"https:\/\/keweicorten.com\/es\/wp-json\/wp\/v2\/media\/1282"}],"wp:attachment":[{"href":"https:\/\/keweicorten.com\/es\/wp-json\/wp\/v2\/media?parent=1281"}],"wp:term":[{"taxonomy":"product_brand","embeddable":true,"href":"https:\/\/keweicorten.com\/es\/wp-json\/wp\/v2\/product_brand?post=1281"},{"taxonomy":"product_cat","embeddable":true,"href":"https:\/\/keweicorten.com\/es\/wp-json\/wp\/v2\/product_cat?post=1281"},{"taxonomy":"product_tag","embeddable":true,"href":"https:\/\/keweicorten.com\/es\/wp-json\/wp\/v2\/product_tag?post=1281"}],"curies":[{"name":"wp","href":"https:\/\/api.w.org\/{rel}","templated":true}]}}