{"id":1296,"date":"2024-09-20T07:01:54","date_gmt":"2024-09-20T07:01:54","guid":{"rendered":"https:\/\/keweicorten.com\/?post_type=product&#038;p=1296"},"modified":"2025-01-15T06:24:54","modified_gmt":"2025-01-15T06:24:54","slug":"pantallas-de-jardin-de-corten","status":"publish","type":"product","link":"https:\/\/keweicorten.com\/es\/pantallas-de-jardin-de-corten\/","title":{"rendered":"pantallas de jard\u00edn de corten"},"content":{"rendered":"<h2>Caracter\u00edsticas principales de las pantallas de jard\u00edn Corten:<\/h2>\n<ol>\n<li><strong>Material<\/strong>:\n<ul>\n<li><strong>Acero corten<\/strong>: Conocido por sus propiedades de resistencia a la intemperie, el acero corten adquiere un aspecto de \u00f3xido estable tras su exposici\u00f3n a los elementos. Esta p\u00e1tina protege el acero de la corrosi\u00f3n, por lo que es ideal para un uso prolongado en exteriores.<\/li>\n<li><strong>Bajo mantenimiento<\/strong>: Una vez que se forma la capa protectora de \u00f3xido, las pantallas requieren muy poco mantenimiento, ya que la p\u00e1tina protege el metal subyacente de una mayor degradaci\u00f3n.<\/li>\n<\/ul>\n<\/li>\n<li><strong>Dise\u00f1o<\/strong>:\n<ul>\n<li><strong>Recortables estampados<\/strong>: Las pantallas de jard\u00edn de corten suelen presentar intrincados dibujos cortados con l\u00e1ser o a mano, que van desde dise\u00f1os geom\u00e9tricos abstractos hasta motivos inspirados en la naturaleza, como hojas, \u00e1rboles o flores. Estos recortes permiten el paso de la luz, creando sombras y efectos visuales impresionantes.<\/li>\n<li><strong>Personalizable<\/strong>: Muchas pantallas de corten pueden personalizarse para adaptarse a las preferencias de dise\u00f1o individuales, incluidos el tama\u00f1o, el patr\u00f3n y la forma.<\/li>\n<\/ul>\n<\/li>\n<li><strong>Utiliza<\/strong>:\n<ul>\n<li><strong>Mamparas de privacidad<\/strong>: Las pantallas de corten se pueden utilizar para crear zonas exteriores privadas, protegiendo partes de su jard\u00edn o patio de la vista, manteniendo al mismo tiempo una sensaci\u00f3n abierta y aireada gracias a los dise\u00f1os recortados.<\/li>\n<li><strong>Separadores de jard\u00edn<\/strong>: Tambi\u00e9n pueden servir como separadores, ya que ayudan a delimitar distintas zonas del jard\u00edn para usos diferentes (por ejemplo, zonas de comedor, de descanso o de plantaci\u00f3n).<\/li>\n<li><strong>Elementos decorativos<\/strong>: Adem\u00e1s de sus aplicaciones pr\u00e1cticas, las pantallas de corten se utilizan a menudo con fines puramente est\u00e9ticos, a\u00f1adiendo un elemento art\u00edstico a su espacio exterior.<\/li>\n<li><strong>Soporte para plantas trepadoras<\/strong>: Las pantallas de corten tambi\u00e9n pueden actuar como enrejados para plantas trepadoras, a\u00f1adiendo verdor a su aspecto met\u00e1lico.<\/li>\n<\/ul>\n<\/li>\n<li><strong>Resistencia a la intemperie<\/strong>:\n<ul>\n<li><strong>Duradero en todas las condiciones<\/strong>: El proceso de envejecimiento del acero corten es lo que le confiere su resistencia, por lo que las pantallas corten pueden soportar la lluvia, el viento y el sol sin deteriorarse estructuralmente.<\/li>\n<\/ul>\n<\/li>\n<li><strong>Tama\u00f1os e instalaci\u00f3n<\/strong>:\n<ul>\n<li><strong>Versatilidad<\/strong>: Las pantallas de jard\u00edn de corten est\u00e1n disponibles en varios tama\u00f1os para adaptarse a diferentes espacios y necesidades.<\/li>\n<li><strong>Independiente o de pared<\/strong>: Pueden instalarse en el suelo como pantallas independientes o fijarse a estructuras existentes, como muros o vallas.<\/li>\n<\/ul>\n<\/li>\n<\/ol>\n<h2>Ventajas de las pantallas de jard\u00edn Corten:<\/h2>\n<ul>\n<li><strong>Atractivo est\u00e9tico<\/strong>: El acabado de \u00f3xido natural combina bien con una variedad de entornos al aire libre, proporcionando un tono c\u00e1lido y terroso que contrasta maravillosamente con la vegetaci\u00f3n.<\/li>\n<li><strong>Durabilidad<\/strong>: Dise\u00f1adas para resistir las inclemencias del tiempo, las pantallas de jard\u00edn de acero corten son un complemento duradero para cualquier jard\u00edn.<\/li>\n<li><strong>Mantenimiento m\u00ednimo<\/strong>: Una vez que se forma la p\u00e1tina de \u00f3xido, las pantallas apenas requieren mantenimiento.<\/li>\n<\/ul>\n<table border=\"1\" data-spm-anchor-id=\"a2700.details.0.i38.253559f23mRDXW\">\n<tbody>\n<tr>\n<td>Nombre del producto<\/td>\n<td>\u00a0pantallas corten privacidad acero corten fabricante de pantallas corten vacio oxido pantalla<\/td>\n<\/tr>\n<tr>\n<td>Material<\/td>\n<td>Acero corten, acero al carbono, acero inoxidable<\/td>\n<\/tr>\n<tr>\n<td>Acabado<\/td>\n<td>Oxidado,Negro<\/td>\n<\/tr>\n<tr>\n<td>Talla normal<\/td>\n<td>38X15cm,60X32cm,48x24cm o personalizado<\/td>\n<\/tr>\n<tr>\n<td>Dise\u00f1o<\/td>\n<td>Aceptar personalizado<\/td>\n<\/tr>\n<tr>\n<td>Aplicaci\u00f3n<\/td>\n<td>Decoraci\u00f3n exterior del c\u00e9sped<\/td>\n<\/tr>\n<\/tbody>\n<\/table>\n<figure style=\"width: 704px\" class=\"wp-caption alignnone\"><a href=\"https:\/\/keweicorten.com\/es\"><img fetchpriority=\"high\" decoding=\"async\" title=\"pantallas de corten\" src=\"https:\/\/sc04.alicdn.com\/kf\/H73a20dbdfcdc4f58a6724b94790c8cb8Z\/272909659\/H73a20dbdfcdc4f58a6724b94790c8cb8Z.jpg\" alt=\"\" width=\"704\" height=\"704\" \/><\/a><figcaption class=\"wp-caption-text\">pantallas de corten<\/figcaption><\/figure>","protected":false},"excerpt":{"rendered":"<p>La pantalla de acero corten que ves aqu\u00ed es crear un aspecto llamativo para su hogar y jard\u00edn por su aspecto org\u00e1nico, Cuando oxidado, acero corten intemperie desarrolla una rica superficie de \u00f3xido de color marr\u00f3n-rojo profundo, Ser\u00eda una cosa incre\u00edble para a\u00f1adir una escultura decorativa para complementar su jard\u00edn o casa.<\/p>","protected":false},"featured_media":1297,"comment_status":"open","ping_status":"closed","template":"","meta":{"_eb_attr":"","_monsterinsights_skip_tracking":false,"_monsterinsights_sitenote_active":false,"_monsterinsights_sitenote_note":"","_monsterinsights_sitenote_category":0,"_uf_show_specific_survey":0,"_uf_disable_surveys":false},"product_brand":[],"product_cat":[57],"product_tag":[],"class_list":{"0":"post-1296","1":"product","2":"type-product","3":"status-publish","4":"has-post-thumbnail","6":"product_cat-screen-panel","8":"first","9":"instock","10":"shipping-taxable","11":"product-type-simple"},"_links":{"self":[{"href":"https:\/\/keweicorten.com\/es\/wp-json\/wp\/v2\/product\/1296"}],"collection":[{"href":"https:\/\/keweicorten.com\/es\/wp-json\/wp\/v2\/product"}],"about":[{"href":"https:\/\/keweicorten.com\/es\/wp-json\/wp\/v2\/types\/product"}],"replies":[{"embeddable":true,"href":"https:\/\/keweicorten.com\/es\/wp-json\/wp\/v2\/comments?post=1296"}],"version-history":[{"count":1,"href":"https:\/\/keweicorten.com\/es\/wp-json\/wp\/v2\/product\/1296\/revisions"}],"predecessor-version":[{"id":1298,"href":"https:\/\/keweicorten.com\/es\/wp-json\/wp\/v2\/product\/1296\/revisions\/1298"}],"wp:featuredmedia":[{"embeddable":true,"href":"https:\/\/keweicorten.com\/es\/wp-json\/wp\/v2\/media\/1297"}],"wp:attachment":[{"href":"https:\/\/keweicorten.com\/es\/wp-json\/wp\/v2\/media?parent=1296"}],"wp:term":[{"taxonomy":"product_brand","embeddable":true,"href":"https:\/\/keweicorten.com\/es\/wp-json\/wp\/v2\/product_brand?post=1296"},{"taxonomy":"product_cat","embeddable":true,"href":"https:\/\/keweicorten.com\/es\/wp-json\/wp\/v2\/product_cat?post=1296"},{"taxonomy":"product_tag","embeddable":true,"href":"https:\/\/keweicorten.com\/es\/wp-json\/wp\/v2\/product_tag?post=1296"}],"curies":[{"name":"wp","href":"https:\/\/api.w.org\/{rel}","templated":true}]}}