{"id":1299,"date":"2024-09-20T07:17:42","date_gmt":"2024-09-20T07:17:42","guid":{"rendered":"https:\/\/keweicorten.com\/?post_type=product&#038;p=1299"},"modified":"2025-01-15T06:24:46","modified_gmt":"2025-01-15T06:24:46","slug":"paneles-metalicos-de-ocultacion","status":"publish","type":"product","link":"https:\/\/keweicorten.com\/es\/paneles-metalicos-de-ocultacion\/","title":{"rendered":"paneles met\u00e1licos de ocultaci\u00f3n"},"content":{"rendered":"<p>Los paneles met\u00e1licos de privacidad son una soluci\u00f3n elegante y duradera para a\u00f1adir privacidad y valor est\u00e9tico a los espacios exteriores. Estos paneles met\u00e1licos suelen estar fabricados con materiales como acero corten, aluminio o acero inoxidable, y est\u00e1n disponibles en una gran variedad de dise\u00f1os, como motivos geom\u00e9tricos, motivos inspirados en la naturaleza o formas abstractas.<\/p>\n<p>Algunos tipos populares son:<\/p>\n<ul>\n<li><strong>Paneles de acero corten<\/strong>: Con el paso del tiempo adquieren un acabado natural similar al \u00f3xido, que combina bien con jardines y exteriores.<\/li>\n<li><strong>Paneles de aluminio<\/strong>: Ligero y resistente al \u00f3xido, disponible en varios acabados y colores.<\/li>\n<li><strong>Paneles cortados por l\u00e1ser<\/strong>: Presentan intrincados recortes decorativos que permiten el paso de la luz al tiempo que proporcionan intimidad.<\/li>\n<\/ul>\n<table class=\"all magic-4\">\n<tbody>\n<tr>\n<td colspan=\"1\" rowspan=\"1\">\n<div class=\"magic-5\" data-spm-anchor-id=\"a2700.details.0.i37.3f646f66fyuP5C\">Nombre del producto<\/div>\n<\/td>\n<td colspan=\"4\" rowspan=\"1\">\n<div class=\"magic-6\">Al aire libre de estilo moderno gr\u00e1ficos pantalla valla de metal oxidado de acero pantalla de privacidad<\/div>\n<\/td>\n<\/tr>\n<tr>\n<td colspan=\"1\" rowspan=\"1\">\n<div class=\"magic-5\">Material<\/div>\n<\/td>\n<td colspan=\"4\" rowspan=\"1\">\n<div class=\"magic-6\">Acero corten, acero inoxidable<\/div>\n<\/td>\n<\/tr>\n<tr>\n<td colspan=\"1\" rowspan=\"1\">\n<div class=\"magic-5\">Talla<\/div>\n<\/td>\n<td colspan=\"4\" rowspan=\"1\">\n<div class=\"magic-6\">1800*900mm,2mm de grosor o personalizado<\/div>\n<\/td>\n<\/tr>\n<tr>\n<td colspan=\"1\" rowspan=\"1\">\n<div class=\"magic-5\">Superficie<\/div>\n<\/td>\n<td colspan=\"4\" rowspan=\"1\">\n<div class=\"magic-6\">\u00a0preoxidado<\/div>\n<\/td>\n<\/tr>\n<tr>\n<td colspan=\"1\" rowspan=\"1\">\n<div class=\"magic-5\">Tecnolog\u00eda<\/div>\n<\/td>\n<td colspan=\"4\" rowspan=\"1\">\n<div class=\"magic-6\">\u00a0Corte por l\u00e1ser, plegado, punzonado, soldadura, intemperie<\/div>\n<\/td>\n<\/tr>\n<tr>\n<td colspan=\"1\" rowspan=\"1\">\n<div class=\"magic-5\">Aplicaci\u00f3n<\/div>\n<\/td>\n<td colspan=\"4\" rowspan=\"1\">\n<div class=\"magic-9\">Decoraci\u00f3n de exteriores o patios<\/div>\n<\/td>\n<\/tr>\n<\/tbody>\n<\/table>\n<p><span data-spm-anchor-id=\"a2700.details.0.i37.5d654e69Sbz9JA\">Panel de pantalla l\u00e1ser - dise\u00f1o exclusivo<\/span><br \/>\nPanel de pantalla s\u00f3lido, 2-3 mm de grosor<br \/>\nCon recubrimiento en polvo, recubrimiento antioxidante o recubrimiento de pintura<br \/>\nColgado en la pared, fijado en la columna con pernos o fijado en el pie sobre el suelo duro<br \/>\nResistente al desgaste, capaz de soportar a\u00f1os de mantenimiento y uso sin problemas<br \/>\nPuede utilizarse en interiores o exteriores.<br \/>\nTama\u00f1o est\u00e1ndar: 900x1800mm o personalizado.<\/p>\n<figure style=\"width: 750px\" class=\"wp-caption alignnone\"><a href=\"https:\/\/keweicorten.com\/es\/contacto\/\"><img fetchpriority=\"high\" decoding=\"async\" title=\"panel separador sala\" src=\"https:\/\/sc04.alicdn.com\/kf\/H64e3151244ed4b99824b11960bcb95b1N\/253038816\/H64e3151244ed4b99824b11960bcb95b1N.jpg\" alt=\"\" width=\"750\" height=\"542\" \/><\/a><figcaption class=\"wp-caption-text\">panel separador sala<\/figcaption><\/figure>","protected":false},"excerpt":{"rendered":"<p>Detalles del material: Acero corten,acero galvanizado o material personalizado Acabado: Desarrolla un acabado de p\u00e1tina oxidada, acabado con recubrimiento en polvo, pintura, etc.<\/p>\n<p>La p\u00e1tina protege de la corrosi\u00f3n adicional<\/p>\n<p>Puede utilizarse en entornos residenciales y comerciales<\/p>","protected":false},"featured_media":1300,"comment_status":"open","ping_status":"closed","template":"","meta":{"_eb_attr":"","_monsterinsights_skip_tracking":false,"_monsterinsights_sitenote_active":false,"_monsterinsights_sitenote_note":"","_monsterinsights_sitenote_category":0,"_uf_show_specific_survey":0,"_uf_disable_surveys":false},"product_brand":[],"product_cat":[57],"product_tag":[],"class_list":{"0":"post-1299","1":"product","2":"type-product","3":"status-publish","4":"has-post-thumbnail","6":"product_cat-screen-panel","8":"first","9":"instock","10":"shipping-taxable","11":"product-type-simple"},"_links":{"self":[{"href":"https:\/\/keweicorten.com\/es\/wp-json\/wp\/v2\/product\/1299"}],"collection":[{"href":"https:\/\/keweicorten.com\/es\/wp-json\/wp\/v2\/product"}],"about":[{"href":"https:\/\/keweicorten.com\/es\/wp-json\/wp\/v2\/types\/product"}],"replies":[{"embeddable":true,"href":"https:\/\/keweicorten.com\/es\/wp-json\/wp\/v2\/comments?post=1299"}],"version-history":[{"count":1,"href":"https:\/\/keweicorten.com\/es\/wp-json\/wp\/v2\/product\/1299\/revisions"}],"predecessor-version":[{"id":1301,"href":"https:\/\/keweicorten.com\/es\/wp-json\/wp\/v2\/product\/1299\/revisions\/1301"}],"wp:featuredmedia":[{"embeddable":true,"href":"https:\/\/keweicorten.com\/es\/wp-json\/wp\/v2\/media\/1300"}],"wp:attachment":[{"href":"https:\/\/keweicorten.com\/es\/wp-json\/wp\/v2\/media?parent=1299"}],"wp:term":[{"taxonomy":"product_brand","embeddable":true,"href":"https:\/\/keweicorten.com\/es\/wp-json\/wp\/v2\/product_brand?post=1299"},{"taxonomy":"product_cat","embeddable":true,"href":"https:\/\/keweicorten.com\/es\/wp-json\/wp\/v2\/product_cat?post=1299"},{"taxonomy":"product_tag","embeddable":true,"href":"https:\/\/keweicorten.com\/es\/wp-json\/wp\/v2\/product_tag?post=1299"}],"curies":[{"name":"wp","href":"https:\/\/api.w.org\/{rel}","templated":true}]}}