{"id":1305,"date":"2024-09-20T08:36:04","date_gmt":"2024-09-20T08:36:04","guid":{"rendered":"https:\/\/keweicorten.com\/?post_type=product&#038;p=1305"},"modified":"2025-01-15T06:24:28","modified_gmt":"2025-01-15T06:24:28","slug":"paneles-de-pared-cortados-con-laser","status":"publish","type":"product","link":"https:\/\/keweicorten.com\/es\/paneles-de-pared-cortados-con-laser\/","title":{"rendered":"paneles de pared cortados con l\u00e1ser"},"content":{"rendered":"<p>Los paneles murales cortados por l\u00e1ser son elementos decorativos y funcionales que suelen utilizarse tanto en espacios interiores como exteriores. Suelen estar hechos de materiales como metal (acero corten, aluminio o acero inoxidable), madera o materiales compuestos. Se crean cortando con precisi\u00f3n intrincados patrones, dise\u00f1os o formas geom\u00e9tricas en la superficie del panel mediante tecnolog\u00eda l\u00e1ser.<\/p>\n<ul>\n<li><strong>Separadores de ambientes:<\/strong> Estos paneles pueden separar espacios en una casa u oficina de planta abierta.<\/li>\n<li><strong>Arte mural:<\/strong> Como elemento art\u00edstico en salones, patios o zonas al aire libre.<\/li>\n<li><strong>Mamparas de privacidad:<\/strong> Para a\u00f1adir una sensaci\u00f3n de recogimiento en balcones, terrazas o jardines.<\/li>\n<li><strong>Vallas o puertas:<\/strong> Para mejorar la seguridad o la decoraci\u00f3n en zonas exteriores.<\/li>\n<\/ul>\n<p><strong>Paneles de pared cortados por l\u00e1ser Ventajas:<\/strong><\/p>\n<ul>\n<li><strong>Personalizaci\u00f3n:<\/strong> Los dise\u00f1os pueden personalizarse para adaptarse a cualquier est\u00e9tica.<\/li>\n<li><strong>Durabilidad:<\/strong> Metales como el acero corten adquieren con el tiempo una p\u00e1tina protectora de \u00f3xido que los hace aptos para su uso en exteriores.<\/li>\n<li><strong>Versatilidad:<\/strong> Puede utilizarse en dise\u00f1os modernos, r\u00fasticos o tradicionales.<\/li>\n<\/ul>","protected":false},"excerpt":{"rendered":"<p><span class=\"magic-17\" style=\"color: #f70843;\">100% Garant\u00eda de satisfacci\u00f3n<\/span><\/p>\n<div><span class=\"magic-17\" style=\"color: #f70843;\">Material - Acero corten<br \/>\n<\/span><\/div>\n<div><span class=\"magic-17\" style=\"color: #f70843;\">Puede utilizarse tanto en interiores como en exteriores.<\/span><\/div>\n<div>\n<table class=\"has-title all magic-9\">\n<tbody>\n<tr>\n<td colspan=\"1\" rowspan=\"1\">\n<div class=\"magic-10\" data-spm-anchor-id=\"a2700.details.0.i39.2f0453fbTWsH9o\">Tipo de producto<\/div>\n<\/td>\n<td colspan=\"1\" rowspan=\"1\">\n<div class=\"magic-11\">Panel de malla met\u00e1lica<\/div>\n<\/td>\n<td colspan=\"1\" rowspan=\"1\">\n<div class=\"magic-12\">Material<\/div>\n<\/td>\n<td colspan=\"1\" rowspan=\"1\">\n<div class=\"magic-13\">Acero corten, Metal<\/div>\n<\/td>\n<\/tr>\n<tr>\n<td colspan=\"1\" rowspan=\"1\">\n<div class=\"magic-10\">Dimensiones<\/div>\n<\/td>\n<td colspan=\"1\" rowspan=\"1\">\n<div class=\"magic-11\">Personalizado<\/div>\n<\/td>\n<td colspan=\"1\" rowspan=\"1\">\n<div class=\"magic-12\">Patr\u00f3n<\/div>\n<\/td>\n<td colspan=\"1\" rowspan=\"1\">\n<div class=\"magic-13\">Personalizado<\/div>\n<\/td>\n<\/tr>\n<tr>\n<td colspan=\"1\" rowspan=\"1\">\n<div class=\"magic-10\">Aplicaci\u00f3n<\/div>\n<\/td>\n<td colspan=\"3\" rowspan=\"1\">\n<div class=\"magic-14\">Dividido, Privacidad, Decoraci\u00f3n, etc.<\/div>\n<\/td>\n<\/tr>\n<tr>\n<td colspan=\"1\" rowspan=\"1\">\n<div class=\"magic-10\">Embalaje<\/div>\n<\/td>\n<td colspan=\"3\" rowspan=\"1\">\n<div class=\"magic-14\">Caja de madera, Cart\u00f3n, Personalizado<\/div>\n<\/td>\n<\/tr>\n<\/tbody>\n<\/table>\n<\/div>","protected":false},"featured_media":1306,"comment_status":"open","ping_status":"closed","template":"","meta":{"_eb_attr":"","_monsterinsights_skip_tracking":false,"_monsterinsights_sitenote_active":false,"_monsterinsights_sitenote_note":"","_monsterinsights_sitenote_category":0,"_uf_show_specific_survey":0,"_uf_disable_surveys":false},"product_brand":[],"product_cat":[57],"product_tag":[],"class_list":{"0":"post-1305","1":"product","2":"type-product","3":"status-publish","4":"has-post-thumbnail","6":"product_cat-screen-panel","8":"first","9":"instock","10":"shipping-taxable","11":"product-type-simple"},"_links":{"self":[{"href":"https:\/\/keweicorten.com\/es\/wp-json\/wp\/v2\/product\/1305"}],"collection":[{"href":"https:\/\/keweicorten.com\/es\/wp-json\/wp\/v2\/product"}],"about":[{"href":"https:\/\/keweicorten.com\/es\/wp-json\/wp\/v2\/types\/product"}],"replies":[{"embeddable":true,"href":"https:\/\/keweicorten.com\/es\/wp-json\/wp\/v2\/comments?post=1305"}],"version-history":[{"count":1,"href":"https:\/\/keweicorten.com\/es\/wp-json\/wp\/v2\/product\/1305\/revisions"}],"predecessor-version":[{"id":1307,"href":"https:\/\/keweicorten.com\/es\/wp-json\/wp\/v2\/product\/1305\/revisions\/1307"}],"wp:featuredmedia":[{"embeddable":true,"href":"https:\/\/keweicorten.com\/es\/wp-json\/wp\/v2\/media\/1306"}],"wp:attachment":[{"href":"https:\/\/keweicorten.com\/es\/wp-json\/wp\/v2\/media?parent=1305"}],"wp:term":[{"taxonomy":"product_brand","embeddable":true,"href":"https:\/\/keweicorten.com\/es\/wp-json\/wp\/v2\/product_brand?post=1305"},{"taxonomy":"product_cat","embeddable":true,"href":"https:\/\/keweicorten.com\/es\/wp-json\/wp\/v2\/product_cat?post=1305"},{"taxonomy":"product_tag","embeddable":true,"href":"https:\/\/keweicorten.com\/es\/wp-json\/wp\/v2\/product_tag?post=1305"}],"curies":[{"name":"wp","href":"https:\/\/api.w.org\/{rel}","templated":true}]}}