{"id":1311,"date":"2024-09-23T03:00:44","date_gmt":"2024-09-23T03:00:44","guid":{"rendered":"https:\/\/keweicorten.com\/?post_type=product&#038;p=1311"},"modified":"2025-01-15T06:24:07","modified_gmt":"2025-01-15T06:24:07","slug":"fuente-metalica","status":"publish","type":"product","link":"https:\/\/keweicorten.com\/es\/fuente-metalica\/","title":{"rendered":"fuente met\u00e1lica"},"content":{"rendered":"<h2>Caracter\u00edsticas de la fuente de agua de metal:<\/h2>\n<p>Resistencia a la corrosi\u00f3n: El acero de intemperie tiene una fuerte resistencia a la corrosi\u00f3n y puede mantener un buen estado incluso si se expone al viento y la lluvia durante mucho tiempo fuera de casa.<br \/>\nBelleza natural: Con el tiempo, la superficie mostrar\u00e1 gradualmente una textura de \u00f3xido \u00fanica, formando una apariencia natural de color marr\u00f3n anaranjado, muy en l\u00ednea con la combinaci\u00f3n del estilo de dise\u00f1o moderno y natural.<br \/>\nProtecci\u00f3n del medio ambiente: El acero resistente a la intemperie es un material respetuoso con el medio ambiente, el acero corro\u00eddo no requiere mantenimiento adicional y no tendr\u00e1 impacto en el medio ambiente.<br \/>\nVersatilidad: El cuenco de acero resistente a la intemperie se puede utilizar para juegos de agua en el patio, como ba\u00f1o para p\u00e1jaros, estanque para peces o decoraci\u00f3n paisaj\u00edstica, o como parte de una fuente.<br \/>\nOpciones de tama\u00f1o: Dependiendo de las necesidades de espacio, los cuencos de acero resistentes a la intemperie est\u00e1n disponibles en una variedad de tama\u00f1os, desde peque\u00f1os cuencos de agua decorativos hasta grandes piscinas ajardinadas.<br \/>\nEscenario de uso:<br \/>\n1. Agua de jardiner\u00eda<br \/>\n2. Dise\u00f1o de la fuente<br \/>\n3. Decoraci\u00f3n del centro del patio<\/p>\n<p>El pozo met\u00e1lico de acero corten tiene muchas ventajas, tanto est\u00e9ticas como pr\u00e1cticas: tiene un aire industrial, pero no es duro ni fr\u00edo, y sus bellos tonos cobrizos a\u00f1aden profundidad y contraste al conjunto. El pozo de fuego de acero corten es el elemento de jard\u00edn perfecto que requiere poco mantenimiento. Hogares de acero corten. Descubra la durabilidad y la belleza r\u00fastica de una chimenea de acero corten. Tanto en las variedades de le\u00f1a como de gas, cada hoguera de acero corten desarrolla un acabado de p\u00e1tina \u00fanico y sirve no s\u00f3lo como elemento de fuego, sino como pieza de arte.<\/p>\n<figure style=\"width: 627px\" class=\"wp-caption alignnone\"><a href=\"https:\/\/keweicorten.com\/es\"><img fetchpriority=\"high\" decoding=\"async\" title=\"bebedero de jard\u00edn\" src=\"https:\/\/sc04.alicdn.com\/kf\/H75f6bcdaad934358a327cd4efdbeb9ae2\/238887437\/H75f6bcdaad934358a327cd4efdbeb9ae2.jpg\" alt=\"\" width=\"627\" height=\"627\" \/><\/a><figcaption class=\"wp-caption-text\">bebedero de jard\u00edn<\/figcaption><\/figure>\n<p><b><span class=\"magic-15\" data-spm-anchor-id=\"a2700.details.0.i42.7d417f93rLNuig\">El pozo de fuego se utiliza en una variedad de interior o al aire libre, tales como jard\u00edn al aire libre, fiesta, barbacoa. <\/span><\/b><\/p>","protected":false},"excerpt":{"rendered":"<p>Hogueras de acero corten. Descubra la durabilidad y la belleza r\u00fastica de una chimenea de acero corten. Tanto en las variedades de le\u00f1a como de gas, cada hoguera de acero corten desarrolla un acabado de p\u00e1tina \u00fanico y sirve no solo como elemento de fuego, sino como pieza de arte.<\/p>","protected":false},"featured_media":1312,"comment_status":"open","ping_status":"closed","template":"","meta":{"_eb_attr":"","_monsterinsights_skip_tracking":false,"_monsterinsights_sitenote_active":false,"_monsterinsights_sitenote_note":"","_monsterinsights_sitenote_category":0,"_uf_show_specific_survey":0,"_uf_disable_surveys":false},"product_brand":[],"product_cat":[54],"product_tag":[],"class_list":{"0":"post-1311","1":"product","2":"type-product","3":"status-publish","4":"has-post-thumbnail","6":"product_cat-wood-fire-pit","8":"first","9":"instock","10":"shipping-taxable","11":"product-type-simple"},"_links":{"self":[{"href":"https:\/\/keweicorten.com\/es\/wp-json\/wp\/v2\/product\/1311"}],"collection":[{"href":"https:\/\/keweicorten.com\/es\/wp-json\/wp\/v2\/product"}],"about":[{"href":"https:\/\/keweicorten.com\/es\/wp-json\/wp\/v2\/types\/product"}],"replies":[{"embeddable":true,"href":"https:\/\/keweicorten.com\/es\/wp-json\/wp\/v2\/comments?post=1311"}],"version-history":[{"count":1,"href":"https:\/\/keweicorten.com\/es\/wp-json\/wp\/v2\/product\/1311\/revisions"}],"predecessor-version":[{"id":1313,"href":"https:\/\/keweicorten.com\/es\/wp-json\/wp\/v2\/product\/1311\/revisions\/1313"}],"wp:featuredmedia":[{"embeddable":true,"href":"https:\/\/keweicorten.com\/es\/wp-json\/wp\/v2\/media\/1312"}],"wp:attachment":[{"href":"https:\/\/keweicorten.com\/es\/wp-json\/wp\/v2\/media?parent=1311"}],"wp:term":[{"taxonomy":"product_brand","embeddable":true,"href":"https:\/\/keweicorten.com\/es\/wp-json\/wp\/v2\/product_brand?post=1311"},{"taxonomy":"product_cat","embeddable":true,"href":"https:\/\/keweicorten.com\/es\/wp-json\/wp\/v2\/product_cat?post=1311"},{"taxonomy":"product_tag","embeddable":true,"href":"https:\/\/keweicorten.com\/es\/wp-json\/wp\/v2\/product_tag?post=1311"}],"curies":[{"name":"wp","href":"https:\/\/api.w.org\/{rel}","templated":true}]}}