{"id":1322,"date":"2024-09-23T07:02:46","date_gmt":"2024-09-23T07:02:46","guid":{"rendered":"https:\/\/keweicorten.com\/?post_type=product&#038;p=1322"},"modified":"2024-09-23T07:02:46","modified_gmt":"2024-09-23T07:02:46","slug":"q450nqr1-chapa-de-acero-corten","status":"publish","type":"product","link":"https:\/\/keweicorten.com\/es\/q450nqr1-chapa-de-acero-corten\/","title":{"rendered":"Q450NQR1 Placa de acero corten"},"content":{"rendered":"<p>La chapa de acero corten Q450NQR1 es un grado de acero estructural de baja aleaci\u00f3n y alta resistencia (HSLA) que se utiliza principalmente por su mayor resistencia a la corrosi\u00f3n atmosf\u00e9rica, lo que la hace ideal para aplicaciones en exteriores. Forma parte de la familia de aceros Corten, que se utilizan a menudo en aplicaciones arquitect\u00f3nicas, estructuras exteriores y aplicaciones industriales en las que se busca durabilidad y un aspecto r\u00fastico.<\/p>\n<h2>\u00a0Caracter\u00edsticas principales de la placa de acero corten Q450NQR1:<\/h2>\n<p>1. Resistencia a la corrosi\u00f3n: Desarrolla un aspecto de \u00f3xido estable tras la exposici\u00f3n a la intemperie, que lo protege de la corrosi\u00f3n posterior.<br \/>\n2. Alta resistencia: La \"Q\" del nombre se refiere a su l\u00edmite el\u00e1stico, que es de 450 MPa, lo que lo hace adecuado para fines estructurales.<br \/>\n3. Durabilidad: Ofrece excelentes propiedades mec\u00e1nicas para su uso a largo plazo en entornos dif\u00edciles.<br \/>\n4. Mantenimiento m\u00ednimo: Debido a su capa de \u00f3xido natural, requiere menos mantenimiento en comparaci\u00f3n con las superficies pintadas o recubiertas.<\/p>\n<p>Aplicaciones t\u00edpicas:<br \/>\n- Puentes<br \/>\n- Estructuras de jard\u00edn y mobiliario de exterior<br \/>\n- Esculturas e instalaciones art\u00edsticas<br \/>\n- Contenedores mar\u00edtimos<br \/>\n- Chimeneas o silos industriales<\/p>\n<figure id=\"attachment_1324\" aria-describedby=\"caption-attachment-1324\" style=\"width: 359px\" class=\"wp-caption alignnone\"><img fetchpriority=\"high\" decoding=\"async\" class=\"wp-image-1324\" src=\"https:\/\/keweicorten.com\/wp-content\/uploads\/2024\/09\/\u8010\u5019\u677f-300x300.jpg\" alt=\"\" width=\"359\" height=\"359\" srcset=\"https:\/\/keweicorten.com\/wp-content\/uploads\/2024\/09\/\u8010\u5019\u677f-300x300.jpg 300w, https:\/\/keweicorten.com\/wp-content\/uploads\/2024\/09\/\u8010\u5019\u677f-150x150.jpg 150w, https:\/\/keweicorten.com\/wp-content\/uploads\/2024\/09\/\u8010\u5019\u677f-12x12.jpg 12w, https:\/\/keweicorten.com\/wp-content\/uploads\/2024\/09\/\u8010\u5019\u677f-600x600.jpg 600w, https:\/\/keweicorten.com\/wp-content\/uploads\/2024\/09\/\u8010\u5019\u677f-100x100.jpg 100w, https:\/\/keweicorten.com\/wp-content\/uploads\/2024\/09\/\u8010\u5019\u677f.jpg 700w\" sizes=\"(max-width: 359px) 100vw, 359px\" \/><figcaption id=\"caption-attachment-1324\" class=\"wp-caption-text\">acero corten<\/figcaption><\/figure>","protected":false},"excerpt":{"rendered":"<p>Resiste los efectos corrosivos de la lluvia, la nieve, el hielo, la niebla y otras condiciones meteorol\u00f3gicas formando un<\/p>\n<p>recubrimiento oxidado de color marr\u00f3n oscuro sobre el metal, inhibiendo as\u00ed una penetraci\u00f3n m\u00e1s profunda y eliminando la necesidad de a\u00f1os de pintura y costosa oxidaci\u00f3n.<\/p>\n<p>mantenimiento.<\/p>","protected":false},"featured_media":1323,"comment_status":"open","ping_status":"closed","template":"","meta":{"_eb_attr":"","_monsterinsights_skip_tracking":false,"_monsterinsights_sitenote_active":false,"_monsterinsights_sitenote_note":"","_monsterinsights_sitenote_category":0,"_uf_show_specific_survey":0,"_uf_disable_surveys":false},"product_brand":[],"product_cat":[21],"product_tag":[],"class_list":{"0":"post-1322","1":"product","2":"type-product","3":"status-publish","4":"has-post-thumbnail","6":"product_cat-weather-resistant-steel-plate","8":"first","9":"instock","10":"shipping-taxable","11":"product-type-simple"},"_links":{"self":[{"href":"https:\/\/keweicorten.com\/es\/wp-json\/wp\/v2\/product\/1322"}],"collection":[{"href":"https:\/\/keweicorten.com\/es\/wp-json\/wp\/v2\/product"}],"about":[{"href":"https:\/\/keweicorten.com\/es\/wp-json\/wp\/v2\/types\/product"}],"replies":[{"embeddable":true,"href":"https:\/\/keweicorten.com\/es\/wp-json\/wp\/v2\/comments?post=1322"}],"version-history":[{"count":1,"href":"https:\/\/keweicorten.com\/es\/wp-json\/wp\/v2\/product\/1322\/revisions"}],"predecessor-version":[{"id":1325,"href":"https:\/\/keweicorten.com\/es\/wp-json\/wp\/v2\/product\/1322\/revisions\/1325"}],"wp:featuredmedia":[{"embeddable":true,"href":"https:\/\/keweicorten.com\/es\/wp-json\/wp\/v2\/media\/1323"}],"wp:attachment":[{"href":"https:\/\/keweicorten.com\/es\/wp-json\/wp\/v2\/media?parent=1322"}],"wp:term":[{"taxonomy":"product_brand","embeddable":true,"href":"https:\/\/keweicorten.com\/es\/wp-json\/wp\/v2\/product_brand?post=1322"},{"taxonomy":"product_cat","embeddable":true,"href":"https:\/\/keweicorten.com\/es\/wp-json\/wp\/v2\/product_cat?post=1322"},{"taxonomy":"product_tag","embeddable":true,"href":"https:\/\/keweicorten.com\/es\/wp-json\/wp\/v2\/product_tag?post=1322"}],"curies":[{"name":"wp","href":"https:\/\/api.w.org\/{rel}","templated":true}]}}