{"id":1335,"date":"2024-09-24T02:49:42","date_gmt":"2024-09-24T02:49:42","guid":{"rendered":"https:\/\/keweicorten.com\/?post_type=product&#038;p=1335"},"modified":"2025-01-15T06:23:33","modified_gmt":"2025-01-15T06:23:33","slug":"corte-por-laser-de-metal-pantalla-de-acero-corten","status":"publish","type":"product","link":"https:\/\/keweicorten.com\/es\/corte-por-laser-de-metal-pantalla-de-acero-corten\/","title":{"rendered":"corte por l\u00e1ser de metal pantalla de acero corten"},"content":{"rendered":"<p>Las pantallas de acero corten cortadas con l\u00e1ser son muy populares tanto para fines est\u00e9ticos como funcionales en espacios exteriores e interiores. El acero corten, tambi\u00e9n conocido como acero resistente a la intemperie, es muy duradero y desarrolla una p\u00e1tina \u00fanica similar al \u00f3xido con el paso del tiempo, que lo protege de la corrosi\u00f3n y le da un aspecto industrial distintivo.<\/p>\n<h2>Usos de la pantalla de acero corten de corte por l\u00e1ser de metal:<\/h2>\n<ol>\n<li><strong>Mamparas de privacidad<\/strong>: Las pantallas de corten se utilizan a menudo como paneles de privacidad en jardines o patios, ya que ofrecen intimidad a la vez que mantienen un aspecto decorativo.<\/li>\n<li><strong>Elementos decorativos de pared<\/strong>: Estas pantallas pueden actuar como bellos y texturizados telones de fondo en paredes, tanto en interiores como en exteriores, a\u00f1adiendo profundidad y un toque art\u00edstico.<\/li>\n<li><strong>Separadores de ambientes<\/strong>: En interiores, los biombos de acero corten pueden utilizarse como elegantes separadores de ambientes en espacios di\u00e1fanos.<\/li>\n<li><strong>Cercas y puertas de exterior<\/strong>: Los patrones cortados con l\u00e1ser permiten personalizar los dise\u00f1os de vallas o puertas de jard\u00edn.<\/li>\n<li><strong>Acentos arquitect\u00f3nicos<\/strong>: Puede utilizarse en fachadas de edificios tanto con fines funcionales, como protecci\u00f3n solar, como puramente decorativos.<\/li>\n<li><strong>Caracter\u00edsticas del jard\u00edn<\/strong>: A menudo se incorpora a los dise\u00f1os paisaj\u00edsticos para crear puntos focales, especialmente con dise\u00f1os bot\u00e1nicos o abstractos cortados con l\u00e1ser.<\/li>\n<\/ol>\n<figure style=\"width: 700px\" class=\"wp-caption alignnone\"><a href=\"https:\/\/keweicorten.com\/es\/producto\/pantallas-de-jardin-de-corten\/\"><img fetchpriority=\"high\" decoding=\"async\" title=\"separador de ambientes de acero corten\" src=\"https:\/\/sc04.alicdn.com\/kf\/Ha5bd72f10af14e85b735c24e7732ca75E\/235950374\/Ha5bd72f10af14e85b735c24e7732ca75E.jpg\" alt=\"\" width=\"700\" height=\"700\" \/><\/a><figcaption class=\"wp-caption-text\">separador de ambientes de acero corten<\/figcaption><\/figure>\n<figure style=\"width: 702px\" class=\"wp-caption alignnone\"><a href=\"https:\/\/keweicorten.com\/es\/productos\/\"><img decoding=\"async\" title=\"valla de malla\" src=\"https:\/\/sc04.alicdn.com\/kf\/H2c81b89ee3ce41ae9c42fe2650984af7f\/235950374\/H2c81b89ee3ce41ae9c42fe2650984af7f.jpg\" alt=\"\" width=\"702\" height=\"395\" \/><\/a><figcaption class=\"wp-caption-text\">valla de malla<\/figcaption><\/figure>","protected":false},"excerpt":{"rendered":"<p class=\"magic-13\">Valla decorativa de metal oxidado para pared exterior de jard\u00edn<\/p>\n<div class=\"magic-14\">\n<div class=\"magic-15\">\n<div class=\"magic-16\">\n<p class=\"magic-17\">1. Grado: CNC y corte por l\u00e1ser de acero cor-ten, SUS201\/304\/316 chapa de acero inoxidable, chapa de aluminio<br \/>\n2. Espesor:0,5mm-25mm<br \/>\n3. Est\u00e1ndar: GB, ASTM, JIS, etc.<br \/>\n4. Certificaci\u00f3n: ISO9001, SGS, CTI, ROHS<\/p>\n<\/div>\n<\/div>\n<\/div>","protected":false},"featured_media":1336,"comment_status":"open","ping_status":"closed","template":"","meta":{"_eb_attr":"","_monsterinsights_skip_tracking":false,"_monsterinsights_sitenote_active":false,"_monsterinsights_sitenote_note":"","_monsterinsights_sitenote_category":0,"_uf_show_specific_survey":0,"_uf_disable_surveys":false},"product_brand":[],"product_cat":[57],"product_tag":[],"class_list":{"0":"post-1335","1":"product","2":"type-product","3":"status-publish","4":"has-post-thumbnail","6":"product_cat-screen-panel","8":"first","9":"instock","10":"shipping-taxable","11":"product-type-simple"},"_links":{"self":[{"href":"https:\/\/keweicorten.com\/es\/wp-json\/wp\/v2\/product\/1335"}],"collection":[{"href":"https:\/\/keweicorten.com\/es\/wp-json\/wp\/v2\/product"}],"about":[{"href":"https:\/\/keweicorten.com\/es\/wp-json\/wp\/v2\/types\/product"}],"replies":[{"embeddable":true,"href":"https:\/\/keweicorten.com\/es\/wp-json\/wp\/v2\/comments?post=1335"}],"version-history":[{"count":1,"href":"https:\/\/keweicorten.com\/es\/wp-json\/wp\/v2\/product\/1335\/revisions"}],"predecessor-version":[{"id":1337,"href":"https:\/\/keweicorten.com\/es\/wp-json\/wp\/v2\/product\/1335\/revisions\/1337"}],"wp:featuredmedia":[{"embeddable":true,"href":"https:\/\/keweicorten.com\/es\/wp-json\/wp\/v2\/media\/1336"}],"wp:attachment":[{"href":"https:\/\/keweicorten.com\/es\/wp-json\/wp\/v2\/media?parent=1335"}],"wp:term":[{"taxonomy":"product_brand","embeddable":true,"href":"https:\/\/keweicorten.com\/es\/wp-json\/wp\/v2\/product_brand?post=1335"},{"taxonomy":"product_cat","embeddable":true,"href":"https:\/\/keweicorten.com\/es\/wp-json\/wp\/v2\/product_cat?post=1335"},{"taxonomy":"product_tag","embeddable":true,"href":"https:\/\/keweicorten.com\/es\/wp-json\/wp\/v2\/product_tag?post=1335"}],"curies":[{"name":"wp","href":"https:\/\/api.w.org\/{rel}","templated":true}]}}