{"id":1344,"date":"2024-09-24T07:04:01","date_gmt":"2024-09-24T07:04:01","guid":{"rendered":"https:\/\/keweicorten.com\/?post_type=product&#038;p=1344"},"modified":"2025-01-15T06:23:15","modified_gmt":"2025-01-15T06:23:15","slug":"cocina-al-aire-libre-bbq","status":"publish","type":"product","link":"https:\/\/keweicorten.com\/es\/cocina-al-aire-libre-bbq\/","title":{"rendered":"Barbacoa para cocinar al aire libre"},"content":{"rendered":"<p>Parece que est\u00e1 buscando opciones de barbacoas para cocinar al aire libre. Dado tu inter\u00e9s por el acero corten, las barbacoas oxidadas y las hogueras, imagino que querr\u00e1s una opci\u00f3n duradera y elegante para cocinar al aire libre.<\/p>\n<h2>Tipos de barbacoa para cocinar al aire libre:<\/h2>\n<ol>\n<li><strong>Barbacoa de acero corten<\/strong>:\n<ul>\n<li><strong>Material<\/strong>: El acero corten (acero resistente a la intemperie) desarrolla con el tiempo una capa protectora de \u00f3xido que impide la corrosi\u00f3n posterior, por lo que es perfecto para su uso en exteriores.<\/li>\n<li><strong>Caracter\u00edsticas<\/strong>: A menudo es multifuncional, ya que sirve de parrilla, fog\u00f3n o incluso superficie para cocinar. El acabado oxidado tambi\u00e9n a\u00f1ade una est\u00e9tica r\u00fastica a su espacio al aire libre.<\/li>\n<li><strong>Modelos populares<\/strong>: Incluye mesas de parrilla, barbacoas de le\u00f1a o parrillas independientes de acero corten.<\/li>\n<\/ul>\n<\/li>\n<li><strong>Barbacoa de carb\u00f3n<\/strong>:\n<ul>\n<li>Conocido por dar a los alimentos un sabor ahumado, suele considerarse m\u00e1s tradicional.<\/li>\n<li>Disponibles en dise\u00f1os port\u00e1tiles o empotrados.<\/li>\n<\/ul>\n<\/li>\n<\/ol>\n<table class=\"all magic-8\" style=\"height: 193px;\" width=\"610\">\n<tbody>\n<tr>\n<td colspan=\"1\" rowspan=\"1\">\n<div class=\"magic-9\"><b><span style=\"font-size: medium;\" data-spm-anchor-id=\"a2700.details.0.i40.29453909VZqwlj\">Nombre del producto<\/span><\/b><\/div>\n<\/td>\n<td colspan=\"1\" rowspan=\"1\">\n<div class=\"magic-10\"><span style=\"font-size: medium;\">barbacoas de exterior<\/span><\/div>\n<\/td>\n<\/tr>\n<tr>\n<td colspan=\"1\" rowspan=\"1\">\n<div class=\"magic-9\"><b><span style=\"font-size: medium;\">Material<\/span><\/b><\/div>\n<\/td>\n<td colspan=\"1\" rowspan=\"1\">\n<div class=\"magic-10\"><span style=\"font-size: medium;\">acero corten, acero dulce.<\/span><\/div>\n<\/td>\n<\/tr>\n<tr>\n<td colspan=\"1\" rowspan=\"1\">\n<div class=\"magic-9\"><b><span style=\"font-size: medium;\">Color<\/span><\/b><\/div>\n<\/td>\n<td colspan=\"1\" rowspan=\"1\">\n<div class=\"magic-10\"><span style=\"font-size: medium;\">oxidado<\/span><\/div>\n<\/td>\n<\/tr>\n<tr>\n<td colspan=\"1\" rowspan=\"1\">\n<div class=\"magic-9\"><b><span style=\"font-size: medium;\">Brade<\/span><\/b><\/div>\n<\/td>\n<td colspan=\"1\" rowspan=\"1\">\n<div class=\"magic-10\"><span style=\"font-size: medium;\">Jard\u00edn SHKW<\/span><\/div>\n<\/td>\n<\/tr>\n<tr>\n<td colspan=\"1\" rowspan=\"1\">\n<div class=\"magic-9\"><b><span style=\"font-size: medium;\">Tama\u00f1o y forma<\/span><\/b><\/div>\n<\/td>\n<td colspan=\"1\" rowspan=\"1\">\n<div class=\"magic-10\"><span style=\"font-size: medium;\">800mm,1000mm,Est\u00e1ndar o Personalizado<\/span><\/div>\n<\/td>\n<\/tr>\n<tr>\n<td colspan=\"1\" rowspan=\"1\">\n<div class=\"magic-9\"><b><span style=\"font-size: medium;\">Grosor:<\/span><\/b><\/div>\n<\/td>\n<td colspan=\"1\" rowspan=\"1\">\n<div class=\"magic-10\"><span style=\"font-size: medium;\">Base y cuenco: 2mm. placa de cocci\u00f3n: 10mm<\/span><\/div>\n<\/td>\n<\/tr>\n<\/tbody>\n<\/table>\n<p>Parrilla de acero corten para cocinar al aire libre<br \/>\nMaterial: El acero resistente a la intemperie formar\u00e1 una capa de protecci\u00f3n contra la oxidaci\u00f3n en la superficie, con funci\u00f3n natural de prevenci\u00f3n del \u00f3xido.<br \/>\nCaracter\u00edsticas: Aspecto \u00fanico con un color rojo oxidado, perfecto para el estilo de decoraci\u00f3n de jardines o terrazas. No es s\u00f3lo una parrilla, pero tambi\u00e9n se puede utilizar como un brasero.<br \/>\nVentajas: Buena resistencia a la intemperie, adecuado para una variedad de entornos al aire libre, y una apariencia m\u00e1s atractiva con el tiempo.<\/p>\n<figure style=\"width: 700px\" class=\"wp-caption alignnone\"><a href=\"https:\/\/keweicorten.com\/es\/productos\/\"><img fetchpriority=\"high\" decoding=\"async\" title=\"barbacoa  \" src=\"https:\/\/sc04.alicdn.com\/kf\/H43619cdf90fc42779f3408553b38ed204\/227652262\/H43619cdf90fc42779f3408553b38ed204.jpg\" alt=\"\" width=\"700\" height=\"700\" \/><\/a><figcaption class=\"wp-caption-text\">BARBACOA<\/figcaption><\/figure>\n<figure style=\"width: 699px\" class=\"wp-caption alignnone\"><a href=\"https:\/\/keweicorten.com\/es\/productos\/\"><img decoding=\"async\" title=\"parrilla\" src=\"https:\/\/sc04.alicdn.com\/kf\/H655353c891944ef4b128f7c84bc70d7b2\/227652262\/H655353c891944ef4b128f7c84bc70d7b2.jpg\" alt=\"\" width=\"699\" height=\"699\" \/><\/a><figcaption class=\"wp-caption-text\">parrilla<\/figcaption><\/figure>","protected":false},"excerpt":{"rendered":"<p>Material\uff1a Acero corten<\/p>\n<div><span class=\"magic-16\">El acero corten se denomina a veces acero resistente a la intemperie. La raz\u00f3n por la que dura tanto es que la primera capa de corrosi\u00f3n impide cualquier<br \/>\nmayor deterioro causado por el \u00f3xido.<br \/>\n<\/span><\/div>\n<div><span class=\"magic-16\">Cuanto m\u00e1s se usa, mejor aspecto tiene. Al cabo de un tiempo, el acero forma una hermosa y natural capa de p\u00e1tina.<br \/>\n<\/span><\/div>\n<div><span class=\"magic-16\">La mesa Barbacoa de acero corten con parrilla se puede dejar al aire libre todo el a\u00f1o sin necesidad de cubrirla.<\/span><\/div>","protected":false},"featured_media":1345,"comment_status":"open","ping_status":"closed","template":"","meta":{"_eb_attr":"","_monsterinsights_skip_tracking":false,"_monsterinsights_sitenote_active":false,"_monsterinsights_sitenote_note":"","_monsterinsights_sitenote_category":0,"_uf_show_specific_survey":0,"_uf_disable_surveys":false},"product_brand":[],"product_cat":[63],"product_tag":[],"class_list":{"0":"post-1344","1":"product","2":"type-product","3":"status-publish","4":"has-post-thumbnail","6":"product_cat-steel-bbq-grill","8":"first","9":"instock","10":"shipping-taxable","11":"product-type-simple"},"_links":{"self":[{"href":"https:\/\/keweicorten.com\/es\/wp-json\/wp\/v2\/product\/1344"}],"collection":[{"href":"https:\/\/keweicorten.com\/es\/wp-json\/wp\/v2\/product"}],"about":[{"href":"https:\/\/keweicorten.com\/es\/wp-json\/wp\/v2\/types\/product"}],"replies":[{"embeddable":true,"href":"https:\/\/keweicorten.com\/es\/wp-json\/wp\/v2\/comments?post=1344"}],"version-history":[{"count":1,"href":"https:\/\/keweicorten.com\/es\/wp-json\/wp\/v2\/product\/1344\/revisions"}],"predecessor-version":[{"id":1346,"href":"https:\/\/keweicorten.com\/es\/wp-json\/wp\/v2\/product\/1344\/revisions\/1346"}],"wp:featuredmedia":[{"embeddable":true,"href":"https:\/\/keweicorten.com\/es\/wp-json\/wp\/v2\/media\/1345"}],"wp:attachment":[{"href":"https:\/\/keweicorten.com\/es\/wp-json\/wp\/v2\/media?parent=1344"}],"wp:term":[{"taxonomy":"product_brand","embeddable":true,"href":"https:\/\/keweicorten.com\/es\/wp-json\/wp\/v2\/product_brand?post=1344"},{"taxonomy":"product_cat","embeddable":true,"href":"https:\/\/keweicorten.com\/es\/wp-json\/wp\/v2\/product_cat?post=1344"},{"taxonomy":"product_tag","embeddable":true,"href":"https:\/\/keweicorten.com\/es\/wp-json\/wp\/v2\/product_tag?post=1344"}],"curies":[{"name":"wp","href":"https:\/\/api.w.org\/{rel}","templated":true}]}}