{"id":1347,"date":"2024-09-24T07:19:21","date_gmt":"2024-09-24T07:19:21","guid":{"rendered":"https:\/\/keweicorten.com\/?post_type=product&#038;p=1347"},"modified":"2025-01-15T06:23:06","modified_gmt":"2025-01-15T06:23:06","slug":"barbacoa-de-carbon-para-exteriores","status":"publish","type":"product","link":"https:\/\/keweicorten.com\/es\/barbacoa-de-carbon-para-exteriores\/","title":{"rendered":"Barbacoa de carb\u00f3n para exteriores"},"content":{"rendered":"<h2>Aplicaci\u00f3n del acero corten en barbacoas de carb\u00f3n al aire libre<\/h2>\n<p>Durabilidad a largo plazo: La resistencia a la intemperie del acero corten lo hace ideal para parrillas de exterior. A diferencia de las parrillas de acero tradicionales, el acero corten puede soportar un uso prolongado en exteriores sin necesidad de mantenimiento frecuente ni preocupaciones por el \u00f3xido.<br \/>\nEs especialmente adecuado para su uso en climas h\u00famedos o variables, ya que no se corroe r\u00e1pidamente por la exposici\u00f3n a la lluvia y la humedad como el acero ordinario.<\/p>\n<p>Eficacia t\u00e9rmica y conductividad t\u00e9rmica:Aunque el acero corten es conocido principalmente por su resistencia a la intemperie, tambi\u00e9n tiene una buena conductividad t\u00e9rmica. Esto significa que puede distribuir eficazmente el calor de manera uniforme durante el proceso de asado, de modo que los alimentos se calientan m\u00e1s uniformemente, mejorando as\u00ed el efecto de la barbacoa.<br \/>\nAdem\u00e1s, el grosor del acero corten suele ser mayor, lo que significa que puede almacenar calor, por lo que conserva el calor de forma continua con un menor consumo de combustible.<\/p>\n<p>Funcionalidad y diversidad:Las barbacoas de carb\u00f3n de Corten para exteriores suelen dise\u00f1arse como aparatos multifuncionales que pueden utilizarse como parrilla o como brasero, lo que aumenta a\u00fan m\u00e1s la variedad de escenarios en los que pueden utilizarse. Su durabilidad y resistencia a la corrosi\u00f3n le permiten soportar altas temperaturas, mientras que su est\u00e9tica la convierte en un punto focal visual para las reuniones al aire libre.<\/p>\n<table class=\"all magic-17\" style=\"height: 250px;\" width=\"734\">\n<tbody>\n<tr>\n<td colspan=\"2\" rowspan=\"1\">\n<div class=\"magic-18\" data-spm-anchor-id=\"a2700.details.0.i39.133e3f8dQmxxUd\">Nombre del producto<\/div>\n<\/td>\n<td colspan=\"3\" rowspan=\"1\">\n<div class=\"magic-21\">Garden Party Madera Carb\u00f3n Corten metal Barbacoa Parrilla Fog\u00f3n<\/div>\n<\/td>\n<\/tr>\n<tr>\n<td colspan=\"2\" rowspan=\"1\">\n<div class=\"magic-18\">Materia prima<\/div>\n<\/td>\n<td colspan=\"3\" rowspan=\"1\">\n<div class=\"magic-21\">Chapa Corten, Acero inoxidable 304 para uso alimentario<\/div>\n<\/td>\n<\/tr>\n<tr>\n<td colspan=\"2\" rowspan=\"1\">\n<div class=\"magic-23\">Tama\u00f1o a elegir<\/div>\n<\/td>\n<td colspan=\"3\" rowspan=\"1\">\n<div class=\"magic-25\">500*500*1000mm y tipo redondo, tambi\u00e9n aceptamos OEM personalizado<\/div>\n<\/td>\n<\/tr>\n<tr>\n<td colspan=\"2\" rowspan=\"1\">\n<div class=\"magic-18\">Tipo de combustible<\/div>\n<\/td>\n<td colspan=\"3\" rowspan=\"1\">\n<div class=\"magic-21\">Com\u00fanmente ser de madera de carb\u00f3n, tambi\u00e9n puede cambiar de Gas \/ Propano tipo<\/div>\n<\/td>\n<\/tr>\n<tr>\n<td colspan=\"2\" rowspan=\"1\">\n<div class=\"magic-23\">Certificaci\u00f3n<\/div>\n<\/td>\n<td colspan=\"3\" rowspan=\"1\">\n<div class=\"magic-25\">CE\/ 3C\/ CAS<\/div>\n<\/td>\n<\/tr>\n<tr>\n<td colspan=\"2\" rowspan=\"1\">\n<div class=\"magic-23\">Paquete<\/div>\n<\/td>\n<td colspan=\"3\" rowspan=\"1\">\n<div class=\"magic-25\">Embalaje de cart\u00f3n con pal\u00e9s<\/div>\n<\/td>\n<\/tr>\n<tr>\n<td colspan=\"2\" rowspan=\"1\">\n<div class=\"magic-23\">MOQ<\/div>\n<\/td>\n<td colspan=\"3\" rowspan=\"1\">\n<div class=\"magic-25\">1 unidad, y 80 unidades para un contenedor de 20GP<\/div>\n<\/td>\n<\/tr>\n<tr>\n<td colspan=\"2\" rowspan=\"1\">\n<div class=\"magic-23\">Mercado principal<\/div>\n<\/td>\n<td colspan=\"3\" rowspan=\"1\">\n<div class=\"magic-25\">Europa\/ Estados Unidos\/ Australia<\/div>\n<\/td>\n<\/tr>\n<\/tbody>\n<\/table>\n<figure style=\"width: 700px\" class=\"wp-caption alignnone\"><a href=\"https:\/\/keweicorten.com\/es\"><img fetchpriority=\"high\" decoding=\"async\" title=\"Foso de fuego\" src=\"https:\/\/sc04.alicdn.com\/kf\/H3251a163a5d842c7bd1860b59de2a48bk\/252624420\/H3251a163a5d842c7bd1860b59de2a48bk.jpg\" alt=\"\" width=\"700\" height=\"700\" \/><\/a><figcaption class=\"wp-caption-text\">Foso de fuego<\/figcaption><\/figure>\n<figure style=\"width: 700px\" class=\"wp-caption alignnone\"><a href=\"https:\/\/keweicorten.com\/es\/productos\/\"><img decoding=\"async\" title=\"Parrilla de barbacoa\" src=\"https:\/\/sc04.alicdn.com\/kf\/H10865e80ce434dcf8b929e7e39ebec96l\/252624420\/H10865e80ce434dcf8b929e7e39ebec96l.jpg\" alt=\"\" width=\"700\" height=\"700\" \/><\/a><figcaption class=\"wp-caption-text\">Parrilla de barbacoa<\/figcaption><\/figure>","protected":false},"excerpt":{"rendered":"<p class=\"magic-5\"><span class=\"magic-6\"><span data-spm-anchor-id=\"a2700.details.0.i44.133e3f8dQmxxUd\">Garden Party Madera Carb\u00f3n Corten metal Barbacoa Parrilla Fog\u00f3n<\/span><\/span><\/p>\n<p class=\"magic-5\"><span style=\"font-size: 16px;\">El flujo muestra detalles de tama\u00f1o y grosor de la materia prima:<\/span><\/p>\n<div class=\"magic-7\">\n<div class=\"magic-8\">\n<div class=\"magic-9\">1.La escala de fuego o altura del cono es com\u00fanmente de 27 cm, laminado con chapa corten de 2,0 mm.<\/p>\n<div>2.La placa de cocci\u00f3n: chapa de acero de 10 mm laminada en fr\u00edo. El di\u00e1metro es de 100 cm.<br \/>\n3. La c\u00e1mara de combusti\u00f3n con acero corten de 2,0 mm de grosor<br \/>\n4.La tolva de cenizas: acero corten de 2 mm<br \/>\n5.Down cuerpo :Acero corten espesor :2 mm Tama\u00f1o:700*500*500 mm<\/div>\n<\/div>\n<\/div>\n<\/div>","protected":false},"featured_media":1348,"comment_status":"open","ping_status":"closed","template":"","meta":{"_eb_attr":"","_monsterinsights_skip_tracking":false,"_monsterinsights_sitenote_active":false,"_monsterinsights_sitenote_note":"","_monsterinsights_sitenote_category":0,"_uf_show_specific_survey":0,"_uf_disable_surveys":false},"product_brand":[],"product_cat":[63],"product_tag":[],"class_list":{"0":"post-1347","1":"product","2":"type-product","3":"status-publish","4":"has-post-thumbnail","6":"product_cat-steel-bbq-grill","8":"first","9":"instock","10":"shipping-taxable","11":"product-type-simple"},"_links":{"self":[{"href":"https:\/\/keweicorten.com\/es\/wp-json\/wp\/v2\/product\/1347"}],"collection":[{"href":"https:\/\/keweicorten.com\/es\/wp-json\/wp\/v2\/product"}],"about":[{"href":"https:\/\/keweicorten.com\/es\/wp-json\/wp\/v2\/types\/product"}],"replies":[{"embeddable":true,"href":"https:\/\/keweicorten.com\/es\/wp-json\/wp\/v2\/comments?post=1347"}],"version-history":[{"count":1,"href":"https:\/\/keweicorten.com\/es\/wp-json\/wp\/v2\/product\/1347\/revisions"}],"predecessor-version":[{"id":1352,"href":"https:\/\/keweicorten.com\/es\/wp-json\/wp\/v2\/product\/1347\/revisions\/1352"}],"wp:featuredmedia":[{"embeddable":true,"href":"https:\/\/keweicorten.com\/es\/wp-json\/wp\/v2\/media\/1348"}],"wp:attachment":[{"href":"https:\/\/keweicorten.com\/es\/wp-json\/wp\/v2\/media?parent=1347"}],"wp:term":[{"taxonomy":"product_brand","embeddable":true,"href":"https:\/\/keweicorten.com\/es\/wp-json\/wp\/v2\/product_brand?post=1347"},{"taxonomy":"product_cat","embeddable":true,"href":"https:\/\/keweicorten.com\/es\/wp-json\/wp\/v2\/product_cat?post=1347"},{"taxonomy":"product_tag","embeddable":true,"href":"https:\/\/keweicorten.com\/es\/wp-json\/wp\/v2\/product_tag?post=1347"}],"curies":[{"name":"wp","href":"https:\/\/api.w.org\/{rel}","templated":true}]}}