{"id":1359,"date":"2024-09-24T07:49:55","date_gmt":"2024-09-24T07:49:55","guid":{"rendered":"https:\/\/keweicorten.com\/?post_type=product&#038;p=1359"},"modified":"2024-09-24T07:49:55","modified_gmt":"2024-09-24T07:49:55","slug":"a588-placa-de-acero-corten-para-intemperie","status":"publish","type":"product","link":"https:\/\/keweicorten.com\/es\/a588-placa-de-acero-corten-para-intemperie\/","title":{"rendered":"Placa de acero para intemperie A588 CORTEN"},"content":{"rendered":"<h2>Caracter\u00edsticas de la placa de acero para intemperie A588 CORTEN <span style=\"font-size: 16px;\">:<\/span><\/h2>\n<ol>\n<li><strong>Mayor resistencia a la corrosi\u00f3n<\/strong>: Al igual que el A242, el A588 forma una capa protectora de \u00f3xido cuando se expone a la intemperie, lo que minimiza la corrosi\u00f3n posterior.<\/li>\n<li><strong>Alta resistencia<\/strong>: Proporciona una excelente resistencia estructural y puede soportar duras condiciones ambientales.<\/li>\n<li><strong>Soldabilidad<\/strong>: El acero A588 puede soldarse f\u00e1cilmente, por lo que es adecuado para diversos proyectos estructurales.<\/li>\n<li><strong>Durabilidad<\/strong>: Resiste temperaturas extremas, por lo que es ideal para uso en exteriores e instalaciones duraderas.<\/li>\n<\/ol>\n<h3>Composici\u00f3n:<\/h3>\n<p>El acero A588 suele contener peque\u00f1as cantidades de cobre, cromo, n\u00edquel y f\u00f3sforo, que contribuyen a sus caracter\u00edsticas de resistencia a la intemperie.<\/p>\n<p>Existen varias ventajas asociadas a la chapa de acero A588 Corten que permiten utilizarla para aplicaciones industriales en todo el mundo. Los beneficios de la placa de acero A588 Corten incluyen:<\/p>\n<ul>\n<li>Bajo mantenimiento<\/li>\n<li>Ahorro de costes<\/li>\n<li>Velocidad de construcci\u00f3n<\/li>\n<li>Seguro<\/li>\n<li>Respetuoso con el medio ambiente<\/li>\n<li>Est\u00e9ticamente atractivo<\/li>\n<\/ul>\n<p>La especificaci\u00f3n de la chapa de acero A588 CORTEN para intemperie est\u00e1 pensada principalmente para su uso en aplicaciones sin pintar, donde el ahorro de peso o la durabilidad a\u00f1adida son importantes junto con el ciclo de vida m\u00e1s largo debido a sus propiedades de resistencia a la corrosi\u00f3n y\/o para conseguir un aspecto est\u00e9ticamente agradable.<\/p>\n<figure style=\"width: 650px\" class=\"wp-caption alignnone\"><a href=\"https:\/\/keweicorten.com\/es\/productos\/\"><img fetchpriority=\"high\" decoding=\"async\" title=\"Placa de acero para intemperie A588 CORTEN \" src=\"https:\/\/www.csteelindia.com\/images\/astm-a242-corten-plates.jpg\" alt=\"Acero corten Placa de acero corten Acero intemperie - vrogue.co\" width=\"650\" height=\"366\" \/><\/a><figcaption class=\"wp-caption-text\">Placa de acero para intemperie A588 CORTEN<\/figcaption><\/figure>\n<figure style=\"width: 650px\" class=\"wp-caption alignnone\"><a href=\"https:\/\/keweicorten.com\/es\/contacto\/\"><img decoding=\"async\" title=\"chapas de corten\" src=\"https:\/\/www.cortensteels.com\/uploads\/202130314\/weathering-corten-steel-plate-a58823590722739.jpg\" alt=\"China Intemperie Placa de Acero Corten A588 Fabricantes, Proveedores ...\" width=\"650\" height=\"650\" \/><\/a><figcaption class=\"wp-caption-text\">chapas de corten<\/figcaption><\/figure>\n<figure style=\"width: 650px\" class=\"wp-caption alignnone\"><a href=\"https:\/\/keweicorten.com\/es\/productos\/\"><img decoding=\"async\" title=\"chapa de acero corten\" src=\"https:\/\/th.bing.com\/th\/id\/R.40d0e63328c61babd24d04e063856bdb?rik=NpoNYTQbDSmrgQ&amp;riu=http%3a%2f%2fwww.gescosteel.com%2fphoto%2fpt32409668-a387_gr_5_steel_plate_a387_pressure_vessel_plates_a387_hot_rolled_steel_sheet_10_mm_thickness_a387_11_alloy_steel_plate.jpg&amp;ehk=B1K4358OD3RHH2%2fZ8nb4DSuUIux5ccqh8DKyh0EV76Y%3d&amp;risl=&amp;pid=ImgRaw&amp;r=0\" alt=\"Placa de acero A387 Gr.5 Placas para recipientes a presi\u00f3n A387 Acero laminado en caliente ...\" width=\"650\" height=\"463\" \/><\/a><figcaption class=\"wp-caption-text\">chapa de acero corten<\/figcaption><\/figure>","protected":false},"excerpt":{"rendered":"<p>La chapa de acero de intemperie A588 Corten es otro tipo de acero estructural de alta resistencia y baja aleaci\u00f3n con resistencia mejorada a la corrosi\u00f3n atmosf\u00e9rica. A menudo se denomina \"acero de intemperie\" y se utiliza ampliamente en aplicaciones al aire libre debido a su capacidad para formar una capa protectora de \u00f3xido, similar a ASTM A242.<\/p>","protected":false},"featured_media":1360,"comment_status":"open","ping_status":"closed","template":"","meta":{"_eb_attr":"","_monsterinsights_skip_tracking":false,"_monsterinsights_sitenote_active":false,"_monsterinsights_sitenote_note":"","_monsterinsights_sitenote_category":0,"_uf_show_specific_survey":0,"_uf_disable_surveys":false},"product_brand":[],"product_cat":[21],"product_tag":[],"class_list":{"0":"post-1359","1":"product","2":"type-product","3":"status-publish","4":"has-post-thumbnail","6":"product_cat-weather-resistant-steel-plate","8":"first","9":"instock","10":"shipping-taxable","11":"product-type-simple"},"_links":{"self":[{"href":"https:\/\/keweicorten.com\/es\/wp-json\/wp\/v2\/product\/1359"}],"collection":[{"href":"https:\/\/keweicorten.com\/es\/wp-json\/wp\/v2\/product"}],"about":[{"href":"https:\/\/keweicorten.com\/es\/wp-json\/wp\/v2\/types\/product"}],"replies":[{"embeddable":true,"href":"https:\/\/keweicorten.com\/es\/wp-json\/wp\/v2\/comments?post=1359"}],"version-history":[{"count":1,"href":"https:\/\/keweicorten.com\/es\/wp-json\/wp\/v2\/product\/1359\/revisions"}],"predecessor-version":[{"id":1361,"href":"https:\/\/keweicorten.com\/es\/wp-json\/wp\/v2\/product\/1359\/revisions\/1361"}],"wp:featuredmedia":[{"embeddable":true,"href":"https:\/\/keweicorten.com\/es\/wp-json\/wp\/v2\/media\/1360"}],"wp:attachment":[{"href":"https:\/\/keweicorten.com\/es\/wp-json\/wp\/v2\/media?parent=1359"}],"wp:term":[{"taxonomy":"product_brand","embeddable":true,"href":"https:\/\/keweicorten.com\/es\/wp-json\/wp\/v2\/product_brand?post=1359"},{"taxonomy":"product_cat","embeddable":true,"href":"https:\/\/keweicorten.com\/es\/wp-json\/wp\/v2\/product_cat?post=1359"},{"taxonomy":"product_tag","embeddable":true,"href":"https:\/\/keweicorten.com\/es\/wp-json\/wp\/v2\/product_tag?post=1359"}],"curies":[{"name":"wp","href":"https:\/\/api.w.org\/{rel}","templated":true}]}}