{"id":1362,"date":"2024-09-24T08:13:51","date_gmt":"2024-09-24T08:13:51","guid":{"rendered":"https:\/\/keweicorten.com\/?post_type=product&#038;p=1362"},"modified":"2024-09-24T08:13:51","modified_gmt":"2024-09-24T08:13:51","slug":"chapa-de-acero-corten-a871","status":"publish","type":"product","link":"https:\/\/keweicorten.com\/es\/chapa-de-acero-corten-a871\/","title":{"rendered":"Placa de acero corten A871"},"content":{"rendered":"<p>La chapa de acero corten A871 es otro tipo de acero estructural de alta resistencia y baja aleaci\u00f3n (HSLA) dise\u00f1ado espec\u00edficamente para ofrecer una resistencia superior a la corrosi\u00f3n atmosf\u00e9rica. Pertenece a la familia de aceros de intemperie, como ASTM A588 y A242, pero est\u00e1 especialmente desarrollado para aplicaciones que requieren alta resistencia y durabilidad a largo plazo en entornos donde la corrosi\u00f3n atmosf\u00e9rica es una preocupaci\u00f3n.<\/p>\n<table class=\"table\" style=\"height: 292px;\" width=\"745\" cellspacing=\"0\" cellpadding=\"0\">\n<tbody>\n<tr class=\"firstRow\">\n<td>Nombre del producto<\/td>\n<td>Placa de acero corten A871<\/td>\n<\/tr>\n<tr>\n<td>Material<\/td>\n<td>Q195,Q235,Q345,45#,SPHC,510L,SS400<\/td>\n<\/tr>\n<tr>\n<td>Color<\/td>\n<td>RAL o seg\u00fan las necesidades<\/td>\n<\/tr>\n<tr>\n<td>Est\u00e1ndar<\/td>\n<td>DIN GB ISO JIS BA ANSI ASTM<\/td>\n<\/tr>\n<tr>\n<td>ID de bobina<\/td>\n<td>508\/610<\/td>\n<\/tr>\n<tr>\n<td>Tratamiento de superficies<\/td>\n<td>Cromado ;Engrasado o sin engrasar;Skin pass,AFP<\/td>\n<\/tr>\n<tr>\n<td>Pago<\/td>\n<td>L\/C T\/T<\/td>\n<\/tr>\n<tr>\n<td>Grado<\/td>\n<td>SGCC\/DX51D\/DX52D<\/td>\n<\/tr>\n<\/tbody>\n<\/table>\n<p>&nbsp;<\/p>\n<p>ASTM A871 es una especificaci\u00f3n para chapas de acero estructural de alta resistencia y baja aleaci\u00f3n con resistencia mejorada a la corrosi\u00f3n. Este acero forma parte de la familia Corten y es especialmente adecuado para aplicaciones que requieren una resistencia a largo plazo a la corrosi\u00f3n atmosf\u00e9rica y una resistencia superior en proyectos estructurales. Est\u00e1 dise\u00f1ado para reducir la necesidad de mantenimiento mediante la formaci\u00f3n de una capa de \u00f3xido estable.<\/p>\n<p>que protege el acero de una mayor corrosi\u00f3n.<\/p>\n<p><img fetchpriority=\"high\" decoding=\"async\" class=\"\" src=\"https:\/\/www.ridhisiddhi.net\/wp-content\/uploads\/2023\/06\/a588-steel-sheet.jpg\" alt=\"Placa de acero ASTM A588, proveedor de chapa corten A588 en India\" width=\"488\" height=\"469\" \/><img decoding=\"async\" class=\"\" src=\"https:\/\/www.gneesteels.com\/uploads\/201914713\/corten-steel-grade-a588-plate-corten-steel16467639692.jpg\" alt=\"Placa de acero corten grado A588 Proveedores y Fabricantes - China ...\" width=\"473\" height=\"473\" \/><\/p>\n<p>ASTM A871 est\u00e1 disponible en dos grados:<\/p>\n<ul>\n<li><strong>Grado 60<\/strong> y <strong>Grado 65<\/strong>donde los n\u00fameros representan el l\u00edmite el\u00e1stico m\u00ednimo del acero en ksi (mil libras por pulgada cuadrada).<\/li>\n<\/ul>","protected":false},"excerpt":{"rendered":"<p>La ASTM A871-65 es una chapa de acero estructural de baja aleaci\u00f3n y alta resistencia con resistencia mejorada a la corrosi\u00f3n atmosf\u00e9rica.<\/p>","protected":false},"featured_media":1363,"comment_status":"open","ping_status":"closed","template":"","meta":{"_eb_attr":"","_monsterinsights_skip_tracking":false,"_monsterinsights_sitenote_active":false,"_monsterinsights_sitenote_note":"","_monsterinsights_sitenote_category":0,"_uf_show_specific_survey":0,"_uf_disable_surveys":false},"product_brand":[],"product_cat":[21],"product_tag":[],"class_list":{"0":"post-1362","1":"product","2":"type-product","3":"status-publish","4":"has-post-thumbnail","6":"product_cat-weather-resistant-steel-plate","8":"first","9":"instock","10":"shipping-taxable","11":"product-type-simple"},"_links":{"self":[{"href":"https:\/\/keweicorten.com\/es\/wp-json\/wp\/v2\/product\/1362"}],"collection":[{"href":"https:\/\/keweicorten.com\/es\/wp-json\/wp\/v2\/product"}],"about":[{"href":"https:\/\/keweicorten.com\/es\/wp-json\/wp\/v2\/types\/product"}],"replies":[{"embeddable":true,"href":"https:\/\/keweicorten.com\/es\/wp-json\/wp\/v2\/comments?post=1362"}],"version-history":[{"count":1,"href":"https:\/\/keweicorten.com\/es\/wp-json\/wp\/v2\/product\/1362\/revisions"}],"predecessor-version":[{"id":1364,"href":"https:\/\/keweicorten.com\/es\/wp-json\/wp\/v2\/product\/1362\/revisions\/1364"}],"wp:featuredmedia":[{"embeddable":true,"href":"https:\/\/keweicorten.com\/es\/wp-json\/wp\/v2\/media\/1363"}],"wp:attachment":[{"href":"https:\/\/keweicorten.com\/es\/wp-json\/wp\/v2\/media?parent=1362"}],"wp:term":[{"taxonomy":"product_brand","embeddable":true,"href":"https:\/\/keweicorten.com\/es\/wp-json\/wp\/v2\/product_brand?post=1362"},{"taxonomy":"product_cat","embeddable":true,"href":"https:\/\/keweicorten.com\/es\/wp-json\/wp\/v2\/product_cat?post=1362"},{"taxonomy":"product_tag","embeddable":true,"href":"https:\/\/keweicorten.com\/es\/wp-json\/wp\/v2\/product_tag?post=1362"}],"curies":[{"name":"wp","href":"https:\/\/api.w.org\/{rel}","templated":true}]}}