{"id":1396,"date":"2024-09-25T08:14:45","date_gmt":"2024-09-25T08:14:45","guid":{"rendered":"https:\/\/keweicorten.com\/?post_type=product&#038;p=1396"},"modified":"2024-09-25T08:51:21","modified_gmt":"2024-09-25T08:51:21","slug":"acero-alto-q450nqr1","status":"publish","type":"product","link":"https:\/\/keweicorten.com\/es\/acero-alto-q450nqr1\/","title":{"rendered":"acero alto q450nqr1"},"content":{"rendered":"<p>El acero alto q450nqr1 es un tipo de acero resistente a la intemperie dise\u00f1ado para su uso en estructuras exteriores. Ofrece una buena resistencia a la corrosi\u00f3n gracias a su capacidad para formar una capa protectora de \u00f3xido cuando se expone a las condiciones atmosf\u00e9ricas, lo que contribuye a prolongar su vida \u00fatil. Este acero se utiliza a menudo en aplicaciones como puentes, edificios y esculturas de exterior.<\/p>\n<p style=\"font-weight: 400;\">Propiedades t\u00e9cnicas de la chapa TB\/T 1979 Q450NQR1<\/p>\n<table style=\"font-weight: 400;\">\n<tbody>\n<tr>\n<td colspan=\"4\">Propiedades mec\u00e1nicas de la chapa de acero Q450NQR1<\/td>\n<\/tr>\n<tr>\n<td>Espesor (mm)<\/td>\n<td>L\u00edmite el\u00e1stico (\u2265Mpa)<\/td>\n<td>Resistencia a la tracci\u00f3n (Mpa)<\/td>\n<td>Elongaci\u00f3n % \u2265<\/td>\n<\/tr>\n<tr>\n<td>T\u22646<\/td>\n<td rowspan=\"3\">450<\/td>\n<td rowspan=\"3\">550<\/td>\n<td>22<\/td>\n<\/tr>\n<tr>\n<td>6&lt;T\u226414<\/td>\n<td>20<\/td>\n<\/tr>\n<tr>\n<td>14&lt;T\u226420<\/td>\n<td>19<\/td>\n<\/tr>\n<\/tbody>\n<\/table>\n<p>aplicar<br \/>\n1) Central t\u00e9rmica<br \/>\n2) Carbonera.<br \/>\n3) F\u00e1brica de cemento<br \/>\n4) Maquinaria de carga<br \/>\n5) Maquinaria de mina<br \/>\n6) Maquinaria de construcci\u00f3n<br \/>\n7) Maquinaria metal\u00fargica<\/p>\n<table>\n<tbody>\n<tr>\n<td><b>Grado de acero:<\/b><\/td>\n<td>09CuPCrNi-A, Q450NQR1, SPA-H B480GNQR, Q345NQR2, Q355GNHD, Q355NH , 09CuP,S355J2WP<br \/>\nMonel 600\/625\/718\/725<\/td>\n<\/tr>\n<tr>\n<td><b>Est\u00e1ndar:<\/b><\/td>\n<td>GB,ASME,ASTM,JIS,BS<\/td>\n<\/tr>\n<tr>\n<td><b>Grosor:<\/b><\/td>\n<td>1,0-300 mm<\/td>\n<\/tr>\n<tr>\n<td><b>Anchura:<\/b><\/td>\n<td>100-4500mm,o seg\u00fan petici\u00f3n especial del cliente<\/td>\n<\/tr>\n<tr>\n<td><b>Longitud:<\/b><\/td>\n<td>1-20 metros, o seg\u00fan la petici\u00f3n especial del cliente<\/td>\n<\/tr>\n<tr>\n<td><b>Paquete:<\/b><\/td>\n<td>Paquete est\u00e1ndar de exportaci\u00f3n<\/td>\n<\/tr>\n<tr>\n<td><b>Aplicaci\u00f3n:<\/b><\/td>\n<td>1.Maquinaria, industrias de recipientes a presi\u00f3n.<br \/>\n2.Construcci\u00f3n naval, construcci\u00f3n de ingenier\u00eda.<br \/>\n3.Autom\u00f3viles, puentes, edificios.<br \/>\n4.Fabricaci\u00f3n mec\u00e1nica, losa de pavimento, ect.<\/td>\n<\/tr>\n<tr>\n<td><b>Molino MTC:<\/b><\/td>\n<td>Suministrado antes del env\u00edo<\/td>\n<\/tr>\n<tr>\n<td><b>Inspecci\u00f3n:<\/b><\/td>\n<td>La inspecci\u00f3n de terceros puede ser aceptada,SGS,BV,TUV<\/td>\n<\/tr>\n<tr>\n<td><b>Monte Puerto:<\/b><\/td>\n<td>Cualquier puerto de China<\/td>\n<\/tr>\n<tr>\n<td><b>T\u00e9rmino comercial:<\/b><\/td>\n<td>FOB, CIF, CFR, EXW, etc.<\/td>\n<\/tr>\n<tr>\n<td><b>Precio a plazo:<\/b><\/td>\n<td>TT o LC a la vista<\/td>\n<\/tr>\n<tr>\n<td><b>Nuestros servicios:<\/b><\/td>\n<td>Podemos cortar y doblar la placa de acero seg\u00fan el requriement del cliente o el dibujo, embalaje seg\u00fan la petici\u00f3n de los clientes<\/td>\n<\/tr>\n<\/tbody>\n<\/table>\n<p><img fetchpriority=\"high\" decoding=\"async\" class=\"\" src=\"https:\/\/th.bing.com\/th\/id\/OIP.cuuVN_PKBjrQa4SYwoQCpwHaHa?rs=1&amp;pid=ImgDetMain\" alt=\"Q450NQR1 Placa de acero para intemperie Fabricante - Shandong Kuaima Steel Co.\" width=\"522\" height=\"522\" \/><\/p>\n<p><img decoding=\"async\" src=\"https:\/\/www.researchgate.net\/publication\/378755215\/figure\/tbl1\/AS:11431281227659895@1709733620825\/Chemical-composition-of-Q450NQR1-high-strength-weathering-steel-and-HTW-55.png\" alt=\"Composici\u00f3n qu\u00edmica del acero de alta resistencia a la intemperie Q450NQR1 y HTW-55.\" \/><\/p>\n<div class=\"nova-legacy-o-stack nova-legacy-o-stack--gutter-s nova-legacy-o-stack--spacing-none nova-legacy-o-stack--no-gutter-outside figure-details-image\">\n<div class=\"nova-legacy-o-stack__item\">\n<p class=\"nova-legacy-e-text nova-legacy-e-text--size-m nova-legacy-e-text--family-display nova-legacy-e-text--spacing-none nova-legacy-e-text--color-inherit\">Composici\u00f3n qu\u00edmica del acero de alta resistencia a la intemperie Q450NQR1 y HTW-55.<\/p>\n<p><img decoding=\"async\" class=\"\" src=\"https:\/\/sc02.alicdn.com\/kf\/Hb877ac80a07643c090166781b8ac95cbB\/228156491\/Hb877ac80a07643c090166781b8ac95cbB.jpg\" width=\"522\" height=\"522\" \/><\/p>\n<\/div>\n<\/div>","protected":false},"excerpt":{"rendered":"<p>La placa de acero resistente al desgaste se compone de dos partes: la placa de acero de bajo contenido en carbono y la capa de aleaci\u00f3n resistente al desgaste. La capa de aleaci\u00f3n resistente al desgaste es generalmente 1 \/ 3 ~ 1 \/ 2 del espesor total. Cuando se trabaja, la matriz proporciona el rendimiento global, como la resistencia, tenacidad y plasticidad, y la capa de aleaci\u00f3n resistente al desgaste proporciona la resistencia al desgaste para cumplir con los requisitos de las condiciones de trabajo especificadas.<\/p>","protected":false},"featured_media":1397,"comment_status":"open","ping_status":"closed","template":"","meta":{"_eb_attr":"","_monsterinsights_skip_tracking":false,"_monsterinsights_sitenote_active":false,"_monsterinsights_sitenote_note":"","_monsterinsights_sitenote_category":0,"_uf_show_specific_survey":0,"_uf_disable_surveys":false},"product_brand":[],"product_cat":[21],"product_tag":[],"class_list":{"0":"post-1396","1":"product","2":"type-product","3":"status-publish","4":"has-post-thumbnail","6":"product_cat-weather-resistant-steel-plate","8":"first","9":"instock","10":"shipping-taxable","11":"product-type-simple"},"_links":{"self":[{"href":"https:\/\/keweicorten.com\/es\/wp-json\/wp\/v2\/product\/1396"}],"collection":[{"href":"https:\/\/keweicorten.com\/es\/wp-json\/wp\/v2\/product"}],"about":[{"href":"https:\/\/keweicorten.com\/es\/wp-json\/wp\/v2\/types\/product"}],"replies":[{"embeddable":true,"href":"https:\/\/keweicorten.com\/es\/wp-json\/wp\/v2\/comments?post=1396"}],"version-history":[{"count":1,"href":"https:\/\/keweicorten.com\/es\/wp-json\/wp\/v2\/product\/1396\/revisions"}],"predecessor-version":[{"id":1398,"href":"https:\/\/keweicorten.com\/es\/wp-json\/wp\/v2\/product\/1396\/revisions\/1398"}],"wp:featuredmedia":[{"embeddable":true,"href":"https:\/\/keweicorten.com\/es\/wp-json\/wp\/v2\/media\/1397"}],"wp:attachment":[{"href":"https:\/\/keweicorten.com\/es\/wp-json\/wp\/v2\/media?parent=1396"}],"wp:term":[{"taxonomy":"product_brand","embeddable":true,"href":"https:\/\/keweicorten.com\/es\/wp-json\/wp\/v2\/product_brand?post=1396"},{"taxonomy":"product_cat","embeddable":true,"href":"https:\/\/keweicorten.com\/es\/wp-json\/wp\/v2\/product_cat?post=1396"},{"taxonomy":"product_tag","embeddable":true,"href":"https:\/\/keweicorten.com\/es\/wp-json\/wp\/v2\/product_tag?post=1396"}],"curies":[{"name":"wp","href":"https:\/\/api.w.org\/{rel}","templated":true}]}}