{"id":1430,"date":"2024-09-25T09:03:21","date_gmt":"2024-09-25T09:03:21","guid":{"rendered":"https:\/\/keweicorten.com\/?post_type=product&#038;p=1430"},"modified":"2024-09-25T09:03:21","modified_gmt":"2024-09-25T09:03:21","slug":"chapa-de-acero-corten-laminada-en-frio-3mm-astm-a242-a588","status":"publish","type":"product","link":"https:\/\/keweicorten.com\/es\/chapa-de-acero-corten-laminada-en-frio-3mm-astm-a242-a588\/","title":{"rendered":"Chapa de Acero Corten Laminado en Fr\u00edo 3mm ASTM A242 A588"},"content":{"rendered":"<p>Las chapas de acero corten laminadas en fr\u00edo de 3 mm ASTM A242 A588, como las fabricadas con ASTM A242 o A588, son conocidas por sus propiedades de resistencia a la intemperie, que les permiten desarrollar una p\u00e1tina protectora de \u00f3xido con el paso del tiempo. Esto las hace adecuadas para aplicaciones exteriores, como fachadas arquitect\u00f3nicas, esculturas y elementos de jard\u00edn.<\/p>\n<p>Cuando busque chapa de acero corten laminada en fr\u00edo de 3 mm ASTM A242 A588, tenga en cuenta lo siguiente:<\/p>\n<ol>\n<li><strong>Espesor<\/strong>: Aseg\u00farese de que el grosor de 3 mm cumple los requisitos de su proyecto.<\/li>\n<li><strong>Acabado<\/strong>: Las chapas laminadas en fr\u00edo suelen tener un acabado liso, pero compruebe si necesita un tratamiento superficial espec\u00edfico.<\/li>\n<li><strong>Proveedor<\/strong>: Acuda a proveedores acreditados que puedan certificar la calidad del material.<\/li>\n<li><strong>Fabricaci\u00f3n<\/strong>: Si necesita formas o tama\u00f1os personalizados, confirme que el proveedor puede satisfacer sus necesidades de fabricaci\u00f3n.<\/li>\n<\/ol>\n<div class=\"list-item\"><span class=\"column\">Grado::<\/span>\u00a0<span class=\"value\">A588, Q235NH,Q335GNH,SPA-H,09CuPCrNi-A<\/span><\/div>\n<div class=\"list-item\"><span class=\"column\">Tipo::<\/span>\u00a0<span class=\"value\">Chapa de acero<\/span><\/div>\n<div class=\"list-item\"><span class=\"column\">Servicio de tramitaci\u00f3n::<\/span>\u00a0<span class=\"value\">Doblado, soldadura, desbobinado, corte, punzonado<\/span><\/div>\n<div class=\"list-item\"><span class=\"column\">Color::<\/span>\u00a0<span class=\"value\">Clientes Muestras Color<\/span><\/div>\n<div class=\"list-item\"><span class=\"column\">Nombre::<\/span>\u00a0<span class=\"value\">Placa de acero para intemperie<\/span><\/div>\n<div>\n<table border=\"1\" cellspacing=\"0\" cellpadding=\"0\">\n<tbody>\n<tr>\n<td colspan=\"2\"><strong>Especificaci\u00f3n de la chapa de acero corten<\/strong><\/td>\n<\/tr>\n<tr>\n<td>\n<p>Est\u00e1ndar<\/p>\n<p>Grado<\/td>\n<td>ASTM: Corten A; Corten B; A588Gr.A\/Gr.B\/Gr.C\/ Gr.K; A242; A606 Tipo 4; A709 Gr 50W;<br \/>\nEN10025: S235J0W; S235J2W; S355J0W; S355J2W; S355K2W; S355J0WP; S355J2WP; S355J2G1W; S355J2G2W; S355K2G1W, S355K2G2W;<br \/>\nJIS G3114: SMA400AW; SMA400BW; SMA400CW; SMA490AW; SMA490BW; SMA490CW; SMA570W; SMA570P;<br \/>\nJIS G3125: SPA-H; SPA-C;<br \/>\nGB\/T 4171: Q235NH; Q265GNH; Q310GNH; Q295NH; Q295GNH; Q355NH; Q355GNH; Q415NH; Q460NH; 1500NH; Q550NH;<br \/>\nTB\/T 1979: 09CuPCrNi-A; 09CuCrNi-B; 05CuPCrNi;<br \/>\nQ\/BQB 340: B460NQR; B490NQR; B480GNQR; B600GNQR;<\/td>\n<\/tr>\n<tr>\n<td>Espesor<\/td>\n<td>Laminado en fr\u00edo 0,5-2mm Laminado en caliente 2-300mm (2-100mm normalmente utilizado)<\/td>\n<\/tr>\n<tr>\n<td>Anchura<\/td>\n<td>1000-3000 mm (normalmente se utilizan 1000-2200 mm)<\/td>\n<\/tr>\n<tr>\n<td>Longitud<\/td>\n<td>1000-12000mm o seg\u00fan su petici\u00f3n<\/td>\n<\/tr>\n<tr>\n<td>Superficie<\/td>\n<td>Limpieza, acabado, granallado y pintura seg\u00fan los requisitos del cliente<\/td>\n<\/tr>\n<tr>\n<td>Entrega<br \/>\nEstados<\/td>\n<td>Laminado en caliente, laminado controlado, normalizado, recocido, templado,<br \/>\nEnfriamiento, N+T, Q+T y otros estados de suministro disponibles seg\u00fan las necesidades.<\/td>\n<\/tr>\n<tr>\n<td>Certificado<\/td>\n<td>API, ISO, SGS, BV, CE, etc.<\/td>\n<\/tr>\n<tr>\n<td>Calidad<\/td>\n<td>MTC se proporcionar\u00e1 con las mercanc\u00edas, la inspecci\u00f3n de tercera parte es aceptable, por ejemplo:BV,SGS.<\/td>\n<\/tr>\n<tr>\n<td>Paquete<\/td>\n<td>Paquete mar\u00edtimo de exportaci\u00f3n est\u00e1ndar, adecuado para todo tipo de transporte, o seg\u00fan se requiera.<\/td>\n<\/tr>\n<tr>\n<td rowspan=\"2\">Contenedor<br \/>\nTalla<\/td>\n<td>20ft GP:5898mm(Length)x2352mm(Width)x2393mm(High)<\/td>\n<\/tr>\n<tr>\n<td>40ft GP:12032mm(Length)x2352mm(Width)x2393mm(High)<\/td>\n<\/tr>\n<tr>\n<td>T\u00e9rmino comercial<\/td>\n<td>Ex-Work,FOB,CNF,CFR,CIF,etc<\/td>\n<\/tr>\n<\/tbody>\n<\/table>\n<figure style=\"width: 700px\" class=\"wp-caption alignnone\"><a href=\"https:\/\/keweicorten.com\/es\/contacto\/\"><img fetchpriority=\"high\" decoding=\"async\" title=\"personalizado, al por mayor, barato, en venta\" src=\"https:\/\/image.made-in-china.com\/2f0j00NtIbWYrKqUzp\/Hot-Rolling-Cold-Rolling-A588-JIS-ASTM-Weathering-Steel-Corten-High-Carbon-Wear-Steel-Plate-Sheet-Garden-Screen-Art-Corten-Steel-M2-Weather-Resistant.jpg\" alt=\"Cold Rolled Corten Steel Sheet 3mm ASTM A242 A588\/customized, wholesale, cheap, for sale\" width=\"700\" height=\"700\" \/><\/a><figcaption class=\"wp-caption-text\">personalizado, al por mayor, barato, en venta<\/figcaption><\/figure>\n<p><a href=\"https:\/\/keweicorten.com\/es\"><img decoding=\"async\" class=\"alignnone\" title=\"Laminado en fr\u00edo resistente a la intemperie Hoja de acero Corten 3mm ASTM A242 A588\" src=\"https:\/\/img.diytrade.com\/smimg\/2946788\/49611397-11931654-0\/astm_a242_a588_alloy_steel_sheet_astm_a242_corten_steel_plate\/e1e0.jpg\" alt=\"Cold Rolled Weather Resistant Corten Steel Sheet 3mm ASTM A242 A588 customized, wholesale, cheap, for sale\" width=\"699\" height=\"699\" \/><\/a><\/p>\n<\/div>","protected":false},"excerpt":{"rendered":"<div class=\"list-item\"><span class=\"column\">T\u00e9cnica::<\/span>\u00a0<span class=\"value\">Laminado en caliente<\/span><\/div>\n<div class=\"list-item\"><span class=\"column\">Tratamiento de la superficie::<\/span>\u00a0<span class=\"value\">Limpio o seg\u00fan sea necesario<\/span><\/div>\n<div class=\"list-item\"><span class=\"column\">Aplicaci\u00f3n::<\/span>\u00a0<span class=\"value\">Decoraci\u00f3n exterior, Ferrocarril, Torre<\/span><\/div>\n<div class=\"list-item\"><span class=\"column\">Anchura::<\/span>\u00a0<span class=\"value\">0,6-3 m o seg\u00fan sea necesario<\/span><\/div>\n<div class=\"list-item\"><span class=\"column\">Longitud::<\/span>\u00a0<span class=\"value\">1-12 m o seg\u00fan sus necesidades<\/span><\/div>\n<div class=\"list-item\"><span class=\"column\">Tolerancia::<\/span>\u00a0<span class=\"value\">\u00b11%<\/span><\/div>\n<div>\n<div class=\"list-item\"><span class=\"column\">Lugar de origen::<\/span>\u00a0<span class=\"value\">China<\/span><\/div>\n<div class=\"list-item\"><\/div>\n<\/div>","protected":false},"featured_media":1431,"comment_status":"open","ping_status":"closed","template":"","meta":{"_eb_attr":"","_monsterinsights_skip_tracking":false,"_monsterinsights_sitenote_active":false,"_monsterinsights_sitenote_note":"","_monsterinsights_sitenote_category":0,"_uf_show_specific_survey":0,"_uf_disable_surveys":false},"product_brand":[],"product_cat":[21],"product_tag":[],"class_list":{"0":"post-1430","1":"product","2":"type-product","3":"status-publish","4":"has-post-thumbnail","6":"product_cat-weather-resistant-steel-plate","8":"first","9":"instock","10":"shipping-taxable","11":"product-type-simple"},"_links":{"self":[{"href":"https:\/\/keweicorten.com\/es\/wp-json\/wp\/v2\/product\/1430"}],"collection":[{"href":"https:\/\/keweicorten.com\/es\/wp-json\/wp\/v2\/product"}],"about":[{"href":"https:\/\/keweicorten.com\/es\/wp-json\/wp\/v2\/types\/product"}],"replies":[{"embeddable":true,"href":"https:\/\/keweicorten.com\/es\/wp-json\/wp\/v2\/comments?post=1430"}],"version-history":[{"count":1,"href":"https:\/\/keweicorten.com\/es\/wp-json\/wp\/v2\/product\/1430\/revisions"}],"predecessor-version":[{"id":1432,"href":"https:\/\/keweicorten.com\/es\/wp-json\/wp\/v2\/product\/1430\/revisions\/1432"}],"wp:featuredmedia":[{"embeddable":true,"href":"https:\/\/keweicorten.com\/es\/wp-json\/wp\/v2\/media\/1431"}],"wp:attachment":[{"href":"https:\/\/keweicorten.com\/es\/wp-json\/wp\/v2\/media?parent=1430"}],"wp:term":[{"taxonomy":"product_brand","embeddable":true,"href":"https:\/\/keweicorten.com\/es\/wp-json\/wp\/v2\/product_brand?post=1430"},{"taxonomy":"product_cat","embeddable":true,"href":"https:\/\/keweicorten.com\/es\/wp-json\/wp\/v2\/product_cat?post=1430"},{"taxonomy":"product_tag","embeddable":true,"href":"https:\/\/keweicorten.com\/es\/wp-json\/wp\/v2\/product_tag?post=1430"}],"curies":[{"name":"wp","href":"https:\/\/api.w.org\/{rel}","templated":true}]}}