{"id":1444,"date":"2024-09-26T02:26:55","date_gmt":"2024-09-26T02:26:55","guid":{"rendered":"https:\/\/keweicorten.com\/?post_type=product&#038;p=1444"},"modified":"2024-09-26T02:26:55","modified_gmt":"2024-09-26T02:26:55","slug":"al-aire-libre-clasificacion-de-basuras-cubos-de-basura","status":"publish","type":"product","link":"https:\/\/keweicorten.com\/es\/al-aire-libre-clasificacion-de-basuras-cubos-de-basura\/","title":{"rendered":"Al aire libre Clasificaci\u00f3n de basuras Cubos de basura"},"content":{"rendered":"<p>El contenedor de basura para exteriores es un equipo de eliminaci\u00f3n de basura especialmente dise\u00f1ado para exteriores, con el objetivo de promover la clasificaci\u00f3n y el reciclaje de basura, reducir la contaminaci\u00f3n ambiental y mejorar el entorno ecol\u00f3gico urbano. Las siguientes son algunas de las aplicaciones y ventajas de los contenedores de basura al aire libre:<\/p>\n<h2>\u00a0Campo de aplicaci\u00f3n:<\/h2>\n<ul>\n<li>Parques y lugares pintorescos : Se instalan cubos de clasificaci\u00f3n de basura en lugares p\u00fablicos como parques y lugares pintorescos para facilitar a los turistas el dep\u00f3sito de la basura y mejorar la concienciaci\u00f3n sobre la clasificaci\u00f3n de la basura.<\/li>\n<li>Calles urbanas : Situadas en zonas densamente pobladas, como las calles principales y los distritos comerciales de la ciudad, para facilitar a los ciudadanos la clasificaci\u00f3n de la basura y mantener limpia la ciudad.<\/li>\n<li>Campus : Instalar cubos de basura en la escuela para educar a los alumnos a desarrollar el h\u00e1bito de clasificar la basura desde la infancia.<\/li>\n<li>Comunidad : Se instalan en zonas residenciales para animar a los residentes a participar en la clasificaci\u00f3n de basuras y mejorar la salud medioambiental de la comunidad.<\/li>\n<li>Estaciones de transporte p\u00fablico: Instaladas en estaciones de autob\u00fas, metro y otros centros de transporte para facilitar a los pasajeros la clasificaci\u00f3n y eliminaci\u00f3n de la basura.<\/li>\n<\/ul>\n<h2>Ventajas de los cubos de basura al aire libre<\/h2>\n<ul>\n<li>Protecci\u00f3n del medio ambiente y desarrollo sostenible : Fomentar el reciclaje y la reutilizaci\u00f3n de los art\u00edculos reciclables clasific\u00e1ndolos para reducir la presi\u00f3n medioambiental.<\/li>\n<li>\u00a0Sensibilizar a la poblaci\u00f3n : Dar a conocer y educar a la poblaci\u00f3n sobre la importancia de clasificar la basura y concienciarla sobre la protecci\u00f3n del medio ambiente.<\/li>\n<li>Embellecer el medio ambiente: Los cubos de basura clasificados suelen tener un dise\u00f1o bonito, lo que puede mejorar el aspecto de la ciudad y reducir el impacto de la basura en el medio ambiente.<\/li>\n<li>Reducir los costes de gesti\u00f3n : Una clasificaci\u00f3n eficaz de la basura puede reducir el coste de su eliminaci\u00f3n y mejorar su eficiencia.<\/li>\n<li>Dise\u00f1o diversificado : Los cubos de basura modernos suelen tener una variedad de colores y logotipos para facilitar al p\u00fablico la identificaci\u00f3n de las distintas categor\u00edas de basura.<\/li>\n<\/ul>\n<table class=\"table\" border=\"1\" cellspacing=\"1\" cellpadding=\"1\">\n<tbody>\n<tr>\n<td colspan=\"1\" rowspan=\"1\">\n<div class=\"magic-5\"><strong>Nombre del producto<\/strong><\/div>\n<\/td>\n<td colspan=\"1\" rowspan=\"1\">\n<div class=\"magic-7\">Cubo de basura de acero corten para uso comercial al aire libre para clasificar la basura.<\/div>\n<\/td>\n<\/tr>\n<tr>\n<td colspan=\"1\" rowspan=\"1\">\n<div class=\"magic-5\"><strong>Material<\/strong><\/div>\n<\/td>\n<td colspan=\"1\" rowspan=\"1\">\n<div class=\"magic-7\">Acero corten<\/div>\n<\/td>\n<\/tr>\n<tr>\n<td colspan=\"1\" rowspan=\"1\">\n<div class=\"magic-5\"><strong>Talla<\/strong><\/div>\n<\/td>\n<td colspan=\"1\" rowspan=\"1\">\n<div class=\"magic-7\">Apoyo personalizado<\/div>\n<\/td>\n<\/tr>\n<tr>\n<td colspan=\"1\" rowspan=\"1\">\n<div class=\"magic-5\"><strong>Espesor<\/strong><\/div>\n<\/td>\n<td colspan=\"1\" rowspan=\"1\">\n<div class=\"magic-7\">2-10 mm<\/div>\n<\/td>\n<\/tr>\n<tr>\n<td colspan=\"1\" rowspan=\"1\">\n<div class=\"magic-5\"><strong>Acabado<\/strong><\/div>\n<\/td>\n<td colspan=\"1\" rowspan=\"1\">\n<div class=\"magic-7\">Tratamiento anticorrosi\u00f3n, tratamiento de curado<\/div>\n<\/td>\n<\/tr>\n<tr>\n<td colspan=\"1\" rowspan=\"1\">\n<div class=\"magic-5\"><strong>Caracter\u00edsticas<\/strong><\/div>\n<\/td>\n<td colspan=\"1\" rowspan=\"1\">\n<div class=\"magic-7\">Antiherrumbre, impermeable<\/div>\n<\/td>\n<\/tr>\n<tr>\n<td colspan=\"1\" rowspan=\"1\">\n<div class=\"magic-5\"><strong>Utilizaci\u00f3n<\/strong><\/div>\n<\/td>\n<td colspan=\"1\" rowspan=\"1\">\n<div class=\"magic-7\">Calle\/parque\/jard\u00edn\/exterior\/comercial\/zona p\u00fablica<\/div>\n<\/td>\n<\/tr>\n<tr>\n<td colspan=\"1\" rowspan=\"1\">\n<div class=\"magic-5\"><strong>Plazo de pago<\/strong><\/div>\n<\/td>\n<td colspan=\"1\" rowspan=\"1\">\n<div class=\"magic-7\">T\/T, L\/C, Western Union, Money gram<\/div>\n<\/td>\n<\/tr>\n<\/tbody>\n<\/table>\n<figure style=\"width: 579px\" class=\"wp-caption alignnone\"><a href=\"https:\/\/keweicorten.com\/es\"><img fetchpriority=\"high\" decoding=\"async\" title=\"Al aire libre Clasificaci\u00f3n de basuras Cubos de basura\" src=\"https:\/\/www.keweistove.com\/uploads\/39684\/products\/20240412101431acc66.png?size=523x0\" alt=\"Al aire libre de clasificaci\u00f3n de basura cubos de basura-F\u00e1brica, china, precio, fabricantes, proveedores, modificado para requisitos particulares, venta por mayor, barato, para la venta, en stock.\" width=\"579\" height=\"581\" \/><\/a><figcaption class=\"wp-caption-text\">Al aire libre Clasificaci\u00f3n de basuras Cubos de basura<\/figcaption><\/figure>","protected":false},"excerpt":{"rendered":"<p>Los contenedores de basura al aire libre desempe\u00f1an un papel importante en la gesti\u00f3n urbana, la protecci\u00f3n del medio ambiente y la educaci\u00f3n p\u00fablica. Mediante una configuraci\u00f3n y un uso razonables, no s\u00f3lo mejoran la eficacia de la clasificaci\u00f3n de basuras, sino que tambi\u00e9n se convierten en un importante s\u00edmbolo de la civilizaci\u00f3n urbana y la protecci\u00f3n del medio ambiente.<\/p>","protected":false},"featured_media":1445,"comment_status":"open","ping_status":"closed","template":"","meta":{"_eb_attr":"","_monsterinsights_skip_tracking":false,"_monsterinsights_sitenote_active":false,"_monsterinsights_sitenote_note":"","_monsterinsights_sitenote_category":0,"_uf_show_specific_survey":0,"_uf_disable_surveys":false},"product_brand":[],"product_cat":[23],"product_tag":[],"class_list":{"0":"post-1444","1":"product","2":"type-product","3":"status-publish","4":"has-post-thumbnail","6":"product_cat-patio-furniture","8":"first","9":"instock","10":"shipping-taxable","11":"product-type-simple"},"_links":{"self":[{"href":"https:\/\/keweicorten.com\/es\/wp-json\/wp\/v2\/product\/1444"}],"collection":[{"href":"https:\/\/keweicorten.com\/es\/wp-json\/wp\/v2\/product"}],"about":[{"href":"https:\/\/keweicorten.com\/es\/wp-json\/wp\/v2\/types\/product"}],"replies":[{"embeddable":true,"href":"https:\/\/keweicorten.com\/es\/wp-json\/wp\/v2\/comments?post=1444"}],"version-history":[{"count":1,"href":"https:\/\/keweicorten.com\/es\/wp-json\/wp\/v2\/product\/1444\/revisions"}],"predecessor-version":[{"id":1449,"href":"https:\/\/keweicorten.com\/es\/wp-json\/wp\/v2\/product\/1444\/revisions\/1449"}],"wp:featuredmedia":[{"embeddable":true,"href":"https:\/\/keweicorten.com\/es\/wp-json\/wp\/v2\/media\/1445"}],"wp:attachment":[{"href":"https:\/\/keweicorten.com\/es\/wp-json\/wp\/v2\/media?parent=1444"}],"wp:term":[{"taxonomy":"product_brand","embeddable":true,"href":"https:\/\/keweicorten.com\/es\/wp-json\/wp\/v2\/product_brand?post=1444"},{"taxonomy":"product_cat","embeddable":true,"href":"https:\/\/keweicorten.com\/es\/wp-json\/wp\/v2\/product_cat?post=1444"},{"taxonomy":"product_tag","embeddable":true,"href":"https:\/\/keweicorten.com\/es\/wp-json\/wp\/v2\/product_tag?post=1444"}],"curies":[{"name":"wp","href":"https:\/\/api.w.org\/{rel}","templated":true}]}}