{"id":1450,"date":"2024-09-26T02:48:17","date_gmt":"2024-09-26T02:48:17","guid":{"rendered":"https:\/\/keweicorten.com\/?post_type=product&#038;p=1450"},"modified":"2025-01-15T06:22:41","modified_gmt":"2025-01-15T06:22:41","slug":"papeleras-de-acero-corten","status":"publish","type":"product","link":"https:\/\/keweicorten.com\/es\/papeleras-de-acero-corten\/","title":{"rendered":"Papeleras de acero corten"},"content":{"rendered":"<p>Durabilidad: El acero resistente a la intemperie tiene una excelente resistencia a la corrosi\u00f3n y al desgaste, que puede soportar diversas inclemencias meteorol\u00f3gicas y prolongar la vida \u00fatil.<\/p>\n<p>Est\u00e9tica: El color de \u00f3xido y la textura \u00fanicos del acero de intemperie pueden integrarse armoniosamente con el entorno natural para a\u00f1adir belleza.<\/p>\n<p>Mantenimiento sencillo: El acero resistente a la intemperie es m\u00e1s f\u00e1cil de limpiar que otros materiales, lo que reduce los costes de mantenimiento.<\/p>\n<p>Protecci\u00f3n del medio ambiente: El acero resistente a la intemperie puede reciclarse, en consonancia con los requisitos del desarrollo sostenible.<\/p>\n<p>Estabilidad: La naturaleza pesada del acero de intemperie hace que el cubo de basura no se desplace f\u00e1cilmente con vientos fuertes o mal tiempo.<\/p>\n<p>Resistencia al fuego: El acero de intemperie tiene una buena resistencia al fuego y es adecuado para diversos entornos.<\/p>\n<p>La papelera de acero corten es un producto duradero de alta calidad que se utiliza ampliamente en lugares p\u00fablicos y en el hogar. Tiene excelentes propiedades como la prevenci\u00f3n de la oxidaci\u00f3n, la prevenci\u00f3n de la corrosi\u00f3n, la protecci\u00f3n contra el viento y la protecci\u00f3n solar, que pueden resistir eficazmente la erosi\u00f3n de diversos factores externos y mantener la apariencia y el efecto de uso durante mucho tiempo. Adem\u00e1s, este cubo de basura tambi\u00e9n tiene una gran capacidad, f\u00e1cil de usar, instalaci\u00f3n sencilla.<\/p>\n<table class=\"hight-light-first-column all magic-4\">\n<tbody>\n<tr>\n<td colspan=\"1\" rowspan=\"1\">\n<div class=\"magic-5\"><span class=\"magic-6\">Nombre del producto<\/span><\/div>\n<\/td>\n<td colspan=\"1\" rowspan=\"1\">\n<div class=\"magic-7\" data-spm-anchor-id=\"a2700.details.0.i40.36d855992VT0SR\"><span class=\"magic-8\">Cubo de basura de acero corten para uso comercial al aire libre para clasificar la basura.<\/span><\/div>\n<\/td>\n<\/tr>\n<tr>\n<td colspan=\"1\" rowspan=\"1\">\n<div class=\"magic-5\"><span class=\"magic-6\">Material<\/span><\/div>\n<\/td>\n<td colspan=\"1\" rowspan=\"1\">\n<div class=\"magic-7\"><span class=\"magic-8\">Acero corten<\/span><\/div>\n<\/td>\n<\/tr>\n<tr>\n<td colspan=\"1\" rowspan=\"1\">\n<div class=\"magic-5\"><span class=\"magic-6\">Talla<\/span><\/div>\n<\/td>\n<td colspan=\"1\" rowspan=\"1\">\n<div class=\"magic-7\"><span class=\"magic-8\">Apoyo personalizado<\/span><\/div>\n<\/td>\n<\/tr>\n<tr>\n<td colspan=\"1\" rowspan=\"1\">\n<div class=\"magic-5\"><span class=\"magic-6\">Espesor<\/span><\/div>\n<\/td>\n<td colspan=\"1\" rowspan=\"1\">\n<div class=\"magic-7\"><span class=\"magic-8\">2-10 mm<\/span><\/div>\n<\/td>\n<\/tr>\n<tr>\n<td colspan=\"1\" rowspan=\"1\">\n<div class=\"magic-5\"><span class=\"magic-6\">Acabado<\/span><\/div>\n<\/td>\n<td colspan=\"1\" rowspan=\"1\">\n<div class=\"magic-7\" data-spm-anchor-id=\"a2700.details.0.i39.36d855992VT0SR\"><span class=\"magic-8\">Tratamiento anticorrosi\u00f3n, tratamiento de curado<\/span><\/div>\n<\/td>\n<\/tr>\n<tr>\n<td colspan=\"1\" rowspan=\"1\">\n<div class=\"magic-5\"><span class=\"magic-6\">Caracter\u00edsticas<\/span><\/div>\n<\/td>\n<td colspan=\"1\" rowspan=\"1\">\n<div class=\"magic-7\"><span class=\"magic-8\">Antiherrumbre, impermeable<\/span><\/div>\n<\/td>\n<\/tr>\n<tr>\n<td colspan=\"1\" rowspan=\"1\">\n<div class=\"magic-5\"><span class=\"magic-6\">Certificado<\/span><\/div>\n<\/td>\n<td colspan=\"1\" rowspan=\"1\">\n<div class=\"magic-7\"><span class=\"magic-8\">SGS\/TUV Rheinland\/ISO9001\/ISO14001\/OHSAS18001<\/span><\/div>\n<\/td>\n<\/tr>\n<tr>\n<td colspan=\"1\" rowspan=\"1\">\n<div class=\"magic-5\"><span class=\"magic-6\">Utilizaci\u00f3n<\/span><\/div>\n<\/td>\n<td colspan=\"1\" rowspan=\"1\">\n<div class=\"magic-7\"><span class=\"magic-8\">Calle\/parque\/jard\u00edn\/exterior\/comercial\/zona p\u00fablica<\/span><\/div>\n<\/td>\n<\/tr>\n<tr>\n<td colspan=\"1\" rowspan=\"1\">\n<div class=\"magic-5\"><span class=\"magic-6\">Plazo de pago<\/span><\/div>\n<\/td>\n<td colspan=\"1\" rowspan=\"1\">\n<div class=\"magic-7\"><span class=\"magic-8\">T\/T, L\/C, Western Union, Money gram<\/span><\/div>\n<\/td>\n<\/tr>\n<\/tbody>\n<\/table>\n<div><\/div>\n<div>Instalaciones p\u00fablicas: Se utilizan en lugares p\u00fablicos como parques, plazas y calles peatonales, proporcionando una c\u00f3moda recogida de basuras.<br \/>\nEspacios comerciales: Zonas al aire libre de restaurantes, cafeter\u00edas y otros lugares que son a la vez pr\u00e1cticas y realzan el ambiente.<br \/>\nZona residencial: Zona com\u00fan o jard\u00edn de una zona residencial que es a la vez bonita y c\u00f3moda de usar para los residentes.<\/div>\n<figure style=\"width: 700px\" class=\"wp-caption alignnone\"><a href=\"https:\/\/keweicorten.com\/es\"><img fetchpriority=\"high\" decoding=\"async\" title=\"Papeleras met\u00e1licas de acero corten\" src=\"https:\/\/sc04.alicdn.com\/kf\/H1e127c663dd74393b4f53f9ea41248ebz\/230822811\/H1e127c663dd74393b4f53f9ea41248ebz.jpg\" alt=\" Corten Steel Metal Litter Bins-fabricantes, proveedores, modificado para requisitos particulares, al por mayor, barato, para la venta, en stock.shkw\" width=\"700\" height=\"700\" \/><\/a><figcaption class=\"wp-caption-text\">Papeleras met\u00e1licas de acero corten<\/figcaption><\/figure>\n<figure style=\"width: 698px\" class=\"wp-caption alignnone\"><a href=\"https:\/\/keweicorten.com\/es\/productos\/\"><img decoding=\"async\" title=\" Basura de acero corten\" src=\"https:\/\/sc04.alicdn.com\/kf\/Hea8fb4330e9346b19fb3e3f3067b143ee\/230822811\/Hea8fb4330e9346b19fb3e3f3067b143ee.jpg\" alt=\" Acero Corten Basuras fabricantes, proveedores, modificado para requisitos particulares, al por mayor, barato, para la venta, en stock.-shkw\" width=\"698\" height=\"698\" \/><\/a><figcaption class=\"wp-caption-text\">Basura de acero corten<\/figcaption><\/figure>\n<p>La papelera Corten destaca por su dise\u00f1o rectangular. Con un marco exterior de COR-TEN de 6 mm para una est\u00e9tica \u00fanica y un contenedor interior de acero galvanizado con capacidad para 110 litros de residuos.<\/p>","protected":false},"excerpt":{"rendered":"<p>La papelera de alta calidad con cenicero integrado se caracteriza por su gran funcionalidad y f\u00e1cil manejo. Vaciar el cenicero es r\u00e1pido y sencillo: basta con abrir la tapa situada debajo del cenicero para que las cenizas caigan directamente en el recept\u00e1culo de residuos.<\/p>","protected":false},"featured_media":1452,"comment_status":"open","ping_status":"closed","template":"","meta":{"_eb_attr":"","_monsterinsights_skip_tracking":false,"_monsterinsights_sitenote_active":false,"_monsterinsights_sitenote_note":"","_monsterinsights_sitenote_category":0,"_uf_show_specific_survey":0,"_uf_disable_surveys":false},"product_brand":[],"product_cat":[23],"product_tag":[],"class_list":{"0":"post-1450","1":"product","2":"type-product","3":"status-publish","4":"has-post-thumbnail","6":"product_cat-patio-furniture","8":"first","9":"instock","10":"shipping-taxable","11":"product-type-simple"},"_links":{"self":[{"href":"https:\/\/keweicorten.com\/es\/wp-json\/wp\/v2\/product\/1450"}],"collection":[{"href":"https:\/\/keweicorten.com\/es\/wp-json\/wp\/v2\/product"}],"about":[{"href":"https:\/\/keweicorten.com\/es\/wp-json\/wp\/v2\/types\/product"}],"replies":[{"embeddable":true,"href":"https:\/\/keweicorten.com\/es\/wp-json\/wp\/v2\/comments?post=1450"}],"version-history":[{"count":1,"href":"https:\/\/keweicorten.com\/es\/wp-json\/wp\/v2\/product\/1450\/revisions"}],"predecessor-version":[{"id":1453,"href":"https:\/\/keweicorten.com\/es\/wp-json\/wp\/v2\/product\/1450\/revisions\/1453"}],"wp:featuredmedia":[{"embeddable":true,"href":"https:\/\/keweicorten.com\/es\/wp-json\/wp\/v2\/media\/1452"}],"wp:attachment":[{"href":"https:\/\/keweicorten.com\/es\/wp-json\/wp\/v2\/media?parent=1450"}],"wp:term":[{"taxonomy":"product_brand","embeddable":true,"href":"https:\/\/keweicorten.com\/es\/wp-json\/wp\/v2\/product_brand?post=1450"},{"taxonomy":"product_cat","embeddable":true,"href":"https:\/\/keweicorten.com\/es\/wp-json\/wp\/v2\/product_cat?post=1450"},{"taxonomy":"product_tag","embeddable":true,"href":"https:\/\/keweicorten.com\/es\/wp-json\/wp\/v2\/product_tag?post=1450"}],"curies":[{"name":"wp","href":"https:\/\/api.w.org\/{rel}","templated":true}]}}