{"id":1495,"date":"2024-09-26T06:37:55","date_gmt":"2024-09-26T06:37:55","guid":{"rendered":"https:\/\/keweicorten.com\/?post_type=product&#038;p=1495"},"modified":"2025-01-15T06:22:32","modified_gmt":"2025-01-15T06:22:32","slug":"barbacoa-de-acero-inoxidable","status":"publish","type":"product","link":"https:\/\/keweicorten.com\/es\/barbacoa-de-acero-inoxidable\/","title":{"rendered":"Set de barbacoa de acero inoxidable"},"content":{"rendered":"<p>Un juego de barbacoa de acero inoxidable es imprescindible para cualquier maestro de la parrilla. Es resistente, duradero y f\u00e1cil de limpiar. No tiene que preocuparse por el \u00f3xido o la corrosi\u00f3n, lo que significa que sus herramientas siempre se ver\u00e1n como nuevas, incluso despu\u00e9s de muchos usos.<\/p>\n<p>Este set de barbacoa de acero inoxidable incluye todos los utensilios que necesita para que su barbacoa sea un \u00e9xito. Tendr\u00e1s una esp\u00e1tula, pinzas, un tenedor, un pincel para hilvanar, un cepillo para la parrilla y mucho m\u00e1s, todo fabricado con acero inoxidable de alta calidad.<\/p>\n<p>Estas herramientas est\u00e1n dise\u00f1adas para que el proceso de asado sea m\u00e1s fluido y eficaz. Con las herramientas adecuadas, podr\u00e1 dar la vuelta a hamburguesas, salchichas y adobos con facilidad. Adem\u00e1s, los mangos resistentes al calor garantizan que no se queme mientras trabaja en la parrilla.<\/p>\n<table border=\"0\">\n<tbody>\n<tr>\n<td colspan=\"2\">pinzas bbq, tenedor bbq, pinzas para asar, pinzas para barbacoa, rascadores para parrilla<\/td>\n<\/tr>\n<tr>\n<td>\u00a0<a href=\"https:\/\/keweicorten.com\/es\/productos\/\"><img fetchpriority=\"high\" decoding=\"async\" class=\"alignnone\" title=\"parrilla barbacoa\" src=\"https:\/\/sc04.alicdn.com\/kf\/H7855c4c7327146229cdf50da73b79143i\/206073447\/H7855c4c7327146229cdf50da73b79143i.jpg\" alt=\"Accesorios para parrillas F\u00e1brica,china,precio\" width=\"400\" height=\"400\" data-src=\"\/\/sc04.alicdn.com\/kf\/H7855c4c7327146229cdf50da73b79143i\/206073447\/H7855c4c7327146229cdf50da73b79143i.jpg\" data-width=\"400\" data-height=\"400\" \/><\/a><\/td>\n<td>\n<table border=\"1\">\n<tbody>\n<tr>\n<td>\u00a0Material<\/td>\n<td>\u00a0Asa SS420 + SS410<\/td>\n<\/tr>\n<tr>\n<td>\u00a0Talla<\/td>\n<td>\u00a040*15*5cm<\/td>\n<\/tr>\n<tr>\n<td>\u00a0Acabado<\/td>\n<td>\u00a0Cepillo\/Pulido\/Recubrimiento\/Personalizado<\/td>\n<\/tr>\n<tr>\n<td>\u00a0Funci\u00f3n<\/td>\n<td>\u00a0Utensilios de barbacoa con bolsa de tela oxford<\/td>\n<\/tr>\n<tr>\n<td>\u00a0Logotipo<\/td>\n<td>\u00a0BMA \/ none \/ Logotipo del cliente<\/td>\n<\/tr>\n<tr>\n<td>\u00a0Env\u00edo<\/td>\n<td>\u00a0DHL, TNT, UPS, FEDEX, EMS<\/td>\n<\/tr>\n<tr>\n<td>\u00a0Entrega<\/td>\n<td>\u00a07-30 d\u00edas en funci\u00f3n de la cantidad<\/td>\n<\/tr>\n<\/tbody>\n<\/table>\n<\/td>\n<\/tr>\n<\/tbody>\n<\/table>\n<p><a href=\"https:\/\/keweicorten.com\/es\/contacto\/\"><img decoding=\"async\" class=\"alignnone\" title=\"Accesorios para parrillas \" src=\"https:\/\/s.alicdn.com\/@sc04\/kf\/Haadfa9ae644e49dba1d39883ab9aa4eeZ.jpg_720x720q50.jpg\" alt=\"Grill Accesorios al por mayor, barato, para la venta, en stock.\" width=\"599\" height=\"599\" \/><\/a><\/p>\n<p><a href=\"https:\/\/keweicorten.com\/es\/contacto\/\"><img decoding=\"async\" class=\"alignnone\" title=\"Accesorios para parrillas \" src=\"https:\/\/sc04.alicdn.com\/kf\/H5aab0d25d3ea485eb5379bf84249bef0t\/22449\/H5aab0d25d3ea485eb5379bf84249bef0t.jpg\" alt=\"Parrilla Accesorios F\u00e1brica, china, precio, fabricantes, proveedores, modificado para requisitos particulares, venta por mayor, barato, para la venta, en stock.\" width=\"600\" height=\"495\" \/><\/a><\/p>","protected":false},"excerpt":{"rendered":"<p>Un juego de barbacoa de acero inoxidable es una gran inversi\u00f3n para cualquier entusiasta de las barbacoas. No s\u00f3lo le facilitar\u00e1 el proceso de asado, sino que tambi\u00e9n le durar\u00e1 muchos a\u00f1os. As\u00ed que, si quiere llevar su juego de barbacoa al siguiente nivel, \u00a1considere la posibilidad de adquirir un juego de barbacoa de acero inoxidable hoy mismo!<\/p>","protected":false},"featured_media":1496,"comment_status":"open","ping_status":"closed","template":"","meta":{"_eb_attr":"","_monsterinsights_skip_tracking":false,"_monsterinsights_sitenote_active":false,"_monsterinsights_sitenote_note":"","_monsterinsights_sitenote_category":0,"_uf_show_specific_survey":0,"_uf_disable_surveys":false},"product_brand":[],"product_cat":[49],"product_tag":[],"class_list":{"0":"post-1495","1":"product","2":"type-product","3":"status-publish","4":"has-post-thumbnail","6":"product_cat-bbq-accessories","8":"first","9":"instock","10":"shipping-taxable","11":"product-type-simple"},"_links":{"self":[{"href":"https:\/\/keweicorten.com\/es\/wp-json\/wp\/v2\/product\/1495"}],"collection":[{"href":"https:\/\/keweicorten.com\/es\/wp-json\/wp\/v2\/product"}],"about":[{"href":"https:\/\/keweicorten.com\/es\/wp-json\/wp\/v2\/types\/product"}],"replies":[{"embeddable":true,"href":"https:\/\/keweicorten.com\/es\/wp-json\/wp\/v2\/comments?post=1495"}],"version-history":[{"count":1,"href":"https:\/\/keweicorten.com\/es\/wp-json\/wp\/v2\/product\/1495\/revisions"}],"predecessor-version":[{"id":1497,"href":"https:\/\/keweicorten.com\/es\/wp-json\/wp\/v2\/product\/1495\/revisions\/1497"}],"wp:featuredmedia":[{"embeddable":true,"href":"https:\/\/keweicorten.com\/es\/wp-json\/wp\/v2\/media\/1496"}],"wp:attachment":[{"href":"https:\/\/keweicorten.com\/es\/wp-json\/wp\/v2\/media?parent=1495"}],"wp:term":[{"taxonomy":"product_brand","embeddable":true,"href":"https:\/\/keweicorten.com\/es\/wp-json\/wp\/v2\/product_brand?post=1495"},{"taxonomy":"product_cat","embeddable":true,"href":"https:\/\/keweicorten.com\/es\/wp-json\/wp\/v2\/product_cat?post=1495"},{"taxonomy":"product_tag","embeddable":true,"href":"https:\/\/keweicorten.com\/es\/wp-json\/wp\/v2\/product_tag?post=1495"}],"curies":[{"name":"wp","href":"https:\/\/api.w.org\/{rel}","templated":true}]}}