{"id":1498,"date":"2024-09-26T06:43:43","date_gmt":"2024-09-26T06:43:43","guid":{"rendered":"https:\/\/keweicorten.com\/?post_type=product&#038;p=1498"},"modified":"2025-01-15T06:22:26","modified_gmt":"2025-01-15T06:22:26","slug":"juego-de-utensilios-para-barbacoa","status":"publish","type":"product","link":"https:\/\/keweicorten.com\/es\/juego-de-utensilios-para-barbacoa\/","title":{"rendered":"Set de utensilios para barbacoa"},"content":{"rendered":"<p>Un juego de utensilios para barbacoa es esencial para cualquier aficionado a la parrilla, ya que proporciona las herramientas necesarias para preparar, cocinar y servir deliciosos platos a la parrilla. He aqu\u00ed una lista de los art\u00edculos m\u00e1s comunes que puede encontrar en un juego de utensilios para barbacoa, junto con sus funciones:<\/p>\n<p>Art\u00edculos comunes en un juego de utensilios para barbacoa<\/p>\n<p>Esp\u00e1tula para parrilla:<br \/>\n- Mango largo para alcanzar las parrillas calientes.<br \/>\n- Superficie plana para voltear f\u00e1cilmente hamburguesas, pescado y verduras.<\/p>\n<p>Pinzas para asar:<br \/>\n- Pinzas largas y resistentes con un buen agarre para dar la vuelta a la carne y las verduras sin perforarlas.<br \/>\n- A menudo dise\u00f1ados para soportar altas temperaturas.<\/p>\n<p>Tenedor de barbacoa:<br \/>\n- Se utiliza para perforar la carne y comprobar si est\u00e1 en su punto.<br \/>\n- Ideal para manipular cortes de carne m\u00e1s grandes.<\/p>\n<p>Pincel para hilvanar:<br \/>\n- Para aplicar adobos, salsas o aceites a carnes o verduras mientras se asan.<br \/>\n- Puede ser de silicona o de cerdas naturales.<\/p>\n<p>Cepillo de parrilla:<br \/>\n- Para limpiar las rejillas antes y despu\u00e9s de asar.<br \/>\n- Ayuda a eliminar residuos y evita que se pegue.<\/p>\n<p>Term\u00f3metro para carne:<br \/>\n- Garantiza que los alimentos se cocinen a la temperatura interna adecuada.<br \/>\n- Pueden ser digitales o anal\u00f3gicas, y algunas tienen capacidad de lectura instant\u00e1nea.<\/p>\n<p>Parrilla Mat:<br \/>\n- Protege la superficie de la parrilla y facilita la limpieza.<br \/>\n- Algunas alfombrillas est\u00e1n dise\u00f1adas para soportar altas temperaturas.<\/p>\n<p>Pinchos:<br \/>\n- Palillos de metal o bamb\u00fa para hacer brochetas y asar trozos m\u00e1s peque\u00f1os de comida.<br \/>\n- Para una cocci\u00f3n uniforme y f\u00e1cil de voltear.<\/p>\n<p>Guantes de parrilla:<br \/>\n- Guantes resistentes al calor para proteger las manos al manipular piezas calientes de la parrilla o alimentos.<br \/>\n- Mayor agarre y flexibilidad para un mejor manejo.<\/p>\n<p>Soportes para mazorcas de ma\u00edz:<br \/>\n- Tenedores peque\u00f1os para sujetar el ma\u00edz mientras se asa o se come.<br \/>\n- Proporciona estabilidad y seguridad.<\/p>\n<p><a href=\"https:\/\/keweicorten.com\/es\/productos\/\"><img fetchpriority=\"high\" decoding=\"async\" class=\"alignnone\" title=\"Juego de accesorios para barbacoa\" src=\"https:\/\/s.alicdn.com\/@sc04\/kf\/Hdadd98b9612e497293d68a0e6860200aK.jpg_720x720q50.jpg\" alt=\"Barbacoa Accesorios Kit Set al por mayor, barato, para la venta, en stock\" width=\"700\" height=\"700\" \/><\/a><\/p>\n<p><a href=\"https:\/\/keweicorten.com\/es\"><img decoding=\"async\" class=\"alignleft\" title=\"Juego de accesorios para barbacoa\" src=\"https:\/\/sc04.alicdn.com\/kf\/H4683041e81aa425396b354a4ed5ed920M\/276398393\/H4683041e81aa425396b354a4ed5ed920M.jpg\" alt=\"Barbacoa Accesorios Kit Set F\u00e1brica,china,precio,fabricantes,proveedores\" width=\"700\" height=\"1206\" \/><\/a><\/p>","protected":false},"excerpt":{"rendered":"<p>Tanto si es un principiante como un asador experimentado, disponer de las herramientas adecuadas puede mejorar significativamente su experiencia de asado.<\/p>","protected":false},"featured_media":1499,"comment_status":"open","ping_status":"closed","template":"","meta":{"_eb_attr":"","_monsterinsights_skip_tracking":false,"_monsterinsights_sitenote_active":false,"_monsterinsights_sitenote_note":"","_monsterinsights_sitenote_category":0,"_uf_show_specific_survey":0,"_uf_disable_surveys":false},"product_brand":[],"product_cat":[49],"product_tag":[],"class_list":{"0":"post-1498","1":"product","2":"type-product","3":"status-publish","4":"has-post-thumbnail","6":"product_cat-bbq-accessories","8":"first","9":"instock","10":"shipping-taxable","11":"product-type-simple"},"_links":{"self":[{"href":"https:\/\/keweicorten.com\/es\/wp-json\/wp\/v2\/product\/1498"}],"collection":[{"href":"https:\/\/keweicorten.com\/es\/wp-json\/wp\/v2\/product"}],"about":[{"href":"https:\/\/keweicorten.com\/es\/wp-json\/wp\/v2\/types\/product"}],"replies":[{"embeddable":true,"href":"https:\/\/keweicorten.com\/es\/wp-json\/wp\/v2\/comments?post=1498"}],"version-history":[{"count":2,"href":"https:\/\/keweicorten.com\/es\/wp-json\/wp\/v2\/product\/1498\/revisions"}],"predecessor-version":[{"id":1501,"href":"https:\/\/keweicorten.com\/es\/wp-json\/wp\/v2\/product\/1498\/revisions\/1501"}],"wp:featuredmedia":[{"embeddable":true,"href":"https:\/\/keweicorten.com\/es\/wp-json\/wp\/v2\/media\/1499"}],"wp:attachment":[{"href":"https:\/\/keweicorten.com\/es\/wp-json\/wp\/v2\/media?parent=1498"}],"wp:term":[{"taxonomy":"product_brand","embeddable":true,"href":"https:\/\/keweicorten.com\/es\/wp-json\/wp\/v2\/product_brand?post=1498"},{"taxonomy":"product_cat","embeddable":true,"href":"https:\/\/keweicorten.com\/es\/wp-json\/wp\/v2\/product_cat?post=1498"},{"taxonomy":"product_tag","embeddable":true,"href":"https:\/\/keweicorten.com\/es\/wp-json\/wp\/v2\/product_tag?post=1498"}],"curies":[{"name":"wp","href":"https:\/\/api.w.org\/{rel}","templated":true}]}}