{"id":1502,"date":"2024-09-26T06:55:57","date_gmt":"2024-09-26T06:55:57","guid":{"rendered":"https:\/\/keweicorten.com\/?post_type=product&#038;p=1502"},"modified":"2025-01-15T06:22:19","modified_gmt":"2025-01-15T06:22:19","slug":"utensilios-para-barbacoa-accesorios-para-barbacoa","status":"publish","type":"product","link":"https:\/\/keweicorten.com\/es\/utensilios-para-barbacoa-accesorios-para-barbacoa\/","title":{"rendered":"Barbacoa Herramientas Accesorios Barbacoa"},"content":{"rendered":"<p>Los utensilios para barbacoa Accesorios para barbacoa son un equipo esencial para cualquier persona a la que le guste asar deliciosa comida al aire libre. Si est\u00e1 planeando celebrar una gran fiesta de barbacoa con sus amigos y familiares, necesita tener el juego de utensilios de barbacoa adecuado que pueda ayudarle a cocinar y servir su comida con facilidad.<\/p>\n<p>Accesorios opcionales<\/p>\n<ul>\n<li>Cesta grill: Ideal para asar verduras peque\u00f1as o alimentos fr\u00e1giles como el pescado.<\/li>\n<li>Piedra para pizza: Para asar pizzas y conseguir una corteza crujiente.<\/li>\n<li>Inyector de alimentos: Para marinar carnes inyectando sabores directamente en la carne.<\/li>\n<li>Bandeja para especias y condimentos: Permite guardar salsas, especias y adobos para acceder a ellos f\u00e1cilmente mientras se asa.<\/li>\n<\/ul>\n<p>Consideraciones a la hora de comprar un juego de utensilios para barbacoa<\/p>\n<ul>\n<li>Material: Busque acero inoxidable para mayor durabilidad y resistencia al calor. Los mangos de madera tambi\u00e9n pueden proporcionar un buen agarre, pero pueden requerir m\u00e1s cuidado.<\/li>\n<li>Almacenamiento: Algunos juegos vienen con una bolsa de transporte para facilitar su transporte y almacenamiento.<\/li>\n<li>Ergonom\u00eda: Unas asas c\u00f3modas y unas herramientas bien dise\u00f1adas pueden marcar la diferencia durante largas sesiones de asado.<\/li>\n<li>N\u00famero de piezas: Dependiendo de sus h\u00e1bitos de asado, considere cu\u00e1ntas herramientas necesita.<\/li>\n<\/ul>\n<table class=\"all magic-3\">\n<tbody>\n<tr>\n<td colspan=\"1\" rowspan=\"1\">\n<div class=\"magic-4\" data-spm-anchor-id=\"a2700.details.0.i37.6b594a004vlN25\">Marca<\/div>\n<\/td>\n<td colspan=\"1\" rowspan=\"1\">\n<div class=\"magic-5\">SHKW<\/div>\n<\/td>\n<td colspan=\"1\" rowspan=\"1\">\n<div class=\"magic-4\">Certificaci\u00f3n<\/div>\n<\/td>\n<td colspan=\"1\" rowspan=\"1\">\n<div class=\"magic-6\">LFGB, CE, SGS, BSCI,ISO9001:2015<\/div>\n<\/td>\n<\/tr>\n<tr>\n<td colspan=\"1\" rowspan=\"1\">\n<div class=\"magic-4\">OEM<\/div>\n<\/td>\n<td colspan=\"1\" rowspan=\"1\">\n<div class=\"magic-5\">Disponible<\/div>\n<\/td>\n<td colspan=\"1\" rowspan=\"1\">\n<div class=\"magic-4\">Paquete<\/div>\n<\/td>\n<td colspan=\"1\" rowspan=\"1\">\n<div class=\"magic-6\">como usted solicit\u00f3<\/div>\n<\/td>\n<\/tr>\n<tr>\n<td colspan=\"1\" rowspan=\"1\">\n<div class=\"magic-4\">ODM<\/div>\n<\/td>\n<td colspan=\"1\" rowspan=\"1\">\n<div class=\"magic-5\">Disponible<\/div>\n<\/td>\n<td colspan=\"1\" rowspan=\"1\">\n<div class=\"magic-4\">Servicio de muestras<\/div>\n<\/td>\n<td colspan=\"1\" rowspan=\"1\">\n<div class=\"magic-6\">Disponible en 5 d\u00edas<\/div>\n<\/td>\n<\/tr>\n<tr>\n<td colspan=\"1\" rowspan=\"1\">\n<div class=\"magic-4\">MOQ<\/div>\n<\/td>\n<td colspan=\"1\" rowspan=\"1\">\n<div class=\"magic-5\">500 juegos<\/div>\n<\/td>\n<td colspan=\"1\" rowspan=\"1\">\n<div class=\"magic-4\">Logotipo<\/div>\n<\/td>\n<td colspan=\"1\" rowspan=\"1\">\n<div class=\"magic-6\">Grabado l\u00e1ser personalizado<\/div>\n<\/td>\n<\/tr>\n<tr>\n<td colspan=\"1\" rowspan=\"1\">\n<div class=\"magic-4\">Forma de pago<\/div>\n<\/td>\n<td colspan=\"1\" rowspan=\"1\">\n<div class=\"magic-5\">Garant\u00eda comercial, T\/T, PayPal, L\/C<\/div>\n<\/td>\n<td colspan=\"1\" rowspan=\"1\">\n<div class=\"magic-4\">Plazo de entrega<\/div>\n<\/td>\n<td colspan=\"1\" rowspan=\"1\">\n<div class=\"magic-6\">30-40 d\u00edas para la producci\u00f3n a granel<\/div>\n<\/td>\n<\/tr>\n<\/tbody>\n<\/table>\n<p>&nbsp;<\/p>\n<p><a href=\"https:\/\/keweicorten.com\/es\/contacto\/\"><img fetchpriority=\"high\" decoding=\"async\" class=\"alignnone\" title=\"Asador\" src=\"https:\/\/sc04.alicdn.com\/kf\/H9b17e89c59f247e6beb1bcc143827a07d\/272223269\/H9b17e89c59f247e6beb1bcc143827a07d.jpg\" alt=\"Barbecue Tool al por mayor, barato, para la venta, en stock.\" width=\"700\" height=\"700\" \/><\/a><\/p>\n<p><img decoding=\"async\" class=\"alignnone\" title=\"Asador\" src=\"https:\/\/s.alicdn.com\/@sc04\/kf\/H1dcdec7f57db4c42a12201a3b50f443fd.jpg_720x720q50.jpg\" alt=\"Barbecue Tool al por mayor, barato, para la venta, en stock.\" width=\"700\" height=\"761\" \/><\/p>","protected":false},"excerpt":{"rendered":"<p>Un buen juego de utensilios para asar incluye todos los utensilios necesarios para cocinar a la parrilla, como una esp\u00e1tula, unas pinzas, un cepillo para asar, un tenedor y muchos m\u00e1s. Estos utensilios est\u00e1n fabricados con materiales de alta calidad, duraderos, f\u00e1ciles de limpiar y resistentes a altas temperaturas. Con las herramientas adecuadas, podr\u00e1 dar la vuelta, girar y servir la comida f\u00e1cilmente y sin complicaciones.<\/p>","protected":false},"featured_media":1503,"comment_status":"open","ping_status":"closed","template":"","meta":{"_eb_attr":"","_monsterinsights_skip_tracking":false,"_monsterinsights_sitenote_active":false,"_monsterinsights_sitenote_note":"","_monsterinsights_sitenote_category":0,"_uf_show_specific_survey":0,"_uf_disable_surveys":false},"product_brand":[],"product_cat":[49],"product_tag":[],"class_list":{"0":"post-1502","1":"product","2":"type-product","3":"status-publish","4":"has-post-thumbnail","6":"product_cat-bbq-accessories","8":"first","9":"instock","10":"shipping-taxable","11":"product-type-simple"},"_links":{"self":[{"href":"https:\/\/keweicorten.com\/es\/wp-json\/wp\/v2\/product\/1502"}],"collection":[{"href":"https:\/\/keweicorten.com\/es\/wp-json\/wp\/v2\/product"}],"about":[{"href":"https:\/\/keweicorten.com\/es\/wp-json\/wp\/v2\/types\/product"}],"replies":[{"embeddable":true,"href":"https:\/\/keweicorten.com\/es\/wp-json\/wp\/v2\/comments?post=1502"}],"version-history":[{"count":1,"href":"https:\/\/keweicorten.com\/es\/wp-json\/wp\/v2\/product\/1502\/revisions"}],"predecessor-version":[{"id":1504,"href":"https:\/\/keweicorten.com\/es\/wp-json\/wp\/v2\/product\/1502\/revisions\/1504"}],"wp:featuredmedia":[{"embeddable":true,"href":"https:\/\/keweicorten.com\/es\/wp-json\/wp\/v2\/media\/1503"}],"wp:attachment":[{"href":"https:\/\/keweicorten.com\/es\/wp-json\/wp\/v2\/media?parent=1502"}],"wp:term":[{"taxonomy":"product_brand","embeddable":true,"href":"https:\/\/keweicorten.com\/es\/wp-json\/wp\/v2\/product_brand?post=1502"},{"taxonomy":"product_cat","embeddable":true,"href":"https:\/\/keweicorten.com\/es\/wp-json\/wp\/v2\/product_cat?post=1502"},{"taxonomy":"product_tag","embeddable":true,"href":"https:\/\/keweicorten.com\/es\/wp-json\/wp\/v2\/product_tag?post=1502"}],"curies":[{"name":"wp","href":"https:\/\/api.w.org\/{rel}","templated":true}]}}