{"id":1538,"date":"2024-09-26T08:58:30","date_gmt":"2024-09-26T08:58:30","guid":{"rendered":"https:\/\/keweicorten.com\/?post_type=product&#038;p=1538"},"modified":"2025-01-15T06:22:11","modified_gmt":"2025-01-15T06:22:11","slug":"kit-de-jardineria-domestica","status":"publish","type":"product","link":"https:\/\/keweicorten.com\/es\/kit-de-jardineria-domestica\/","title":{"rendered":"kit de jardiner\u00eda dom\u00e9stica"},"content":{"rendered":"<p>La jardiner\u00eda dom\u00e9stica puede ser una experiencia divertida y gratificante, pero a veces puede resultar abrumador saber por d\u00f3nde empezar o qu\u00e9 suministros utilizar. Ah\u00ed es donde un kit de jardiner\u00eda dom\u00e9stica puede ser una gran inversi\u00f3n. Estos kits suelen incluir todas las herramientas y materiales necesarios para empezar a cultivar un huerto en casa, lo que facilita a los principiantes la tarea.<\/p>\n<p>Una de las ventajas de utilizar un kit de jardiner\u00eda dom\u00e9stico es que puede ayudarle a ahorrar dinero a largo plazo. En lugar de comprar cada herramienta por separado, el kit suele venir con un conjunto de herramientas b\u00e1sicas como una paleta, una podadora y una regadera, todas ellas esenciales para cualquier jard\u00edn. Adem\u00e1s, estos kits suelen venir con semillas o plantas de iniciaci\u00f3n, por lo que no tendr\u00e1s que gastar dinero extra en plantas o semillas de un vivero.<\/p>\n<p><b data-spm-anchor-id=\"a2700.details.0.i35.79516fccEpXinR\">JARD\u00cdN COMO UN PRO-DERECHO FUERA DE LA CAJA: <\/b>La jardiner\u00eda es m\u00e1s divertida con las herramientas adecuadas. Hemos llenado este set de herramientas con nuestras herramientas de aluminio m\u00e1s innovadoras y duraderas. Cada pieza est\u00e1 dise\u00f1ada para mantenerse al d\u00eda con su horario de jardiner\u00eda m\u00e1s \u00e1vido, mientras que ser lo suficientemente ligero para el trabajo durante todo el d\u00eda.<\/p>\n<div class=\"J_module\">\n<div class=\"detail-decorate-json-renderer-container\">\n<div class=\"magic-1\">\n<div class=\"magic-6\" data-spm-anchor-id=\"a2700.details.0.i43.79516fccEpXinR\">\n<div class=\"magic-7\">\n<div class=\"magic-8\" data-spm-anchor-id=\"a2700.details.0.i46.79516fccEpXinR\"><span class=\"magic-9\" style=\"font-family: Arial;\"><span data-spm-anchor-id=\"a2700.details.0.i42.79516fccEpXinR\"><b data-spm-anchor-id=\"a2700.details.0.i45.79516fccEpXinR\">PROT\u00c9GETE LAS MANOS: <\/b>Nos encanta trabajar con las manos, pero no queremos que sufran por ello. Por eso utilizamos materiales que duran. Sleek Series incorpora nuestros nuevos guantes de bamb\u00fa para jardiner\u00eda, que proporcionan una protecci\u00f3n avanzada contra heridas en la piel, cortes y suciedad. Deje de usar esos guantes grandes y torpes cuando hace sus tareas. Con la comodidad y el estilo de alta tecnolog\u00eda, cada tarea ser\u00e1 m\u00e1s f\u00e1cil: Desde el trabajo en el garaje hasta la jardiner\u00eda al aire libre, \u00a1y mucho m\u00e1s! Estos son los guantes de jardiner\u00eda que adoran las mujeres, \u00a1y tambi\u00e9n pap\u00e1! \u00a1El mejor regalo! <\/span><\/span><span class=\"magic-9\" style=\"font-family: Arial;\"><br \/>\n<\/span><\/div>\n<\/div>\n<\/div>\n<\/div>\n<\/div>\n<\/div>\n<div class=\"J_module\">\n<div class=\"icbu-pc-detailManyImage magic-10\"><\/div>\n<\/div>\n<p><img fetchpriority=\"high\" decoding=\"async\" class=\"\" src=\"https:\/\/sc04.alicdn.com\/kf\/Hbc2591bcee4745e0b4aabf3538f8f051r\/277646274\/Hbc2591bcee4745e0b4aabf3538f8f051r.jpg\" width=\"694\" height=\"694\" \/><\/p>","protected":false},"excerpt":{"rendered":"<p>Otra ventaja de utilizar un kit de jardiner\u00eda dom\u00e9stica es que puede ayudarte a organizarte. Con todas las herramientas y materiales en un mismo lugar, no tendr\u00e1 que preocuparse por perderlos o extraviarlos. Adem\u00e1s, muchos kits de jardiner\u00eda dom\u00e9stica vienen con instrucciones detalladas o consejos sobre c\u00f3mo plantar y cuidar su jard\u00edn, para que pueda sentirse seguro de su capacidad para cultivar plantas sanas.<\/p>","protected":false},"featured_media":1539,"comment_status":"open","ping_status":"closed","template":"","meta":{"_eb_attr":"","_monsterinsights_skip_tracking":false,"_monsterinsights_sitenote_active":false,"_monsterinsights_sitenote_note":"","_monsterinsights_sitenote_category":0,"_uf_show_specific_survey":0,"_uf_disable_surveys":false},"product_brand":[],"product_cat":[50],"product_tag":[],"class_list":{"0":"post-1538","1":"product","2":"type-product","3":"status-publish","4":"has-post-thumbnail","6":"product_cat-flower-assessories","8":"first","9":"instock","10":"shipping-taxable","11":"product-type-simple"},"_links":{"self":[{"href":"https:\/\/keweicorten.com\/es\/wp-json\/wp\/v2\/product\/1538"}],"collection":[{"href":"https:\/\/keweicorten.com\/es\/wp-json\/wp\/v2\/product"}],"about":[{"href":"https:\/\/keweicorten.com\/es\/wp-json\/wp\/v2\/types\/product"}],"replies":[{"embeddable":true,"href":"https:\/\/keweicorten.com\/es\/wp-json\/wp\/v2\/comments?post=1538"}],"version-history":[{"count":1,"href":"https:\/\/keweicorten.com\/es\/wp-json\/wp\/v2\/product\/1538\/revisions"}],"predecessor-version":[{"id":1542,"href":"https:\/\/keweicorten.com\/es\/wp-json\/wp\/v2\/product\/1538\/revisions\/1542"}],"wp:featuredmedia":[{"embeddable":true,"href":"https:\/\/keweicorten.com\/es\/wp-json\/wp\/v2\/media\/1539"}],"wp:attachment":[{"href":"https:\/\/keweicorten.com\/es\/wp-json\/wp\/v2\/media?parent=1538"}],"wp:term":[{"taxonomy":"product_brand","embeddable":true,"href":"https:\/\/keweicorten.com\/es\/wp-json\/wp\/v2\/product_brand?post=1538"},{"taxonomy":"product_cat","embeddable":true,"href":"https:\/\/keweicorten.com\/es\/wp-json\/wp\/v2\/product_cat?post=1538"},{"taxonomy":"product_tag","embeddable":true,"href":"https:\/\/keweicorten.com\/es\/wp-json\/wp\/v2\/product_tag?post=1538"}],"curies":[{"name":"wp","href":"https:\/\/api.w.org\/{rel}","templated":true}]}}