{"id":1549,"date":"2024-09-26T09:12:10","date_gmt":"2024-09-26T09:12:10","guid":{"rendered":"https:\/\/keweicorten.com\/?post_type=product&#038;p=1549"},"modified":"2025-01-15T06:21:51","modified_gmt":"2025-01-15T06:21:51","slug":"luces-led-para-bolardos-de-exterior","status":"publish","type":"product","link":"https:\/\/keweicorten.com\/es\/luces-led-para-bolardos-de-exterior\/","title":{"rendered":"luces led para bolardos de exterior"},"content":{"rendered":"<h3><strong>Aplicaciones de las luces led para bolardos en exteriores:<\/strong><\/h3>\n<ol>\n<li><strong>Iluminaci\u00f3n de jardines y paisajes<\/strong>:\n<ul>\n<li>Las luces corten se utilizan habitualmente en jardines y paisajes para iluminar caminos, resaltar \u00e1rboles o plantas y realzar las zonas de estar al aire libre. Su aspecto r\u00fastico combina a la perfecci\u00f3n con los entornos naturales.<\/li>\n<\/ul>\n<\/li>\n<li><strong>Espacios urbanos y p\u00fablicos<\/strong>:\n<ul>\n<li>En parques p\u00fablicos, plazas y paseos urbanos, las luminarias de acero corten se utilizan a menudo como bolardos o farolas. Su resistencia a la intemperie las hace ideales para instalaciones exteriores de larga duraci\u00f3n.<\/li>\n<\/ul>\n<\/li>\n<li><strong>Iluminaci\u00f3n arquitect\u00f3nica<\/strong>:\n<ul>\n<li>Las luminarias Corten son cada vez m\u00e1s populares en proyectos arquitect\u00f3nicos, montadas en paredes exteriores, fachadas o integradas en zonas de estar al aire libre, a\u00f1adiendo funcionalidad y estilo.<\/li>\n<\/ul>\n<\/li>\n<li><strong>Uso decorativo en interiores<\/strong>:\n<ul>\n<li>En interiores, las l\u00e1mparas de acero corten pueden aportar un aspecto industrial chic a casas modernas, cafeter\u00edas o espacios comerciales. Las l\u00e1mparas colgantes y los apliques de pared de acero corten proporcionan un efecto de iluminaci\u00f3n suave y c\u00e1lido gracias al color y la textura del material.<\/li>\n<\/ul>\n<\/li>\n<\/ol>\n<h3><strong>Ventajas de las luces led para bolardos en exteriores:<\/strong><\/h3>\n<ul>\n<li><strong>Durabilidad<\/strong>: Soportan las inclemencias del tiempo sin degradarse.<\/li>\n<li><strong>Ecol\u00f3gico<\/strong>: No necesita pinturas ni revestimientos; el corten es naturalmente resistente a la corrosi\u00f3n.<\/li>\n<li><strong>Atractivo est\u00e9tico<\/strong>: Desarrolla una p\u00e1tina \u00fanica con el tiempo, ofreciendo un aspecto din\u00e1mico y evolutivo.<\/li>\n<li><strong>Dise\u00f1o vers\u00e1til<\/strong>: Las luminarias corten se presentan en numerosas formas y estilos, lo que permite dise\u00f1os creativos y personalizados.<\/li>\n<\/ul>\n<table border=\"1\">\n<tbody>\n<tr>\n<td>Nombre del producto<\/td>\n<td>Al aire libre a prueba de agua moderna luz del c\u00e9sped de acero corten paisaje bolardo de luz<\/td>\n<\/tr>\n<tr>\n<td>Cuerpo principal Materia prima<\/td>\n<td>Acero corten<\/td>\n<\/tr>\n<tr>\n<td>El poder de los LED<\/td>\n<td>10W, 12W<\/td>\n<\/tr>\n<tr>\n<td>IP Grdae<\/td>\n<td>IP65, IP66<\/td>\n<\/tr>\n<tr>\n<td>Color de la superficie<\/td>\n<td>Oxidado o personalizado<\/td>\n<\/tr>\n<tr>\n<td>Tipo<\/td>\n<td>Aceptar personalizado<\/td>\n<\/tr>\n<\/tbody>\n<\/table>\n<p><a href=\"https:\/\/keweicorten.com\/es\"><img fetchpriority=\"high\" decoding=\"async\" class=\"alignnone\" title=\"farolas led de exterior\" src=\"https:\/\/sc04.alicdn.com\/kf\/Hdad8686d076d4158871c35c4c66c1fb7s\/252624420\/Hdad8686d076d4158871c35c4c66c1fb7s.jpg\" alt=\"postes de luz led al aire libre Acero corten Landscape Bollard Light\" width=\"751\" height=\"501\" \/><\/a><\/p>\n<p><a href=\"https:\/\/keweicorten.com\/es\/productos\/\"><img decoding=\"async\" class=\"alignnone\" title=\"l\u00e1mpara poste de luz\" src=\"https:\/\/sc04.alicdn.com\/kf\/Hc3e5b19145ce4d02869cc0b16e531dbat\/232904194\/Hc3e5b19145ce4d02869cc0b16e531dbat.png\" alt=\"l\u00e1mpara poste de luz\" width=\"750\" height=\"449\" \/><\/a><\/p>","protected":false},"excerpt":{"rendered":"<p>Las l\u00e1mparas de acero corten son una opci\u00f3n excelente para cualquiera que desee a\u00f1adir una iluminaci\u00f3n duradera, de bajo mantenimiento y visualmente atractiva a espacios exteriores o interiores. Proporcionan tanto iluminaci\u00f3n funcional como valor est\u00e9tico, encajando a la perfecci\u00f3n en paisajes naturales o dise\u00f1os arquitect\u00f3nicos modernos.<\/p>","protected":false},"featured_media":1550,"comment_status":"open","ping_status":"closed","template":"","meta":{"_eb_attr":"","_monsterinsights_skip_tracking":false,"_monsterinsights_sitenote_active":false,"_monsterinsights_sitenote_note":"","_monsterinsights_sitenote_category":0,"_uf_show_specific_survey":0,"_uf_disable_surveys":false},"product_brand":[],"product_cat":[61],"product_tag":[],"class_list":{"0":"post-1549","1":"product","2":"type-product","3":"status-publish","4":"has-post-thumbnail","6":"product_cat-light-post","8":"first","9":"instock","10":"shipping-taxable","11":"product-type-simple"},"_links":{"self":[{"href":"https:\/\/keweicorten.com\/es\/wp-json\/wp\/v2\/product\/1549"}],"collection":[{"href":"https:\/\/keweicorten.com\/es\/wp-json\/wp\/v2\/product"}],"about":[{"href":"https:\/\/keweicorten.com\/es\/wp-json\/wp\/v2\/types\/product"}],"replies":[{"embeddable":true,"href":"https:\/\/keweicorten.com\/es\/wp-json\/wp\/v2\/comments?post=1549"}],"version-history":[{"count":1,"href":"https:\/\/keweicorten.com\/es\/wp-json\/wp\/v2\/product\/1549\/revisions"}],"predecessor-version":[{"id":1551,"href":"https:\/\/keweicorten.com\/es\/wp-json\/wp\/v2\/product\/1549\/revisions\/1551"}],"wp:featuredmedia":[{"embeddable":true,"href":"https:\/\/keweicorten.com\/es\/wp-json\/wp\/v2\/media\/1550"}],"wp:attachment":[{"href":"https:\/\/keweicorten.com\/es\/wp-json\/wp\/v2\/media?parent=1549"}],"wp:term":[{"taxonomy":"product_brand","embeddable":true,"href":"https:\/\/keweicorten.com\/es\/wp-json\/wp\/v2\/product_brand?post=1549"},{"taxonomy":"product_cat","embeddable":true,"href":"https:\/\/keweicorten.com\/es\/wp-json\/wp\/v2\/product_cat?post=1549"},{"taxonomy":"product_tag","embeddable":true,"href":"https:\/\/keweicorten.com\/es\/wp-json\/wp\/v2\/product_tag?post=1549"}],"curies":[{"name":"wp","href":"https:\/\/api.w.org\/{rel}","templated":true}]}}