{"id":1578,"date":"2024-09-27T08:16:43","date_gmt":"2024-09-27T08:16:43","guid":{"rendered":"https:\/\/keweicorten.com\/?post_type=product&#038;p=1578"},"modified":"2024-09-27T08:16:43","modified_gmt":"2024-09-27T08:16:43","slug":"astm-a242-acero","status":"publish","type":"product","link":"https:\/\/keweicorten.com\/es\/astm-a242-acero\/","title":{"rendered":"Acero ASTM A242"},"content":{"rendered":"<div class=\"rich-text-table\">\n<div>\n<p>El acero ASTM A242 es un acero de intemperie de alta resistencia y baja aleaci\u00f3n, utilizado habitualmente en la fabricaci\u00f3n de chapas de acero, tubos de acero y otros productos. Se caracteriza por una buena protecci\u00f3n contra la oxidaci\u00f3n y puede utilizarse en entornos naturales agresivos durante mucho tiempo sin verse afectado por la corrosi\u00f3n.<\/p>\n<p>El excelente rendimiento de la chapa corten se refleja tambi\u00e9n en su buena maquinabilidad y estabilidad de resistencia. Suele utilizarse en la fabricaci\u00f3n de estructuras de acero, puentes, edificios prefabricados, barcos y contenedores.<\/p>\n<p>La norma del acero fue desarrollada por la Sociedad Americana de Materiales y Pruebas con el fin de proporcionar un material que pueda utilizarse durante mucho tiempo en ambientes exteriores sin corrosi\u00f3n.<\/p>\n<\/div>\n<div class=\"rich-text-table\"><strong>Propiedades mec\u00e1nicas del acero corten ASTM A242 Tipo 1 placas y chapas<\/strong><\/p>\n<div class=\"pro_page_table\">\n<table>\n<tbody>\n<tr>\n<td><\/td>\n<td>Resistencia a la tracci\u00f3n<\/td>\n<td>M\u00edn. Punto de rendimiento<\/td>\n<td>Alargamiento<\/td>\n<\/tr>\n<tr>\n<td>CORTEN A<\/td>\n<td>[470 - 630 MPa]<\/td>\n<td>[355 MPa]<\/td>\n<td>20 % min<\/td>\n<\/tr>\n<tr>\n<td>ASTM 588 GR. A<\/td>\n<td>[485 MPa]<\/td>\n<td>[345 MPa]<\/td>\n<td>21% min<\/td>\n<\/tr>\n<tr>\n<td>ASTM 242 TIPO -1<\/td>\n<td>[480 MPa]<\/td>\n<td>[345 MPa]<\/td>\n<td>16% min<\/td>\n<\/tr>\n<tr>\n<td>IRSM 41- 97<\/td>\n<td>[480 MPa]<\/td>\n<td>[340 MPa]<\/td>\n<td>21% min<\/td>\n<\/tr>\n<\/tbody>\n<\/table>\n<p><strong>Aplicaciones del acero corten<\/strong><\/p>\n<p>Estructura del edificio<br \/>\nInstalaciones exteriores<br \/>\nInstalaciones de tr\u00e1fico<br \/>\nInstalaci\u00f3n art\u00edstica<\/p>\n<p><strong>Propiedades mec\u00e1nicas del acero ASTM A242\uff1a.<\/strong><\/p>\n<p>L\u00edmite el\u00e1stico: unos 345 MPa<br \/>\nResistencia a la tracci\u00f3n: unos 480 MPa<br \/>\nAlargamiento: alrededor de 20%<\/p>\n<p><a href=\"https:\/\/keweicorten.com\/es\/productos\/\"><img fetchpriority=\"high\" decoding=\"async\" class=\"alignnone\" title=\"Acero ASTM A242\" src=\"https:\/\/www.cortensteels.com\/uploads\/202130314\/astm-a242-steel-corrosion-plate12339760574.jpg\" alt=\"China ASTM A242 placa de acero de la corrosi\u00f3n Fabricantes, Proveedores -keweicorten\" width=\"650\" height=\"650\" \/><\/a><\/p>\n<p><a href=\"https:\/\/keweicorten.com\/es\"><img decoding=\"async\" class=\"alignnone\" title=\"China ASTM A242 placa de acero de la corrosi\u00f3n Fabricantes, Proveedores -keweicorten\" src=\"https:\/\/www.cortensteels.com\/uploads\/202130314\/small\/astm-steel-a24243487747222.png\" alt=\"China ASTM ACERO A242 Fabricantes, Proveedores - Precio directo de f\u00e1brica -keweicorten\" width=\"647\" height=\"647\" \/><\/a><\/p>\n<p><a href=\"https:\/\/keweicorten.com\/es\"><img decoding=\"async\" class=\"alignnone\" title=\"Acero ASTM A242\" src=\"https:\/\/www.cortensteels.com\/uploads\/202130314\/astm-a242-steel-corrosion-plate12218865305.jpg\" alt=\"China ASTM A242 placa de acero de la corrosi\u00f3n Fabricantes, Proveedores keweicorten\" width=\"649\" height=\"649\" \/><\/a><\/p>\n<\/div>\n<\/div>\n<\/div>","protected":false},"excerpt":{"rendered":"<p>El acero ASTM A242 es un acero estructural importante, con una excelente protecci\u00f3n contra la oxidaci\u00f3n y resistencia a la corrosi\u00f3n, puede ser ampliamente utilizado en la fabricaci\u00f3n de una variedad de piezas estructurales pesadas y edificios prefabricados, su rendimiento estable, en una variedad de ambientes hostiles se puede utilizar durante mucho tiempo.<\/p>","protected":false},"featured_media":1579,"comment_status":"open","ping_status":"closed","template":"","meta":{"_eb_attr":"","_monsterinsights_skip_tracking":false,"_monsterinsights_sitenote_active":false,"_monsterinsights_sitenote_note":"","_monsterinsights_sitenote_category":0,"_uf_show_specific_survey":0,"_uf_disable_surveys":false},"product_brand":[],"product_cat":[21],"product_tag":[],"class_list":{"0":"post-1578","1":"product","2":"type-product","3":"status-publish","4":"has-post-thumbnail","6":"product_cat-weather-resistant-steel-plate","8":"first","9":"instock","10":"shipping-taxable","11":"product-type-simple"},"_links":{"self":[{"href":"https:\/\/keweicorten.com\/es\/wp-json\/wp\/v2\/product\/1578"}],"collection":[{"href":"https:\/\/keweicorten.com\/es\/wp-json\/wp\/v2\/product"}],"about":[{"href":"https:\/\/keweicorten.com\/es\/wp-json\/wp\/v2\/types\/product"}],"replies":[{"embeddable":true,"href":"https:\/\/keweicorten.com\/es\/wp-json\/wp\/v2\/comments?post=1578"}],"version-history":[{"count":1,"href":"https:\/\/keweicorten.com\/es\/wp-json\/wp\/v2\/product\/1578\/revisions"}],"predecessor-version":[{"id":1580,"href":"https:\/\/keweicorten.com\/es\/wp-json\/wp\/v2\/product\/1578\/revisions\/1580"}],"wp:featuredmedia":[{"embeddable":true,"href":"https:\/\/keweicorten.com\/es\/wp-json\/wp\/v2\/media\/1579"}],"wp:attachment":[{"href":"https:\/\/keweicorten.com\/es\/wp-json\/wp\/v2\/media?parent=1578"}],"wp:term":[{"taxonomy":"product_brand","embeddable":true,"href":"https:\/\/keweicorten.com\/es\/wp-json\/wp\/v2\/product_brand?post=1578"},{"taxonomy":"product_cat","embeddable":true,"href":"https:\/\/keweicorten.com\/es\/wp-json\/wp\/v2\/product_cat?post=1578"},{"taxonomy":"product_tag","embeddable":true,"href":"https:\/\/keweicorten.com\/es\/wp-json\/wp\/v2\/product_tag?post=1578"}],"curies":[{"name":"wp","href":"https:\/\/api.w.org\/{rel}","templated":true}]}}