{"id":1584,"date":"2024-09-27T08:50:21","date_gmt":"2024-09-27T08:50:21","guid":{"rendered":"https:\/\/keweicorten.com\/?post_type=product&#038;p=1584"},"modified":"2025-01-15T06:21:20","modified_gmt":"2025-01-15T06:21:20","slug":"luz-corten-para-pilonas","status":"publish","type":"product","link":"https:\/\/keweicorten.com\/es\/luz-corten-para-pilonas\/","title":{"rendered":"luz corten para pilonas"},"content":{"rendered":"<h2>\u00bfQu\u00e9 es la luz de bolardo corten?<\/h2>\n<p>Corten Bollard Light es una l\u00e1mpara bolardo con acero corten como material principal, combinada con LED u otras fuentes de luz de bajo consumo, dise\u00f1ada para la iluminaci\u00f3n de exteriores. El acero corten tiene una gran resistencia a la corrosi\u00f3n y durabilidad gracias a la capa antioxidante formada de forma natural en su superficie, al tiempo que muestra una textura \u00fanica de color rojo \u00f3xido, integrada con el entorno natural y la arquitectura moderna.<\/p>\n<p>Las luces de bolardo se utilizan a menudo para iluminar caminos, decorar paisajes o se\u00f1alizar zonas para proporcionar seguridad y est\u00e9tica por la noche.<\/p>\n<h2>Caracter\u00edsticas de las l\u00e1mparas de acero resistente a la intemperie:<\/h2>\n<ul>\n<li>Aspecto \u00fanico<\/li>\n<li>Extremadamente duradero<\/li>\n<li>Ahorro de energ\u00eda y protecci\u00f3n del medio ambiente<\/li>\n<li>Versatilidad<\/li>\n<li>Bajo mantenimiento<\/li>\n<\/ul>\n<h2>Principales escenarios de aplicaci\u00f3n de la iluminaci\u00f3n paisaj\u00edstica moderna:<\/h2>\n<ul>\n<li>Jardines y patios<\/li>\n<li>Se utiliza para la iluminaci\u00f3n de caminos o la decoraci\u00f3n de bordes de plantas, se integra perfectamente con las plantas verdes y la piedra para crear una atm\u00f3sfera de escena nocturna c\u00f3moda y natural.<\/li>\n<li>Zona comercial<\/li>\n<li>Parques y plazas<\/li>\n<li>Entorno costero o de humedales<\/li>\n<li>Viviendas<\/li>\n<\/ul>\n<p><a href=\"https:\/\/keweicorten.com\/es\/contacto\/\"><img fetchpriority=\"high\" decoding=\"async\" class=\"alignnone\" title=\"L\u00e1mpara de jard\u00edn de corten\" src=\"https:\/\/sc04.alicdn.com\/kf\/Ha485a993273c4a1abf4c34b1993865875\/235950374\/Ha485a993273c4a1abf4c34b1993865875.jpg\" alt=\"Jard\u00edn corten luces de jard\u00edn china precio de f\u00e1brica -keweicorten\" width=\"640\" height=\"320\" \/><\/a><\/p>\n<h2>\u00bfC\u00f3mo elegir la luminaria Corten Landscape adecuada?<\/h2>\n<ul>\n<li>Seleccione la altura y la fuente de luz en funci\u00f3n de sus necesidades de iluminaci\u00f3n<\/li>\n<li>Jard\u00edn peque\u00f1o o patio: Elige una l\u00e1mpara con una altura de 50-70 cm, y que la luz sea suave.<\/li>\n<li>Espacios comerciales y p\u00fablicos: Elija l\u00e1mparas de 80-100 cm para garantizar una amplia cobertura de iluminaci\u00f3n.<\/li>\n<li>El estilo del dise\u00f1o se adapta al entorno<\/li>\n<li>Arquitectura moderna: Elige l\u00e1mparas geom\u00e9tricas de l\u00edneas limpias que reflejen el estilo arquitect\u00f3nico.<\/li>\n<li>Rendimiento de la fuente luminosa y requisitos de ahorro energ\u00e9tico<\/li>\n<li>La fuente de luz LED tiene una larga vida \u00fatil y un bajo consumo de energ\u00eda<\/li>\n<\/ul>\n<h2>\u00bfPor qu\u00e9 elegir Corten Bollard Light?<\/h2>\n<ol>\n<li>Dise\u00f1o flexible para adaptarse a diversos escenarios<br \/>\nYa se trate de un jard\u00edn privado, un espacio comercial o un espacio p\u00fablico, Corten Bollard Light aporta un toque al entorno.<\/li>\n<li>Protecci\u00f3n del medio ambiente y sostenibilidad<br \/>\nLa combinaci\u00f3n de acero resistente a la intemperie y fuentes de luz para bolardos de acero resistente a la intemperie constituye una excelente opci\u00f3n para el dise\u00f1o sostenible.<\/li>\n<li>Duradero y de larga duraci\u00f3n<br \/>\nLa alta resistencia a la corrosi\u00f3n del acero resistente a la intemperie garantiza el buen funcionamiento de las l\u00e1mparas en entornos dif\u00edciles sin necesidad de sustituirlas con frecuencia.<\/li>\n<\/ol>\n<table border=\"1\">\n<tbody>\n<tr>\n<td><span data-spm-anchor-id=\"a2700.details.0.i39.446e5956BnWvBb\">Nombre del producto<\/span><\/td>\n<td>Al aire libre a prueba de agua moderna luz del c\u00e9sped de acero corten paisaje bolardo de luz<\/td>\n<\/tr>\n<tr>\n<td>Cuerpo principal Materia prima<\/td>\n<td data-spm-anchor-id=\"a2700.details.0.i43.446e5956BnWvBb\">Acero corten<\/td>\n<\/tr>\n<tr>\n<td>El poder de los LED<\/td>\n<td>10W, 12W<\/td>\n<\/tr>\n<tr>\n<td>Grado IP<\/td>\n<td>IP65, IP66<\/td>\n<\/tr>\n<tr>\n<td>Color de la superficie<\/td>\n<td>Oxidado o personalizado<\/td>\n<\/tr>\n<tr>\n<td>Tipo<\/td>\n<td>Aceptar personalizado<\/td>\n<\/tr>\n<\/tbody>\n<\/table>\n<div style=\"width: 800px;\" class=\"wp-video\"><!--[if lt IE 9]><script>document.createElement('video');<\/script><![endif]-->\n<video class=\"wp-video-shortcode\" id=\"video-1584-1\" width=\"800\" height=\"450\" loop=\"1\" autoplay=\"1\" preload=\"metadata\" controls=\"controls\"><source type=\"video\/mp4\" src=\"https:\/\/keweicorten.com\/wp-content\/uploads\/2024\/09\/Weathering-steel-lamps.mp4?_=1\" \/><a href=\"https:\/\/keweicorten.com\/wp-content\/uploads\/2024\/09\/Weathering-steel-lamps.mp4\">https:\/\/keweicorten.com\/wp-content\/uploads\/2024\/09\/Weathering-steel-lamps.mp4<\/a><\/video><\/div>\n<p><a href=\"https:\/\/keweicorten.com\/es\/contacto\/\"><img decoding=\"async\" class=\"alignnone\" title=\"luces de jard\u00edn\" src=\"https:\/\/sc04.alicdn.com\/kf\/Hbfd36546659b40b8b1012ec41b13121bi\/235950374\/Hbfd36546659b40b8b1012ec41b13121bi.jpg\" alt=\"Jard\u00edn corten luces de jard\u00edn china precio de f\u00e1brica -keweicorten\" width=\"640\" height=\"320\" \/><\/a><\/p>\n<p>PREGUNTAS FRECUENTES<\/p>\n<p class=\"magic-11\"><span class=\"magic-6\" style=\"font-family: Arial;\" data-spm-anchor-id=\"a2700.details.0.i40.2c656ceeu1J4FQ\">P: \u00bfFabrican productos personalizados a partir de nuestros dibujos o ideas?<\/span><\/p>\n<p class=\"magic-11\">R: S\u00ed, somos una f\u00e1brica de fabricaci\u00f3n de metal profesional con un equipo de ingenier\u00eda con experiencia para hacer productos personalizados de acuerdo a los dibujos e ideas de los clientes.<\/p>\n<p class=\"magic-11\"><span class=\"magic-43\" style=\"font-family: Arial;\">\u00a0<\/span><\/p>\n<p class=\"magic-11\">P: \u00bfCu\u00e1l es la cantidad m\u00ednima de piezas?<\/p>\n<p class=\"magic-11\">R: Normalmente no fijamos MOQ, pero cuanto m\u00e1s, m\u00e1s barato. Adem\u00e1s, estamos encantados de hacer prototipos o muestras para los clientes para garantizar los est\u00e1ndares de calidad.<\/p>\n<p>&nbsp;<\/p>\n<p class=\"magic-11\">P: \u00bfSon ustedes comerciantes o fabricantes?<\/p>\n<p class=\"magic-11\">R: Somos una f\u00e1brica.<\/p>\n<div>\n<p>&nbsp;<\/p>\n<p>P: \u00bfCu\u00e1l es el plazo de entrega?<br \/>\nR: Generalmente es de 5-10 d\u00edas, es de acuerdo a la cantidad.<\/p>\n<p>&nbsp;<\/p>\n<p>P: \u00bfProporcionan muestras? \u00bfSon gratuitas o adicionales?<\/p>\n<p>R: S\u00ed, podemos ofrecer la muestra.<\/p>\n<\/div>","protected":false},"excerpt":{"rendered":"<p>Los bolardos de acero corten son soluciones de iluminaci\u00f3n modernas que pueden realzar el atractivo est\u00e9tico de cualquier espacio. Est\u00e1n fabricadas en acero corten de alta calidad resistente a la intemperie, lo que proporciona durabilidad y longevidad a estas luces.<\/p>","protected":false},"featured_media":1585,"comment_status":"open","ping_status":"closed","template":"","meta":{"_eb_attr":"","_monsterinsights_skip_tracking":false,"_monsterinsights_sitenote_active":false,"_monsterinsights_sitenote_note":"","_monsterinsights_sitenote_category":0,"_uf_show_specific_survey":0,"_uf_disable_surveys":false},"product_brand":[],"product_cat":[61],"product_tag":[],"class_list":{"0":"post-1584","1":"product","2":"type-product","3":"status-publish","4":"has-post-thumbnail","6":"product_cat-light-post","8":"first","9":"instock","10":"shipping-taxable","11":"product-type-simple"},"_links":{"self":[{"href":"https:\/\/keweicorten.com\/es\/wp-json\/wp\/v2\/product\/1584"}],"collection":[{"href":"https:\/\/keweicorten.com\/es\/wp-json\/wp\/v2\/product"}],"about":[{"href":"https:\/\/keweicorten.com\/es\/wp-json\/wp\/v2\/types\/product"}],"replies":[{"embeddable":true,"href":"https:\/\/keweicorten.com\/es\/wp-json\/wp\/v2\/comments?post=1584"}],"version-history":[{"count":3,"href":"https:\/\/keweicorten.com\/es\/wp-json\/wp\/v2\/product\/1584\/revisions"}],"predecessor-version":[{"id":2446,"href":"https:\/\/keweicorten.com\/es\/wp-json\/wp\/v2\/product\/1584\/revisions\/2446"}],"wp:featuredmedia":[{"embeddable":true,"href":"https:\/\/keweicorten.com\/es\/wp-json\/wp\/v2\/media\/1585"}],"wp:attachment":[{"href":"https:\/\/keweicorten.com\/es\/wp-json\/wp\/v2\/media?parent=1584"}],"wp:term":[{"taxonomy":"product_brand","embeddable":true,"href":"https:\/\/keweicorten.com\/es\/wp-json\/wp\/v2\/product_brand?post=1584"},{"taxonomy":"product_cat","embeddable":true,"href":"https:\/\/keweicorten.com\/es\/wp-json\/wp\/v2\/product_cat?post=1584"},{"taxonomy":"product_tag","embeddable":true,"href":"https:\/\/keweicorten.com\/es\/wp-json\/wp\/v2\/product_tag?post=1584"}],"curies":[{"name":"wp","href":"https:\/\/api.w.org\/{rel}","templated":true}]}}