{"id":1616,"date":"2024-09-29T02:11:45","date_gmt":"2024-09-29T02:11:45","guid":{"rendered":"https:\/\/keweicorten.com\/?post_type=product&#038;p=1616"},"modified":"2024-09-29T02:11:45","modified_gmt":"2024-09-29T02:11:45","slug":"chapa-de-acero-corten-laminada-en-caliente","status":"publish","type":"product","link":"https:\/\/keweicorten.com\/es\/chapa-de-acero-corten-laminada-en-caliente\/","title":{"rendered":"Chapa de acero corten laminada en caliente"},"content":{"rendered":"<p><strong>Las especificaciones de la chapa de acero corten laminada en caliente (chapa de acero corten) suelen incluir los siguientes aspectos:<\/strong><\/p>\n<p>Espesor: El grosor habitual oscila entre 3 mm y 25 mm.<br \/>\nTama\u00f1o: Los tama\u00f1os comunes son 1000mm x 2000mm, 1250mm x 2500mm, etc.<br \/>\nComposici\u00f3n qu\u00edmica: Suele contener hierro, cobre, n\u00edquel, cromo y otros elementos para mejorar la resistencia a la corrosi\u00f3n.<br \/>\nNormativa: Cumplir con ASTM A588, A242 y otras normas.<\/p>\n<table border=\"1\" cellspacing=\"0\">\n<tbody>\n<tr>\n<td>Producto<\/td>\n<td>Chapa de acero corten laminada en caliente<\/td>\n<\/tr>\n<tr>\n<td>Espesor<\/td>\n<td>2-100 mm o a petici\u00f3n del cliente<\/td>\n<\/tr>\n<tr>\n<td>Talla<\/td>\n<td>1000-3000mm 1250mm 1500mm 2000mm y seg\u00fan cliente<\/td>\n<\/tr>\n<tr>\n<td>Aplicaci\u00f3n<\/td>\n<td>veh\u00edculos, contenedores, edificios, torres y otras estructuras con atornillado, remachado y soldadura de piezas estructurales<\/td>\n<\/tr>\n<tr>\n<td>Superficie<\/td>\n<td>Negro o plata<\/td>\n<\/tr>\n<tr>\n<td>Material<\/td>\n<td>SPA-H,Q235NH,Q355NH,Q355GNH,09CuPCrNiA,Corten A,CortenB,SMA400AW\/BW\/CW,SAM490AW\/BW\/CW\/,SAM570W\/P<\/td>\n<\/tr>\n<tr>\n<td>Origen<\/td>\n<td>POSCO,JISCO,TISCO,LISCO,BAOSTEEL etc.<\/td>\n<\/tr>\n<tr>\n<td>Manera de embalar<\/td>\n<td>PVC+ papel impermeable + embalaje de madera resistente al mar<\/td>\n<\/tr>\n<tr>\n<td>Mercado principal<\/td>\n<td>Oriente Pr\u00f3ximo, \u00c1frica, Am\u00e9rica del Norte y del Sur, Europa Oriental y Occidental<\/td>\n<\/tr>\n<tr>\n<td>Entregar Puerto<\/td>\n<td>Qingdao, Tianjin,Shanghai<\/td>\n<\/tr>\n<tr>\n<td>Plazo de entrega<\/td>\n<td>FOB\/CIF\/CFR<\/td>\n<\/tr>\n<tr>\n<td>Plazo de entrega<\/td>\n<td>En 10-15 d\u00edas tras recibir el dep\u00f3sito<\/td>\n<\/tr>\n<\/tbody>\n<\/table>\n<p><strong>Las caracter\u00edsticas de rendimiento de la chapa de acero corten laminado en caliente incluyen:<\/strong><\/p>\n<p>Resistencia a la corrosi\u00f3n:<\/p>\n<p>La superficie de acero corten formar\u00e1 una capa de \u00f3xido estable, puede resistir eficazmente la corrosi\u00f3n posterior, adecuada para el uso en exteriores.<br \/>\nAlta resistencia:<\/p>\n<p>Tiene una gran resistencia a la tracci\u00f3n y al l\u00edmite el\u00e1stico y puede soportar grandes cargas.<br \/>\nExcelente soldabilidad:<\/p>\n<p>Se puede procesar mediante soldadura y otros m\u00e9todos de procesamiento para satisfacer diversos requisitos de aplicaci\u00f3n.<br \/>\nBuena ductilidad:<\/p>\n<p>Con buena ductilidad, adecuado para el procesamiento de moldeo.<br \/>\nBonito aspecto:<\/p>\n<p>Con el tiempo, el color natural cambia debido a la oxidaci\u00f3n de la superficie, lo que le confiere un toque art\u00edstico \u00fanico.<br \/>\nRendimiento del tratamiento t\u00e9rmico:<\/p>\n<p>No requiere un tratamiento t\u00e9rmico especial, pero mantiene buenas propiedades mec\u00e1nicas tras su transformaci\u00f3n.<br \/>\nResistencia al desgaste:<\/p>\n<p>Presenta una buena resistencia al desgaste en algunas aplicaciones.<\/p>\n<p><a href=\"https:\/\/keweicorten.com\/es\/productos\/\"><img fetchpriority=\"high\" decoding=\"async\" class=\"alignnone\" title=\"Chapa de acero corten laminada en caliente\" src=\"https:\/\/th.bing.com\/th\/id\/OIP.jzXn_qdaUc_AuFmyzx-ysgHaHa?rs=1&amp;pid=ImgDetMain\" alt=\"Laminado en caliente de acero Corten Hoja de metal recubierto de superficie precio\" width=\"550\" height=\"550\" \/><\/a><\/p>\n<p><a href=\"https:\/\/keweicorten.com\/es\/productos\/\"><img decoding=\"async\" class=\"alignnone\" title=\"Chapa de acero corten laminada en caliente\" src=\"https:\/\/th.bing.com\/th\/id\/OIP.PGlPvUX5GtZLs4uk-2FJewHaHa?rs=1&amp;pid=ImgDetMain\" alt=\" Chapa de acero corten laminado en caliente Proveedores y Fabricantes - China ...\" width=\"550\" height=\"550\" \/><\/a><\/p>","protected":false},"excerpt":{"rendered":"<p>Ofrecemos chapas de acero laminadas en caliente resistentes a la intemperie de alta calidad para una amplia gama de proyectos de ingenier\u00eda, garantizando una durabilidad y est\u00e9tica superiores. Obtenga m\u00e1s informaci\u00f3n ahora.<\/p>","protected":false},"featured_media":1617,"comment_status":"open","ping_status":"closed","template":"","meta":{"_eb_attr":"","_monsterinsights_skip_tracking":false,"_monsterinsights_sitenote_active":false,"_monsterinsights_sitenote_note":"","_monsterinsights_sitenote_category":0,"_uf_show_specific_survey":0,"_uf_disable_surveys":false},"product_brand":[],"product_cat":[21],"product_tag":[],"class_list":{"0":"post-1616","1":"product","2":"type-product","3":"status-publish","4":"has-post-thumbnail","6":"product_cat-weather-resistant-steel-plate","8":"first","9":"instock","10":"shipping-taxable","11":"product-type-simple"},"_links":{"self":[{"href":"https:\/\/keweicorten.com\/es\/wp-json\/wp\/v2\/product\/1616"}],"collection":[{"href":"https:\/\/keweicorten.com\/es\/wp-json\/wp\/v2\/product"}],"about":[{"href":"https:\/\/keweicorten.com\/es\/wp-json\/wp\/v2\/types\/product"}],"replies":[{"embeddable":true,"href":"https:\/\/keweicorten.com\/es\/wp-json\/wp\/v2\/comments?post=1616"}],"version-history":[{"count":1,"href":"https:\/\/keweicorten.com\/es\/wp-json\/wp\/v2\/product\/1616\/revisions"}],"predecessor-version":[{"id":1618,"href":"https:\/\/keweicorten.com\/es\/wp-json\/wp\/v2\/product\/1616\/revisions\/1618"}],"wp:featuredmedia":[{"embeddable":true,"href":"https:\/\/keweicorten.com\/es\/wp-json\/wp\/v2\/media\/1617"}],"wp:attachment":[{"href":"https:\/\/keweicorten.com\/es\/wp-json\/wp\/v2\/media?parent=1616"}],"wp:term":[{"taxonomy":"product_brand","embeddable":true,"href":"https:\/\/keweicorten.com\/es\/wp-json\/wp\/v2\/product_brand?post=1616"},{"taxonomy":"product_cat","embeddable":true,"href":"https:\/\/keweicorten.com\/es\/wp-json\/wp\/v2\/product_cat?post=1616"},{"taxonomy":"product_tag","embeddable":true,"href":"https:\/\/keweicorten.com\/es\/wp-json\/wp\/v2\/product_tag?post=1616"}],"curies":[{"name":"wp","href":"https:\/\/api.w.org\/{rel}","templated":true}]}}