{"id":1737,"date":"2024-10-10T02:39:56","date_gmt":"2024-10-10T02:39:56","guid":{"rendered":"https:\/\/keweicorten.com\/?post_type=product&#038;p=1737"},"modified":"2024-10-10T02:39:56","modified_gmt":"2024-10-10T02:39:56","slug":"hoguera-lineal","status":"publish","type":"product","link":"https:\/\/keweicorten.com\/es\/hoguera-lineal\/","title":{"rendered":"hoguera lineal"},"content":{"rendered":"<p>A <strong>hoguera lineal<\/strong> es una chimenea de exterior elegante y moderna que se caracteriza por su forma rectangular alargada. Proporciona una manera elegante de disfrutar de un fuego al aire libre, al tiempo que sirve como un elemento de dise\u00f1o llamativo en patios, patios o espacios comerciales. Las hogueras lineales se utilizan a menudo en dise\u00f1os contempor\u00e1neos debido a sus l\u00edneas limpias y al efecto espectacular de una llama larga y continua.<\/p>\n<h3><strong>Caracter\u00edsticas principales de un pozo de fuego lineal<\/strong>:<\/h3>\n<ol>\n<li><strong>Forma rectangular<\/strong>:\n<ul>\n<li>La caracter\u00edstica que define a una hoguera lineal es su forma alargada y rectangular, que le confiere un aspecto atrevido y moderno. Estas hogueras se pueden fabricar en varias longitudes y anchuras para adaptarse a diferentes espacios, siendo las m\u00e1s comunes las de 3 a 8 pies de largo.<\/li>\n<\/ul>\n<\/li>\n<li><strong>Tipos de quemadores<\/strong>:\n<ul>\n<li><strong>Quemadores lineales<\/strong>: El fuego en una hoguera lineal se produce mediante un quemador lineal, que recorre toda la longitud de la hoguera, creando una llama continua. Estos quemadores suelen ser de acero inoxidable para mayor durabilidad y est\u00e1n disponibles en varios tama\u00f1os y potencias calor\u00edficas.<\/li>\n<li><strong>Quemadores en forma de H<\/strong>: Para las hogueras lineales m\u00e1s anchas, se pueden utilizar quemadores en forma de H para garantizar la cobertura de la llama en toda la anchura de la hoguera, mejorando el efecto visual de la llama.<\/li>\n<\/ul>\n<\/li>\n<li><strong>Tipos de combustible<\/strong>:\n<ul>\n<li><strong>Gas natural<\/strong>: El gas natural es una opci\u00f3n popular para las hogueras lineales, ya que proporciona una fuente de combustible continua, que es perfecto para instalaciones m\u00e1s largas y permanentes. Las chimeneas de gas natural son ideales para quienes tienen acceso a una l\u00ednea de gas natural.<\/li>\n<li><strong>Propano<\/strong>: El propano es otro combustible com\u00fan, especialmente para las hogueras port\u00e1tiles o independientes. Los dep\u00f3sitos de propano suelen estar en un compartimento oculto dentro de la hoguera o cerca de ella.<\/li>\n<\/ul>\n<\/li>\n<\/ol>\n<p><a href=\"https:\/\/keweicorten.com\/es\"><img fetchpriority=\"high\" decoding=\"async\" class=\"alignnone\" title=\"hoguera exterior de gas natural\" src=\"https:\/\/sc04.alicdn.com\/kf\/H52e6bcd9904f4d2a9102ec238c91768ay\/253038816\/H52e6bcd9904f4d2a9102ec238c91768ay.jpg\" alt=\"gas natural al aire libre firepit china,precio,fabricantes -keweicorten\" width=\"650\" height=\"633\" \/><\/a><\/p>\n<p><a href=\"https:\/\/keweicorten.com\/es\"><img decoding=\"async\" class=\"alignnone\" title=\"mesa de chimenea de propano\" src=\"https:\/\/sc04.alicdn.com\/kf\/H3f02dadd23c941dda19a57fe79c332192\/253038816\/H3f02dadd23c941dda19a57fe79c332192.jpg\" alt=\"patio mesa de fuego de propano al por mayor, barato, para la venta -keweicorten\" width=\"650\" height=\"650\" \/><\/a><\/p>\n<p><a href=\"https:\/\/keweicorten.com\/es\"><img decoding=\"async\" class=\"alignnone\" title=\"chimenea de propano para patio\" src=\"https:\/\/sc04.alicdn.com\/kf\/Hc4668a57968f47a79ea621618e39adc8G\/253038816\/Hc4668a57968f47a79ea621618e39adc8G.jpg\" alt=\"propano patio chimenea, fabricantes, proveedores, personalizados -keweicorten\" width=\"650\" height=\"650\" \/><\/a><\/p>","protected":false},"excerpt":{"rendered":"<p>Material de la bandeja y el tubo: el acero inoxidable 304 de calibre 18 de alta calidad hace que este quemador y la bandeja sean duraderos y resistentes.<\/p>\n<div>Combustible: GLP y Gas Natural convertible, Rendimiento: 30000-60000 BTU, Incluye: sistema de encendido electr\u00f3nico, termopar sensor de llama, conector para dep\u00f3sito de propano, regulador y v\u00e1lvula de control de ajuste de llama.<br \/>\nSe trata de un kit de quemador completo sin necesidad de piezas adicionales (el cristal de fuego y la pila AA no est\u00e1n incluidos).<\/div>","protected":false},"featured_media":1738,"comment_status":"open","ping_status":"closed","template":"","meta":{"_eb_attr":"","_monsterinsights_skip_tracking":false,"_monsterinsights_sitenote_active":false,"_monsterinsights_sitenote_note":"","_monsterinsights_sitenote_category":0,"_uf_show_specific_survey":0,"_uf_disable_surveys":false},"product_brand":[],"product_cat":[20],"product_tag":[],"class_list":{"0":"post-1737","1":"product","2":"type-product","3":"status-publish","4":"has-post-thumbnail","6":"product_cat-fire-pit","8":"first","9":"instock","10":"shipping-taxable","11":"product-type-simple"},"_links":{"self":[{"href":"https:\/\/keweicorten.com\/es\/wp-json\/wp\/v2\/product\/1737"}],"collection":[{"href":"https:\/\/keweicorten.com\/es\/wp-json\/wp\/v2\/product"}],"about":[{"href":"https:\/\/keweicorten.com\/es\/wp-json\/wp\/v2\/types\/product"}],"replies":[{"embeddable":true,"href":"https:\/\/keweicorten.com\/es\/wp-json\/wp\/v2\/comments?post=1737"}],"version-history":[{"count":1,"href":"https:\/\/keweicorten.com\/es\/wp-json\/wp\/v2\/product\/1737\/revisions"}],"predecessor-version":[{"id":1739,"href":"https:\/\/keweicorten.com\/es\/wp-json\/wp\/v2\/product\/1737\/revisions\/1739"}],"wp:featuredmedia":[{"embeddable":true,"href":"https:\/\/keweicorten.com\/es\/wp-json\/wp\/v2\/media\/1738"}],"wp:attachment":[{"href":"https:\/\/keweicorten.com\/es\/wp-json\/wp\/v2\/media?parent=1737"}],"wp:term":[{"taxonomy":"product_brand","embeddable":true,"href":"https:\/\/keweicorten.com\/es\/wp-json\/wp\/v2\/product_brand?post=1737"},{"taxonomy":"product_cat","embeddable":true,"href":"https:\/\/keweicorten.com\/es\/wp-json\/wp\/v2\/product_cat?post=1737"},{"taxonomy":"product_tag","embeddable":true,"href":"https:\/\/keweicorten.com\/es\/wp-json\/wp\/v2\/product_tag?post=1737"}],"curies":[{"name":"wp","href":"https:\/\/api.w.org\/{rel}","templated":true}]}}