{"id":1744,"date":"2024-10-18T02:15:15","date_gmt":"2024-10-18T02:15:15","guid":{"rendered":"https:\/\/keweicorten.com\/?post_type=product&#038;p=1744"},"modified":"2025-01-15T06:19:50","modified_gmt":"2025-01-15T06:19:50","slug":"farola-de-acero-envejecido","status":"publish","type":"product","link":"https:\/\/keweicorten.com\/es\/farola-de-acero-envejecido\/","title":{"rendered":"Farola de acero envejecido"},"content":{"rendered":"<p>Caja de luz de acero corten: duradera, personalizada, ideal para un bajo mantenimiento<\/p>\n<p>En el campo de la iluminaci\u00f3n exterior, es crucial elegir una caja de luz que sea a la vez bonita y duradera. Con sus excelentes caracter\u00edsticas, la caja de luz de acero corten ** resuelve los puntos d\u00e9biles comunes de las cajas de luz tradicionales y se convierte en la primera opci\u00f3n para su proyecto.<\/p>\n<p>1. No se corroe f\u00e1cilmente, duradero<br \/>\nLa mayor ventaja del acero corten es su resistencia superior a la corrosi\u00f3n. Cuando se expone al aire y al agua, el acero corten forma una capa protectora de oxidaci\u00f3n \u00fanica que impide eficazmente la corrosi\u00f3n posterior. Frente a la lluvia, la nieve, la humedad o el sol, puede mantener una estructura y un aspecto estables. Este tono de \u00f3xido formado de forma natural no s\u00f3lo realza la belleza de la caja de luz, sino que tambi\u00e9n le confiere resistencia a la corrosi\u00f3n a largo plazo, eliminando la molestia de tener que sustituirla con frecuencia.<\/p>\n<p>2. Varios estilos, personalizaci\u00f3n de apoyo<br \/>\nProporcionamos Intemperie acero poste de luz variedad de estilos, apoyar la personalizaci\u00f3n personalizada **. Si usted necesita un dise\u00f1o simple y moderno, o un patr\u00f3n complejo o tallado de identidad de marca, cajas de luz de acero corten puede satisfacer sus necesidades. Su dise\u00f1o flexible y el proceso de producci\u00f3n le permite crear una caja de luz \u00fanica para usted de acuerdo a diferentes escenas y necesidades, ayudando a mejorar la imagen de marca o crear un ambiente \u00fanico espacio.<\/p>\n<p>3. Bajo coste de mantenimiento<br \/>\nLas farolas de acero intemperizado tienen unos costes de mantenimiento extremadamente bajos. Este material no requiere pintura adicional ni tratamiento protector, y la propia capa de \u00f3xido es su mejor barrera protectora. Basta con una simple limpieza diaria para mantener la funci\u00f3n y la belleza del poste de luz, lo que reduce enormemente los costes de mantenimiento a largo plazo.<\/p>\n<p>4 Larga vida \u00fatil<br \/>\nGracias a su gran durabilidad, la vida \u00fatil de las farolas de acero corten es mucho mayor que la de los materiales ordinarios. La robustez del acero corten y su resistencia a la intemperie lo convierten en una propiedad estable en entornos exteriores durante mucho tiempo, lo que lo convierte en una inversi\u00f3n a largo plazo que no solo es bonita y pr\u00e1ctica, sino que seguir\u00e1 sirvi\u00e9ndole durante muchos a\u00f1os.<\/p>\n<p><a href=\"https:\/\/keweicorten.com\/es\"><img fetchpriority=\"high\" decoding=\"async\" class=\"alignnone\" title=\"luz corten\" src=\"https:\/\/sc04.alicdn.com\/kf\/Hbfd36546659b40b8b1012ec41b13121bi\/235950374\/Hbfd36546659b40b8b1012ec41b13121bi.jpg\" alt=\"Entorno-frendly corten color bollard light corten garden lights corten outdoor wall lights\" width=\"650\" height=\"325\" \/><\/a><\/p>\n<p>&nbsp;<\/p>","protected":false},"excerpt":{"rendered":"<p>Si busca una caja de luz de exterior duradera, personalizada, de bajo mantenimiento y con una larga vida \u00fatil, la caja de luz de acero corten es sin duda la opci\u00f3n ideal. Su rendimiento superior y su dise\u00f1o elegante aportar\u00e1n belleza y funcionalidad duraderas a su proyecto.<\/p>","protected":false},"featured_media":1745,"comment_status":"open","ping_status":"closed","template":"","meta":{"_eb_attr":"","_monsterinsights_skip_tracking":false,"_monsterinsights_sitenote_active":false,"_monsterinsights_sitenote_note":"","_monsterinsights_sitenote_category":0,"_uf_show_specific_survey":0,"_uf_disable_surveys":false},"product_brand":[],"product_cat":[61],"product_tag":[],"class_list":{"0":"post-1744","1":"product","2":"type-product","3":"status-publish","4":"has-post-thumbnail","6":"product_cat-light-post","8":"first","9":"instock","10":"shipping-taxable","11":"product-type-simple"},"_links":{"self":[{"href":"https:\/\/keweicorten.com\/es\/wp-json\/wp\/v2\/product\/1744"}],"collection":[{"href":"https:\/\/keweicorten.com\/es\/wp-json\/wp\/v2\/product"}],"about":[{"href":"https:\/\/keweicorten.com\/es\/wp-json\/wp\/v2\/types\/product"}],"replies":[{"embeddable":true,"href":"https:\/\/keweicorten.com\/es\/wp-json\/wp\/v2\/comments?post=1744"}],"version-history":[{"count":1,"href":"https:\/\/keweicorten.com\/es\/wp-json\/wp\/v2\/product\/1744\/revisions"}],"predecessor-version":[{"id":1746,"href":"https:\/\/keweicorten.com\/es\/wp-json\/wp\/v2\/product\/1744\/revisions\/1746"}],"wp:featuredmedia":[{"embeddable":true,"href":"https:\/\/keweicorten.com\/es\/wp-json\/wp\/v2\/media\/1745"}],"wp:attachment":[{"href":"https:\/\/keweicorten.com\/es\/wp-json\/wp\/v2\/media?parent=1744"}],"wp:term":[{"taxonomy":"product_brand","embeddable":true,"href":"https:\/\/keweicorten.com\/es\/wp-json\/wp\/v2\/product_brand?post=1744"},{"taxonomy":"product_cat","embeddable":true,"href":"https:\/\/keweicorten.com\/es\/wp-json\/wp\/v2\/product_cat?post=1744"},{"taxonomy":"product_tag","embeddable":true,"href":"https:\/\/keweicorten.com\/es\/wp-json\/wp\/v2\/product_tag?post=1744"}],"curies":[{"name":"wp","href":"https:\/\/api.w.org\/{rel}","templated":true}]}}