{"id":1747,"date":"2024-10-18T07:48:03","date_gmt":"2024-10-18T07:48:03","guid":{"rendered":"https:\/\/keweicorten.com\/?post_type=product&#038;p=1747"},"modified":"2025-01-15T06:20:00","modified_gmt":"2025-01-15T06:20:00","slug":"parrilla-de-acero-corten-de-alta-calidad","status":"publish","type":"product","link":"https:\/\/keweicorten.com\/es\/parrilla-de-acero-corten-de-alta-calidad\/","title":{"rendered":"Parrilla de acero corten de alta calidad"},"content":{"rendered":"<div style=\"width: 800px;\" class=\"wp-video\"><!--[if lt IE 9]><script>document.createElement('video');<\/script><![endif]-->\n<video class=\"wp-video-shortcode\" id=\"video-1747-1\" width=\"800\" height=\"450\" loop=\"1\" preload=\"metadata\" controls=\"controls\"><source type=\"video\/mp4\" src=\"https:\/\/keweicorten.com\/wp-content\/uploads\/2024\/10\/corten-steel-BBQ-grill.mp4?_=1\" \/><a href=\"https:\/\/keweicorten.com\/wp-content\/uploads\/2024\/10\/corten-steel-BBQ-grill.mp4\">https:\/\/keweicorten.com\/wp-content\/uploads\/2024\/10\/corten-steel-BBQ-grill.mp4<\/a><\/video><\/div>\n<p>En la b\u00fasqueda de una alta calidad de vida hoy en d\u00eda, disponer de una barbacoa de acero corten de alta calidad duradera y f\u00e1cil de mantener se ha convertido en la primera opci\u00f3n para muchas familias. Nuestras parrillas de acero corten ofrecen una experiencia de asado inigualable gracias a su excelente resistencia a la corrosi\u00f3n, su dise\u00f1o f\u00e1cil de limpiar y su sencilla instalaci\u00f3n.<\/p>\n<ol>\n<li>Caracter\u00edsticas del producto<br \/>\nAcero resistente a la intemperie, fuerte y duradero<br \/>\nEl uso de material de acero resistente a la intemperie de alta calidad con una excelente resistencia a la corrosi\u00f3n, incluso en condiciones meteorol\u00f3gicas adversas puede mantener una buena apariencia y funci\u00f3n. Tanto en barbacoas al aire libre como en interiores, resistir\u00e1 el paso del tiempo.<\/li>\n<li>Dise\u00f1o f\u00e1cil de limpiar, ahorra tiempo y esfuerzo<br \/>\nSu dise\u00f1o exclusivo facilita enormemente la limpieza. Puede limpiar su grill en solo unos minutos, decir adi\u00f3s al tedioso proceso de limpieza y disponer de m\u00e1s tiempo para disfrutar de su comida.<\/li>\n<li>F\u00e1cil de instalar, c\u00f3modo y r\u00e1pido<br \/>\nLa instalaci\u00f3n es f\u00e1cil para cualquier persona sin necesidad de herramientas complejas ni conocimientos t\u00e9cnicos. Los sencillos pasos de montaje le permiten empezar a asar y disfrutar de deliciosas comidas en el menor tiempo posible.<\/li>\n<\/ol>\n<p>\u00bfPor qu\u00e9 elegirnos?<br \/>\nMaterial de alta calidad: el acero resistente a la intemperie garantiza una larga vida \u00fatil del producto.<br \/>\nDise\u00f1o f\u00e1cil de limpiar: Le permite disfrutar de la comida al mismo tiempo, reducir la molestia de la limpieza.<br \/>\nF\u00e1cil instalaci\u00f3n: Montaje r\u00e1pido para una diversi\u00f3n instant\u00e1nea en la barbacoa.<\/p>\n<p><a href=\"https:\/\/keweicorten.com\/es\"><img fetchpriority=\"high\" decoding=\"async\" class=\"alignnone\" title=\"parrilla de acero corten\" src=\"https:\/\/sc04.alicdn.com\/kf\/H4a94e032d1814121892c0ee8ba904035Y\/230328874\/H4a94e032d1814121892c0ee8ba904035Y.jpg\" alt=\"acero corten barbacoa parrilla personalizada, al por mayor, barato, para la venta keweicorten\" width=\"650\" height=\"433\" \/><\/a><\/p>\n<p><a href=\"https:\/\/keweicorten.com\/es\/producto\/pantallas-de-jardin-de-corten\/\"><img decoding=\"async\" class=\"alignnone\" src=\"https:\/\/sc04.alicdn.com\/kf\/Hb286da351b8f4b9b9b3970b3a8a63625w\/230328874\/Hb286da351b8f4b9b9b3970b3a8a63625w.jpg\" alt=\"acero corten barbacoa parrilla personalizada, al por mayor, barato, para la venta\" width=\"650\" height=\"650\" \/><\/a><\/p>\n<p>La parrilla Fire BBQ est\u00e1 fabricada en acero corten (o acero resistente a la intemperie), una aleaci\u00f3n que forma una capa de \u00f3xido de forma natural durante los primeros 9 meses de exposici\u00f3n a la intemperie. Curiosamente, debido a la composici\u00f3n de esta aleaci\u00f3n especial, esta capa de \u00f3xido forma una capa protectora que impide que se siga oxidando. El acero subyacente permanece intacto, ya que la capa exterior sigue protegiendo y regener\u00e1ndose a medida que se expone al agua y al ox\u00edgeno.<\/p>\n<p><a href=\"https:\/\/keweicorten.com\/es\"><img decoding=\"async\" class=\"alignnone\" title=\"corten bbq grill\" src=\"https:\/\/sc04.alicdn.com\/kf\/Hf12500ad95134ae791d1dd097784240aV\/230328874\/Hf12500ad95134ae791d1dd097784240aV.jpg\" alt=\"corten bbq grill F\u00e1brica,china,precio,fabricantes keweicorten\" width=\"650\" height=\"487\" \/><\/a><\/p>\n<p class=\"magic-28\" data-spm-anchor-id=\"a2700.details.0.i45.9c387fd44v8MUV\"><b><span class=\"magic-29\"><br \/>\n\u00bfPor qu\u00e9 elegirnos para cooperar?<\/span><\/b><b><\/b><\/p>\n<p class=\"magic-28\"><span class=\"magic-31\"><span class=\"magic-19\" style=\"color: #48916c;\">1. \u00bfCu\u00e1ntos dise\u00f1os tiene?<\/span><\/span><\/p>\n<div class=\"magic-28\">\n<p><span class=\"magic-31\"><span class=\"magic-19\">Actualmente, tenemos m\u00e1s de diez estilos de barbacoa parrillas de acero corten. Si usted necesita, hay <\/span><\/span><span class=\"magic-19\">no hay problema en personalizar las hogueras seg\u00fan sus necesidades.<\/span><\/p>\n<p class=\"magic-30\"><span class=\"magic-31\"><span style=\"color: #48916c;\">2. \u00bfCu\u00e1ntos a\u00f1os lleva haciendo hogueras? <\/span><\/span><\/p>\n<p class=\"magic-30\"><span class=\"magic-31\">Los fogones se fabrican desde hace m\u00e1s de 4 a\u00f1os.<\/span><\/p>\n<p class=\"magic-30\"><span style=\"color: #48916c;\"><span class=\"magic-31\">3. \u00bfPuede realizar el dise\u00f1o <\/span>\u00bfpara nosotros?<\/span><\/p>\n<p class=\"magic-30\"><span class=\"magic-31\">S\u00ed, por supuesto. Contamos con un equipo de profesionales con amplia experiencia en dise\u00f1o y fabricaci\u00f3n. S\u00f3lo tiene que enviarnos el <span style=\"color: #000000;\">dibujos de <\/span><\/span><span style=\"color: #000000;\">las hogueras que necesita o las fotos con el tama\u00f1o.<\/span><\/p>\n<p class=\"magic-30\"><span class=\"magic-31\"><span style=\"color: #48916c;\">4. \u00bfQu\u00e9 es el paquete de hogueras?<\/span><\/span><\/p>\n<p class=\"magic-30\"><span class=\"magic-31\">Caja de madera contrachapada, paleta de hierro, paleta de madera contrachapada y seg\u00fan los requisitos del cliente.<\/span><\/p>\n<\/div>","protected":false},"excerpt":{"rendered":"<p>Al elegir nuestras parrillas de acero resistente a la intemperie, no s\u00f3lo est\u00e1 eligiendo una alta calidad de vida, sino tambi\u00e9n la combinaci\u00f3n perfecta de comodidad y durabilidad. Disfrutemos juntos de la diversi\u00f3n de la barbacoa: \u00a1compre ahora y comience su viaje culinario!<\/p>","protected":false},"featured_media":1748,"comment_status":"open","ping_status":"closed","template":"","meta":{"_eb_attr":"","_monsterinsights_skip_tracking":false,"_monsterinsights_sitenote_active":false,"_monsterinsights_sitenote_note":"","_monsterinsights_sitenote_category":0,"_uf_show_specific_survey":0,"_uf_disable_surveys":false},"product_brand":[],"product_cat":[63],"product_tag":[],"class_list":{"0":"post-1747","1":"product","2":"type-product","3":"status-publish","4":"has-post-thumbnail","6":"product_cat-steel-bbq-grill","8":"first","9":"instock","10":"shipping-taxable","11":"product-type-simple"},"_links":{"self":[{"href":"https:\/\/keweicorten.com\/es\/wp-json\/wp\/v2\/product\/1747"}],"collection":[{"href":"https:\/\/keweicorten.com\/es\/wp-json\/wp\/v2\/product"}],"about":[{"href":"https:\/\/keweicorten.com\/es\/wp-json\/wp\/v2\/types\/product"}],"replies":[{"embeddable":true,"href":"https:\/\/keweicorten.com\/es\/wp-json\/wp\/v2\/comments?post=1747"}],"version-history":[{"count":2,"href":"https:\/\/keweicorten.com\/es\/wp-json\/wp\/v2\/product\/1747\/revisions"}],"predecessor-version":[{"id":1756,"href":"https:\/\/keweicorten.com\/es\/wp-json\/wp\/v2\/product\/1747\/revisions\/1756"}],"wp:featuredmedia":[{"embeddable":true,"href":"https:\/\/keweicorten.com\/es\/wp-json\/wp\/v2\/media\/1748"}],"wp:attachment":[{"href":"https:\/\/keweicorten.com\/es\/wp-json\/wp\/v2\/media?parent=1747"}],"wp:term":[{"taxonomy":"product_brand","embeddable":true,"href":"https:\/\/keweicorten.com\/es\/wp-json\/wp\/v2\/product_brand?post=1747"},{"taxonomy":"product_cat","embeddable":true,"href":"https:\/\/keweicorten.com\/es\/wp-json\/wp\/v2\/product_cat?post=1747"},{"taxonomy":"product_tag","embeddable":true,"href":"https:\/\/keweicorten.com\/es\/wp-json\/wp\/v2\/product_tag?post=1747"}],"curies":[{"name":"wp","href":"https:\/\/api.w.org\/{rel}","templated":true}]}}