{"id":1817,"date":"2024-10-25T06:37:18","date_gmt":"2024-10-25T06:37:18","guid":{"rendered":"https:\/\/keweicorten.com\/?post_type=product&#038;p=1817"},"modified":"2025-01-15T06:20:14","modified_gmt":"2025-01-15T06:20:14","slug":"jardinera-de-corten","status":"publish","type":"product","link":"https:\/\/keweicorten.com\/es\/jardinera-de-corten\/","title":{"rendered":"maceta de corten"},"content":{"rendered":"<div data-elementor-type=\"product-post\" data-elementor-id=\"1817\" class=\"elementor elementor-1817\" data-elementor-post-type=\"product\">\n\t\t\t\t<div class=\"elementor-element elementor-element-458aff07 e-flex e-con-boxed e-con e-parent\" data-id=\"458aff07\" data-element_type=\"container\">\n\t\t\t\t\t<div class=\"e-con-inner\">\n\t\t\t\t<div class=\"elementor-element elementor-element-7189a10 elementor-widget__width-initial elementor-widget elementor-widget-video\" data-id=\"7189a10\" data-element_type=\"widget\" data-settings=\"{&quot;youtube_url&quot;:&quot;https:\\\/\\\/www.youtube.com\\\/watch?v=XHOmBV4js_E&quot;,&quot;video_type&quot;:&quot;youtube&quot;,&quot;controls&quot;:&quot;yes&quot;}\" data-widget_type=\"video.default\">\n\t\t\t\t<div class=\"elementor-widget-container\">\n\t\t\t\t\t\t\t<div class=\"elementor-wrapper elementor-open-inline\">\n\t\t\t<div class=\"elementor-video\"><\/div>\t\t<\/div>\n\t\t\t\t\t\t<\/div>\n\t\t\t\t<\/div>\n\t\t\t\t<div class=\"elementor-element elementor-element-adaf943 elementor-widget elementor-widget-video\" data-id=\"adaf943\" data-element_type=\"widget\" data-settings=\"{&quot;youtube_url&quot;:&quot;https:\\\/\\\/www.youtube.com\\\/watch?v=of5nKoMGgLE&quot;,&quot;autoplay&quot;:&quot;yes&quot;,&quot;play_on_mobile&quot;:&quot;yes&quot;,&quot;loop&quot;:&quot;yes&quot;,&quot;video_type&quot;:&quot;youtube&quot;,&quot;controls&quot;:&quot;yes&quot;}\" data-widget_type=\"video.default\">\n\t\t\t\t<div class=\"elementor-widget-container\">\n\t\t\t\t\t\t\t<div class=\"elementor-wrapper elementor-open-inline\">\n\t\t\t<div class=\"elementor-video\"><\/div>\t\t<\/div>\n\t\t\t\t\t\t<\/div>\n\t\t\t\t<\/div>\n\t\t\t\t<div class=\"elementor-element elementor-element-2a730689 elementor-widget elementor-widget-text-editor\" data-id=\"2a730689\" data-element_type=\"widget\" data-widget_type=\"text-editor.default\">\n\t\t\t\t<div class=\"elementor-widget-container\">\n\t\t\t\t\t\t\t\t\t<h2 style=\"text-align: center;\">Jardinera de acero corten grande, moderna y rectangular<\/h2><div>\u00a0<\/div><p style=\"text-align: center;\"><a href=\"https:\/\/keweicorten.com\/es\"><img fetchpriority=\"high\" decoding=\"async\" class=\"alignnone\" title=\"jardinera de corten\" src=\"https:\/\/sc04.alicdn.com\/kf\/H86a52c3fadb744d0affd725582820c2fO\/235950374\/H86a52c3fadb744d0affd725582820c2fO.jpg\" alt=\"macetero de corten al por mayor, barato, en venta, en stock keweicorten\" width=\"750\" height=\"384\" \/><\/a><\/p><p style=\"text-align: center;\">Resistencia a la intemperie: las macetas de corten tienen una excelente resistencia a la corrosi\u00f3n y son adecuadas para su uso en diversos entornos exteriores.<\/p><p style=\"text-align: center;\">Aspecto y color: La superficie de la maceta es de color rojo \u00f3xido natural, lo que le confiere una belleza \u00fanica.<\/p><p style=\"text-align: center;\">Grosor y peso: La maceta est\u00e1 fabricada con chapa de acero resistente a la intemperie del grosor adecuado, que es a la vez resistente y f\u00e1cil de manejar y utilizar.<\/p><p style=\"text-align: center;\">Precio: El precio de una maceta de corten es relativamente alto, pero su durabilidad y est\u00e9tica la convierten en una inversi\u00f3n a largo plazo.<\/p><p style=\"text-align: center;\">Tama\u00f1os y formas: las macetas de corten est\u00e1n disponibles en varios tama\u00f1os y formas para adaptarse a las distintas plantas y necesidades decorativas.<\/p><p style=\"text-align: center;\">Tratamiento de la superficie: La superficie de la maceta est\u00e1 especialmente tratada para formar una capa protectora de \u00f3xido, que mejora su resistencia a la intemperie y su est\u00e9tica.<\/p><p style=\"text-align: center;\">\u00a0<\/p><p style=\"text-align: center;\">\u00a0<\/p><p style=\"text-align: left;\">\u00a0<\/p>\t\t\t\t\t\t\t\t<\/div>\n\t\t\t\t<\/div>\n\t\t<div class=\"elementor-element elementor-element-ab532f1 e-con-full e-flex e-con e-child\" data-id=\"ab532f1\" data-element_type=\"container\">\n\t\t\t\t<div class=\"elementor-element elementor-element-9769c36 elementor-widget__width-initial elementor-widget elementor-widget-text-editor\" data-id=\"9769c36\" data-element_type=\"widget\" data-widget_type=\"text-editor.default\">\n\t\t\t\t<div class=\"elementor-widget-container\">\n\t\t\t\t\t\t\t\t\t<div>Dise\u00f1o sencillo y limpio.<\/div><div>\u00a0<\/div><div>\u00a0<\/div><div><span style=\"color: #000000;\">Construido a partir de 12 GA Cor-<\/span><span style=\"color: #000000;\">Ten Steel.<\/span><\/div><div>\u00a0<\/div><div>\u00a0<\/div><div><span style=\"color: #000000;\">Disponible con o sin orificios de drenaje.<\/span><\/div><div>\u00a0<\/div><div>\u00a0<\/div><div><span style=\"color: #000000;\">Excelente durabilidad en exteriores.<\/span><\/div><div><span style=\"color: #000000;\"> Se env\u00eda sin desgastar.<\/span><\/div><div>\u00a0<\/div><div>\u00a0<\/div><div><span style=\"color: #000000;\">Tama\u00f1os personalizados disponibles.<\/span><\/div>\t\t\t\t\t\t\t\t<\/div>\n\t\t\t\t<\/div>\n\t\t\t\t<div class=\"elementor-element elementor-element-87b57e3 elementor-widget elementor-widget-image\" data-id=\"87b57e3\" data-element_type=\"widget\" data-widget_type=\"image.default\">\n\t\t\t\t<div class=\"elementor-widget-container\">\n\t\t\t\t\t\t\t\t\t\t\t\t\t\t\t<img decoding=\"async\" width=\"750\" height=\"750\" src=\"https:\/\/keweicorten.com\/wp-content\/uploads\/2024\/10\/\u5fae\u4fe1\u56fe\u7247_20230707153408.jpg\" class=\"attachment-large size-large wp-image-1822\" alt=\"\" srcset=\"https:\/\/keweicorten.com\/wp-content\/uploads\/2024\/10\/\u5fae\u4fe1\u56fe\u7247_20230707153408.jpg 750w, https:\/\/keweicorten.com\/wp-content\/uploads\/2024\/10\/\u5fae\u4fe1\u56fe\u7247_20230707153408-300x300.jpg 300w, https:\/\/keweicorten.com\/wp-content\/uploads\/2024\/10\/\u5fae\u4fe1\u56fe\u7247_20230707153408-150x150.jpg 150w, https:\/\/keweicorten.com\/wp-content\/uploads\/2024\/10\/\u5fae\u4fe1\u56fe\u7247_20230707153408-12x12.jpg 12w, https:\/\/keweicorten.com\/wp-content\/uploads\/2024\/10\/\u5fae\u4fe1\u56fe\u7247_20230707153408-600x600.jpg 600w, https:\/\/keweicorten.com\/wp-content\/uploads\/2024\/10\/\u5fae\u4fe1\u56fe\u7247_20230707153408-100x100.jpg 100w\" sizes=\"(max-width: 750px) 100vw, 750px\" \/>\t\t\t\t\t\t\t\t\t\t\t\t\t\t\t<\/div>\n\t\t\t\t<\/div>\n\t\t\t\t<\/div>\n\t\t<div class=\"elementor-element elementor-element-bb75c07 e-con-full e-flex e-con e-child\" data-id=\"bb75c07\" data-element_type=\"container\">\n\t\t\t\t<div class=\"elementor-element elementor-element-e8f5e39 elementor-widget__width-initial elementor-widget elementor-widget-image\" data-id=\"e8f5e39\" data-element_type=\"widget\" data-widget_type=\"image.default\">\n\t\t\t\t<div class=\"elementor-widget-container\">\n\t\t\t\t\t\t\t\t\t\t\t\t<figure class=\"wp-caption\">\n\t\t\t\t\t\t\t\t\t\t<img decoding=\"async\" width=\"564\" height=\"564\" src=\"https:\/\/keweicorten.com\/wp-content\/uploads\/2024\/10\/a2df.jpg\" class=\"attachment-large size-large wp-image-1821\" alt=\"\" srcset=\"https:\/\/keweicorten.com\/wp-content\/uploads\/2024\/10\/a2df.jpg 564w, https:\/\/keweicorten.com\/wp-content\/uploads\/2024\/10\/a2df-300x300.jpg 300w, https:\/\/keweicorten.com\/wp-content\/uploads\/2024\/10\/a2df-150x150.jpg 150w, https:\/\/keweicorten.com\/wp-content\/uploads\/2024\/10\/a2df-12x12.jpg 12w, https:\/\/keweicorten.com\/wp-content\/uploads\/2024\/10\/a2df-100x100.jpg 100w\" sizes=\"(max-width: 564px) 100vw, 564px\" \/>\t\t\t\t\t\t\t\t\t\t\t<figcaption class=\"widget-image-caption wp-caption-text\"><\/figcaption>\n\t\t\t\t\t\t\t\t\t\t<\/figure>\n\t\t\t\t\t\t\t\t\t<\/div>\n\t\t\t\t<\/div>\n\t\t\t\t<div class=\"elementor-element elementor-element-0c0063a elementor-widget__width-initial elementor-widget elementor-widget-text-editor\" data-id=\"0c0063a\" data-element_type=\"widget\" data-widget_type=\"text-editor.default\">\n\t\t\t\t<div class=\"elementor-widget-container\">\n\t\t\t\t\t\t\t\t\t<p><b data-spm-anchor-id=\"a2700.details.0.i41.5cc33fd8mJPIfQ\">5 a\u00f1os de garant\u00eda del fabricante<\/b> - Para su tranquilidad<\/p><p>\u00a0<\/p><p><b>Alta resistencia a la corrosi\u00f3n<\/b> - El acero corten resiste todas las condiciones meteorol\u00f3gicas sin necesidad de mantenimiento. Una vez que adquiere su color marr\u00f3n anaranjado, esta fina capa de oxidaci\u00f3n protege al acero de la corrosi\u00f3n.<\/p><p>\u00a0<\/p><p><b>Aplicaci\u00f3n<\/b> - Ideal para uso residencial y comercial<\/p>\t\t\t\t\t\t\t\t<\/div>\n\t\t\t\t<\/div>\n\t\t\t\t<\/div>\n\t\t\t\t\t<\/div>\n\t\t\t\t<\/div>\n\t\t\t\t<\/div>","protected":false},"excerpt":{"rendered":"<p>Maceteros de acero corten, de dise\u00f1o moderno y estilo natural, duraderos y bonitos, ideales para realzar su entorno exterior.<\/p>","protected":false},"featured_media":1816,"comment_status":"open","ping_status":"closed","template":"","meta":{"_eb_attr":"","_monsterinsights_skip_tracking":false,"_monsterinsights_sitenote_active":false,"_monsterinsights_sitenote_note":"","_monsterinsights_sitenote_category":0,"_uf_show_specific_survey":0,"_uf_disable_surveys":false},"product_brand":[],"product_cat":[59],"product_tag":[],"class_list":{"0":"post-1817","1":"product","2":"type-product","3":"status-publish","4":"has-post-thumbnail","6":"product_cat-flower-pot","8":"first","9":"instock","10":"shipping-taxable","11":"product-type-simple"},"_links":{"self":[{"href":"https:\/\/keweicorten.com\/es\/wp-json\/wp\/v2\/product\/1817"}],"collection":[{"href":"https:\/\/keweicorten.com\/es\/wp-json\/wp\/v2\/product"}],"about":[{"href":"https:\/\/keweicorten.com\/es\/wp-json\/wp\/v2\/types\/product"}],"replies":[{"embeddable":true,"href":"https:\/\/keweicorten.com\/es\/wp-json\/wp\/v2\/comments?post=1817"}],"version-history":[{"count":9,"href":"https:\/\/keweicorten.com\/es\/wp-json\/wp\/v2\/product\/1817\/revisions"}],"predecessor-version":[{"id":1866,"href":"https:\/\/keweicorten.com\/es\/wp-json\/wp\/v2\/product\/1817\/revisions\/1866"}],"wp:featuredmedia":[{"embeddable":true,"href":"https:\/\/keweicorten.com\/es\/wp-json\/wp\/v2\/media\/1816"}],"wp:attachment":[{"href":"https:\/\/keweicorten.com\/es\/wp-json\/wp\/v2\/media?parent=1817"}],"wp:term":[{"taxonomy":"product_brand","embeddable":true,"href":"https:\/\/keweicorten.com\/es\/wp-json\/wp\/v2\/product_brand?post=1817"},{"taxonomy":"product_cat","embeddable":true,"href":"https:\/\/keweicorten.com\/es\/wp-json\/wp\/v2\/product_cat?post=1817"},{"taxonomy":"product_tag","embeddable":true,"href":"https:\/\/keweicorten.com\/es\/wp-json\/wp\/v2\/product_tag?post=1817"}],"curies":[{"name":"wp","href":"https:\/\/api.w.org\/{rel}","templated":true}]}}