{"id":1885,"date":"2024-11-01T07:23:46","date_gmt":"2024-11-01T07:23:46","guid":{"rendered":"https:\/\/keweicorten.com\/?post_type=product&#038;p=1885"},"modified":"2025-01-15T06:20:28","modified_gmt":"2025-01-15T06:20:28","slug":"paneles-corten-para-jardin","status":"publish","type":"product","link":"https:\/\/keweicorten.com\/es\/paneles-corten-para-jardin\/","title":{"rendered":"Paneles de pantalla corten para jard\u00edn"},"content":{"rendered":"<h3>Aplicaciones:<\/h3>\n<ol>\n<li><strong>Decoraci\u00f3n de jardines<\/strong>: Realce el atractivo est\u00e9tico de jardines y espacios exteriores.<\/li>\n<li><strong>Mamparas de privacidad<\/strong>: Proporcionan privacidad en zonas exteriores como patios y jardines.<\/li>\n<li><strong>Separadores de ambientes<\/strong>: Se utiliza en interiores para dividir grandes salas en espacios m\u00e1s peque\u00f1os e \u00edntimos.<\/li>\n<li><strong>Paneles para vallas<\/strong>: Sirven como paneles de valla decorativos para a\u00f1adir estilo a las vallas delimitadoras.<\/li>\n<li><strong>Espacios p\u00fablicos<\/strong>: Se utiliza en parques, hoteles y otras zonas p\u00fablicas tanto por su decoraci\u00f3n como por su funcionalidad.<\/li>\n<\/ol>\n<div style=\"width: 800px;\" class=\"wp-video\"><!--[if lt IE 9]><script>document.createElement('video');<\/script><![endif]-->\n<video class=\"wp-video-shortcode\" id=\"video-1885-1\" width=\"800\" height=\"450\" preload=\"metadata\" controls=\"controls\"><source type=\"video\/mp4\" src=\"https:\/\/keweicorten.com\/wp-content\/uploads\/2024\/11\/K0GAlx1UoclzZBzXNrz_355554522488_mp4_264_hd_unlimit_taobao.mp4?_=1\" \/><a href=\"https:\/\/keweicorten.com\/wp-content\/uploads\/2024\/11\/K0GAlx1UoclzZBzXNrz_355554522488_mp4_264_hd_unlimit_taobao.mp4\">https:\/\/keweicorten.com\/wp-content\/uploads\/2024\/11\/K0GAlx1UoclzZBzXNrz_355554522488_mp4_264_hd_unlimit_taobao.mp4<\/a><\/video><\/div>\n<ul>\n<li>\u00a0Grosor : El grosor habitual es de 8 mm, 10 mm, 12 mm, 14 mm, 16 mm, 18 mm, 20 mm, 22 mm, 25 mm, 30 mm, 40 mm, 50 mm, 60 mm, etc.<\/li>\n<li>\u00a0Tama\u00f1o : La anchura no suele superar los 5 metros, la altura no suele superar los 4 metros. Si se excede este tama\u00f1o, por lo general es necesario cortar el objeto, chapado en color, y luego empalmado.<\/li>\n<li>Proceso de soldadura: Existen dos procesos de soldadura principales para las pantallas de acero resistente a la intemperie:<br \/>\n- Soldadura completa : Todos los lugares de contacto de las dos piezas listas para soldarse se sueldan por fusi\u00f3n, de modo que la superficie no puede ver la soldadura, y la transici\u00f3n natural entre las dos partes soldadas.<br \/>\n- Soldadura por puntos : Se a\u00f1aden juntas de soldadura en el lateral de la pieza para conectar las dos partes, y el hueco entre las dos partes es visible en la parte delantera.<\/li>\n<li>Tratamiento de la superficie: Las pantallas de acero para intemperie suelen necesitar un tratamiento superficial, como el chapado al vac\u00edo o el chapado al agua (m\u00e9todo tradicional de galvanoplastia), para mejorar su resistencia a la intemperie y su belleza.<\/li>\n<li>Material : Acero com\u00fan resistente a la intemperie.<\/li>\n<\/ul>\n<p><a href=\"https:\/\/keweicorten.com\/es\"><img fetchpriority=\"high\" decoding=\"async\" class=\"alignnone wp-image-1892 size-full\" title=\"panel de pantalla corten\" src=\"https:\/\/keweicorten.com\/wp-content\/uploads\/2024\/11\/\u5fae\u4fe1\u56fe\u7247_20231012150619.jpg\" alt=\"panel de pantalla corten\" width=\"750\" height=\"624\" srcset=\"https:\/\/keweicorten.com\/wp-content\/uploads\/2024\/11\/\u5fae\u4fe1\u56fe\u7247_20231012150619.jpg 750w, https:\/\/keweicorten.com\/wp-content\/uploads\/2024\/11\/\u5fae\u4fe1\u56fe\u7247_20231012150619-300x250.jpg 300w, https:\/\/keweicorten.com\/wp-content\/uploads\/2024\/11\/\u5fae\u4fe1\u56fe\u7247_20231012150619-14x12.jpg 14w, https:\/\/keweicorten.com\/wp-content\/uploads\/2024\/11\/\u5fae\u4fe1\u56fe\u7247_20231012150619-600x499.jpg 600w\" sizes=\"(max-width: 750px) 100vw, 750px\" \/><\/a><\/p>","protected":false},"excerpt":{"rendered":"<p>Las especificaciones concretas pueden ajustarse y personalizarse seg\u00fan las necesidades del proyecto real. Si tiene necesidades especiales, se recomienda ponerse en contacto directamente con el fabricante para una consulta detallada.<\/p>","protected":false},"featured_media":1886,"comment_status":"open","ping_status":"closed","template":"","meta":{"_eb_attr":"","_monsterinsights_skip_tracking":false,"_monsterinsights_sitenote_active":false,"_monsterinsights_sitenote_note":"","_monsterinsights_sitenote_category":0,"_uf_show_specific_survey":0,"_uf_disable_surveys":false},"product_brand":[],"product_cat":[57],"product_tag":[],"class_list":{"0":"post-1885","1":"product","2":"type-product","3":"status-publish","4":"has-post-thumbnail","6":"product_cat-screen-panel","8":"first","9":"instock","10":"shipping-taxable","11":"product-type-simple"},"_links":{"self":[{"href":"https:\/\/keweicorten.com\/es\/wp-json\/wp\/v2\/product\/1885"}],"collection":[{"href":"https:\/\/keweicorten.com\/es\/wp-json\/wp\/v2\/product"}],"about":[{"href":"https:\/\/keweicorten.com\/es\/wp-json\/wp\/v2\/types\/product"}],"replies":[{"embeddable":true,"href":"https:\/\/keweicorten.com\/es\/wp-json\/wp\/v2\/comments?post=1885"}],"version-history":[{"count":1,"href":"https:\/\/keweicorten.com\/es\/wp-json\/wp\/v2\/product\/1885\/revisions"}],"predecessor-version":[{"id":1894,"href":"https:\/\/keweicorten.com\/es\/wp-json\/wp\/v2\/product\/1885\/revisions\/1894"}],"wp:featuredmedia":[{"embeddable":true,"href":"https:\/\/keweicorten.com\/es\/wp-json\/wp\/v2\/media\/1886"}],"wp:attachment":[{"href":"https:\/\/keweicorten.com\/es\/wp-json\/wp\/v2\/media?parent=1885"}],"wp:term":[{"taxonomy":"product_brand","embeddable":true,"href":"https:\/\/keweicorten.com\/es\/wp-json\/wp\/v2\/product_brand?post=1885"},{"taxonomy":"product_cat","embeddable":true,"href":"https:\/\/keweicorten.com\/es\/wp-json\/wp\/v2\/product_cat?post=1885"},{"taxonomy":"product_tag","embeddable":true,"href":"https:\/\/keweicorten.com\/es\/wp-json\/wp\/v2\/product_tag?post=1885"}],"curies":[{"name":"wp","href":"https:\/\/api.w.org\/{rel}","templated":true}]}}