{"id":1910,"date":"2024-11-05T07:46:19","date_gmt":"2024-11-05T07:46:19","guid":{"rendered":"https:\/\/keweicorten.com\/?post_type=product&#038;p=1910"},"modified":"2025-01-15T06:20:40","modified_gmt":"2025-01-15T06:20:40","slug":"parrilla-exterior-corten-bbq","status":"publish","type":"product","link":"https:\/\/keweicorten.com\/es\/parrilla-exterior-corten-bbq\/","title":{"rendered":"Parrilla exterior Corten BBQ"},"content":{"rendered":"<p>La barbacoa Outdoor Grill Corten tiene una tabla de cocci\u00f3n de 10 mm de grosor y puede tener 1000 mm u 850 mm de di\u00e1metro. Calentar la tabla a unos 300\u02daC a trav\u00e9s de un fuego de le\u00f1a en la olla caliente (carb\u00f3n tambi\u00e9n es posible, pero menos interesante porque no da la llama y no huele a humo). Empezar a planchar con aceite y cocinar. Gran superficie de cocci\u00f3n.<\/p>\n<table>\n<tbody>\n<tr>\n<td>Marca<\/td>\n<td>Jard\u00edn SHKW<\/td>\n<td>Aplicaci\u00f3n<\/td>\n<td>Mesa para hoguera al aire libre<\/td>\n<\/tr>\n<tr>\n<td>Capacidad de producci\u00f3n<\/td>\n<td>10000 juegos al mes<\/td>\n<td>Palabras clave<\/td>\n<td>Barbacoa de carb\u00f3n<\/td>\n<\/tr>\n<tr>\n<td>Origen<\/td>\n<td>China<\/td>\n<td>Tipo de parrilla<\/td>\n<td>Parrillas de carb\u00f3n<\/td>\n<\/tr>\n<tr>\n<td>Nombre del producto<\/td>\n<td>Parrilla exterior Corten BBQ<\/td>\n<td>Dispositivo de seguridad<\/td>\n<td>Dispositivo de seguridad contra llamas<\/td>\n<\/tr>\n<tr>\n<td>Tipo de metal<\/td>\n<td>Acero<\/td>\n<td>Material<\/td>\n<td>Corten<\/td>\n<\/tr>\n<tr>\n<td>Caracter\u00edstica<\/td>\n<td>F\u00e1cil montaje, f\u00e1cil limpieza, carro<\/td>\n<td>Utilizaci\u00f3n<\/td>\n<td>Cocina - Hornear - Barbacoa<\/td>\n<\/tr>\n<tr>\n<td>Combustible<\/td>\n<td>Carb\u00f3n vegetal<\/td>\n<td>Descripci\u00f3n<\/td>\n<td>Parrilla Barbacoa de Carb\u00f3n<\/td>\n<\/tr>\n<\/tbody>\n<\/table>\n<p><a href=\"https:\/\/keweicorten.com\/es\/categoria-de-productos\/foso-de-fuego\/\"><img fetchpriority=\"high\" decoding=\"async\" class=\"alignnone\" title=\"Parrilla exterior Corten BBQ\" src=\"https:\/\/sc04.alicdn.com\/kf\/Habd862920bd5488eab74e502cd481a56f\/276463663\/Habd862920bd5488eab74e502cd481a56f.jpg\" alt=\"Parrilla al aire libre Corten BBQ personalizada, al por mayor, barato-keweicorten\" width=\"517\" height=\"517\" \/><\/a><\/p>\n<p>Una parrilla con verduras frescas, rodeada de grava, ofrece un bello escenario para una barbacoa al aire libre.<\/p>\n<div class=\"sr-txt-title\">\n<p class=\"sr-txt-h2\">Embalaje y entrega<\/p>\n<\/div>\n<div class=\"sr-layout-content\">\n<div class=\"basic-info-list\">\n<div class=\"bsc-item full cf\">\n<div class=\"bac-item-label fl\">Tama\u00f1o del paquete\uff1a100,00cm * 100,00cm * 100,00cm<\/div>\n<\/div>\n<div class=\"bsc-item full cf\">\n<div class=\"bac-item-label fl\">Peso bruto del paquete\uff1a50.000kg<\/div>\n<div><a href=\"https:\/\/keweicorten.com\/es\/categoria-de-productos\/foso-de-fuego\/\"><img decoding=\"async\" class=\"alignnone wp-image-1914 size-full\" title=\" corten bbq grill\" src=\"https:\/\/keweicorten.com\/wp-content\/uploads\/2024\/11\/\u5fae\u4fe1\u56fe\u7247_20241105154209.jpg\" alt=\" corten bbq grill al por mayor, barato, en venta, en stock.\" width=\"700\" height=\"300\" srcset=\"https:\/\/keweicorten.com\/wp-content\/uploads\/2024\/11\/\u5fae\u4fe1\u56fe\u7247_20241105154209.jpg 700w, https:\/\/keweicorten.com\/wp-content\/uploads\/2024\/11\/\u5fae\u4fe1\u56fe\u7247_20241105154209-300x129.jpg 300w, https:\/\/keweicorten.com\/wp-content\/uploads\/2024\/11\/\u5fae\u4fe1\u56fe\u7247_20241105154209-18x8.jpg 18w, https:\/\/keweicorten.com\/wp-content\/uploads\/2024\/11\/\u5fae\u4fe1\u56fe\u7247_20241105154209-600x257.jpg 600w\" sizes=\"(max-width: 700px) 100vw, 700px\" \/><\/a><\/div>\n<p><strong>Parrilla exterior Corten BBQ Caracter\u00edsticas principales:<\/strong><\/p>\n<p>Acero resistente a la intemperie<br \/>\nDise\u00f1o port\u00e1til<br \/>\nEstructura compacta<br \/>\nF\u00e1cil de limpiar<br \/>\nAlta seguridad<br \/>\nGran durabilidad<br \/>\nBajo coste de mantenimiento<br \/>\nProtecci\u00f3n del medio ambiente y ahorro de energ\u00eda<br \/>\nUso multifuncional<\/p>\n<p><a href=\"https:\/\/keweicorten.com\/es\/categoria-de-productos\/foso-de-fuego\/\"><img decoding=\"async\" class=\"alignnone wp-image-1915 size-full\" title=\"Parrilla exterior Corten BBQ\" src=\"https:\/\/keweicorten.com\/wp-content\/uploads\/2024\/11\/\u5fae\u4fe1\u56fe\u7247_20241105154214.jpg\" alt=\" Parrilla al aire libre Corten BBQ al por mayor, barato, para la venta, en stock.-keweicorten\" width=\"700\" height=\"300\" srcset=\"https:\/\/keweicorten.com\/wp-content\/uploads\/2024\/11\/\u5fae\u4fe1\u56fe\u7247_20241105154214.jpg 700w, https:\/\/keweicorten.com\/wp-content\/uploads\/2024\/11\/\u5fae\u4fe1\u56fe\u7247_20241105154214-300x129.jpg 300w, https:\/\/keweicorten.com\/wp-content\/uploads\/2024\/11\/\u5fae\u4fe1\u56fe\u7247_20241105154214-18x8.jpg 18w, https:\/\/keweicorten.com\/wp-content\/uploads\/2024\/11\/\u5fae\u4fe1\u56fe\u7247_20241105154214-600x257.jpg 600w\" sizes=\"(max-width: 700px) 100vw, 700px\" \/><\/a><\/p>\n<\/div>\n<\/div>\n<\/div>","protected":false},"excerpt":{"rendered":"<p>Portable Outdoor Grill Corten BBQ es un aparato de barbacoa dise\u00f1ado para su uso en exteriores. El acero corten se utiliza ampliamente en la fabricaci\u00f3n de equipos para exteriores por su resistencia a la corrosi\u00f3n y a la intemperie.<\/p>","protected":false},"featured_media":1912,"comment_status":"open","ping_status":"closed","template":"","meta":{"_eb_attr":"","_monsterinsights_skip_tracking":false,"_monsterinsights_sitenote_active":false,"_monsterinsights_sitenote_note":"","_monsterinsights_sitenote_category":0,"_uf_show_specific_survey":0,"_uf_disable_surveys":false},"product_brand":[],"product_cat":[63],"product_tag":[],"class_list":{"0":"post-1910","1":"product","2":"type-product","3":"status-publish","4":"has-post-thumbnail","6":"product_cat-steel-bbq-grill","8":"first","9":"instock","10":"shipping-taxable","11":"product-type-simple"},"_links":{"self":[{"href":"https:\/\/keweicorten.com\/es\/wp-json\/wp\/v2\/product\/1910"}],"collection":[{"href":"https:\/\/keweicorten.com\/es\/wp-json\/wp\/v2\/product"}],"about":[{"href":"https:\/\/keweicorten.com\/es\/wp-json\/wp\/v2\/types\/product"}],"replies":[{"embeddable":true,"href":"https:\/\/keweicorten.com\/es\/wp-json\/wp\/v2\/comments?post=1910"}],"version-history":[{"count":1,"href":"https:\/\/keweicorten.com\/es\/wp-json\/wp\/v2\/product\/1910\/revisions"}],"predecessor-version":[{"id":1916,"href":"https:\/\/keweicorten.com\/es\/wp-json\/wp\/v2\/product\/1910\/revisions\/1916"}],"wp:featuredmedia":[{"embeddable":true,"href":"https:\/\/keweicorten.com\/es\/wp-json\/wp\/v2\/media\/1912"}],"wp:attachment":[{"href":"https:\/\/keweicorten.com\/es\/wp-json\/wp\/v2\/media?parent=1910"}],"wp:term":[{"taxonomy":"product_brand","embeddable":true,"href":"https:\/\/keweicorten.com\/es\/wp-json\/wp\/v2\/product_brand?post=1910"},{"taxonomy":"product_cat","embeddable":true,"href":"https:\/\/keweicorten.com\/es\/wp-json\/wp\/v2\/product_cat?post=1910"},{"taxonomy":"product_tag","embeddable":true,"href":"https:\/\/keweicorten.com\/es\/wp-json\/wp\/v2\/product_tag?post=1910"}],"curies":[{"name":"wp","href":"https:\/\/api.w.org\/{rel}","templated":true}]}}