{"id":3040,"date":"2024-12-26T06:45:28","date_gmt":"2024-12-26T06:45:28","guid":{"rendered":"https:\/\/keweicorten.com\/?post_type=product&#038;p=3040"},"modified":"2025-01-15T06:09:07","modified_gmt":"2025-01-15T06:09:07","slug":"luces-solares-para-el-patio-trasero","status":"publish","type":"product","link":"https:\/\/keweicorten.com\/es\/luces-solares-para-el-patio-trasero\/","title":{"rendered":"luces solares para el patio trasero"},"content":{"rendered":"<h3 data-pm-slice=\"1 1 []\">Luces solares para patios traseros: Gu\u00eda completa<\/h3>\n<p>Las l\u00e1mparas solares son una forma fant\u00e1stica de iluminar el jard\u00edn y, al mismo tiempo, son ecol\u00f3gicas y rentables. Utilizan energ\u00eda solar renovable, reducen las facturas de electricidad y ofrecen opciones de dise\u00f1o vers\u00e1tiles para distintos estilos de jard\u00edn. Aqu\u00ed tienes todo lo que necesitas saber para elegir y utilizar luces solares en tu espacio exterior.<\/p>\n<div>\n<hr \/>\n<\/div>\n<h3><strong>Ventajas de las l\u00e1mparas solares<\/strong><\/h3>\n<ol start=\"1\" data-spread=\"true\">\n<li><strong>Eficiencia energ\u00e9tica<\/strong><br \/>\nLas l\u00e1mparas solares convierten la luz del sol en electricidad, lo que reduce considerablemente el consumo y los costes energ\u00e9ticos. Son ideales para los propietarios concienciados con el medio ambiente.<\/li>\n<li><strong>F\u00e1cil instalaci\u00f3n<\/strong><br \/>\nLa mayor\u00eda de las l\u00e1mparas solares son inal\u00e1mbricas y vienen con componentes f\u00e1ciles de instalar, lo que las convierte en una opci\u00f3n c\u00f3moda para los aficionados al bricolaje.<\/li>\n<li><strong>Bajo mantenimiento<\/strong><br \/>\nLas luces solares requieren un mantenimiento m\u00ednimo con materiales duraderos y funcionamiento autom\u00e1tico, proporcionando una iluminaci\u00f3n sin problemas durante a\u00f1os.<\/li>\n<li><strong>Dise\u00f1o vers\u00e1til<\/strong><br \/>\nDisponibles en varios estilos, las luces solares se adaptan a la est\u00e9tica moderna, r\u00fastica o tradicional de los patios traseros.<\/li>\n<\/ol>\n<div>\n<hr \/>\n<\/div>\n<h3><a href=\"https:\/\/keweicorten.com\/es\/producto\/corten-lamp\/\"><img fetchpriority=\"high\" decoding=\"async\" class=\"alignnone wp-image-3045\" title=\"luces exteriores para patio\" src=\"https:\/\/keweicorten.com\/wp-content\/uploads\/2024\/12\/\u5fae\u4fe1\u56fe\u7247_20241226134154.jpg\" alt=\"luces exteriores para patio\" width=\"850\" height=\"1031\" srcset=\"https:\/\/keweicorten.com\/wp-content\/uploads\/2024\/12\/\u5fae\u4fe1\u56fe\u7247_20241226134154.jpg 1080w, https:\/\/keweicorten.com\/wp-content\/uploads\/2024\/12\/\u5fae\u4fe1\u56fe\u7247_20241226134154-247x300.jpg 247w, https:\/\/keweicorten.com\/wp-content\/uploads\/2024\/12\/\u5fae\u4fe1\u56fe\u7247_20241226134154-844x1024.jpg 844w, https:\/\/keweicorten.com\/wp-content\/uploads\/2024\/12\/\u5fae\u4fe1\u56fe\u7247_20241226134154-768x932.jpg 768w, https:\/\/keweicorten.com\/wp-content\/uploads\/2024\/12\/\u5fae\u4fe1\u56fe\u7247_20241226134154-10x12.jpg 10w, https:\/\/keweicorten.com\/wp-content\/uploads\/2024\/12\/\u5fae\u4fe1\u56fe\u7247_20241226134154-600x728.jpg 600w\" sizes=\"(max-width: 850px) 100vw, 850px\" \/><\/a><\/h3>","protected":false},"excerpt":{"rendered":"<p>Descubra luces solares vers\u00e1tiles para su jard\u00edn, desde luces decorativas hasta pr\u00e1cticos focos, para una transformaci\u00f3n ecol\u00f3gica y elegante del exterior.<\/p>","protected":false},"featured_media":3041,"comment_status":"open","ping_status":"closed","template":"","meta":{"_eb_attr":"","_monsterinsights_skip_tracking":false,"_monsterinsights_sitenote_active":false,"_monsterinsights_sitenote_note":"","_monsterinsights_sitenote_category":0,"_uf_show_specific_survey":0,"_uf_disable_surveys":false},"product_brand":[],"product_cat":[61],"product_tag":[],"class_list":{"0":"post-3040","1":"product","2":"type-product","3":"status-publish","4":"has-post-thumbnail","6":"product_cat-light-post","8":"first","9":"instock","10":"shipping-taxable","11":"product-type-simple"},"_links":{"self":[{"href":"https:\/\/keweicorten.com\/es\/wp-json\/wp\/v2\/product\/3040"}],"collection":[{"href":"https:\/\/keweicorten.com\/es\/wp-json\/wp\/v2\/product"}],"about":[{"href":"https:\/\/keweicorten.com\/es\/wp-json\/wp\/v2\/types\/product"}],"replies":[{"embeddable":true,"href":"https:\/\/keweicorten.com\/es\/wp-json\/wp\/v2\/comments?post=3040"}],"version-history":[{"count":1,"href":"https:\/\/keweicorten.com\/es\/wp-json\/wp\/v2\/product\/3040\/revisions"}],"predecessor-version":[{"id":3046,"href":"https:\/\/keweicorten.com\/es\/wp-json\/wp\/v2\/product\/3040\/revisions\/3046"}],"wp:featuredmedia":[{"embeddable":true,"href":"https:\/\/keweicorten.com\/es\/wp-json\/wp\/v2\/media\/3041"}],"wp:attachment":[{"href":"https:\/\/keweicorten.com\/es\/wp-json\/wp\/v2\/media?parent=3040"}],"wp:term":[{"taxonomy":"product_brand","embeddable":true,"href":"https:\/\/keweicorten.com\/es\/wp-json\/wp\/v2\/product_brand?post=3040"},{"taxonomy":"product_cat","embeddable":true,"href":"https:\/\/keweicorten.com\/es\/wp-json\/wp\/v2\/product_cat?post=3040"},{"taxonomy":"product_tag","embeddable":true,"href":"https:\/\/keweicorten.com\/es\/wp-json\/wp\/v2\/product_tag?post=3040"}],"curies":[{"name":"wp","href":"https:\/\/api.w.org\/{rel}","templated":true}]}}