{"id":3093,"date":"2025-01-07T07:43:43","date_gmt":"2025-01-07T07:43:43","guid":{"rendered":"https:\/\/keweicorten.com\/?post_type=product&#038;p=3093"},"modified":"2025-01-15T06:08:30","modified_gmt":"2025-01-15T06:08:30","slug":"h-estaca-marron-para-bordes-paisajisticos","status":"publish","type":"product","link":"https:\/\/keweicorten.com\/es\/h-estaca-marron-para-bordes-paisajisticos\/","title":{"rendered":"H Estaca marr\u00f3n para bordes de jard\u00edn"},"content":{"rendered":"<p>En <strong>H Estaca marr\u00f3n para bordes de jard\u00edn<\/strong> se utiliza habitualmente para asegurar y estabilizar los bordes del jard\u00edn. Estas estacas suelen estar fabricadas con materiales duraderos como el acero, dise\u00f1ados para un uso duradero en exteriores.<\/p>\n<h3>Caracter\u00edsticas<\/h3>\n<ol>\n<li><strong>Material<\/strong>: Suelen ser de acero con un revestimiento marr\u00f3n resistente a la intemperie para evitar la oxidaci\u00f3n y mimetizarse con el paisaje.<\/li>\n<li><strong>Dise\u00f1o<\/strong>: Extremos c\u00f3nicos para facilitar la inserci\u00f3n en el suelo.<\/li>\n<li><strong>Compatibilidad<\/strong>: Funciona con la mayor\u00eda de los tipos de bordes de jard\u00edn, como pl\u00e1stico, metal o materiales compuestos.<\/li>\n<li><strong>Durabilidad<\/strong>: Suficientemente resistente para sujetar el ribete de forma segura, incluso en zonas de mucho tr\u00e1nsito peatonal o de mantenimiento del c\u00e9sped.<\/li>\n<\/ol>\n<p><a href=\"https:\/\/keweicorten.com\/es\"><img fetchpriority=\"high\" decoding=\"async\" class=\"alignnone\" title=\"Estacas de corten Cercos de jard\u00edn\" src=\"https:\/\/i.pinimg.com\/736x\/3b\/73\/b8\/3b73b8534444f9329565e210aaff22f0.jpg\" alt=\"Corten Estacas Paisaje Bordes F\u00e1brica,china,precio,fabricantes, proveedores, modificado para requisitos particulares, por mayor, barato, para la venta, en stock.-keweicorten\" width=\"736\" height=\"736\" \/><\/a><\/p>\n<h3>Beneficios<\/h3>\n<ul>\n<li><strong>Estabilidad<\/strong>: Evita que los bordes del paisaje se desplacen o arqueen con el tiempo.<\/li>\n<li><strong>Est\u00e9tica<\/strong>: El revestimiento marr\u00f3n combina bien con la tierra, el mantillo o la grava.<\/li>\n<li><strong>Facilidad de instalaci\u00f3n<\/strong>: Los extremos afilados y la construcci\u00f3n robusta hacen que la instalaci\u00f3n sea r\u00e1pida y eficaz.<\/li>\n<\/ul>\n<h3>Aplicaciones<\/h3>\n<ul>\n<li>Bordes de caminos o arriates.<\/li>\n<li>Retenci\u00f3n de mantillo, grava o tierra.<\/li>\n<li>Bordear \u00e1rboles o parterres.<\/li>\n<\/ul>\n<p><a href=\"https:\/\/keweicorten.com\/es\"><img decoding=\"async\" class=\"alignnone\" title=\"Estacas de corten Cercos de jard\u00edn\" src=\"https:\/\/i.pinimg.com\/736x\/f1\/70\/ce\/f170cee0c26b90209595bb9fe110bbe3.jpg\" alt=\"Corten Estacas Paisaje Bordes F\u00e1brica,china,precio,fabricantes, proveedores, modificado para requisitos particulares, por mayor, barato, para la venta, en stock.-keweicorten\" width=\"736\" height=\"736\" \/><\/a><\/p>","protected":false},"excerpt":{"rendered":"<p>Duraderos clavos marrones para bordes paisaj\u00edsticos para asegurar los bordes y mantener el paisaje limpio y hermoso, adecuados para una variedad de proyectos de patio y jard\u00edn.<\/p>","protected":false},"featured_media":3094,"comment_status":"open","ping_status":"closed","template":"","meta":{"_eb_attr":"","_monsterinsights_skip_tracking":false,"_monsterinsights_sitenote_active":false,"_monsterinsights_sitenote_note":"","_monsterinsights_sitenote_category":0,"_uf_show_specific_survey":0,"_uf_disable_surveys":false},"product_brand":[],"product_cat":[58],"product_tag":[],"class_list":{"0":"post-3093","1":"product","2":"type-product","3":"status-publish","4":"has-post-thumbnail","6":"product_cat-garden-edging","8":"first","9":"instock","10":"shipping-taxable","11":"product-type-simple"},"_links":{"self":[{"href":"https:\/\/keweicorten.com\/es\/wp-json\/wp\/v2\/product\/3093"}],"collection":[{"href":"https:\/\/keweicorten.com\/es\/wp-json\/wp\/v2\/product"}],"about":[{"href":"https:\/\/keweicorten.com\/es\/wp-json\/wp\/v2\/types\/product"}],"replies":[{"embeddable":true,"href":"https:\/\/keweicorten.com\/es\/wp-json\/wp\/v2\/comments?post=3093"}],"version-history":[{"count":1,"href":"https:\/\/keweicorten.com\/es\/wp-json\/wp\/v2\/product\/3093\/revisions"}],"predecessor-version":[{"id":3095,"href":"https:\/\/keweicorten.com\/es\/wp-json\/wp\/v2\/product\/3093\/revisions\/3095"}],"wp:featuredmedia":[{"embeddable":true,"href":"https:\/\/keweicorten.com\/es\/wp-json\/wp\/v2\/media\/3094"}],"wp:attachment":[{"href":"https:\/\/keweicorten.com\/es\/wp-json\/wp\/v2\/media?parent=3093"}],"wp:term":[{"taxonomy":"product_brand","embeddable":true,"href":"https:\/\/keweicorten.com\/es\/wp-json\/wp\/v2\/product_brand?post=3093"},{"taxonomy":"product_cat","embeddable":true,"href":"https:\/\/keweicorten.com\/es\/wp-json\/wp\/v2\/product_cat?post=3093"},{"taxonomy":"product_tag","embeddable":true,"href":"https:\/\/keweicorten.com\/es\/wp-json\/wp\/v2\/product_tag?post=3093"}],"curies":[{"name":"wp","href":"https:\/\/api.w.org\/{rel}","templated":true}]}}