{"id":3294,"date":"2025-01-16T07:32:18","date_gmt":"2025-01-16T07:32:18","guid":{"rendered":"https:\/\/keweicorten.com\/?post_type=product&#038;p=3294"},"modified":"2025-01-16T07:32:18","modified_gmt":"2025-01-16T07:32:18","slug":"buzones-personalizados","status":"publish","type":"product","link":"https:\/\/keweicorten.com\/es\/buzones-personalizados\/","title":{"rendered":"buzones personalizados"},"content":{"rendered":"<p>Un buz\u00f3n es algo m\u00e1s que un elemento funcional: es la primera impresi\u00f3n de su hogar. Los buzones personalizados ofrecen la combinaci\u00f3n perfecta de estilo, durabilidad y practicidad, lo que los convierte en un complemento esencial para los propietarios que desean mejorar el atractivo de su hogar.<\/p>\n<h2><strong>\u00bfPor qu\u00e9 elegir un buz\u00f3n personalizado?<\/strong><\/h2>\n<ol>\n<li><strong>Dise\u00f1os \u00fanicos para personalizar<\/strong><br \/>\nLos buzones personalizados le permiten expresar su estilo. Tanto si prefieres el minimalismo moderno, la elegancia cl\u00e1sica o el encanto r\u00fastico, hay un dise\u00f1o que se adapta a cada est\u00e9tica.<\/li>\n<li><strong>Materiales duraderos<\/strong><br \/>\nFabricados con materiales de alta calidad, como acero inoxidable, aluminio o madera resistente a la intemperie, los buzones personalizados est\u00e1n hechos para soportar las inclemencias del tiempo sin perder su impecable aspecto.<\/li>\n<li><strong>Funciones mejoradas<\/strong><br \/>\nMuchos buzones personalizados vienen con caracter\u00edsticas a\u00f1adidas, como mecanismos de cierre para mayor seguridad, compartimentos m\u00e1s grandes para la entrega de paquetes y puertas de f\u00e1cil acceso para recuperar el correo c\u00f3modamente.<\/li>\n<li><strong>Destaque en su barrio<\/strong><br \/>\nUn buz\u00f3n personalizado marca la diferencia en su propiedad y a\u00f1ade un toque de individualidad a su hogar.<\/li>\n<\/ol>\n<table class=\"has-title all magic-1\" style=\"height: 283px;\" width=\"714\">\n<tbody>\n<tr>\n<td colspan=\"1\" rowspan=\"1\">\n<div class=\"magic-2\" data-spm-anchor-id=\"a2700.details.0.i65.5449703bPRyMac\"><b data-spm-anchor-id=\"a2700.pc-decorate.0.i99.124b3333xivJwC\">Nombre del producto<\/b><\/div>\n<\/td>\n<td colspan=\"1\" rowspan=\"1\">\n<div class=\"magic-3\">Buz\u00f3n met\u00e1lico con cerradura para montaje en pared\/soporte<\/div>\n<\/td>\n<\/tr>\n<tr>\n<td colspan=\"1\" rowspan=\"1\">\n<div class=\"magic-2\"><b>Material<\/b><\/div>\n<\/td>\n<td colspan=\"1\" rowspan=\"1\">\n<div class=\"magic-3\">Metal<\/div>\n<\/td>\n<\/tr>\n<tr>\n<td colspan=\"1\" rowspan=\"1\">\n<div class=\"magic-2\"><b>Talla<\/b><\/div>\n<\/td>\n<td colspan=\"1\" rowspan=\"1\">\n<div class=\"magic-3\">Est\u00e1ndar o personalizado<\/div>\n<\/td>\n<\/tr>\n<tr>\n<td colspan=\"1\" rowspan=\"1\">\n<div class=\"magic-2\"><b data-spm-anchor-id=\"a2700.pc-decorate.0.i7.50b43333LWQGxq\">Ventajas<\/b><\/div>\n<\/td>\n<td colspan=\"1\" rowspan=\"1\">\n<div class=\"magic-3\">Instalaci\u00f3n sencilla, larga vida \u00fatil, sin necesidad de mantenimiento<\/div>\n<\/td>\n<\/tr>\n<tr>\n<td colspan=\"1\" rowspan=\"1\">\n<div class=\"magic-2\"><b>Aplicaci\u00f3n<\/b><\/div>\n<\/td>\n<td colspan=\"1\" rowspan=\"1\">\n<div class=\"magic-3\">Hogar, jard\u00edn y exteriores<\/div>\n<\/td>\n<\/tr>\n<tr>\n<td colspan=\"1\" rowspan=\"1\">\n<div class=\"magic-2\"><b data-spm-anchor-id=\"a2700.pc-decorate.0.i11.50b43333LWQGxq\">Color<\/b><\/div>\n<\/td>\n<td colspan=\"1\" rowspan=\"1\">\n<div class=\"magic-3\" data-spm-anchor-id=\"a2700.details.0.i66.5449703bPRyMac\">\u00f3xido\/negro\/Color personalizado<\/div>\n<\/td>\n<\/tr>\n<tr>\n<td colspan=\"1\" rowspan=\"1\">\n<div class=\"magic-2\"><b data-spm-anchor-id=\"a2700.pc-decorate.0.i15.50b43333LWQGxq\">Logotipo<\/b><\/div>\n<\/td>\n<td colspan=\"1\" rowspan=\"1\">\n<div class=\"magic-3\">Logotipo personalizado<\/div>\n<\/td>\n<\/tr>\n<tr>\n<td colspan=\"1\" rowspan=\"1\">\n<div class=\"magic-2\"><b>Condiciones de pago<\/b><\/div>\n<\/td>\n<td colspan=\"1\" rowspan=\"1\">\n<div class=\"magic-3\">TT, L\/C,Western Union,paypal<\/div>\n<\/td>\n<\/tr>\n<tr>\n<td colspan=\"1\" rowspan=\"1\">\n<div class=\"magic-2\"><b>MOQ<\/b><\/div>\n<\/td>\n<td colspan=\"1\" rowspan=\"1\">\n<div class=\"magic-3\">20 piezas<\/div>\n<\/td>\n<\/tr>\n<\/tbody>\n<\/table>\n<h2><strong>Tipos de buzones personalizados<\/strong><\/h2>\n<ul>\n<li><strong>Buzones murales<\/strong>: Ideal para hogares con espacio limitado o para un aspecto elegante y moderno.<\/li>\n<li><strong>Buzones montados en poste<\/strong>: Una opci\u00f3n cl\u00e1sica que puede personalizarse con dise\u00f1os de poste \u00fanicos o detalles decorativos.<\/li>\n<li><strong>Buzones para paquetes<\/strong>: Dise\u00f1ado para acomodar paquetes m\u00e1s grandes, perfecto para compradores en l\u00ednea.<\/li>\n<li><strong>Buzones tem\u00e1ticos<\/strong>: A\u00f1ade personajes con buzones en forma de animales, veh\u00edculos o incluso casas en miniatura.<\/li>\n<\/ul>\n<p><a href=\"https:\/\/keweicorten.com\/es\/productos\/\"><img fetchpriority=\"high\" decoding=\"async\" class=\"alignnone wp-image-3301\" title=\"buz\u00f3n \" src=\"https:\/\/keweicorten.com\/wp-content\/uploads\/2025\/01\/Pakketbus-Paca-cortenstaal-Com_5632b635.jpg\" alt=\"buzon Factory, china, precio, fabricantes, proveedores, modificado para requisitos particulares, al por mayor, barato, para la venta, en stock.\" width=\"500\" height=\"500\" srcset=\"https:\/\/keweicorten.com\/wp-content\/uploads\/2025\/01\/Pakketbus-Paca-cortenstaal-Com_5632b635.jpg 700w, https:\/\/keweicorten.com\/wp-content\/uploads\/2025\/01\/Pakketbus-Paca-cortenstaal-Com_5632b635-300x300.jpg 300w, https:\/\/keweicorten.com\/wp-content\/uploads\/2025\/01\/Pakketbus-Paca-cortenstaal-Com_5632b635-150x150.jpg 150w, https:\/\/keweicorten.com\/wp-content\/uploads\/2025\/01\/Pakketbus-Paca-cortenstaal-Com_5632b635-12x12.jpg 12w, https:\/\/keweicorten.com\/wp-content\/uploads\/2025\/01\/Pakketbus-Paca-cortenstaal-Com_5632b635-600x600.jpg 600w, https:\/\/keweicorten.com\/wp-content\/uploads\/2025\/01\/Pakketbus-Paca-cortenstaal-Com_5632b635-100x100.jpg 100w\" sizes=\"(max-width: 500px) 100vw, 500px\" \/><\/a><a href=\"https:\/\/keweicorten.com\/es\/productos\/\"><img decoding=\"async\" class=\"alignnone wp-image-3300\" title=\"buz\u00f3n \" src=\"https:\/\/keweicorten.com\/wp-content\/uploads\/2025\/01\/5-Pinterest_adaa15d8.jpg\" alt=\"buzon Factory, china, precio, fabricantes, proveedores, modificado para requisitos particulares, al por mayor, barato, para la venta, en stock.\" width=\"500\" height=\"500\" srcset=\"https:\/\/keweicorten.com\/wp-content\/uploads\/2025\/01\/5-Pinterest_adaa15d8.jpg 700w, https:\/\/keweicorten.com\/wp-content\/uploads\/2025\/01\/5-Pinterest_adaa15d8-300x300.jpg 300w, https:\/\/keweicorten.com\/wp-content\/uploads\/2025\/01\/5-Pinterest_adaa15d8-150x150.jpg 150w, https:\/\/keweicorten.com\/wp-content\/uploads\/2025\/01\/5-Pinterest_adaa15d8-12x12.jpg 12w, https:\/\/keweicorten.com\/wp-content\/uploads\/2025\/01\/5-Pinterest_adaa15d8-600x600.jpg 600w, https:\/\/keweicorten.com\/wp-content\/uploads\/2025\/01\/5-Pinterest_adaa15d8-100x100.jpg 100w\" sizes=\"(max-width: 500px) 100vw, 500px\" \/><\/a><\/p>\n<h2><strong>C\u00f3mo elegir el buz\u00f3n personalizado adecuado<\/strong><\/h2>\n<ol>\n<li><strong>A juego con el estilo de su casa<\/strong>: Aseg\u00farese de que el dise\u00f1o complementa la arquitectura y la decoraci\u00f3n exterior de su casa.<\/li>\n<li><strong>Tama\u00f1o y funcionalidad<\/strong>: Elija un tama\u00f1o que se ajuste a su volumen de correo y satisfaga sus necesidades pr\u00e1cticas.<\/li>\n<li><strong>Priorizar la durabilidad<\/strong>: Opta por materiales resistentes a la oxidaci\u00f3n, la decoloraci\u00f3n y el desgaste con el paso del tiempo.<\/li>\n<li><strong>A\u00f1ada toques personales<\/strong>: Grabe su nombre, el n\u00famero de su casa o un dise\u00f1o personalizado para conseguir un buz\u00f3n realmente \u00fanico.<\/li>\n<\/ol>\n<p>Los buzones personalizados son una forma excelente de mejorar la est\u00e9tica y la funcionalidad de su propiedad. Ya sea por estilo, seguridad o comodidad, un buz\u00f3n personalizado es una inversi\u00f3n que a\u00f1ade valor y encanto a su hogar.<\/p>\n<p><a href=\"https:\/\/keweicorten.com\/es\/productos\/\"><img decoding=\"async\" class=\"alignnone wp-image-3302 size-full\" title=\"Buzones Corten\" src=\"https:\/\/keweicorten.com\/wp-content\/uploads\/2025\/01\/5-Pinterest_97791459-\u526f\u672c.jpg\" alt=\"F\u00e1brica, china, precio, fabricantes, proveedores, personalizados, venta al por mayor, barato, para la venta, en stock.\" width=\"700\" height=\"700\" srcset=\"https:\/\/keweicorten.com\/wp-content\/uploads\/2025\/01\/5-Pinterest_97791459-\u526f\u672c.jpg 700w, https:\/\/keweicorten.com\/wp-content\/uploads\/2025\/01\/5-Pinterest_97791459-\u526f\u672c-300x300.jpg 300w, https:\/\/keweicorten.com\/wp-content\/uploads\/2025\/01\/5-Pinterest_97791459-\u526f\u672c-150x150.jpg 150w, https:\/\/keweicorten.com\/wp-content\/uploads\/2025\/01\/5-Pinterest_97791459-\u526f\u672c-12x12.jpg 12w, https:\/\/keweicorten.com\/wp-content\/uploads\/2025\/01\/5-Pinterest_97791459-\u526f\u672c-600x600.jpg 600w, https:\/\/keweicorten.com\/wp-content\/uploads\/2025\/01\/5-Pinterest_97791459-\u526f\u672c-100x100.jpg 100w\" sizes=\"(max-width: 700px) 100vw, 700px\" \/><\/a><\/p>","protected":false},"excerpt":{"rendered":"<p>Descubra buzones personalizados que combinan estilo, durabilidad y funcionalidad. Personalice su buz\u00f3n para realzar el atractivo de la acera al tiempo que garantiza un almacenamiento seguro y duradero del correo.<\/p>\n<div class=\"min-moq\" data-spm-anchor-id=\"a2700.details.0.i64.41a469d5spRcDA\">Cantidad m\u00ednima de pedido: 1 unidad<\/div>\n<p><span class=\"price\">$145.00-256.00<\/span><\/p>\n<h3><\/h3>","protected":false},"featured_media":3295,"comment_status":"open","ping_status":"closed","template":"","meta":{"_eb_attr":"","_monsterinsights_skip_tracking":false,"_monsterinsights_sitenote_active":false,"_monsterinsights_sitenote_note":"","_monsterinsights_sitenote_category":0,"_uf_show_specific_survey":0,"_uf_disable_surveys":false},"product_brand":[],"product_cat":[60],"product_tag":[],"class_list":{"0":"post-3294","1":"product","2":"type-product","3":"status-publish","4":"has-post-thumbnail","6":"product_cat-mailbox","8":"first","9":"instock","10":"shipping-taxable","11":"product-type-simple"},"_links":{"self":[{"href":"https:\/\/keweicorten.com\/es\/wp-json\/wp\/v2\/product\/3294"}],"collection":[{"href":"https:\/\/keweicorten.com\/es\/wp-json\/wp\/v2\/product"}],"about":[{"href":"https:\/\/keweicorten.com\/es\/wp-json\/wp\/v2\/types\/product"}],"replies":[{"embeddable":true,"href":"https:\/\/keweicorten.com\/es\/wp-json\/wp\/v2\/comments?post=3294"}],"version-history":[{"count":1,"href":"https:\/\/keweicorten.com\/es\/wp-json\/wp\/v2\/product\/3294\/revisions"}],"predecessor-version":[{"id":3303,"href":"https:\/\/keweicorten.com\/es\/wp-json\/wp\/v2\/product\/3294\/revisions\/3303"}],"wp:featuredmedia":[{"embeddable":true,"href":"https:\/\/keweicorten.com\/es\/wp-json\/wp\/v2\/media\/3295"}],"wp:attachment":[{"href":"https:\/\/keweicorten.com\/es\/wp-json\/wp\/v2\/media?parent=3294"}],"wp:term":[{"taxonomy":"product_brand","embeddable":true,"href":"https:\/\/keweicorten.com\/es\/wp-json\/wp\/v2\/product_brand?post=3294"},{"taxonomy":"product_cat","embeddable":true,"href":"https:\/\/keweicorten.com\/es\/wp-json\/wp\/v2\/product_cat?post=3294"},{"taxonomy":"product_tag","embeddable":true,"href":"https:\/\/keweicorten.com\/es\/wp-json\/wp\/v2\/product_tag?post=3294"}],"curies":[{"name":"wp","href":"https:\/\/api.w.org\/{rel}","templated":true}]}}