{"id":3412,"date":"2025-02-07T01:55:21","date_gmt":"2025-02-07T01:55:21","guid":{"rendered":"https:\/\/keweicorten.com\/?post_type=product&#038;p=3412"},"modified":"2025-02-07T01:55:22","modified_gmt":"2025-02-07T01:55:22","slug":"tuercas-hexagonales-finas","status":"publish","type":"product","link":"https:\/\/keweicorten.com\/es\/tuercas-hexagonales-finas\/","title":{"rendered":"Tuercas hexagonales finas"},"content":{"rendered":"<p>Las tuercas hexagonales finas con grados de producto A y B se utilizan normalmente en aplicaciones con espacio limitado o como tuercas de bloqueo en combinaci\u00f3n con tuercas hexagonales est\u00e1ndar. He aqu\u00ed un desglose de las especificaciones:<\/p>\n<h3><strong>Especificaciones del producto<\/strong><\/h3>\n<ul>\n<li><strong>Normas:<\/strong> Normalmente se ajustan a <strong>ISO 4035<\/strong>, <strong>DIN 439<\/strong>o <strong>GB\/T 6172<\/strong><\/li>\n<li><strong>Tama\u00f1os de rosca:<\/strong>\n<ul>\n<li><strong>Roscas m\u00e9tricas est\u00e1ndar:<\/strong> M8 a M52<\/li>\n<li><strong>Roscas de paso fino:<\/strong> M8\u00d71 a M52\u00d73<\/li>\n<\/ul>\n<\/li>\n<li><strong>Opciones de material:<\/strong>\n<ul>\n<li>Acero al carbono (clases 4, 6, 8, 10)<\/li>\n<li>Acero inoxidable (A2-70, A4-70)<\/li>\n<li>Lat\u00f3n, acero aleado u otros materiales bajo pedido<\/li>\n<\/ul>\n<\/li>\n<li><strong>Acabado superficial:<\/strong>\n<ul>\n<li>Liso<\/li>\n<li>Zincado (Azul\/Blanco, Amarillo, Negro)<\/li>\n<li>Galvanizado en caliente (HDG)<\/li>\n<li>\u00d3xido negro<\/li>\n<li>Niquelado<\/li>\n<\/ul>\n<\/li>\n<\/ul>\n<p><a href=\"https:\/\/keweicorten.com\/es\"><img fetchpriority=\"high\" decoding=\"async\" class=\"alignnone wp-image-3416\" title=\"Tuercas hexagonales m\u00e9tricas\" src=\"https:\/\/keweicorten.com\/wp-content\/uploads\/2025\/02\/\u5fae\u4fe1\u56fe\u7247_20250207094859.png\" alt=\"Tuercas M\u00e9tricas Hexagonales F\u00e1brica,china,precio,fabricantes, surtidores, modificado para requisitos particulares, al por mayor, barato, para la venta, en la acci\u00f3n.\" width=\"578\" height=\"578\" srcset=\"https:\/\/keweicorten.com\/wp-content\/uploads\/2025\/02\/\u5fae\u4fe1\u56fe\u7247_20250207094859.png 1000w, https:\/\/keweicorten.com\/wp-content\/uploads\/2025\/02\/\u5fae\u4fe1\u56fe\u7247_20250207094859-300x300.png 300w, https:\/\/keweicorten.com\/wp-content\/uploads\/2025\/02\/\u5fae\u4fe1\u56fe\u7247_20250207094859-150x150.png 150w, https:\/\/keweicorten.com\/wp-content\/uploads\/2025\/02\/\u5fae\u4fe1\u56fe\u7247_20250207094859-768x768.png 768w, https:\/\/keweicorten.com\/wp-content\/uploads\/2025\/02\/\u5fae\u4fe1\u56fe\u7247_20250207094859-12x12.png 12w, https:\/\/keweicorten.com\/wp-content\/uploads\/2025\/02\/\u5fae\u4fe1\u56fe\u7247_20250207094859-600x600.png 600w, https:\/\/keweicorten.com\/wp-content\/uploads\/2025\/02\/\u5fae\u4fe1\u56fe\u7247_20250207094859-100x100.png 100w\" sizes=\"(max-width: 578px) 100vw, 578px\" \/><\/a><\/p>\n<p><a href=\"https:\/\/keweicorten.com\/es\"><img decoding=\"async\" class=\"alignnone wp-image-3415\" title=\"Tuercas M8-M52 \" src=\"https:\/\/keweicorten.com\/wp-content\/uploads\/2025\/02\/\u5fae\u4fe1\u56fe\u7247_20250207094846.png\" alt=\"M8-M52 Tuercas F\u00e1brica,china,precio,fabricantes, surtidores, modificado para requisitos particulares, al por mayor, barato, para la venta, en la acci\u00f3n.\" width=\"653\" height=\"653\" srcset=\"https:\/\/keweicorten.com\/wp-content\/uploads\/2025\/02\/\u5fae\u4fe1\u56fe\u7247_20250207094846.png 800w, https:\/\/keweicorten.com\/wp-content\/uploads\/2025\/02\/\u5fae\u4fe1\u56fe\u7247_20250207094846-300x300.png 300w, https:\/\/keweicorten.com\/wp-content\/uploads\/2025\/02\/\u5fae\u4fe1\u56fe\u7247_20250207094846-150x150.png 150w, https:\/\/keweicorten.com\/wp-content\/uploads\/2025\/02\/\u5fae\u4fe1\u56fe\u7247_20250207094846-768x768.png 768w, https:\/\/keweicorten.com\/wp-content\/uploads\/2025\/02\/\u5fae\u4fe1\u56fe\u7247_20250207094846-12x12.png 12w, https:\/\/keweicorten.com\/wp-content\/uploads\/2025\/02\/\u5fae\u4fe1\u56fe\u7247_20250207094846-600x600.png 600w, https:\/\/keweicorten.com\/wp-content\/uploads\/2025\/02\/\u5fae\u4fe1\u56fe\u7247_20250207094846-100x100.png 100w\" sizes=\"(max-width: 653px) 100vw, 653px\" \/><\/a><\/p>\n<p><a href=\"https:\/\/keweicorten.com\/es\"><img decoding=\"async\" class=\"alignnone wp-image-3413 size-full\" title=\"Tuercas hexagonales finas \" src=\"https:\/\/keweicorten.com\/wp-content\/uploads\/2025\/02\/\u5fae\u4fe1\u56fe\u7247_20250207094137.png\" alt=\"Tuercas hexagonales finas F\u00e1brica,china,precio,fabricantes, surtidores, modificado para requisitos particulares, venta al por mayor, barato, para la venta, en la acci\u00f3n.\" width=\"500\" height=\"345\" srcset=\"https:\/\/keweicorten.com\/wp-content\/uploads\/2025\/02\/\u5fae\u4fe1\u56fe\u7247_20250207094137.png 500w, https:\/\/keweicorten.com\/wp-content\/uploads\/2025\/02\/\u5fae\u4fe1\u56fe\u7247_20250207094137-300x207.png 300w, https:\/\/keweicorten.com\/wp-content\/uploads\/2025\/02\/\u5fae\u4fe1\u56fe\u7247_20250207094137-18x12.png 18w\" sizes=\"(max-width: 500px) 100vw, 500px\" \/><\/a><a href=\"https:\/\/keweicorten.com\/es\"><img loading=\"lazy\" decoding=\"async\" class=\"alignnone wp-image-3414\" title=\"Tuercas hexagonales finas\" src=\"https:\/\/keweicorten.com\/wp-content\/uploads\/2025\/02\/\u5fae\u4fe1\u56fe\u7247_20250207094218.png\" alt=\"Tuercas hexagonales finas F\u00e1brica,china,precio,fabricantes, surtidores, modificado para requisitos particulares, venta al por mayor, barato, para la venta, en la acci\u00f3n.\" width=\"343\" height=\"343\" srcset=\"https:\/\/keweicorten.com\/wp-content\/uploads\/2025\/02\/\u5fae\u4fe1\u56fe\u7247_20250207094218.png 150w, https:\/\/keweicorten.com\/wp-content\/uploads\/2025\/02\/\u5fae\u4fe1\u56fe\u7247_20250207094218-12x12.png 12w, https:\/\/keweicorten.com\/wp-content\/uploads\/2025\/02\/\u5fae\u4fe1\u56fe\u7247_20250207094218-100x100.png 100w\" sizes=\"(max-width: 343px) 100vw, 343px\" \/><\/a><\/p>","protected":false},"excerpt":{"rendered":"<p>Tuercas hexagonales finas (grado A&amp;B), especificaciones M8-M52 y M8\u00d71-M52\u00d73, adecuadas para aplicaciones de espacio compacto y bloqueo, disponibles en acero al carbono, acero inoxidable y otros materiales, diversas opciones de tratamiento superficial.<\/p>","protected":false},"featured_media":3416,"comment_status":"open","ping_status":"closed","template":"","meta":{"_eb_attr":"","_monsterinsights_skip_tracking":false,"_monsterinsights_sitenote_active":false,"_monsterinsights_sitenote_note":"","_monsterinsights_sitenote_category":0,"_uf_show_specific_survey":0,"_uf_disable_surveys":false},"product_brand":[],"product_cat":[21],"product_tag":[],"class_list":{"0":"post-3412","1":"product","2":"type-product","3":"status-publish","4":"has-post-thumbnail","6":"product_cat-weather-resistant-steel-plate","8":"first","9":"instock","10":"shipping-taxable","11":"product-type-simple"},"_links":{"self":[{"href":"https:\/\/keweicorten.com\/es\/wp-json\/wp\/v2\/product\/3412"}],"collection":[{"href":"https:\/\/keweicorten.com\/es\/wp-json\/wp\/v2\/product"}],"about":[{"href":"https:\/\/keweicorten.com\/es\/wp-json\/wp\/v2\/types\/product"}],"replies":[{"embeddable":true,"href":"https:\/\/keweicorten.com\/es\/wp-json\/wp\/v2\/comments?post=3412"}],"version-history":[{"count":1,"href":"https:\/\/keweicorten.com\/es\/wp-json\/wp\/v2\/product\/3412\/revisions"}],"predecessor-version":[{"id":3419,"href":"https:\/\/keweicorten.com\/es\/wp-json\/wp\/v2\/product\/3412\/revisions\/3419"}],"wp:featuredmedia":[{"embeddable":true,"href":"https:\/\/keweicorten.com\/es\/wp-json\/wp\/v2\/media\/3416"}],"wp:attachment":[{"href":"https:\/\/keweicorten.com\/es\/wp-json\/wp\/v2\/media?parent=3412"}],"wp:term":[{"taxonomy":"product_brand","embeddable":true,"href":"https:\/\/keweicorten.com\/es\/wp-json\/wp\/v2\/product_brand?post=3412"},{"taxonomy":"product_cat","embeddable":true,"href":"https:\/\/keweicorten.com\/es\/wp-json\/wp\/v2\/product_cat?post=3412"},{"taxonomy":"product_tag","embeddable":true,"href":"https:\/\/keweicorten.com\/es\/wp-json\/wp\/v2\/product_tag?post=3412"}],"curies":[{"name":"wp","href":"https:\/\/api.w.org\/{rel}","templated":true}]}}