{"id":3586,"date":"2025-02-18T01:42:40","date_gmt":"2025-02-18T01:42:40","guid":{"rendered":"https:\/\/keweicorten.com\/?post_type=product&#038;p=3586"},"modified":"2025-02-18T01:42:41","modified_gmt":"2025-02-18T01:42:41","slug":"kit-para-hoguera-de-gas","status":"publish","type":"product","link":"https:\/\/keweicorten.com\/es\/kit-para-hoguera-de-gas\/","title":{"rendered":"kit para hoguera de gas"},"content":{"rendered":"<p data-start=\"72\" data-end=\"132\"><strong data-start=\"72\" data-end=\"132\">Kit para hoguera de gas: La mejor opci\u00f3n para su espacio al aire libre<\/strong><\/p>\n<p data-start=\"134\" data-end=\"296\">A <strong data-start=\"136\" data-end=\"156\">Kit para hoguera de gas<\/strong> es ideal para exteriores. Es f\u00e1cil de usar. Proporciona calor y luz. Las hogueras de gas son mejores que las de le\u00f1a. Son limpias y seguras.<\/p>\n<h3 data-start=\"298\" data-end=\"332\">\u00bfPor qu\u00e9 elegir un kit de chimenea de gas?<\/h3>\n<ol data-start=\"334\" data-end=\"671\">\n<li data-start=\"334\" data-end=\"421\"><strong data-start=\"337\" data-end=\"357\">F\u00e1cil de instalar:<\/strong> El kit incluye todo lo necesario. Es f\u00e1cil de instalar.<\/li>\n<li data-start=\"422\" data-end=\"490\"><strong data-start=\"425\" data-end=\"442\">Fuego instant\u00e1neo:<\/strong> Enciende el fuego con un bot\u00f3n, sin necesidad de le\u00f1a.<\/li>\n<li data-start=\"491\" data-end=\"546\"><strong data-start=\"494\" data-end=\"515\">Controla el calor:<\/strong> Puedes cambiar el tama\u00f1o de la llama.<\/li>\n<li data-start=\"547\" data-end=\"602\"><strong data-start=\"550\" data-end=\"563\">No hay humo:<\/strong> Los fogones de gas no producen humo ni cenizas.<\/li>\n<li data-start=\"603\" data-end=\"671\"><strong data-start=\"606\" data-end=\"625\">Dise\u00f1o elegante:<\/strong> Las hogueras de gas quedan bien en cualquier jard\u00edn o patio.<\/li>\n<\/ol>\n<p><a href=\"https:\/\/keweicorten.com\/es\/productos\/\"><img fetchpriority=\"high\" decoding=\"async\" class=\"alignnone wp-image-3542 size-medium\" title=\"kit para hoguera de gas\" src=\"https:\/\/keweicorten.com\/wp-content\/uploads\/2025\/02\/IMG20220722160621-300x300.jpg\" alt=\"gas firePit kit F\u00e1brica,china,precio,fabricantes, surtidores, modificado para requisitos particulares, al por mayor, barato, para la venta, en la acci\u00f3n.\" width=\"300\" height=\"300\" srcset=\"https:\/\/keweicorten.com\/wp-content\/uploads\/2025\/02\/IMG20220722160621-300x300.jpg 300w, https:\/\/keweicorten.com\/wp-content\/uploads\/2025\/02\/IMG20220722160621-1024x1024.jpg 1024w, https:\/\/keweicorten.com\/wp-content\/uploads\/2025\/02\/IMG20220722160621-150x150.jpg 150w, https:\/\/keweicorten.com\/wp-content\/uploads\/2025\/02\/IMG20220722160621-768x768.jpg 768w, https:\/\/keweicorten.com\/wp-content\/uploads\/2025\/02\/IMG20220722160621-1536x1536.jpg 1536w, https:\/\/keweicorten.com\/wp-content\/uploads\/2025\/02\/IMG20220722160621-2048x2048.jpg 2048w, https:\/\/keweicorten.com\/wp-content\/uploads\/2025\/02\/IMG20220722160621-12x12.jpg 12w, https:\/\/keweicorten.com\/wp-content\/uploads\/2025\/02\/IMG20220722160621-600x600.jpg 600w, https:\/\/keweicorten.com\/wp-content\/uploads\/2025\/02\/IMG20220722160621-100x100.jpg 100w\" sizes=\"(max-width: 300px) 100vw, 300px\" \/><\/a> <a href=\"https:\/\/keweicorten.com\/es\"><img decoding=\"async\" class=\"alignnone wp-image-3537 size-medium\" title=\"sart\u00e9n de gas\" src=\"https:\/\/keweicorten.com\/wp-content\/uploads\/2025\/02\/Remote-Gas-burner-2-300x300.jpg\" alt=\"gas fire pit pan F\u00e1brica,china,precio,fabricantes, surtidores, modificado para requisitos particulares, al por mayor, barato, para la venta, en la acci\u00f3n.\" width=\"300\" height=\"300\" srcset=\"https:\/\/keweicorten.com\/wp-content\/uploads\/2025\/02\/Remote-Gas-burner-2-300x300.jpg 300w, https:\/\/keweicorten.com\/wp-content\/uploads\/2025\/02\/Remote-Gas-burner-2-1024x1020.jpg 1024w, https:\/\/keweicorten.com\/wp-content\/uploads\/2025\/02\/Remote-Gas-burner-2-150x150.jpg 150w, https:\/\/keweicorten.com\/wp-content\/uploads\/2025\/02\/Remote-Gas-burner-2-768x765.jpg 768w, https:\/\/keweicorten.com\/wp-content\/uploads\/2025\/02\/Remote-Gas-burner-2-12x12.jpg 12w, https:\/\/keweicorten.com\/wp-content\/uploads\/2025\/02\/Remote-Gas-burner-2-600x598.jpg 600w, https:\/\/keweicorten.com\/wp-content\/uploads\/2025\/02\/Remote-Gas-burner-2-100x100.jpg 100w, https:\/\/keweicorten.com\/wp-content\/uploads\/2025\/02\/Remote-Gas-burner-2.jpg 1500w\" sizes=\"(max-width: 300px) 100vw, 300px\" \/><\/a><\/p>\n<h3 data-start=\"673\" data-end=\"730\">En qu\u00e9 pensar al elegir un kit para hoguera de gas:<\/h3>\n<ul data-start=\"732\" data-end=\"968\">\n<li data-start=\"732\" data-end=\"793\"><strong data-start=\"734\" data-end=\"747\">Tipo de gas:<\/strong> Aseg\u00farese de que el kit funciona con su suministro de gas.<\/li>\n<li data-start=\"794\" data-end=\"843\"><strong data-start=\"796\" data-end=\"805\">Tama\u00f1o:<\/strong> Elija el tama\u00f1o adecuado para su espacio.<\/li>\n<li data-start=\"844\" data-end=\"902\"><strong data-start=\"846\" data-end=\"857\">Seguridad:<\/strong> Elige una hoguera que cumpla las normas de seguridad.<\/li>\n<li data-start=\"903\" data-end=\"968\"><strong data-start=\"905\" data-end=\"918\">Material:<\/strong> El acero inoxidable y el acero resistente a la intemperie son duraderos.<\/li>\n<\/ul>\n<p><a href=\"https:\/\/keweicorten.com\/es\"><img decoding=\"async\" class=\"alignnone wp-image-3535 size-medium\" title=\"kit para hoguera de gas pan\" src=\"https:\/\/keweicorten.com\/wp-content\/uploads\/2025\/02\/Remote-Gas-burner-3-300x300.jpg\" alt=\"kit para fogata de gas Factory,china,price,manufacturers, suppliers, customized, wholesale, cheap, for sale, in stock.\" width=\"300\" height=\"300\" srcset=\"https:\/\/keweicorten.com\/wp-content\/uploads\/2025\/02\/Remote-Gas-burner-3-300x300.jpg 300w, https:\/\/keweicorten.com\/wp-content\/uploads\/2025\/02\/Remote-Gas-burner-3-1024x1024.jpg 1024w, https:\/\/keweicorten.com\/wp-content\/uploads\/2025\/02\/Remote-Gas-burner-3-150x150.jpg 150w, https:\/\/keweicorten.com\/wp-content\/uploads\/2025\/02\/Remote-Gas-burner-3-768x768.jpg 768w, https:\/\/keweicorten.com\/wp-content\/uploads\/2025\/02\/Remote-Gas-burner-3-12x12.jpg 12w, https:\/\/keweicorten.com\/wp-content\/uploads\/2025\/02\/Remote-Gas-burner-3-600x600.jpg 600w, https:\/\/keweicorten.com\/wp-content\/uploads\/2025\/02\/Remote-Gas-burner-3-100x100.jpg 100w, https:\/\/keweicorten.com\/wp-content\/uploads\/2025\/02\/Remote-Gas-burner-3.jpg 1500w\" sizes=\"(max-width: 300px) 100vw, 300px\" \/><\/a> <a href=\"https:\/\/keweicorten.com\/es\"><img loading=\"lazy\" decoding=\"async\" class=\"alignnone wp-image-3534 size-medium\" title=\"hoguera a distancia\" src=\"https:\/\/keweicorten.com\/wp-content\/uploads\/2025\/02\/gas-firepit-kit-pan-300x300.jpg\" alt=\"firepit remoto F\u00e1brica,china,precio,fabricantes, surtidores, modificado para requisitos particulares, al por mayor, barato, para la venta, en la acci\u00f3n.\" width=\"300\" height=\"300\" srcset=\"https:\/\/keweicorten.com\/wp-content\/uploads\/2025\/02\/gas-firepit-kit-pan-300x300.jpg 300w, https:\/\/keweicorten.com\/wp-content\/uploads\/2025\/02\/gas-firepit-kit-pan-150x150.jpg 150w, https:\/\/keweicorten.com\/wp-content\/uploads\/2025\/02\/gas-firepit-kit-pan-12x12.jpg 12w, https:\/\/keweicorten.com\/wp-content\/uploads\/2025\/02\/gas-firepit-kit-pan-600x600.jpg 600w, https:\/\/keweicorten.com\/wp-content\/uploads\/2025\/02\/gas-firepit-kit-pan-100x100.jpg 100w, https:\/\/keweicorten.com\/wp-content\/uploads\/2025\/02\/gas-firepit-kit-pan.jpg 750w\" sizes=\"(max-width: 300px) 100vw, 300px\" \/><\/a><\/p>\n<h3 data-start=\"970\" data-end=\"978\">Preguntas frecuentes<\/h3>\n<p data-start=\"980\" data-end=\"1101\"><strong data-start=\"980\" data-end=\"1023\">1. \u00bfC\u00f3mo se instala un kit de chimenea de gas?<\/strong><br data-start=\"1023\" data-end=\"1026\" \/>Es muy f\u00e1cil. Siga las instrucciones. Puedes hacerlo t\u00fa mismo o contratar a alguien.<\/p>\n<p data-start=\"1103\" data-end=\"1184\"><strong data-start=\"1103\" data-end=\"1144\">2. \u00bfCu\u00e1nto dura una chimenea de gas?<\/strong><br data-start=\"1144\" data-end=\"1147\" \/>Una buena chimenea de gas dura muchos a\u00f1os.<\/p>\n<p data-start=\"1186\" data-end=\"1295\"><strong data-start=\"1186\" data-end=\"1231\">3. \u00bfEs necesario realizar un mantenimiento de la chimenea de gas?<\/strong><br data-start=\"1231\" data-end=\"1234\" \/>S\u00ed, l\u00edmpialo con regularidad. Revisa los conductos de gas para mantenerlos seguros.<\/p>","protected":false},"excerpt":{"rendered":"<p data-start=\"96\" data-end=\"303\">Descubra el kit de chimenea de gas perfecto para su espacio exterior. F\u00e1cil de instalar, sin humos ni cenizas y con dise\u00f1os elegantes que proporcionan calidez y confort a su patio o jard\u00edn. \u00a1Compre ahora!<\/p>","protected":false},"featured_media":3535,"comment_status":"open","ping_status":"closed","template":"","meta":{"_eb_attr":"","_monsterinsights_skip_tracking":false,"_monsterinsights_sitenote_active":false,"_monsterinsights_sitenote_note":"","_monsterinsights_sitenote_category":0,"_uf_show_specific_survey":0,"_uf_disable_surveys":false},"product_brand":[],"product_cat":[55],"product_tag":[],"class_list":{"0":"post-3586","1":"product","2":"type-product","3":"status-publish","4":"has-post-thumbnail","6":"product_cat-gas-fire-pit","8":"first","9":"instock","10":"shipping-taxable","11":"product-type-simple"},"_links":{"self":[{"href":"https:\/\/keweicorten.com\/es\/wp-json\/wp\/v2\/product\/3586"}],"collection":[{"href":"https:\/\/keweicorten.com\/es\/wp-json\/wp\/v2\/product"}],"about":[{"href":"https:\/\/keweicorten.com\/es\/wp-json\/wp\/v2\/types\/product"}],"replies":[{"embeddable":true,"href":"https:\/\/keweicorten.com\/es\/wp-json\/wp\/v2\/comments?post=3586"}],"version-history":[{"count":1,"href":"https:\/\/keweicorten.com\/es\/wp-json\/wp\/v2\/product\/3586\/revisions"}],"predecessor-version":[{"id":3587,"href":"https:\/\/keweicorten.com\/es\/wp-json\/wp\/v2\/product\/3586\/revisions\/3587"}],"wp:featuredmedia":[{"embeddable":true,"href":"https:\/\/keweicorten.com\/es\/wp-json\/wp\/v2\/media\/3535"}],"wp:attachment":[{"href":"https:\/\/keweicorten.com\/es\/wp-json\/wp\/v2\/media?parent=3586"}],"wp:term":[{"taxonomy":"product_brand","embeddable":true,"href":"https:\/\/keweicorten.com\/es\/wp-json\/wp\/v2\/product_brand?post=3586"},{"taxonomy":"product_cat","embeddable":true,"href":"https:\/\/keweicorten.com\/es\/wp-json\/wp\/v2\/product_cat?post=3586"},{"taxonomy":"product_tag","embeddable":true,"href":"https:\/\/keweicorten.com\/es\/wp-json\/wp\/v2\/product_tag?post=3586"}],"curies":[{"name":"wp","href":"https:\/\/api.w.org\/{rel}","templated":true}]}}