{"id":3845,"date":"2025-03-03T07:28:51","date_gmt":"2025-03-03T07:28:51","guid":{"rendered":"https:\/\/keweicorten.com\/?post_type=product&#038;p=3845"},"modified":"2025-03-03T07:28:51","modified_gmt":"2025-03-03T07:28:51","slug":"quemador-de-gas","status":"publish","type":"product","link":"https:\/\/keweicorten.com\/es\/quemador-de-gas\/","title":{"rendered":"quemador de gas"},"content":{"rendered":"<h2 data-pm-slice=\"1 1 []\">\u00bfQu\u00e9 es un kit de chimenea de gas?<\/h2>\n<p>Un kit de chimenea de gas es una soluci\u00f3n de calefacci\u00f3n exterior eficaz, segura y f\u00e1cil de instalar. Utiliza gas natural o propano l\u00edquido como combustible para a\u00f1adir calidez y ambiente a su patio, terraza o jard\u00edn.<\/p>\n<h2>\u00bfPor qu\u00e9 elegir un kit de chimenea de gas?<\/h2>\n<h3>1. Limpio y respetuoso con el medio ambiente<\/h3>\n<p>A diferencia de las chimeneas tradicionales de le\u00f1a, las de gas no producen humo, cenizas ni olores desagradables, lo que las convierte en una opci\u00f3n m\u00e1s segura y respetuosa con el medio ambiente.<\/p>\n<h3>2. F\u00e1cil de usar<\/h3>\n<p>No necesita complicados procesos de encendido: basta con encenderla con un bot\u00f3n. Algunos kits incluso incluyen funciones de encendido autom\u00e1tico y control de temperatura.<\/p>\n<h3>3. Adecuado para diversos entornos exteriores<\/h3>\n<p>Un kit de chimenea de gas mejora la est\u00e9tica y la funcionalidad del espacio, ya sea para el patio trasero de una casa, el jard\u00edn de un hotel o la zona exterior de un restaurante.<\/p>\n<table style=\"height: 225px;\" border=\"2\" width=\"751\">\n<tbody>\n<tr>\n<td data-spm-anchor-id=\"a2700.details.0.i69.a1316c55K69Hkr\">Nombre<\/td>\n<td>Kit de montaje de quemador de bandeja de fuego Diy<\/td>\n<\/tr>\n<tr>\n<td>Marterial<\/td>\n<td>Acero<\/td>\n<\/tr>\n<tr>\n<td>Utilizaci\u00f3n<\/td>\n<td>Uso en hogueras al aire libre<\/td>\n<\/tr>\n<tr>\n<td>Sistema de encendido<\/td>\n<td data-spm-anchor-id=\"a2700.details.0.i70.a1316c55K69Hkr\">Utilizaci\u00f3n de un sistema de encendido mec\u00e1nico o electr\u00f3nico para la hoguera<\/td>\n<\/tr>\n<tr>\n<td>Montar<\/td>\n<td>\u00a0Ensamblado<\/td>\n<\/tr>\n<tr>\n<td>Garant\u00eda<\/td>\n<td>5 a\u00f1os<\/td>\n<\/tr>\n<tr>\n<td>Tipos adecuados<\/td>\n<td>Cualquier parrilla<\/td>\n<\/tr>\n<\/tbody>\n<\/table>\n<p><a href=\"https:\/\/keweicorten.com\/es\/kit-de-quemador-para-hoguera-de-gas\/\"><img fetchpriority=\"high\" decoding=\"async\" class=\"alignnone wp-image-3846 size-full\" title=\"anillo de gas para hoguera\" src=\"https:\/\/keweicorten.com\/wp-content\/uploads\/2025\/03\/gas-firepit-kit-pan.jpg\" alt=\"gas fire pit ring F\u00e1brica,china,precio,fabricantes, surtidores, modificado para requisitos particulares, al por mayor, barato, para la venta, en la acci\u00f3n.\" width=\"750\" height=\"750\" srcset=\"https:\/\/keweicorten.com\/wp-content\/uploads\/2025\/03\/gas-firepit-kit-pan.jpg 750w, https:\/\/keweicorten.com\/wp-content\/uploads\/2025\/03\/gas-firepit-kit-pan-300x300.jpg 300w, https:\/\/keweicorten.com\/wp-content\/uploads\/2025\/03\/gas-firepit-kit-pan-150x150.jpg 150w, https:\/\/keweicorten.com\/wp-content\/uploads\/2025\/03\/gas-firepit-kit-pan-12x12.jpg 12w, https:\/\/keweicorten.com\/wp-content\/uploads\/2025\/03\/gas-firepit-kit-pan-600x600.jpg 600w, https:\/\/keweicorten.com\/wp-content\/uploads\/2025\/03\/gas-firepit-kit-pan-100x100.jpg 100w\" sizes=\"(max-width: 750px) 100vw, 750px\" \/><\/a><\/p>\n<p><a href=\"https:\/\/keweicorten.com\/es\/kit-de-quemador-para-hoguera-de-gas\/\"><img decoding=\"async\" class=\"alignnone wp-image-3847\" title=\"quemador de gas \" src=\"https:\/\/keweicorten.com\/wp-content\/uploads\/2025\/03\/Gas-fire-pit-pan-9-\u526f\u672c-scaled.jpg\" alt=\"quemador de gas fire pit F\u00e1brica,china,precio,fabricantes, surtidores, modificado para requisitos particulares, al por mayor, barato, para la venta, en la acci\u00f3n.\" width=\"751\" height=\"563\" srcset=\"https:\/\/keweicorten.com\/wp-content\/uploads\/2025\/03\/Gas-fire-pit-pan-9-\u526f\u672c-scaled.jpg 2560w, https:\/\/keweicorten.com\/wp-content\/uploads\/2025\/03\/Gas-fire-pit-pan-9-\u526f\u672c-300x225.jpg 300w, https:\/\/keweicorten.com\/wp-content\/uploads\/2025\/03\/Gas-fire-pit-pan-9-\u526f\u672c-1024x768.jpg 1024w, https:\/\/keweicorten.com\/wp-content\/uploads\/2025\/03\/Gas-fire-pit-pan-9-\u526f\u672c-768x576.jpg 768w, https:\/\/keweicorten.com\/wp-content\/uploads\/2025\/03\/Gas-fire-pit-pan-9-\u526f\u672c-1536x1152.jpg 1536w, https:\/\/keweicorten.com\/wp-content\/uploads\/2025\/03\/Gas-fire-pit-pan-9-\u526f\u672c-2048x1536.jpg 2048w, https:\/\/keweicorten.com\/wp-content\/uploads\/2025\/03\/Gas-fire-pit-pan-9-\u526f\u672c-16x12.jpg 16w, https:\/\/keweicorten.com\/wp-content\/uploads\/2025\/03\/Gas-fire-pit-pan-9-\u526f\u672c-600x450.jpg 600w\" sizes=\"(max-width: 751px) 100vw, 751px\" \/><\/a><\/p>\n<h2>C\u00f3mo elegir el kit de chimenea de gas adecuado<\/h2>\n<h3>1. Tipo de combustible: Gas natural frente a propano l\u00edquido<\/h3>\n<ul data-spread=\"false\">\n<li><strong>Gas natural<\/strong>: Requiere una instalaci\u00f3n fija, ideal para un uso prolongado.<\/li>\n<li><strong>Propano l\u00edquido<\/strong>: Port\u00e1til y flexible para su colocaci\u00f3n en diferentes lugares.<\/li>\n<\/ul>\n<h3>2. Tama\u00f1o y forma<\/h3>\n<p>Los kits para hogueras de gas est\u00e1n disponibles en varios tama\u00f1os y formas, entre ellos <strong>redondos, cuadrados, rectangulares y lineales<\/strong>-Elija uno en funci\u00f3n de las dimensiones de su espacio exterior.<\/p>\n<h3>3. Selecci\u00f3n de materiales<\/h3>\n<ul data-spread=\"false\">\n<li><strong>Acero inoxidable<\/strong>: Resistente a la corrosi\u00f3n y de larga duraci\u00f3n.<\/li>\n<li><strong>Acero corten<\/strong>: Desarrolla una p\u00e1tina de \u00f3xido natural con el tiempo, ideal para dise\u00f1os modernos o de estilo industrial.<\/li>\n<li><strong>Cer\u00e1mica o fibra de vidrio<\/strong>: Ligero y est\u00e9ticamente \u00fanico.<\/li>\n<\/ul>\n<p><a href=\"https:\/\/keweicorten.com\/es\/kit-de-quemador-para-hoguera-de-gas\/\"><img decoding=\"async\" class=\"alignnone wp-image-3848\" title=\"quemador de gas\" src=\"https:\/\/keweicorten.com\/wp-content\/uploads\/2025\/03\/\u5fae\u4fe1\u56fe\u7247_20240105111424.jpg\" alt=\"quemador de gas fire pit F\u00e1brica,china,precio,fabricantes, surtidores, modificado para requisitos particulares, al por mayor, barato, para la venta, en la acci\u00f3n.\" width=\"751\" height=\"751\" srcset=\"https:\/\/keweicorten.com\/wp-content\/uploads\/2025\/03\/\u5fae\u4fe1\u56fe\u7247_20240105111424.jpg 1600w, https:\/\/keweicorten.com\/wp-content\/uploads\/2025\/03\/\u5fae\u4fe1\u56fe\u7247_20240105111424-300x300.jpg 300w, https:\/\/keweicorten.com\/wp-content\/uploads\/2025\/03\/\u5fae\u4fe1\u56fe\u7247_20240105111424-1024x1024.jpg 1024w, https:\/\/keweicorten.com\/wp-content\/uploads\/2025\/03\/\u5fae\u4fe1\u56fe\u7247_20240105111424-150x150.jpg 150w, https:\/\/keweicorten.com\/wp-content\/uploads\/2025\/03\/\u5fae\u4fe1\u56fe\u7247_20240105111424-768x768.jpg 768w, https:\/\/keweicorten.com\/wp-content\/uploads\/2025\/03\/\u5fae\u4fe1\u56fe\u7247_20240105111424-1536x1536.jpg 1536w, https:\/\/keweicorten.com\/wp-content\/uploads\/2025\/03\/\u5fae\u4fe1\u56fe\u7247_20240105111424-12x12.jpg 12w, https:\/\/keweicorten.com\/wp-content\/uploads\/2025\/03\/\u5fae\u4fe1\u56fe\u7247_20240105111424-600x600.jpg 600w, https:\/\/keweicorten.com\/wp-content\/uploads\/2025\/03\/\u5fae\u4fe1\u56fe\u7247_20240105111424-100x100.jpg 100w\" sizes=\"(max-width: 751px) 100vw, 751px\" \/><\/a><\/p>\n<h2>C\u00f3mo instalar una chimenea de gas<\/h2>\n<h3>1. Elija el lugar de instalaci\u00f3n<\/h3>\n<p>Seleccione una zona bien ventilada y alejada de materiales inflamables para garantizar la seguridad.<\/p>\n<h3>2. Conectar la tuber\u00eda de gas<\/h3>\n<p>Siga las instrucciones del fabricante para conectar correctamente la tuber\u00eda de gas y realizar una prueba de estanqueidad.<\/p>\n<h3>3. A\u00f1adir Fire Media<\/h3>\n<p>Mejore el aspecto utilizando <strong>rocas de lava, vidrio de fuego o troncos de cer\u00e1mica<\/strong>.<\/p>\n<h3>4. Prueba y ajuste<\/h3>\n<p>Encienda la hoguera, ajuste la altura de la llama y aseg\u00farese de que funciona correctamente.<\/p>\n<p><a href=\"https:\/\/keweicorten.com\/es\/kit-de-quemador-para-hoguera-de-gas\/\"><img loading=\"lazy\" decoding=\"async\" class=\"alignnone wp-image-3539\" title=\"hoguera de lp\" src=\"https:\/\/keweicorten.com\/wp-content\/uploads\/2025\/02\/Gas-fire-pit-pan-11.jpg\" alt=\"diy lp fire pit \\Factory,china,precio,fabricantes, proveedores, modificado para requisitos particulares, al por mayor, barato, para la venta, en stock.\" width=\"751\" height=\"751\" srcset=\"https:\/\/keweicorten.com\/wp-content\/uploads\/2025\/02\/Gas-fire-pit-pan-11.jpg 960w, https:\/\/keweicorten.com\/wp-content\/uploads\/2025\/02\/Gas-fire-pit-pan-11-300x300.jpg 300w, https:\/\/keweicorten.com\/wp-content\/uploads\/2025\/02\/Gas-fire-pit-pan-11-150x150.jpg 150w, https:\/\/keweicorten.com\/wp-content\/uploads\/2025\/02\/Gas-fire-pit-pan-11-768x768.jpg 768w, https:\/\/keweicorten.com\/wp-content\/uploads\/2025\/02\/Gas-fire-pit-pan-11-12x12.jpg 12w, https:\/\/keweicorten.com\/wp-content\/uploads\/2025\/02\/Gas-fire-pit-pan-11-600x600.jpg 600w, https:\/\/keweicorten.com\/wp-content\/uploads\/2025\/02\/Gas-fire-pit-pan-11-100x100.jpg 100w\" sizes=\"(max-width: 751px) 100vw, 751px\" \/><\/a><\/p>\n<h2>Mantenimiento y cuidado<\/h2>\n<h3>1. Limpie regularmente el quemador<\/h3>\n<p>Evite que el polvo o los residuos obstruyan los orificios del quemador para mantener la eficiencia.<\/p>\n<h3>2. Proteger de los elementos clim\u00e1ticos<\/h3>\n<p>Utilice un <strong>cubierta impermeable<\/strong> cuando no se utilice para prolongar la vida \u00fatil de la hoguera.<\/p>\n<h3>3. Comprobar las conexiones de gas<\/h3>\n<p>Inspeccione peri\u00f3dicamente las tuber\u00edas y v\u00e1lvulas de gas para evitar fugas.<\/p>","protected":false},"excerpt":{"rendered":"<p>A <strong data-start=\"265\" data-end=\"285\">Kit para hoguera de gas<\/strong> a\u00f1ade calidez, estilo y comodidad a cualquier espacio exterior. Elija entre varios tama\u00f1os y materiales para un ajuste perfecto. F\u00e1cil de instalar y mantener, ideal para uso dom\u00e9stico y comercial.<\/p>","protected":false},"featured_media":3849,"comment_status":"open","ping_status":"closed","template":"","meta":{"_eb_attr":"","_monsterinsights_skip_tracking":false,"_monsterinsights_sitenote_active":false,"_monsterinsights_sitenote_note":"","_monsterinsights_sitenote_category":0,"_uf_show_specific_survey":0,"_uf_disable_surveys":false},"product_brand":[],"product_cat":[53],"product_tag":[],"class_list":{"0":"post-3845","1":"product","2":"type-product","3":"status-publish","4":"has-post-thumbnail","6":"product_cat-gas-fire-pit-burner","8":"first","9":"instock","10":"shipping-taxable","11":"product-type-simple"},"_links":{"self":[{"href":"https:\/\/keweicorten.com\/es\/wp-json\/wp\/v2\/product\/3845"}],"collection":[{"href":"https:\/\/keweicorten.com\/es\/wp-json\/wp\/v2\/product"}],"about":[{"href":"https:\/\/keweicorten.com\/es\/wp-json\/wp\/v2\/types\/product"}],"replies":[{"embeddable":true,"href":"https:\/\/keweicorten.com\/es\/wp-json\/wp\/v2\/comments?post=3845"}],"version-history":[{"count":1,"href":"https:\/\/keweicorten.com\/es\/wp-json\/wp\/v2\/product\/3845\/revisions"}],"predecessor-version":[{"id":3853,"href":"https:\/\/keweicorten.com\/es\/wp-json\/wp\/v2\/product\/3845\/revisions\/3853"}],"wp:featuredmedia":[{"embeddable":true,"href":"https:\/\/keweicorten.com\/es\/wp-json\/wp\/v2\/media\/3849"}],"wp:attachment":[{"href":"https:\/\/keweicorten.com\/es\/wp-json\/wp\/v2\/media?parent=3845"}],"wp:term":[{"taxonomy":"product_brand","embeddable":true,"href":"https:\/\/keweicorten.com\/es\/wp-json\/wp\/v2\/product_brand?post=3845"},{"taxonomy":"product_cat","embeddable":true,"href":"https:\/\/keweicorten.com\/es\/wp-json\/wp\/v2\/product_cat?post=3845"},{"taxonomy":"product_tag","embeddable":true,"href":"https:\/\/keweicorten.com\/es\/wp-json\/wp\/v2\/product_tag?post=3845"}],"curies":[{"name":"wp","href":"https:\/\/api.w.org\/{rel}","templated":true}]}}