{"id":3862,"date":"2025-03-05T06:54:48","date_gmt":"2025-03-05T06:54:48","guid":{"rendered":"https:\/\/keweicorten.com\/?post_type=product&#038;p=3862"},"modified":"2025-03-05T06:54:48","modified_gmt":"2025-03-05T06:54:48","slug":"tubo-de-acero-q235nh","status":"publish","type":"product","link":"https:\/\/keweicorten.com\/es\/tubo-de-acero-q235nh\/","title":{"rendered":"tubo de acero q235nh"},"content":{"rendered":"<p>Q235NH Tablero de intemperie Gama de uso:<\/p>\n<p>Contenedores, centrales el\u00e9ctricas, chimeneas, ingenier\u00eda ferroviaria, acero para exteriores (como acero para grandes esculturas al aire libre), puentes, edificios y otras estructuras para piezas estructurales soldadas.<\/p>\n<p><a href=\"https:\/\/keweicorten.com\/es\/productos\/\"><img fetchpriority=\"high\" decoding=\"async\" class=\"alignnone\" title=\"tubo de acero q235nh\" src=\"https:\/\/www.qianhongsteel.com\/upLoad\/image\/20190614\/15604830043451017.jpg\" alt=\"q235nh tuber\u00eda de acero F\u00e1brica, china, precio, fabricantes, proveedores, modificado para requisitos particulares, por mayor, barato, para la venta, en stock.\" width=\"790\" height=\"263\" \/><\/a><\/p>\n<p>Composici\u00f3n qu\u00edmica del acero Q235NH para intemperie:<\/p>\n<p><a href=\"https:\/\/keweicorten.com\/es\/productos\/\"><img decoding=\"async\" class=\"alignnone wp-image-3863 size-full\" src=\"https:\/\/keweicorten.com\/wp-content\/uploads\/2025\/03\/translated_table.png\" alt=\"\" width=\"800\" height=\"80\" srcset=\"https:\/\/keweicorten.com\/wp-content\/uploads\/2025\/03\/translated_table.png 800w, https:\/\/keweicorten.com\/wp-content\/uploads\/2025\/03\/translated_table-300x30.png 300w, https:\/\/keweicorten.com\/wp-content\/uploads\/2025\/03\/translated_table-768x77.png 768w, https:\/\/keweicorten.com\/wp-content\/uploads\/2025\/03\/translated_table-18x2.png 18w, https:\/\/keweicorten.com\/wp-content\/uploads\/2025\/03\/translated_table-600x60.png 600w\" sizes=\"(max-width: 800px) 100vw, 800px\" \/><\/a><\/p>\n<p>Q235NH Acero para intemperie Propiedades mec\u00e1nicas:<\/p>\n<p><img decoding=\"async\" src=\"https:\/\/www.qianhongsteel.com\/upLoad\/image\/20190613\/15604395151999311.jpg\" alt=\"2.jpg\" \/><\/p>\n<p>Las nuevas y viejas marcas de weatheringboardsd:<\/p>\n<p><img decoding=\"async\" src=\"https:\/\/www.qianhongsteel.com\/upLoad\/image\/20190613\/15604395612447278.jpg\" alt=\"3.jpg\" \/><\/p>\n<p>Q235NH Tubo cuadrado\/RectangulaTubebe Especificaciones del producto:<\/p>\n<p>Q235NH tubo cuadrado \/ tubo rectangular di\u00e1metro, y las especificaciones de espesor son completos, una cierta cantidad tambi\u00e9n se puede personalizar de acuerdo a los requerimientos de la producci\u00f3n.<\/p>","protected":false},"excerpt":{"rendered":"<p>El Q295NH es un acero estructural resistente a la intemperie con una excelente resistencia a la corrosi\u00f3n y una gran solidez. Se utiliza ampliamente en estructuras exteriores, puentes y decoraciones de jardines gracias a su capa de \u00f3xido autoprotectora, que mejora la durabilidad y reduce los costes de mantenimiento.<\/p>","protected":false},"featured_media":3864,"comment_status":"open","ping_status":"closed","template":"","meta":{"_eb_attr":"","_monsterinsights_skip_tracking":false,"_monsterinsights_sitenote_active":false,"_monsterinsights_sitenote_note":"","_monsterinsights_sitenote_category":0,"_uf_show_specific_survey":0,"_uf_disable_surveys":false},"product_brand":[],"product_cat":[21],"product_tag":[],"class_list":{"0":"post-3862","1":"product","2":"type-product","3":"status-publish","4":"has-post-thumbnail","6":"product_cat-weather-resistant-steel-plate","8":"first","9":"instock","10":"shipping-taxable","11":"product-type-simple"},"_links":{"self":[{"href":"https:\/\/keweicorten.com\/es\/wp-json\/wp\/v2\/product\/3862"}],"collection":[{"href":"https:\/\/keweicorten.com\/es\/wp-json\/wp\/v2\/product"}],"about":[{"href":"https:\/\/keweicorten.com\/es\/wp-json\/wp\/v2\/types\/product"}],"replies":[{"embeddable":true,"href":"https:\/\/keweicorten.com\/es\/wp-json\/wp\/v2\/comments?post=3862"}],"version-history":[{"count":1,"href":"https:\/\/keweicorten.com\/es\/wp-json\/wp\/v2\/product\/3862\/revisions"}],"predecessor-version":[{"id":3868,"href":"https:\/\/keweicorten.com\/es\/wp-json\/wp\/v2\/product\/3862\/revisions\/3868"}],"wp:featuredmedia":[{"embeddable":true,"href":"https:\/\/keweicorten.com\/es\/wp-json\/wp\/v2\/media\/3864"}],"wp:attachment":[{"href":"https:\/\/keweicorten.com\/es\/wp-json\/wp\/v2\/media?parent=3862"}],"wp:term":[{"taxonomy":"product_brand","embeddable":true,"href":"https:\/\/keweicorten.com\/es\/wp-json\/wp\/v2\/product_brand?post=3862"},{"taxonomy":"product_cat","embeddable":true,"href":"https:\/\/keweicorten.com\/es\/wp-json\/wp\/v2\/product_cat?post=3862"},{"taxonomy":"product_tag","embeddable":true,"href":"https:\/\/keweicorten.com\/es\/wp-json\/wp\/v2\/product_tag?post=3862"}],"curies":[{"name":"wp","href":"https:\/\/api.w.org\/{rel}","templated":true}]}}