{"id":663,"date":"2024-07-16T06:51:20","date_gmt":"2024-07-16T06:51:20","guid":{"rendered":"https:\/\/keweicorten.com\/?post_type=product&#038;p=663"},"modified":"2025-01-15T06:29:01","modified_gmt":"2025-01-15T06:29:01","slug":"maceta-de-corten","status":"publish","type":"product","link":"https:\/\/keweicorten.com\/es\/maceta-de-corten\/","title":{"rendered":"maceta de corten"},"content":{"rendered":"<h2>Las ventajas de la maceta de corten y los escenarios aplicables para compartir:<\/h2>\n<p>Las macetas de corten son la opci\u00f3n favorita de muchos aficionados a la jardiner\u00eda, con las siguientes ventajas y escenarios de aplicaci\u00f3n:<\/p>\n<p>Ventajas:<br \/>\n1. Resistencia a la corrosi\u00f3n: El acero de intemperie tiene una excelente resistencia a la intemperie, puede resistir el viento y la lluvia en el ambiente al aire libre, el sol y la lluvia, no es f\u00e1cil de oxidar la corrosi\u00f3n, mantener un aspecto hermoso a largo plazo.<br \/>\n2. Resistente y duradero: el macetero de acero resistente a la intemperie es duradero, no se deforma ni se rompe f\u00e1cilmente, y puede soportar la prueba del uso a largo plazo y diversas condiciones clim\u00e1ticas.<br \/>\n3. Aspecto \u00fanico: Cuando se combina con plantas, la maceta de acero resistente a la intemperie presenta una est\u00e9tica moderna de estilo industrial, que a\u00f1ade car\u00e1cter y personalidad al espacio exterior.<\/p>\n<p>Aplicaci\u00f3n de la maceta de corten:<br \/>\n1. Lugares p\u00fablicos: macetas de corten para ajardinar lugares p\u00fablicos como calles urbanas, parques y plazas para a\u00f1adir color y verdor a la ciudad.<br \/>\n2. Hoteles o lugares comerciales: las macetas de corten pueden utilizarse para la decoraci\u00f3n de jardines o terrazas en hoteles, centros comerciales, edificios de oficinas y otros lugares para mejorar el confort y la belleza del entorno general.<br \/>\n3. Residencia privada: La maceta de acero resistente a la intemperie es adecuada para la decoraci\u00f3n del patio, balc\u00f3n o jard\u00edn de la residencia privada, a\u00f1adiendo elementos verdes al entorno del hogar y creando un ambiente de vida agradable.<\/p>","protected":false},"excerpt":{"rendered":"<p>Las macetas de acero corten son una opci\u00f3n popular para las jardineras de exterior por su durabilidad y resistencia a la intemperie. El acero corten, tambi\u00e9n conocido como acero resistente a la intemperie, desarrolla un aspecto protector similar al \u00f3xido cuando se expone a los elementos, lo que lo convierte en una opci\u00f3n elegante y de bajo mantenimiento para su jard\u00edn o patio.<\/p>","protected":false},"featured_media":664,"comment_status":"open","ping_status":"closed","template":"","meta":{"_eb_attr":"","_monsterinsights_skip_tracking":false,"_monsterinsights_sitenote_active":false,"_monsterinsights_sitenote_note":"","_monsterinsights_sitenote_category":0,"_uf_show_specific_survey":0,"_uf_disable_surveys":false},"product_brand":[],"product_cat":[59],"product_tag":[],"class_list":{"0":"post-663","1":"product","2":"type-product","3":"status-publish","4":"has-post-thumbnail","6":"product_cat-flower-pot","8":"first","9":"instock","10":"shipping-taxable","11":"product-type-simple"},"_links":{"self":[{"href":"https:\/\/keweicorten.com\/es\/wp-json\/wp\/v2\/product\/663"}],"collection":[{"href":"https:\/\/keweicorten.com\/es\/wp-json\/wp\/v2\/product"}],"about":[{"href":"https:\/\/keweicorten.com\/es\/wp-json\/wp\/v2\/types\/product"}],"replies":[{"embeddable":true,"href":"https:\/\/keweicorten.com\/es\/wp-json\/wp\/v2\/comments?post=663"}],"version-history":[{"count":2,"href":"https:\/\/keweicorten.com\/es\/wp-json\/wp\/v2\/product\/663\/revisions"}],"predecessor-version":[{"id":3237,"href":"https:\/\/keweicorten.com\/es\/wp-json\/wp\/v2\/product\/663\/revisions\/3237"}],"wp:featuredmedia":[{"embeddable":true,"href":"https:\/\/keweicorten.com\/es\/wp-json\/wp\/v2\/media\/664"}],"wp:attachment":[{"href":"https:\/\/keweicorten.com\/es\/wp-json\/wp\/v2\/media?parent=663"}],"wp:term":[{"taxonomy":"product_brand","embeddable":true,"href":"https:\/\/keweicorten.com\/es\/wp-json\/wp\/v2\/product_brand?post=663"},{"taxonomy":"product_cat","embeddable":true,"href":"https:\/\/keweicorten.com\/es\/wp-json\/wp\/v2\/product_cat?post=663"},{"taxonomy":"product_tag","embeddable":true,"href":"https:\/\/keweicorten.com\/es\/wp-json\/wp\/v2\/product_tag?post=663"}],"curies":[{"name":"wp","href":"https:\/\/api.w.org\/{rel}","templated":true}]}}