{"id":671,"date":"2024-07-16T07:00:36","date_gmt":"2024-07-16T07:00:36","guid":{"rendered":"https:\/\/keweicorten.com\/?post_type=product&#038;p=671"},"modified":"2025-01-15T06:28:52","modified_gmt":"2025-01-15T06:28:52","slug":"pantallas-de-acero-corten","status":"publish","type":"product","link":"https:\/\/keweicorten.com\/es\/pantallas-de-acero-corten\/","title":{"rendered":"pantallas de acero corten"},"content":{"rendered":"<table class=\"has-title all magic-8\" style=\"height: 141px;\" width=\"651\">\n<tbody>\n<tr>\n<td colspan=\"1\" rowspan=\"1\">\n<div class=\"magic-9\" data-spm-anchor-id=\"a2700.details.0.i41.1c02dc31QPyZ9q\">Nombre del producto<\/div>\n<\/td>\n<td colspan=\"1\" rowspan=\"1\">\n<div class=\"magic-10\">acero corten villas puerta de metal y valla para patio trasero<\/div>\n<\/td>\n<\/tr>\n<tr>\n<td colspan=\"1\" rowspan=\"1\" data-spm-anchor-id=\"a2700.details.0.i42.1c02dc31QPyZ9q\">\n<div class=\"magic-9\">Talla<\/div>\n<\/td>\n<td colspan=\"1\" rowspan=\"1\">\n<div class=\"magic-10\">Tama\u00f1o del cliente<\/div>\n<\/td>\n<\/tr>\n<tr>\n<td colspan=\"1\" rowspan=\"1\">\n<div class=\"magic-9\">Material<\/div>\n<\/td>\n<td colspan=\"1\" rowspan=\"1\">\n<div class=\"magic-10\">acero corten<\/div>\n<\/td>\n<\/tr>\n<tr>\n<td colspan=\"1\" rowspan=\"1\">\n<div class=\"magic-9\">Patr\u00f3n<\/div>\n<\/td>\n<td colspan=\"1\" rowspan=\"1\">\n<div class=\"magic-10\">Plantas, Animales, Abstracto.Tama\u00f1o urbano o cliente<\/div>\n<\/td>\n<\/tr>\n<tr>\n<td colspan=\"1\" rowspan=\"1\">\n<div class=\"magic-9\">Color<\/div>\n<\/td>\n<td colspan=\"1\" rowspan=\"1\">\n<div class=\"magic-10\">original o preoxidado<\/div>\n<\/td>\n<\/tr>\n<tr>\n<td colspan=\"1\" rowspan=\"1\">\n<div class=\"magic-9\">Usado<\/div>\n<\/td>\n<td colspan=\"1\" rowspan=\"1\">\n<div class=\"magic-10\">Casa y jard\u00edn<\/div>\n<\/td>\n<\/tr>\n<\/tbody>\n<\/table>\n<p>Las ventajas del panel de pantalla Corten y su aplicaci\u00f3n en el dise\u00f1o hort\u00edcola:<\/p>\n<p>1. Resistencia a la intemperie: El acero corten tiene una excelente resistencia a la intemperie y puede resistir la corrosi\u00f3n oxidativa en ambientes exteriores durante mucho tiempo, y no requiere revestimientos protectores adicionales.<\/p>\n<p>2. Aspecto \u00fanico: El acero corten produce una apariencia corro\u00edda \u00fanica, y su capa corro\u00edda forma una pel\u00edcula protectora natural, haciendo que su superficie se vea muy distintiva y hermosa.<\/p>\n<p>3. Larga vida \u00fatil: Debido a su resistencia a la intemperie y a su alta resistencia, los productos de acero corten tienen una larga vida \u00fatil, lo que reduce los costes de mantenimiento y sustituci\u00f3n.<\/p>\n<p>En el dise\u00f1o hort\u00edcola, las pantallas de acero corten pueden utilizarse en los siguientes \u00e1mbitos:<\/p>\n<p>1. Mampara de separaci\u00f3n: Las pantallas de acero corten se pueden utilizar como una partici\u00f3n de pantalla en el dise\u00f1o hort\u00edcola, que puede crear un espacio privado, bloquear la vista, y al mismo tiempo a\u00f1adir la belleza del paisaje hort\u00edcola a trav\u00e9s de su apariencia \u00fanica.<\/p>\n<p>2. Decoraci\u00f3n de jardines: las pantallas de acero corten pueden utilizarse como elementos decorativos en el jard\u00edn, a juego con plantas, rocas y otros elementos para aumentar el nivel paisaj\u00edstico y el impacto visual.<\/p>\n<p>3. L\u00edmite del jard\u00edn: Las pantallas de acero corten tambi\u00e9n pueden utilizarse para definir el l\u00edmite del jard\u00edn, dividir las distintas \u00e1reas funcionales y, al mismo tiempo, desempe\u00f1ar una funci\u00f3n decorativa.<\/p>\n<p><a href=\"https:\/\/keweicorten.com\/es\/contacto\/\"><img fetchpriority=\"high\" decoding=\"async\" class=\"wp-image-677 size-full\" src=\"https:\/\/keweicorten.com\/wp-content\/uploads\/2024\/07\/\u5fae\u4fe1\u56fe\u7247_20230914112941.jpg\" alt=\"\" width=\"750\" height=\"439\" srcset=\"https:\/\/keweicorten.com\/wp-content\/uploads\/2024\/07\/\u5fae\u4fe1\u56fe\u7247_20230914112941.jpg 750w, https:\/\/keweicorten.com\/wp-content\/uploads\/2024\/07\/\u5fae\u4fe1\u56fe\u7247_20230914112941-300x176.jpg 300w, https:\/\/keweicorten.com\/wp-content\/uploads\/2024\/07\/\u5fae\u4fe1\u56fe\u7247_20230914112941-600x351.jpg 600w\" sizes=\"(max-width: 750px) 100vw, 750px\" \/><\/a><\/p>","protected":false},"excerpt":{"rendered":"<p>Product Name corten steel villas metal gate and fence for backyard Size Customer Size Material corten steel Pattern Plants, Animal, Abstract.Urban or customer size Color original or pre-rusted Used Home and Garden The advantages of Corten screen panel and its application in horticultural design: 1. Weather resistance: Corten steel has excellent weather resistance and can [&hellip;]<\/p>","protected":false},"featured_media":672,"comment_status":"open","ping_status":"closed","template":"","meta":{"_eb_attr":"","_monsterinsights_skip_tracking":false,"_monsterinsights_sitenote_active":false,"_monsterinsights_sitenote_note":"","_monsterinsights_sitenote_category":0,"_uf_show_specific_survey":0,"_uf_disable_surveys":false},"product_brand":[],"product_cat":[57],"product_tag":[],"class_list":{"0":"post-671","1":"product","2":"type-product","3":"status-publish","4":"has-post-thumbnail","6":"product_cat-screen-panel","8":"first","9":"instock","10":"shipping-taxable","11":"product-type-simple"},"_links":{"self":[{"href":"https:\/\/keweicorten.com\/es\/wp-json\/wp\/v2\/product\/671"}],"collection":[{"href":"https:\/\/keweicorten.com\/es\/wp-json\/wp\/v2\/product"}],"about":[{"href":"https:\/\/keweicorten.com\/es\/wp-json\/wp\/v2\/types\/product"}],"replies":[{"embeddable":true,"href":"https:\/\/keweicorten.com\/es\/wp-json\/wp\/v2\/comments?post=671"}],"version-history":[{"count":1,"href":"https:\/\/keweicorten.com\/es\/wp-json\/wp\/v2\/product\/671\/revisions"}],"predecessor-version":[{"id":3236,"href":"https:\/\/keweicorten.com\/es\/wp-json\/wp\/v2\/product\/671\/revisions\/3236"}],"wp:featuredmedia":[{"embeddable":true,"href":"https:\/\/keweicorten.com\/es\/wp-json\/wp\/v2\/media\/672"}],"wp:attachment":[{"href":"https:\/\/keweicorten.com\/es\/wp-json\/wp\/v2\/media?parent=671"}],"wp:term":[{"taxonomy":"product_brand","embeddable":true,"href":"https:\/\/keweicorten.com\/es\/wp-json\/wp\/v2\/product_brand?post=671"},{"taxonomy":"product_cat","embeddable":true,"href":"https:\/\/keweicorten.com\/es\/wp-json\/wp\/v2\/product_cat?post=671"},{"taxonomy":"product_tag","embeddable":true,"href":"https:\/\/keweicorten.com\/es\/wp-json\/wp\/v2\/product_tag?post=671"}],"curies":[{"name":"wp","href":"https:\/\/api.w.org\/{rel}","templated":true}]}}