{"id":847,"date":"2024-07-19T02:28:12","date_gmt":"2024-07-19T02:28:12","guid":{"rendered":"https:\/\/keweicorten.com\/?post_type=product&#038;p=847"},"modified":"2025-01-15T06:28:40","modified_gmt":"2025-01-15T06:28:40","slug":"bordes-de-cesped-de-acero-galvanizado","status":"publish","type":"product","link":"https:\/\/keweicorten.com\/es\/bordes-de-cesped-de-acero-galvanizado\/","title":{"rendered":"bordes de c\u00e9sped de acero galvanizado"},"content":{"rendered":"<h2>Los pasos para instalar bordes de jard\u00edn de acero galvanizado son los siguientes:<\/h2>\n<p>1. Prepare la zona de instalaci\u00f3n eliminando las malas hierbas, la suciedad y los residuos.<br \/>\n2. Marque la posici\u00f3n del borde en funci\u00f3n de las necesidades del dise\u00f1o hort\u00edcola.<br \/>\n3. Instale el borde del jard\u00edn coloc\u00e1ndolo a lo largo de la l\u00ednea marcada o de la posici\u00f3n del borde y golpe\u00e1ndolo con una pala.<br \/>\n4. Borde fijo: Utilice las piezas fijas unidas al borde o clavos de suelo para fijar firmemente el borde al suelo y garantizar que no quede suelto.<\/p>\n<h2>Mantenga los bordes de acero galvanizado de la siguiente manera:<\/h2>\n<p>1. Limpie regularmente: Utilice un pa\u00f1o suave o un cepillo para limpiar la superficie del borde de jard\u00edn para evitar la acumulaci\u00f3n de polvo y suciedad.<br \/>\n2. Evite los impactos: Evite el uso de objetos duros para impactar el borde del jard\u00edn, evitar ara\u00f1azos o deformaciones, afectando a la apariencia.<br \/>\n3. Compruebe si hay \u00f3xido: Compruebe regularmente si la superficie del borde del jard\u00edn est\u00e1 oxidada, si es necesario, puede utilizar pintura de mantenimiento para pulverizar.<br \/>\n4. Oc\u00fapate de las fugas de agua: Si descubres que hay fugas de agua en el borde del jard\u00edn, rep\u00e1ralas o sustit\u00fayelas a tiempo para mantener la funci\u00f3n y la belleza del borde.<\/p>\n<h2>El borde de acero galvanizado presenta las siguientes ventajas y m\u00e9todos de uso:<\/h2>\n<p>Ventajas:<br \/>\n1. Alta durabilidad: El acero galvanizado es resistente al \u00f3xido y a la corrosi\u00f3n, tiene una larga vida \u00fatil y puede soportar duras condiciones al aire libre.<br \/>\n2. Alta resistencia: El acero es lo suficientemente fuerte como para proteger eficazmente el borde del jard\u00edn de cualquier da\u00f1o y al mismo tiempo soportar la presi\u00f3n y la colisi\u00f3n.<br \/>\n3. atractivos y pr\u00e1cticos Los bordes de jardiner\u00eda de acero galvanizado tienen una apariencia atractiva y una variedad de patrones, que pueden mejorar eficazmente la belleza general del jard\u00edn y, al mismo tiempo, separar el espacio y fijar la tierra.<\/p>\n<h2>Modo de empleo:<\/h2>\n<p>1. M\u00e9todo de instalaci\u00f3n: Siga los pasos de instalaci\u00f3n mencionados anteriormente para garantizar que el borde de jardiner\u00eda est\u00e9 firmemente instalado y cumpla con los requisitos de dise\u00f1o.<br \/>\n2. Escenario de aplicaci\u00f3n: Adecuado para todo tipo de jardines, patios, paisaje y otros lugares, se puede utilizar para fijar el borde del jard\u00edn, borde de c\u00e9sped, macizos de flores y macizos de flores y otros lugares.<br \/>\n3. M\u00e9todo de mantenimiento: Limpieza, inspecci\u00f3n y tratamiento regulares de acuerdo con el m\u00e9todo de mantenimiento mencionado anteriormente para garantizar que el borde de jardiner\u00eda est\u00e9 en buenas condiciones durante mucho tiempo.<\/p>\n<div style=\"width: 800px;\" class=\"wp-video\"><!--[if lt IE 9]><script>document.createElement('video');<\/script><![endif]-->\n<video class=\"wp-video-shortcode\" id=\"video-847-1\" width=\"800\" height=\"450\" poster=\"https:\/\/keweicorten.com\/wp-content\/uploads\/2024\/07\/IMG20211202155822-scaled.jpg\" preload=\"metadata\" controls=\"controls\"><source type=\"video\/mp4\" src=\"https:\/\/keweicorten.com\/wp-content\/uploads\/2024\/07\/DJI_20211202_160445_497_video.mp4?_=1\" \/><a href=\"https:\/\/keweicorten.com\/wp-content\/uploads\/2024\/07\/DJI_20211202_160445_497_video.mp4\">https:\/\/keweicorten.com\/wp-content\/uploads\/2024\/07\/DJI_20211202_160445_497_video.mp4<\/a><\/video><\/div>","protected":false},"excerpt":{"rendered":"<p>Elija el borde del jard\u00edn Corten para crear un espacio exterior personalizado con un gusto y estilo \u00fanicos.<br \/>\nLos bordes de jard\u00edn de acero resistente a la intemperie a\u00f1aden un valor moderno y est\u00e9tico a su patio o jard\u00edn<\/p>","protected":false},"featured_media":849,"comment_status":"open","ping_status":"closed","template":"","meta":{"_eb_attr":"","_monsterinsights_skip_tracking":false,"_monsterinsights_sitenote_active":false,"_monsterinsights_sitenote_note":"","_monsterinsights_sitenote_category":0,"_uf_show_specific_survey":0,"_uf_disable_surveys":false},"product_brand":[],"product_cat":[58],"product_tag":[],"class_list":{"0":"post-847","1":"product","2":"type-product","3":"status-publish","4":"has-post-thumbnail","6":"product_cat-garden-edging","8":"first","9":"instock","10":"shipping-taxable","11":"product-type-simple"},"_links":{"self":[{"href":"https:\/\/keweicorten.com\/es\/wp-json\/wp\/v2\/product\/847"}],"collection":[{"href":"https:\/\/keweicorten.com\/es\/wp-json\/wp\/v2\/product"}],"about":[{"href":"https:\/\/keweicorten.com\/es\/wp-json\/wp\/v2\/types\/product"}],"replies":[{"embeddable":true,"href":"https:\/\/keweicorten.com\/es\/wp-json\/wp\/v2\/comments?post=847"}],"version-history":[{"count":1,"href":"https:\/\/keweicorten.com\/es\/wp-json\/wp\/v2\/product\/847\/revisions"}],"predecessor-version":[{"id":3235,"href":"https:\/\/keweicorten.com\/es\/wp-json\/wp\/v2\/product\/847\/revisions\/3235"}],"wp:featuredmedia":[{"embeddable":true,"href":"https:\/\/keweicorten.com\/es\/wp-json\/wp\/v2\/media\/849"}],"wp:attachment":[{"href":"https:\/\/keweicorten.com\/es\/wp-json\/wp\/v2\/media?parent=847"}],"wp:term":[{"taxonomy":"product_brand","embeddable":true,"href":"https:\/\/keweicorten.com\/es\/wp-json\/wp\/v2\/product_brand?post=847"},{"taxonomy":"product_cat","embeddable":true,"href":"https:\/\/keweicorten.com\/es\/wp-json\/wp\/v2\/product_cat?post=847"},{"taxonomy":"product_tag","embeddable":true,"href":"https:\/\/keweicorten.com\/es\/wp-json\/wp\/v2\/product_tag?post=847"}],"curies":[{"name":"wp","href":"https:\/\/api.w.org\/{rel}","templated":true}]}}