{"id":958,"date":"2024-09-09T09:07:24","date_gmt":"2024-09-09T09:07:24","guid":{"rendered":"https:\/\/keweicorten.com\/?post_type=product&#038;p=958"},"modified":"2024-09-09T09:07:24","modified_gmt":"2024-09-09T09:07:24","slug":"precio-de-la-chapa-corten","status":"publish","type":"product","link":"https:\/\/keweicorten.com\/es\/precio-de-la-chapa-corten\/","title":{"rendered":"precio de la chapa corten"},"content":{"rendered":"<h2>Utilizaci\u00f3n de la chapa corten<\/h2>\n<p>Corten hoja se utiliza principalmente en ferrocarril, veh\u00edculos, puentes, torres, fotovoltaica, ingenier\u00eda de alta velocidad y otra exposici\u00f3n a largo plazo a la atm\u00f3sfera de la utilizaci\u00f3n de estructuras de acero. Tambi\u00e9n se puede utilizar en la fabricaci\u00f3n de contenedores, veh\u00edculos ferroviarios, torres petrol\u00edferas, edificios portuarios, plataformas petrol\u00edferas y contenedores de medios corrosivos que contienen azufre en equipos qu\u00edmicos y petrol\u00edferos. Adem\u00e1s, debido a la apariencia \u00fanica de la chapa corten , tambi\u00e9n se utiliza a menudo en el arte p\u00fablico, la escultura al aire libre y la decoraci\u00f3n de paredes exteriores de edificios.<\/p>\n<p>Material: Q235\/ Q255\/ Q275\/ SS400\/ A36\/ SA283Gr\/ S235JR\/ S235J2<br \/>\nEspesor: 0,2-500 mm<br \/>\nAnchura : 1000-4000mm<br \/>\nLongitud: 2000\/ 2438\/ 3000\/ 3500\/ 6000\/ 12000mm<br \/>\nEst\u00e1ndar: ASTM\/ AISI\/ JIS\/ GB\/ DIN\/ EN<\/p>\n<figure style=\"width: 806px\" class=\"wp-caption alignnone\"><a href=\"https:\/\/img01.71360.com\/w3\/k108mj\/20240626\/4080acf91332f29de99814cfd6593fc4.jpg?ct=webp\" rel=\"nofollow noopener\" target=\"_blank\"><img fetchpriority=\"high\" decoding=\"async\" title=\"corten\" src=\"https:\/\/img01.71360.com\/w3\/k108mj\/20240626\/4080acf91332f29de99814cfd6593fc4.jpg?ct=webp\" alt=\"chapa de acero corten\" width=\"806\" height=\"464\" \/><\/a><figcaption class=\"wp-caption-text\">chapa de acero corten<\/figcaption><\/figure>\n<h2>ventaja<\/h2>\n<p>1.Verde y protecci\u00f3n del medio ambiente<\/p>\n<p>2. Alto rendimiento visual<\/p>\n<p>3. Gran capacidad para moldear el cuerpo<\/p>\n<p>4. Buena definici\u00f3n espacial<\/p>\n<table cellspacing=\"0\" cellpadding=\"0\">\n<tbody>\n<tr class=\"firstRow\" data-rows=\"1\" data-type=\"even\">\n<td colspan=\"1\" rowspan=\"1\" data-col=\"1\">Nombre del producto<\/td>\n<td colspan=\"3\" rowspan=\"1\">Chapa\/Placa de acero al carbono laminada en fr\u00edo\/ laminada en caliente<\/td>\n<\/tr>\n<tr data-type=\"odd\">\n<td colspan=\"1\" rowspan=\"1\" data-col=\"1\">Est\u00e1ndar<\/td>\n<td colspan=\"3\" rowspan=\"1\">AISI,ASTM,DIN,JIS,GB,JIS,SUS,EN,etc.<\/td>\n<\/tr>\n<tr data-type=\"even\">\n<td colspan=\"1\" rowspan=\"1\" data-col=\"1\">Material<\/td>\n<td colspan=\"3\" rowspan=\"1\">Q195, Q215,Q235,Q345,ST37, A36,45# ,16Mn, SPHC,SGCC,CGCC<\/td>\n<\/tr>\n<tr data-type=\"odd\">\n<td colspan=\"1\" rowspan=\"1\" data-col=\"1\">Espesor (mm)<\/td>\n<td colspan=\"3\" rowspan=\"1\">Espesor laminado en caliente: 2,75 mm-100 mm<\/p>\n<p>Laminado en fr\u00edo Espesor:0,2mm-3mm<\/td>\n<\/tr>\n<tr data-type=\"even\">\n<td colspan=\"1\" rowspan=\"1\" data-col=\"1\">Anchura (mm)<\/td>\n<td colspan=\"3\" rowspan=\"1\">45mm-2200mm, seg\u00fan su petici\u00f3n<\/td>\n<\/tr>\n<tr data-type=\"odd\">\n<td colspan=\"1\" rowspan=\"1\" data-col=\"1\">Longitud<\/td>\n<td colspan=\"3\" rowspan=\"1\">1-12m, seg\u00fan su petici\u00f3n<\/td>\n<\/tr>\n<tr data-type=\"even\">\n<td colspan=\"1\" rowspan=\"1\" data-col=\"1\">T\u00e9cnica<\/td>\n<td colspan=\"3\" rowspan=\"1\">Laminado en caliente \/ laminado en fr\u00edo<\/td>\n<\/tr>\n<tr data-type=\"odd\">\n<td colspan=\"1\" rowspan=\"1\" data-col=\"1\">Superficie<\/td>\n<td colspan=\"3\" rowspan=\"1\">desnudo, negro, aceitado, granallado, pintura en aerosol, recubierto, galvanizado, o como su petici\u00f3n<\/td>\n<\/tr>\n<tr data-type=\"even\">\n<td colspan=\"1\" rowspan=\"1\" data-col=\"1\">ID de bobina<\/td>\n<td colspan=\"3\" rowspan=\"1\">508-610mm o seg\u00fan su petici\u00f3n<\/td>\n<\/tr>\n<tr data-type=\"odd\">\n<td colspan=\"1\" rowspan=\"1\" data-col=\"1\">Peso de la bobina<\/td>\n<td colspan=\"3\" rowspan=\"1\">3~5 Toneladas para seg\u00fan su petici\u00f3n<\/td>\n<\/tr>\n<\/tbody>\n<\/table>","protected":false},"excerpt":{"rendered":"<p>La chapa de acero corten es una opci\u00f3n popular para muchos proyectos debido a su aspecto desgastado \u00fanico y a su durabilidad. Tanto si desea dar un toque r\u00fastico a su hogar como crear un aspecto industrial moderno, la chapa de acero corten puede ser una gran opci\u00f3n.<\/p>","protected":false},"featured_media":857,"comment_status":"open","ping_status":"closed","template":"","meta":{"_eb_attr":"","_monsterinsights_skip_tracking":false,"_monsterinsights_sitenote_active":false,"_monsterinsights_sitenote_note":"","_monsterinsights_sitenote_category":0,"_uf_show_specific_survey":0,"_uf_disable_surveys":false},"product_brand":[],"product_cat":[21],"product_tag":[],"class_list":{"0":"post-958","1":"product","2":"type-product","3":"status-publish","4":"has-post-thumbnail","6":"product_cat-weather-resistant-steel-plate","8":"first","9":"instock","10":"shipping-taxable","11":"product-type-simple"},"_links":{"self":[{"href":"https:\/\/keweicorten.com\/es\/wp-json\/wp\/v2\/product\/958"}],"collection":[{"href":"https:\/\/keweicorten.com\/es\/wp-json\/wp\/v2\/product"}],"about":[{"href":"https:\/\/keweicorten.com\/es\/wp-json\/wp\/v2\/types\/product"}],"replies":[{"embeddable":true,"href":"https:\/\/keweicorten.com\/es\/wp-json\/wp\/v2\/comments?post=958"}],"version-history":[{"count":1,"href":"https:\/\/keweicorten.com\/es\/wp-json\/wp\/v2\/product\/958\/revisions"}],"predecessor-version":[{"id":959,"href":"https:\/\/keweicorten.com\/es\/wp-json\/wp\/v2\/product\/958\/revisions\/959"}],"wp:featuredmedia":[{"embeddable":true,"href":"https:\/\/keweicorten.com\/es\/wp-json\/wp\/v2\/media\/857"}],"wp:attachment":[{"href":"https:\/\/keweicorten.com\/es\/wp-json\/wp\/v2\/media?parent=958"}],"wp:term":[{"taxonomy":"product_brand","embeddable":true,"href":"https:\/\/keweicorten.com\/es\/wp-json\/wp\/v2\/product_brand?post=958"},{"taxonomy":"product_cat","embeddable":true,"href":"https:\/\/keweicorten.com\/es\/wp-json\/wp\/v2\/product_cat?post=958"},{"taxonomy":"product_tag","embeddable":true,"href":"https:\/\/keweicorten.com\/es\/wp-json\/wp\/v2\/product_tag?post=958"}],"curies":[{"name":"wp","href":"https:\/\/api.w.org\/{rel}","templated":true}]}}