{"id":978,"date":"2024-09-10T01:58:48","date_gmt":"2024-09-10T01:58:48","guid":{"rendered":"https:\/\/keweicorten.com\/?post_type=product&#038;p=978"},"modified":"2025-01-15T06:28:30","modified_gmt":"2025-01-15T06:28:30","slug":"fuente-moderna-de-exterior","status":"publish","type":"product","link":"https:\/\/keweicorten.com\/es\/fuente-moderna-de-exterior\/","title":{"rendered":"fuente moderna de exterior"},"content":{"rendered":"<p>Las fuentes de exterior modernas de acero corten pueden conservarse en las mejores condiciones y prolongar su vida \u00fatil incluso en diversas condiciones clim\u00e1ticas. Un mantenimiento y cuidado regulares son la clave para garantizar la belleza y el funcionamiento de la fuente a largo plazo.<\/p>\n<p>El acero corten es una aleaci\u00f3n de acero especialmente dise\u00f1ada para su uso en entornos exteriores, que presenta una est\u00e9tica y una resistencia a la intemperie \u00fanicas debido a la capa de \u00f3xido que se forma por oxidaci\u00f3n natural en su superficie. Aunque el acero corten se comporta bien en muchos climas, su cuidado y mantenimiento regulares siguen siendo esenciales para garantizar su estado \u00f3ptimo y prolongar su vida \u00fatil. He aqu\u00ed algunos consejos para su cuidado y mantenimiento:<\/p>\n<table class=\"table\" border=\"1\" cellspacing=\"1\" cellpadding=\"1\">\n<tbody>\n<tr>\n<td colspan=\"2\" rowspan=\"1\">\n<div class=\"magic-18\"><strong>Especificaciones<\/strong><\/div>\n<\/td>\n<\/tr>\n<tr>\n<td colspan=\"1\" rowspan=\"1\">\n<div class=\"magic-21\">Art\u00edculo<\/div>\n<\/td>\n<td colspan=\"1\" rowspan=\"1\">\n<div class=\"magic-22\">Fuente de agua de jard\u00edn personalizada Ornamentos de jard\u00edn Dise\u00f1o de cascada de agua al aire libre de acero corten Caracter\u00edstica del agua<\/div>\n<\/td>\n<\/tr>\n<tr>\n<td colspan=\"1\" rowspan=\"1\">\n<div class=\"magic-21\">Marca<\/div>\n<\/td>\n<td colspan=\"1\" rowspan=\"1\">\n<div class=\"magic-22\">Jard\u00edn SHKW<\/div>\n<\/td>\n<\/tr>\n<tr>\n<td colspan=\"1\" rowspan=\"1\">\n<div class=\"magic-21\">N\u00ba de modelo<\/div>\n<\/td>\n<td colspan=\"1\" rowspan=\"1\">\n<div class=\"magic-22\">SHKW-WF-088<\/div>\n<\/td>\n<\/tr>\n<tr>\n<td colspan=\"1\" rowspan=\"1\">\n<div class=\"magic-21\">Material<\/div>\n<\/td>\n<td colspan=\"1\" rowspan=\"1\">\n<div class=\"magic-22\">Acero corten\/acero resistente a la intemperie<\/div>\n<\/td>\n<\/tr>\n<tr>\n<td colspan=\"1\" rowspan=\"1\">\n<div class=\"magic-21\">Superficie<\/div>\n<\/td>\n<td colspan=\"1\" rowspan=\"1\">\n<div class=\"magic-22\">Preoxidado\/Preteorizado, personalizable<\/div>\n<\/td>\n<\/tr>\n<tr>\n<td colspan=\"1\" rowspan=\"1\">\n<div class=\"magic-21\">Embalaje<\/div>\n<\/td>\n<td colspan=\"1\" rowspan=\"1\">\n<div class=\"magic-22\">Interior : Papel de espuma antidesgaste; Exterior : Paleta de madera<\/div>\n<\/td>\n<\/tr>\n<tr>\n<td colspan=\"1\" rowspan=\"1\">\n<div class=\"magic-21\">Servicio a medida<\/div>\n<\/td>\n<td colspan=\"1\" rowspan=\"1\">\n<div class=\"magic-22\">Patr\u00f3n, tama\u00f1o y tratamiento superficial; ODM y OEM disponibles<\/div>\n<\/td>\n<\/tr>\n<\/tbody>\n<\/table>\n<h3 class=\"kche-t101-title\">Centro de productos<\/h3>\n<div class=\"kche-t101-list\">\n<div class=\"kche-t101-item\">\n<div class=\"kche-t101-item-img\"><img fetchpriority=\"high\" decoding=\"async\" class=\"alignnone\" title=\"elemento acu\u00e1tico\" src=\"https:\/\/www.keweistove.com\/uploads\/39684\/products\/2024060415451943cde.jpg?size=750x0\" alt=\"elemento acu\u00e1tico\" width=\"750\" height=\"750\" \/><\/div>\n<div class=\"kche-t101-item-info\">\n<p class=\"kche-t101-item-tit\">Fuente cascada<\/p>\n<div class=\"kche-t101-item-des\">\n<p>Una fuente de agua para jard\u00edn aportar\u00e1 una nueva dimensi\u00f3n a su espacio exterior.<\/p>\n<\/div>\n<div class=\"kche-t101-item-btn\"><a href=\"https:\/\/keweicorten.com\/es\/contacto\/\" target=\"_blank\" rel=\"noopener\">Seguir leyendo<\/a><\/div>\n<\/div>\n<\/div>\n<div class=\"kche-t101-item\">\n<div class=\"kche-t101-item-img\"><img decoding=\"async\" class=\"alignnone\" title=\"cortina de agua\" src=\"https:\/\/www.keweistove.com\/uploads\/39684\/products\/20240604154552036b0.jpg?size=750x0\" alt=\"cortina de agua\" width=\"750\" height=\"750\" \/><\/div>\n<div class=\"kche-t101-item-info\">\n<p class=\"kche-t101-item-tit\"><strong>Agua<\/strong>\u00a0Cuadro<\/p>\n<div class=\"kche-t101-item-des\">\n<p>Llevar el agua a su jard\u00edn puede reportarle numerosos beneficios, como fomentar la vida silvestre y favorecer la relajaci\u00f3n.<\/p>\n<\/div>\n<div class=\"kche-t101-item-btn\"><a href=\"https:\/\/keweicorten.com\/es\/contacto\/\" target=\"_blank\" rel=\"noopener\">Seguir leyendo<\/a><\/div>\n<\/div>\n<\/div>\n<div class=\"kche-t101-item\">\n<div class=\"kche-t101-item-img\"><img decoding=\"async\" class=\"alignnone\" title=\"fuente de agua corten\" src=\"https:\/\/www.keweistove.com\/uploads\/39684\/products\/20240604154619904a2.jpg?size=750x0\" alt=\"fuente de agua corten\" width=\"750\" height=\"750\" \/><\/div>\n<div class=\"kche-t101-item-info\">\n<p class=\"kche-t101-item-tit\"><strong>Agua<\/strong>\u00a0<strong>Caracter\u00edsticas<\/strong><\/p>\n<div class=\"kche-t101-item-des\">\n<p>SHKW-CORTEN ofrece una amplia gama de juegos de agua que se adaptan a su jard\u00edn.<\/p>\n<\/div>\n<div class=\"kche-t101-item-btn\"><a href=\"https:\/\/www.keweistove.com\/water-features\/\" target=\"_blank\" rel=\"noopener nofollow\">Seguir leyendo<\/a><\/div>\n<\/div>\n<\/div>\n<div class=\"kche-t101-item\">\n<div class=\"kche-t101-item-img\"><img loading=\"lazy\" decoding=\"async\" class=\"alignnone\" title=\"cascada\" src=\"https:\/\/www.keweistove.com\/uploads\/39684\/products\/202406041546545b72d.jpg?size=750x0\" alt=\"cascada\" width=\"750\" height=\"750\" \/><\/div>\n<div class=\"kche-t101-item-info\">\n<p class=\"kche-t101-item-tit\">Cortina de lluvia<\/p>\n<div class=\"kche-t101-item-des\">\n<h3>Podemos dise\u00f1ar el dibujo CAD detallado como sus requisitos, se puede personalizar con varios patrones.<\/h3>\n<\/div>\n<div class=\"kche-t101-item-btn\">Seguir leyendo<\/div>\n<\/div>\n<\/div>\n<\/div>\n<h3>Fuente moderna de exterior Mantenimiento y consejos de mantenimiento<\/h3>\n<ul>\n<li>Compruebe regularmente<\/li>\n<li>Mant\u00e9ngalo limpio<\/li>\n<li>Acabar con la suciedad y las algas<\/li>\n<li>Protecci\u00f3n invernal<\/li>\n<li>Evitar la retenci\u00f3n de l\u00edquidos<\/li>\n<li>Aplique regularmente una capa protectora<\/li>\n<li>Evitar el contacto directo con productos qu\u00edmicos<\/li>\n<li>Mantener la calidad del agua<\/li>\n<\/ul>\n<h3>Se presentan diferentes estilos de fuentes de exterior modernas de Corten:<\/h3>\n<ol>\n<li>Estilo industrial<\/li>\n<li>Minimalismo moderno<\/li>\n<li>Estilo natural<\/li>\n<li>Estilo de arte moderno<\/li>\n<li>Combina estilo tradicional y moderno<\/li>\n<li>Estilo deportivo<\/li>\n<li>Estilo ecol\u00f3gico<\/li>\n<\/ol>","protected":false},"excerpt":{"rendered":"<p>Convierta la fuente moderna de exterior en el punto culminante de su jard\u00edn y disfrute de la paz y la belleza del flujo del agua. Explore diversos dise\u00f1os para crear el espacio exterior ideal.<\/p>","protected":false},"featured_media":979,"comment_status":"open","ping_status":"closed","template":"","meta":{"_eb_attr":"","_monsterinsights_skip_tracking":false,"_monsterinsights_sitenote_active":false,"_monsterinsights_sitenote_note":"","_monsterinsights_sitenote_category":0,"_uf_show_specific_survey":0,"_uf_disable_surveys":false},"product_brand":[],"product_cat":[56],"product_tag":[],"class_list":{"0":"post-978","1":"product","2":"type-product","3":"status-publish","4":"has-post-thumbnail","6":"product_cat-water-feature","8":"first","9":"instock","10":"shipping-taxable","11":"product-type-simple"},"_links":{"self":[{"href":"https:\/\/keweicorten.com\/es\/wp-json\/wp\/v2\/product\/978"}],"collection":[{"href":"https:\/\/keweicorten.com\/es\/wp-json\/wp\/v2\/product"}],"about":[{"href":"https:\/\/keweicorten.com\/es\/wp-json\/wp\/v2\/types\/product"}],"replies":[{"embeddable":true,"href":"https:\/\/keweicorten.com\/es\/wp-json\/wp\/v2\/comments?post=978"}],"version-history":[{"count":1,"href":"https:\/\/keweicorten.com\/es\/wp-json\/wp\/v2\/product\/978\/revisions"}],"predecessor-version":[{"id":984,"href":"https:\/\/keweicorten.com\/es\/wp-json\/wp\/v2\/product\/978\/revisions\/984"}],"wp:featuredmedia":[{"embeddable":true,"href":"https:\/\/keweicorten.com\/es\/wp-json\/wp\/v2\/media\/979"}],"wp:attachment":[{"href":"https:\/\/keweicorten.com\/es\/wp-json\/wp\/v2\/media?parent=978"}],"wp:term":[{"taxonomy":"product_brand","embeddable":true,"href":"https:\/\/keweicorten.com\/es\/wp-json\/wp\/v2\/product_brand?post=978"},{"taxonomy":"product_cat","embeddable":true,"href":"https:\/\/keweicorten.com\/es\/wp-json\/wp\/v2\/product_cat?post=978"},{"taxonomy":"product_tag","embeddable":true,"href":"https:\/\/keweicorten.com\/es\/wp-json\/wp\/v2\/product_tag?post=978"}],"curies":[{"name":"wp","href":"https:\/\/api.w.org\/{rel}","templated":true}]}}