{"id":1090,"date":"2024-09-11T03:01:04","date_gmt":"2024-09-11T03:01:04","guid":{"rendered":"https:\/\/keweicorten.com\/?post_type=product&#038;p=1090"},"modified":"2025-01-15T06:18:33","modified_gmt":"2025-01-15T06:18:33","slug":"grandes-macetas-de-exterior","status":"publish","type":"product","link":"https:\/\/keweicorten.com\/es_gt\/grandes-macetas-de-exterior\/","title":{"rendered":"grandes macetas de exterior"},"content":{"rendered":"<h2>Ventajas y aplicaciones de la maceta exterior de acero para intemperie\uff1a<\/h2>\n<hr \/>\n<p>El acero de intemperie tiene una excelente resistencia a la corrosi\u00f3n y a la intemperie, y puede mantener un rendimiento estable en diversas condiciones clim\u00e1ticas. Adem\u00e1s, su singular aspecto oxidado no solo aumenta la est\u00e9tica, sino que se integra armoniosamente en el entorno natural.<\/p>\n<p>&nbsp;<\/p>\n<figure id=\"attachment_1091\" aria-describedby=\"caption-attachment-1091\" style=\"width: 794px\" class=\"wp-caption alignleft\"><img fetchpriority=\"high\" decoding=\"async\" class=\"wp-image-1091\" src=\"https:\/\/keweicorten.com\/wp-content\/uploads\/2024\/09\/\u5fae\u4fe1\u56fe\u7247_20230707144213-300x300.jpg\" alt=\"\" width=\"794\" height=\"794\" srcset=\"https:\/\/keweicorten.com\/wp-content\/uploads\/2024\/09\/\u5fae\u4fe1\u56fe\u7247_20230707144213-300x300.jpg 300w, https:\/\/keweicorten.com\/wp-content\/uploads\/2024\/09\/\u5fae\u4fe1\u56fe\u7247_20230707144213-150x150.jpg 150w, https:\/\/keweicorten.com\/wp-content\/uploads\/2024\/09\/\u5fae\u4fe1\u56fe\u7247_20230707144213-12x12.jpg 12w, https:\/\/keweicorten.com\/wp-content\/uploads\/2024\/09\/\u5fae\u4fe1\u56fe\u7247_20230707144213-600x600.jpg 600w, https:\/\/keweicorten.com\/wp-content\/uploads\/2024\/09\/\u5fae\u4fe1\u56fe\u7247_20230707144213-100x100.jpg 100w, https:\/\/keweicorten.com\/wp-content\/uploads\/2024\/09\/\u5fae\u4fe1\u56fe\u7247_20230707144213.jpg 750w\" sizes=\"(max-width: 794px) 100vw, 794px\" \/><figcaption id=\"caption-attachment-1091\" class=\"wp-caption-text\">flor de corten por<\/figcaption><\/figure>\n<h3><\/h3>\n<h3><\/h3>\n<h3><\/h3>\n<h3><\/h3>\n<h3><\/h3>\n<h3><\/h3>\n<h3><\/h3>\n<h3><\/h3>\n<h3><\/h3>\n<h3><\/h3>\n<h3><\/h3>\n<h3><\/h3>\n<h3><\/h3>\n<h3><\/h3>\n<h3><\/h3>\n<h3><\/h3>\n<h3><\/h3>\n<h3><\/h3>\n<h3><\/h3>\n<h3>las ventajas de las grandes macetas de exterior\uff1a<\/h3>\n<ul>\n<li>Durabilidad: Maceta de acero resistente a la intemperie puede soportar condiciones clim\u00e1ticas extremas, larga vida \u00fatil.<br \/>\nBajo coste de mantenimiento: Gracias a su resistencia a la corrosi\u00f3n, se reduce la frecuencia de mantenimiento y sustituci\u00f3n.<br \/>\nEst\u00e9tica: El dise\u00f1o de apariencia \u00fanica hace que sea un punto culminante de la decoraci\u00f3n hort\u00edcola.<br \/>\nProtecci\u00f3n del medio ambiente: El acero resistente a la intemperie puede reciclarse, en consonancia con el concepto de desarrollo sostenible.<\/li>\n<\/ul>\n<h3>el escenario de aplicaci\u00f3n de las grandes macetas de exterior\uff1a<\/h3>\n<ul>\n<li>La maceta de acero es adecuada para muchas ocasiones, como parques urbanos, plazas comerciales, jardines privados, etc. Sus diversas opciones de dise\u00f1o y tama\u00f1o le permiten satisfacer los requisitos de distintos entornos y necesidades.<\/li>\n<li>Las macetas de acero para exteriores resistentes a la intemperie se han convertido en una opci\u00f3n importante en el dise\u00f1o hort\u00edcola moderno debido a su excelente rendimiento y bella apariencia. Con la atenci\u00f3n de la gente al embellecimiento del medio ambiente y al desarrollo sostenible, las perspectivas de aplicaci\u00f3n de las macetas de acero para flores resistentes a la intemperie ser\u00e1n m\u00e1s amplias.<\/li>\n<\/ul>\n<table border=\"1\">\n<tbody>\n<tr>\n<td><span data-spm-anchor-id=\"a2700.details.0.i39.14133542hOt861\">Nombre del producto<\/span><\/td>\n<td data-spm-anchor-id=\"a2700.details.0.i43.14133542hOt861\">Caja de acero corten para plantas de exterior Custom Garden Plant Flower Pots Caja para plantas de exterior Corten Steel Cube Planter<\/td>\n<\/tr>\n<tr>\n<td data-spm-anchor-id=\"a2700.details.0.i40.14133542hOt861\">Material<\/td>\n<td data-spm-anchor-id=\"a2700.details.0.i42.14133542hOt861\">Acero corten Acero al carbono . inoxidable<\/td>\n<\/tr>\n<tr>\n<td>Acabado<\/td>\n<td>Oxidado o con recubrimiento de polvo<\/td>\n<\/tr>\n<tr>\n<td>Talla normal<\/td>\n<td>100x45x45cm . 120x50x60cm . 150x50x60cm . 200x50x60cm<\/td>\n<\/tr>\n<tr>\n<td>Dise\u00f1o<\/td>\n<td>Aceptar a medida<\/td>\n<\/tr>\n<tr>\n<td>aplicaci\u00f3n<\/td>\n<td>Decoraci\u00f3n interior y exterior<\/td>\n<\/tr>\n<\/tbody>\n<\/table>\n<p><a href=\"https:\/\/keweicorten.com\/es_gt\/contacto\/\"><img decoding=\"async\" class=\"alignnone\" title=\" Caja de plantas\" src=\"https:\/\/sc04.alicdn.com\/kf\/H0b0c474c4364463c955113ae286e19faM\/223026859\/H0b0c474c4364463c955113ae286e19faM.png\" alt=\"Caja de acero corten para plantas de exterior Custom Garden Plant Flower Pots Caja para plantas de exterior Corten Steel Cube Planter\" width=\"881\" height=\"292\" \/><\/a><\/p>\n<p>1.Pregunta: \u00bfManchar\u00e1 el \u00f3xido la superficie sobre la que se asiente?<\/p>\n<p>Respuesta: Vamos a rociar un l\u00edquido qu\u00edmico para mantener el \u00f3xido en<\/p>\n<p>&nbsp;<\/p>\n<p>2. Pregunta: \u00bfcu\u00e1nto pesan?<br \/>\nRespuesta: Por favor, consulte con el fabricante, ya que hay varios tama\u00f1os.<\/p>\n<p>&nbsp;<\/p>\n<p>3. Pregunta: \u00bfCu\u00e1nto pesa el L88*W30*H75 CM?<\/p>\n<p>Contesta: 36KG<\/p>\n<p>&nbsp;<\/p>\n<p>4. Pregunta: \u00bfSe puede imprimar y pintar antes de que empiece a oxidarse?<br \/>\nRespuesta: No, la belleza de la jardinera es cuando empieza a oxidarse. No est\u00e1 hecha para ser pintada.<\/p>\n<p>&nbsp;<\/p>\n<p>5. Pregunta: \u00bfEl panited panter est\u00e1 disponible?<\/p>\n<p>Respuesta: Por supuesto, no s\u00f3lo tenemos la superficie oxidada plantador, tambi\u00e9n tenemos los recubiertos de polvo.<\/p>","protected":false},"excerpt":{"rendered":"<p>La maceta de acero resistente a la intemperie es un material muy com\u00fan en el cultivo moderno de flores. Est\u00e1 hecho de acero de alta calidad con una durabilidad, resistencia a la corrosi\u00f3n y resistencia a la intemperie extremadamente altas. En el cultivo de flores, las ventajas de las macetas de acero resistente a la intemperie son evidentes<\/p>","protected":false},"featured_media":1092,"comment_status":"open","ping_status":"closed","template":"","meta":{"_eb_attr":"","_monsterinsights_skip_tracking":false,"_monsterinsights_sitenote_active":false,"_monsterinsights_sitenote_note":"","_monsterinsights_sitenote_category":0,"_uf_show_specific_survey":0,"_uf_disable_surveys":false},"product_brand":[],"product_cat":[59],"product_tag":[],"class_list":{"0":"post-1090","1":"product","2":"type-product","3":"status-publish","4":"has-post-thumbnail","6":"product_cat-flower-pot","8":"first","9":"instock","10":"shipping-taxable","11":"product-type-simple"},"_links":{"self":[{"href":"https:\/\/keweicorten.com\/es_gt\/wp-json\/wp\/v2\/product\/1090"}],"collection":[{"href":"https:\/\/keweicorten.com\/es_gt\/wp-json\/wp\/v2\/product"}],"about":[{"href":"https:\/\/keweicorten.com\/es_gt\/wp-json\/wp\/v2\/types\/product"}],"replies":[{"embeddable":true,"href":"https:\/\/keweicorten.com\/es_gt\/wp-json\/wp\/v2\/comments?post=1090"}],"version-history":[{"count":7,"href":"https:\/\/keweicorten.com\/es_gt\/wp-json\/wp\/v2\/product\/1090\/revisions"}],"predecessor-version":[{"id":1099,"href":"https:\/\/keweicorten.com\/es_gt\/wp-json\/wp\/v2\/product\/1090\/revisions\/1099"}],"wp:featuredmedia":[{"embeddable":true,"href":"https:\/\/keweicorten.com\/es_gt\/wp-json\/wp\/v2\/media\/1092"}],"wp:attachment":[{"href":"https:\/\/keweicorten.com\/es_gt\/wp-json\/wp\/v2\/media?parent=1090"}],"wp:term":[{"taxonomy":"product_brand","embeddable":true,"href":"https:\/\/keweicorten.com\/es_gt\/wp-json\/wp\/v2\/product_brand?post=1090"},{"taxonomy":"product_cat","embeddable":true,"href":"https:\/\/keweicorten.com\/es_gt\/wp-json\/wp\/v2\/product_cat?post=1090"},{"taxonomy":"product_tag","embeddable":true,"href":"https:\/\/keweicorten.com\/es_gt\/wp-json\/wp\/v2\/product_tag?post=1090"}],"curies":[{"name":"wp","href":"https:\/\/api.w.org\/{rel}","templated":true}]}}