{"id":1121,"date":"2024-09-11T09:07:08","date_gmt":"2024-09-11T09:07:08","guid":{"rendered":"https:\/\/keweicorten.com\/?post_type=product&#038;p=1121"},"modified":"2025-01-15T06:15:52","modified_gmt":"2025-01-15T06:15:52","slug":"hoguera-de-acero","status":"publish","type":"product","link":"https:\/\/keweicorten.com\/es_gt\/hoguera-de-acero\/","title":{"rendered":"hoguera de acero"},"content":{"rendered":"<h2>Ventajas de un pozo de fuego de acero:<\/h2>\n<p>Durabilidad : El acero es muy resistente y puede soportar altas temperaturas y un uso prolongado. No se da\u00f1a ni se deforma tan f\u00e1cilmente como otros materiales.<\/p>\n<p>Calentamiento r\u00e1pido : La conductividad t\u00e9rmica del acero es buena, y el pozo de fuego puede alcanzar r\u00e1pidamente altas temperaturas, proporcion\u00e1ndole un efecto de calentamiento m\u00e1s eficiente.<\/p>\n<p>Bajo mantenimiento : La superficie de un pozo de fuego de acero suele ser m\u00e1s f\u00e1cil de limpiar y no es f\u00e1cil que acumule ceniza o suciedad.<\/p>\n<p>Resistencia a la intemperie : El acero de alta calidad suele tener una buena resistencia a la corrosi\u00f3n, especialmente el acero recubierto o tratado, que puede resistir el impacto de los cambios clim\u00e1ticos.<\/p>\n<p>Flexibilidad de dise\u00f1o : Las hogueras de acero pueden dise\u00f1arse en una gran variedad de formas y estilos para adaptarse a las distintas necesidades decorativas y preferencias personales.<\/p>\n<p>Seguridad : La resistencia y estabilidad del acero hacen que el pozo de fuego tenga menos probabilidades de volcarse o romperse durante su uso, mejorando as\u00ed la seguridad de uso.<\/p>\n<p>Econom\u00eda : En comparaci\u00f3n con otros materiales, el acero suele tener un coste inferior, por lo que las hogueras de acero suelen ser m\u00e1s econ\u00f3micas.<\/p>\n<table style=\"height: 286px;\" width=\"943\">\n<tbody>\n<tr>\n<td colspan=\"1\" rowspan=\"1\">\n<div><span data-spm-anchor-id=\"a2700.details.0.i40.21cc481046iNBp\">Nombre del producto<\/span><\/div>\n<\/td>\n<td colspan=\"1\" rowspan=\"1\">\n<div>Fogata redonda para exterior Madera Acero corten Fogata para exterior<\/div>\n<\/td>\n<\/tr>\n<tr>\n<td colspan=\"1\" rowspan=\"1\">\n<div>Marca<\/div>\n<\/td>\n<td colspan=\"1\" rowspan=\"1\">\n<div>SHKW<\/div>\n<\/td>\n<\/tr>\n<tr>\n<td colspan=\"1\" rowspan=\"1\">\n<div>N\u00famero de modelo<\/div>\n<\/td>\n<td colspan=\"1\" rowspan=\"1\">\n<div>SHKW-FP-1<\/div>\n<\/td>\n<\/tr>\n<tr>\n<td colspan=\"1\" rowspan=\"1\">\n<div>Material<\/div>\n<\/td>\n<td colspan=\"1\" rowspan=\"1\">\n<div>Acero corten \/ Acero para intemperie<\/div>\n<\/td>\n<\/tr>\n<tr>\n<td colspan=\"1\" rowspan=\"1\">\n<div>Talla<\/div>\n<\/td>\n<td colspan=\"1\" rowspan=\"1\">\n<div>Di\u00e1metro: 600 mm\/800 mm<\/div>\n<\/td>\n<\/tr>\n<tr>\n<td colspan=\"1\" rowspan=\"1\">\n<div>Espesor<\/div>\n<\/td>\n<td colspan=\"1\" rowspan=\"1\">\n<div>2mm,3mm<\/div>\n<\/td>\n<\/tr>\n<tr>\n<td colspan=\"1\" rowspan=\"1\">\n<div>Paquete<\/div>\n<\/td>\n<td colspan=\"1\" rowspan=\"1\">\n<div>Interior: Papel de espuma antidesgaste Exterior: caja de madera contrachapada<\/div>\n<\/td>\n<\/tr>\n<tr>\n<td colspan=\"1\" rowspan=\"1\">\n<div>Tratamiento de superficies<\/div>\n<\/td>\n<td colspan=\"1\" rowspan=\"1\">\n<div>Preoxidado, personalizable<\/div>\n<\/td>\n<\/tr>\n<tr>\n<td colspan=\"1\" rowspan=\"1\">\n<div>MOQ<\/div>\n<\/td>\n<td colspan=\"1\" rowspan=\"1\">\n<div>10 unidades<\/div>\n<\/td>\n<\/tr>\n<\/tbody>\n<\/table>\n<figure style=\"width: 525px\" class=\"wp-caption alignnone\"><a href=\"https:\/\/keweicorten.com\/es_gt\/contacto\/\"><img fetchpriority=\"high\" decoding=\"async\" class=\"\" title=\"frrepits\" src=\"https:\/\/sc04.alicdn.com\/kf\/H227635724f8b49b9bcb03865b8a626a2Q\/238887437\/H227635724f8b49b9bcb03865b8a626a2Q.png\" alt=\"frrepits\" width=\"525\" height=\"492\" \/><\/a><figcaption class=\"wp-caption-text\">frrepits<\/figcaption><\/figure>\n<figure style=\"width: 524px\" class=\"wp-caption alignnone\"><a href=\"https:\/\/keweicorten.com\/es_gt\"><img decoding=\"async\" class=\"\" title=\"frrepits\" src=\"https:\/\/sc04.alicdn.com\/kf\/H02bda928a986446fbb5638e5ae0f5b89u\/238887437\/H02bda928a986446fbb5638e5ae0f5b89u.png\" alt=\"frrepits\" width=\"524\" height=\"524\" \/><\/a><figcaption class=\"wp-caption-text\">frrepits<\/figcaption><\/figure>\n<p>Ofrecemos ventajas:<\/p>\n<p><span data-spm-anchor-id=\"a2700.details.0.i38.d01b235dvPHBfu\">1. <\/span><strong>Material:<\/strong>\u00a0Hierro fundido, acero al carbono, acero dulce, acero corten, acero inoxidable;<\/p>\n<p>2. <strong>Proceso:<\/strong>\u00a0Estampaci\u00f3n y embutici\u00f3n - Soldadura - Pintura - Inspecci\u00f3n - Embalaje;;<\/p>\n<p>3.\u00a0<strong>Acabado:<\/strong>\u00a0Recubrimiento en polvo, pintura de alta temperatura, etc...;<\/p>\n<p>4.\u00a0<strong>Tama\u00f1o:<\/strong>\u00a0600 mm - 1500 mm;<\/p>\n<p>5. A\u00f1os de experiencia en\u00a0<strong>fabricaci\u00f3n y exportaci\u00f3n<\/strong>.<\/p>\n<p>6. Se pueden fabricar todo tipo de hogueras\u00a0<strong>seg\u00fan los requisitos del cliente<\/strong>dibujo, dise\u00f1o o muestras;<\/p>\n<p>7. El servicio coordinado (embutici\u00f3n, soldadura y tratamiento de superficies) hace que\u00a0<strong>precio m\u00e1s bajo\u00a0<\/strong>posible;<\/p>\n<p>8.\u00a0<strong>Un s\u00f3lido equipo de ingenieros\u00a0<\/strong>de alta calidad;<\/p>\n<p>9. Proceso completo de ensayo de materiales y\u00a0<strong>control de calidad\u00a0<\/strong>sistema;<\/p>\n<p>10.\u00a0<strong>A tiempo\u00a0<\/strong>entrega;<\/p>\n<p>11. <strong>OEM\u00a0<\/strong>;<\/p>\n<figure id=\"attachment_1125\" aria-describedby=\"caption-attachment-1125\" style=\"width: 471px\" class=\"wp-caption alignnone\"><a href=\"https:\/\/keweicorten.com\/es_gt\/contacto\/\"><img decoding=\"async\" class=\"wp-image-1125\" title=\"hoguera de corten\" src=\"https:\/\/keweicorten.com\/wp-content\/uploads\/2024\/09\/23-300x300.jpg\" alt=\"hoguera de corten\" width=\"471\" height=\"471\" srcset=\"https:\/\/keweicorten.com\/wp-content\/uploads\/2024\/09\/23-300x300.jpg 300w, https:\/\/keweicorten.com\/wp-content\/uploads\/2024\/09\/23-150x150.jpg 150w, https:\/\/keweicorten.com\/wp-content\/uploads\/2024\/09\/23-12x12.jpg 12w, https:\/\/keweicorten.com\/wp-content\/uploads\/2024\/09\/23-600x600.jpg 600w, https:\/\/keweicorten.com\/wp-content\/uploads\/2024\/09\/23-100x100.jpg 100w, https:\/\/keweicorten.com\/wp-content\/uploads\/2024\/09\/23.jpg 750w\" sizes=\"(max-width: 471px) 100vw, 471px\" \/><\/a><figcaption id=\"caption-attachment-1125\" class=\"wp-caption-text\">hoguera de corten<\/figcaption><\/figure>\n<h3><span style=\"color: #000000;\">PREGUNTAS FRECUENTES<\/span><\/h3>\n<p>P: \u00bfSon ustedes comerciantes o fabricantes?<\/p>\n<p>R: Somos una f\u00e1brica.<\/p>\n<p>&nbsp;<\/p>\n<p>P: \u00bfCu\u00e1l es el plazo de entrega?<br \/>\nR:Generalmente es de 5-10 d\u00edas, es de acuerdo a la cantidad.<\/p>\n<p>&nbsp;<\/p>\n<p>P: \u00bfOfrecen muestras? \u00bfSon gratuitas o adicionales?<\/p>\n<p>R: S\u00ed, podemos ofrecer la muestra.<\/p>\n<p>&nbsp;<\/p>\n<p>P:\u00bfCu\u00e1les son sus condiciones de pago?<br \/>\nA:Pago=1000USD,30% T\/T in advance .balance before shippment.<\/p>\n<p>Si tiene alguna otra pregunta, cons\u00faltela aqu\u00ed, \u00a1seguro que la atenderemos y responderemos lo antes posible!<\/p>","protected":false},"excerpt":{"rendered":"<p>Nuestras hogueras de acero combinan durabilidad y belleza para cualquier ocasi\u00f3n al aire libre. Haga su noche m\u00e1s c\u00e1lida y disfrute del encanto del fuego.<\/p>","protected":false},"featured_media":1128,"comment_status":"open","ping_status":"closed","template":"","meta":{"_eb_attr":"","_monsterinsights_skip_tracking":false,"_monsterinsights_sitenote_active":false,"_monsterinsights_sitenote_note":"","_monsterinsights_sitenote_category":0,"_uf_show_specific_survey":0,"_uf_disable_surveys":false},"product_brand":[],"product_cat":[54],"product_tag":[],"class_list":{"0":"post-1121","1":"product","2":"type-product","3":"status-publish","4":"has-post-thumbnail","6":"product_cat-wood-fire-pit","8":"first","9":"instock","10":"shipping-taxable","11":"product-type-simple"},"_links":{"self":[{"href":"https:\/\/keweicorten.com\/es_gt\/wp-json\/wp\/v2\/product\/1121"}],"collection":[{"href":"https:\/\/keweicorten.com\/es_gt\/wp-json\/wp\/v2\/product"}],"about":[{"href":"https:\/\/keweicorten.com\/es_gt\/wp-json\/wp\/v2\/types\/product"}],"replies":[{"embeddable":true,"href":"https:\/\/keweicorten.com\/es_gt\/wp-json\/wp\/v2\/comments?post=1121"}],"version-history":[{"count":1,"href":"https:\/\/keweicorten.com\/es_gt\/wp-json\/wp\/v2\/product\/1121\/revisions"}],"predecessor-version":[{"id":1127,"href":"https:\/\/keweicorten.com\/es_gt\/wp-json\/wp\/v2\/product\/1121\/revisions\/1127"}],"wp:featuredmedia":[{"embeddable":true,"href":"https:\/\/keweicorten.com\/es_gt\/wp-json\/wp\/v2\/media\/1128"}],"wp:attachment":[{"href":"https:\/\/keweicorten.com\/es_gt\/wp-json\/wp\/v2\/media?parent=1121"}],"wp:term":[{"taxonomy":"product_brand","embeddable":true,"href":"https:\/\/keweicorten.com\/es_gt\/wp-json\/wp\/v2\/product_brand?post=1121"},{"taxonomy":"product_cat","embeddable":true,"href":"https:\/\/keweicorten.com\/es_gt\/wp-json\/wp\/v2\/product_cat?post=1121"},{"taxonomy":"product_tag","embeddable":true,"href":"https:\/\/keweicorten.com\/es_gt\/wp-json\/wp\/v2\/product_tag?post=1121"}],"curies":[{"name":"wp","href":"https:\/\/api.w.org\/{rel}","templated":true}]}}