{"id":1131,"date":"2024-09-12T02:07:38","date_gmt":"2024-09-12T02:07:38","guid":{"rendered":"https:\/\/keweicorten.com\/?post_type=product&#038;p=1131"},"modified":"2025-01-15T06:15:32","modified_gmt":"2025-01-15T06:15:32","slug":"fuente-de-agua-de-acero-corten","status":"publish","type":"product","link":"https:\/\/keweicorten.com\/es_gt\/fuente-de-agua-de-acero-corten\/","title":{"rendered":"fuente de agua de acero corten"},"content":{"rendered":"<table>\n<tbody>\n<tr>\n<td valign=\"center\" width=\"223\"><a>Nombre<\/a><\/td>\n<td valign=\"center\" width=\"517\">Fuente met\u00e1lica en cascada para exterior Fuente de acero corten grande para decoraci\u00f3n de jardines<\/td>\n<\/tr>\n<tr>\n<td valign=\"center\" width=\"223\">Material<\/td>\n<td valign=\"center\" width=\"517\">\u00a0Acero inoxidable 304\/316,CORTEN<\/td>\n<\/tr>\n<tr>\n<td valign=\"center\" width=\"223\">Utilizaci\u00f3n<\/td>\n<td valign=\"center\" width=\"517\">Jard\u00edn,Decoraci\u00f3n de parques<\/td>\n<\/tr>\n<tr>\n<td valign=\"center\" width=\"223\">Color<\/td>\n<td valign=\"center\" width=\"517\">Plata ,RUSTY<\/td>\n<\/tr>\n<tr>\n<td valign=\"center\" width=\"223\">Dise\u00f1os<\/td>\n<td valign=\"center\" width=\"517\">Todos los dise\u00f1os pueden personalizarse<\/td>\n<\/tr>\n<tr>\n<td valign=\"center\" width=\"223\">MOQ<\/td>\n<td valign=\"center\" width=\"517\">1 pieza<\/td>\n<\/tr>\n<tr>\n<td rowspan=\"6\" valign=\"center\" width=\"223\">Ventaja<\/td>\n<td valign=\"center\" width=\"517\">Somos la facotr\u00eda<\/td>\n<\/tr>\n<tr>\n<td valign=\"center\" width=\"517\">mucha experiencia en fabricaci\u00f3n y exportaci\u00f3n<\/td>\n<\/tr>\n<tr>\n<td valign=\"center\" width=\"517\">podemos ofrecer el precio competitivo<\/td>\n<\/tr>\n<tr>\n<td valign=\"center\" width=\"517\">Equipo profesional de dise\u00f1o<\/td>\n<\/tr>\n<tr>\n<td valign=\"center\" width=\"517\">Amplia experiencia como agente de transporte a\u00e9reo, mar\u00edtimo o ferroviario<\/td>\n<\/tr>\n<tr>\n<td valign=\"center\" width=\"517\">\u00a0ventas y servicio posventa<\/td>\n<\/tr>\n<tr>\n<td valign=\"center\" width=\"223\">Condiciones de pago<\/td>\n<td valign=\"center\" width=\"517\">T\/T, Trade Assurance, Paypal, Western Union, tarjeta de cr\u00e9dito<\/td>\n<\/tr>\n<tr>\n<td valign=\"center\" width=\"223\">Embalaje<\/td>\n<td valign=\"center\" width=\"517\">Caja de madera resistente con espuma impermeable y a prueba de golpes en el interior<\/td>\n<\/tr>\n<tr>\n<td valign=\"center\" width=\"223\">Plazo de entrega<\/td>\n<td valign=\"center\" width=\"517\">35-40 d\u00edas despu\u00e9s del dep\u00f3sito, sin incluir el tiempo de fijaci\u00f3n y confirmaci\u00f3n de la arcilla.<\/td>\n<\/tr>\n<\/tbody>\n<\/table>\n<h2>Ventajas de la fuente de agua de acero corten<\/h2>\n<p>Esta fuente de agua de acero corten hecha de acero inoxidable\/acero corten con color plateado u oxidado, es absolutamente una decoraci\u00f3n ideal para su jard\u00edn privado. Estructura \u00fanica y atmospheic le trae un verano fresco y c\u00f3modo, se puede disfrutar de tiempo hermoso jard\u00edn con su familia y amigos. Suministramos una gran variedad de estilos, tama\u00f1os y materiales, recomendamos acero inoxidable o acero inoxidable.<\/p>\n<p><img fetchpriority=\"high\" decoding=\"async\" class=\"\" src=\"https:\/\/sc04.alicdn.com\/kf\/H48150a6b46654a21b8eb4ef77a3b7107X\/255157415\/H48150a6b46654a21b8eb4ef77a3b7107X.png\" width=\"587\" height=\"587\" \/><\/p>\n<h3>Excelente resistencia a la corrosi\u00f3n<\/h3>\n<p>El material de acero resistente a la intemperie despu\u00e9s de un tratamiento especial, tiene una fuerte resistencia a la corrosi\u00f3n, puede resistir una variedad de sustancias qu\u00edmicas y factores ambientales, especialmente adecuado para el duro entorno industrial y los sitios qu\u00edmicos.<\/p>\n<h3>Resistencia a la intemperie y durabilidad<\/h3>\n<p>El acero resistente a la intemperie tiene buena resistencia a la intemperie, puede resistir eficazmente el viento y la lluvia, los rayos ultravioleta y otros factores clim\u00e1ticos, prolongar la vida \u00fatil, reducir en gran medida los costes de mantenimiento.<\/p>\n<p>Rendimiento de protecci\u00f3n t\u00e9rmica<br \/>\nEl acero resistente a la intemperie puede aislar eficazmente la radiaci\u00f3n t\u00e9rmica, adecuado para entornos metal\u00fargicos y de alta temperatura en el \u00e1rea de trabajo, para proteger a los trabajadores y al equipo de da\u00f1os.<\/p>\n<h3>Reducci\u00f3n de polvo y ruido<\/h3>\n<p>La estructura de cortina de agua puede bloquear eficazmente la difusi\u00f3n de polvo, humo y otras part\u00edculas, crear un entorno de trabajo limpio y tener un cierto efecto de reducci\u00f3n del ruido.<\/p>\n<h3>Est\u00e9tica<\/h3>\n<p>El aspecto del acero resistente a la intemperie es moderno y visualmente atractivo, y puede integrarse con diversos estilos arquitect\u00f3nicos para realzar la belleza general del edificio.<\/p>\n<h3>Bajo coste de mantenimiento<\/h3>\n<p>Debido a la durabilidad y resistencia a la corrosi\u00f3n del acero para intemperie, el coste global de mantenimiento y sustituci\u00f3n es muy bajo, y el uso a largo plazo puede ahorrar mucho dinero.<\/p>\n<h3>Protecci\u00f3n del medio ambiente<\/h3>\n<p>La cortina de acero resistente a la intemperie puede aislar eficazmente las sustancias nocivas, reducir la propagaci\u00f3n de contaminantes y cumplir los requisitos de protecci\u00f3n medioambiental durante la producci\u00f3n y el uso.<\/p>\n<h3>Alta seguridad<\/h3>\n<p>El uso de cortinas de acero resistentes a la intemperie puede proteger eficazmente la seguridad de los trabajadores y los equipos, reducir el riesgo de accidentes y proporcionar un entorno de trabajo m\u00e1s seguro para los empleados.<\/p>\n<h3>Flexibilidad de aplicaci\u00f3n<\/h3>\n<p>La cortina de acero resistente a la intemperie se puede personalizar seg\u00fan las diferentes necesidades, adecuada para una variedad de lugares, ya sea industrial, construcci\u00f3n o protecci\u00f3n del medio ambiente, puede encontrar la aplicaci\u00f3n correspondiente.<\/p>\n<figure style=\"width: 750px\" class=\"wp-caption alignnone\"><a href=\"https:\/\/keweicorten.com\/es_gt\"><img decoding=\"async\" title=\"Cortina met\u00e1lica de acero corten\" src=\"https:\/\/www.keweistove.com\/uploads\/39684\/products\/20240604160439b3453.jpg?size=750x0\" alt=\"fuente de agua\" width=\"750\" height=\"535\" \/><\/a><figcaption class=\"wp-caption-text\">Cortina met\u00e1lica de acero corten<\/figcaption><\/figure>\n<table class=\"has-title hight-light-first-column all magic-29\" style=\"height: 148px;\" width=\"749\">\n<tbody>\n<tr>\n<td colspan=\"1\" rowspan=\"1\">\n<div class=\"magic-30\" data-spm-anchor-id=\"a2700.details.0.i43.43c8614cX0B5cl\">Nombre<\/div>\n<\/td>\n<td colspan=\"4\" rowspan=\"1\">\n<div class=\"magic-31\">mesa de agua de acero corten fuente de agua para exteriores<\/div>\n<\/td>\n<\/tr>\n<tr>\n<td colspan=\"1\" rowspan=\"1\">\n<div class=\"magic-30\">material<\/div>\n<\/td>\n<td colspan=\"4\" rowspan=\"1\">\n<div class=\"magic-31\">acero corten<\/div>\n<\/td>\n<\/tr>\n<tr>\n<td colspan=\"1\" rowspan=\"1\">\n<div class=\"magic-30\">tipos de venta en caliente<\/div>\n<\/td>\n<td colspan=\"4\" rowspan=\"1\">\n<div class=\"magic-31\">fuente de agua, cortina de lluvia, mesa de agua<\/div>\n<\/td>\n<\/tr>\n<tr>\n<td colspan=\"1\" rowspan=\"1\">\n<div class=\"magic-30\">personalizado<\/div>\n<\/td>\n<td colspan=\"4\" rowspan=\"1\">\n<div class=\"magic-34\">disponible<\/div>\n<\/td>\n<\/tr>\n<\/tbody>\n<\/table>\n<figure style=\"width: 750px\" class=\"wp-caption alignnone\"><a href=\"https:\/\/keweicorten.com\/es_gt\"><img decoding=\"async\" title=\"Cortina met\u00e1lica de acero corten\" src=\"https:\/\/www.keweistove.com\/uploads\/39684\/products\/p2024060415530822cfb.png?size=750x0\" alt=\"Cortina met\u00e1lica de acero corten\" width=\"750\" height=\"386\" \/><\/a><figcaption class=\"wp-caption-text\">Cortina met\u00e1lica de acero corten<\/figcaption><\/figure>\n<div class=\"J_module\">\n<div data-section=\"AliMagic-0xfsiv\" data-section-title=\"FAQ\" data-spm-anchor-id=\"a2700.details.0.i39.35342bacfqBWEo\"><\/div>\n<div id=\"ali-anchor-AliMagic-0xfsiv\" class=\"magic-0\" data-section=\"AliMagic-0xfsiv\" data-section-title=\"FAQ\" data-spm-anchor-id=\"a2700.details.0.i39.35342bacfqBWEo\">PREGUNTAS FRECUENTES<\/div>\n<\/div>\n<div class=\"J_module\">\n<div class=\"detail-decorate-json-renderer-container\">\n<div class=\"magic-20\">\n<div class=\"magic-23\">\n<div class=\"magic-24\">\n<div class=\"magic-25\">\n<div class=\"magic-11\"><span class=\"magic-6\" style=\"font-family: Arial;\">P: \u00bfFabrican productos personalizados a partir de nuestros dise\u00f1os o ideas?<\/span><\/div>\n<div class=\"magic-11\" data-spm-anchor-id=\"a2700.details.0.i38.35342bacfqBWEo\">R: S\u00ed.<\/div>\n<div><\/div>\n<div class=\"magic-11\">P: \u00bfCu\u00e1l es la cantidad m\u00ednima de piezas?<\/div>\n<div class=\"magic-11\" data-spm-anchor-id=\"a2700.details.0.i37.35342bacfqBWEo\">R: Normalmente no fijamos MOQ, pero cuanto m\u00e1s, m\u00e1s barato. Adem\u00e1s, estamos encantados de hacer prototipo o muestra para los clientes para garantizar el est\u00e1ndar de calidad.<\/div>\n<div class=\"magic-11\"><\/div>\n<div class=\"magic-11\">P: \u00bfSe encarga usted mismo del recubrimiento en polvo?<\/div>\n<div class=\"magic-11\" data-spm-anchor-id=\"a2700.details.0.i40.35342bacfqBWEo\">R: S\u00ed, somos una f\u00e1brica profesional de fabricaci\u00f3n de chapas met\u00e1licas que ofrece un conjunto completo de servicios de fabricaci\u00f3n, incluido el corte por l\u00e1ser.<\/div>\n<div class=\"magic-11\"><\/div>\n<div class=\"magic-11\">P: \u00bfPodr\u00edan ayudarnos con el almacenamiento?<\/div>\n<div class=\"magic-11\"><span class=\"magic-22\">R: Claro.<\/span><\/div>\n<\/div>\n<\/div>\n<\/div>\n<\/div>\n<\/div>\n<\/div>","protected":false},"excerpt":{"rendered":"<p>Estamos especializados en el suministro de productos de cortinas de acero de alta calidad resistentes a la intemperie para una gran variedad de entornos industriales, con el fin de garantizar la seguridad y la durabilidad.<\/p>","protected":false},"featured_media":1132,"comment_status":"open","ping_status":"closed","template":"","meta":{"_eb_attr":"","_monsterinsights_skip_tracking":false,"_monsterinsights_sitenote_active":false,"_monsterinsights_sitenote_note":"","_monsterinsights_sitenote_category":0,"_uf_show_specific_survey":0,"_uf_disable_surveys":false},"product_brand":[],"product_cat":[56],"product_tag":[],"class_list":{"0":"post-1131","1":"product","2":"type-product","3":"status-publish","4":"has-post-thumbnail","6":"product_cat-water-feature","8":"first","9":"instock","10":"shipping-taxable","11":"product-type-simple"},"_links":{"self":[{"href":"https:\/\/keweicorten.com\/es_gt\/wp-json\/wp\/v2\/product\/1131"}],"collection":[{"href":"https:\/\/keweicorten.com\/es_gt\/wp-json\/wp\/v2\/product"}],"about":[{"href":"https:\/\/keweicorten.com\/es_gt\/wp-json\/wp\/v2\/types\/product"}],"replies":[{"embeddable":true,"href":"https:\/\/keweicorten.com\/es_gt\/wp-json\/wp\/v2\/comments?post=1131"}],"version-history":[{"count":4,"href":"https:\/\/keweicorten.com\/es_gt\/wp-json\/wp\/v2\/product\/1131\/revisions"}],"predecessor-version":[{"id":1136,"href":"https:\/\/keweicorten.com\/es_gt\/wp-json\/wp\/v2\/product\/1131\/revisions\/1136"}],"wp:featuredmedia":[{"embeddable":true,"href":"https:\/\/keweicorten.com\/es_gt\/wp-json\/wp\/v2\/media\/1132"}],"wp:attachment":[{"href":"https:\/\/keweicorten.com\/es_gt\/wp-json\/wp\/v2\/media?parent=1131"}],"wp:term":[{"taxonomy":"product_brand","embeddable":true,"href":"https:\/\/keweicorten.com\/es_gt\/wp-json\/wp\/v2\/product_brand?post=1131"},{"taxonomy":"product_cat","embeddable":true,"href":"https:\/\/keweicorten.com\/es_gt\/wp-json\/wp\/v2\/product_cat?post=1131"},{"taxonomy":"product_tag","embeddable":true,"href":"https:\/\/keweicorten.com\/es_gt\/wp-json\/wp\/v2\/product_tag?post=1131"}],"curies":[{"name":"wp","href":"https:\/\/api.w.org\/{rel}","templated":true}]}}