{"id":1159,"date":"2024-09-12T08:59:48","date_gmt":"2024-09-12T08:59:48","guid":{"rendered":"https:\/\/keweicorten.com\/?post_type=product&#038;p=1159"},"modified":"2025-01-15T06:27:40","modified_gmt":"2025-01-15T06:27:40","slug":"cuba-de-acero-corten","status":"publish","type":"product","link":"https:\/\/keweicorten.com\/es_gt\/cuba-de-acero-corten\/","title":{"rendered":"cuba de acero corten"},"content":{"rendered":"<h2><strong>Ventajas de una cuba de acero corten<\/strong><\/h2>\n<ol>\n<li><strong>Durabilidad<\/strong>: El acero corten es muy duradero y resistente a la corrosi\u00f3n gracias a su capacidad para desarrollar una capa protectora de \u00f3xido. Esta p\u00e1tina protege al acero de los da\u00f1os causados por la intemperie, lo que permite al cuenco de fuego soportar condiciones clim\u00e1ticas adversas sin deteriorarse.<\/li>\n<li><strong>Atractivo est\u00e9tico<\/strong>: Los tonos ricos y terrosos de la superficie oxidada crean un aspecto c\u00e1lido y r\u00fastico que combina bien con el entorno natural. Con el tiempo, el cuenco del fuego adquiere un aspecto m\u00e1s maduro y texturizado, lo que lo convierte en un punto focal en jardines, patios o terrazas.<\/li>\n<li><strong>Bajo mantenimiento<\/strong>: A diferencia de los hogares de acero normales, que requieren frecuentes repintados o tratamientos anticorrosi\u00f3n, los hogares Corten pr\u00e1cticamente no necesitan mantenimiento. La capa de \u00f3xido sirve de protecci\u00f3n, reduciendo la necesidad de mantenimiento.<\/li>\n<li><strong>Resistencia al calor<\/strong>: El acero corten tiene una excelente resistencia al calor, por lo que es ideal para las hogueras. Soporta altas temperaturas sin deformarse ni agrietarse, lo que garantiza su uso a largo plazo.<\/li>\n<li><strong>Sostenibilidad<\/strong>: Los cuencos de fuego de corten son ecol\u00f3gicos, ya que est\u00e1n hechos de acero reciclable y tienen una larga vida \u00fatil, lo que reduce los residuos y la necesidad de reemplazos.<\/li>\n<\/ol>\n<figure style=\"width: 750px\" class=\"wp-caption alignnone\"><a href=\"https:\/\/keweicorten.com\/es_gt\/contacto\/\"><img fetchpriority=\"high\" decoding=\"async\" title=\"hoguera de corten\" src=\"http:\/\/sc04.alicdn.com\/kf\/H77c1eb0f864d442bafb1efb104310746P\/252624420\/H77c1eb0f864d442bafb1efb104310746P.jpg\" alt=\"hoguera de corten\" width=\"750\" height=\"321\" \/><\/a><figcaption class=\"wp-caption-text\">hoguera de corten<\/figcaption><\/figure>\n<h2><strong>Aplicaciones de una cuba Corten<\/strong><\/h2>\n<ol>\n<li><strong>Hogueras de exterior<\/strong>: Los cuencos de fuego de corten son perfectos para espacios al aire libre, ya que proporcionan calor y un punto de encuentro para amigos y familiares. Su dise\u00f1o atemporal complementa paisajes de estilo moderno, r\u00fastico e industrial.<\/li>\n<li><strong>Decoraci\u00f3n de jard\u00edn o patio<\/strong>: Estos cuencos de fuego pueden utilizarse como piezas decorativas incluso cuando no se usan. Su aspecto oxidado natural a\u00f1ade car\u00e1cter a jardines, patios o patios, sirviendo como elementos funcionales y est\u00e9ticos.<\/li>\n<li><strong>Espacios comerciales<\/strong>: Los cuencos de fuego de corten tambi\u00e9n se utilizan en espacios comerciales como restaurantes, hoteles y parques p\u00fablicos. Su llamativo atractivo visual y su durabilidad los hacen id\u00f3neos para crear hogueras de ambiente en exteriores.<\/li>\n<\/ol>\n<figure style=\"width: 743px\" class=\"wp-caption alignnone\"><a href=\"https:\/\/keweicorten.com\/es_gt\"><img decoding=\"async\" title=\"cuenco de acero corten\" src=\"https:\/\/sc04.alicdn.com\/kf\/H14ba7ae6c2fc4278a692757a35209734O\/268101461\/H14ba7ae6c2fc4278a692757a35209734O.jpg\" alt=\"cuenco de acero corten\" width=\"743\" height=\"507\" \/><\/a><figcaption class=\"wp-caption-text\">cuenco de acero corten<\/figcaption><\/figure>\n<h2><strong>Cuidado y mantenimiento<\/strong><\/h2>\n<p>Aunque los cuencos de fuego Corten requieren poco mantenimiento, es importante:<\/p>\n<ul>\n<li>Col\u00f3quelos en un lugar bien ventilado para que la p\u00e1tina se desarrolle uniformemente.<\/li>\n<li>Evite utilizar productos qu\u00edmicos agresivos para limpiar la cubeta, ya que pueden da\u00f1ar la capa protectora de \u00f3xido.<\/li>\n<li>Retire regularmente la ceniza y los residuos para evitar la acumulaci\u00f3n y mejorar el flujo de aire durante el uso.<\/li>\n<\/ul>","protected":false},"excerpt":{"rendered":"<p>Un pozo de fuego es una forma segura de llevar la sensaci\u00f3n r\u00fastica de una hoguera a su jard\u00edn, terraza o patio.Disfrutable durante todo el a\u00f1o, un pozo de fuego proporciona un punto focal m\u00e1gico alrededor del cual amigos y familiares pueden reunirse.<\/p>","protected":false},"featured_media":1160,"comment_status":"open","ping_status":"closed","template":"","meta":{"_eb_attr":"","_monsterinsights_skip_tracking":false,"_monsterinsights_sitenote_active":false,"_monsterinsights_sitenote_note":"","_monsterinsights_sitenote_category":0,"_uf_show_specific_survey":0,"_uf_disable_surveys":false},"product_brand":[],"product_cat":[54],"product_tag":[],"class_list":{"0":"post-1159","1":"product","2":"type-product","3":"status-publish","4":"has-post-thumbnail","6":"product_cat-wood-fire-pit","8":"first","9":"instock","10":"shipping-taxable","11":"product-type-simple"},"_links":{"self":[{"href":"https:\/\/keweicorten.com\/es_gt\/wp-json\/wp\/v2\/product\/1159"}],"collection":[{"href":"https:\/\/keweicorten.com\/es_gt\/wp-json\/wp\/v2\/product"}],"about":[{"href":"https:\/\/keweicorten.com\/es_gt\/wp-json\/wp\/v2\/types\/product"}],"replies":[{"embeddable":true,"href":"https:\/\/keweicorten.com\/es_gt\/wp-json\/wp\/v2\/comments?post=1159"}],"version-history":[{"count":1,"href":"https:\/\/keweicorten.com\/es_gt\/wp-json\/wp\/v2\/product\/1159\/revisions"}],"predecessor-version":[{"id":1161,"href":"https:\/\/keweicorten.com\/es_gt\/wp-json\/wp\/v2\/product\/1159\/revisions\/1161"}],"wp:featuredmedia":[{"embeddable":true,"href":"https:\/\/keweicorten.com\/es_gt\/wp-json\/wp\/v2\/media\/1160"}],"wp:attachment":[{"href":"https:\/\/keweicorten.com\/es_gt\/wp-json\/wp\/v2\/media?parent=1159"}],"wp:term":[{"taxonomy":"product_brand","embeddable":true,"href":"https:\/\/keweicorten.com\/es_gt\/wp-json\/wp\/v2\/product_brand?post=1159"},{"taxonomy":"product_cat","embeddable":true,"href":"https:\/\/keweicorten.com\/es_gt\/wp-json\/wp\/v2\/product_cat?post=1159"},{"taxonomy":"product_tag","embeddable":true,"href":"https:\/\/keweicorten.com\/es_gt\/wp-json\/wp\/v2\/product_tag?post=1159"}],"curies":[{"name":"wp","href":"https:\/\/api.w.org\/{rel}","templated":true}]}}