{"id":1185,"date":"2024-09-13T02:16:19","date_gmt":"2024-09-13T02:16:19","guid":{"rendered":"https:\/\/keweicorten.com\/?post_type=product&#038;p=1185"},"modified":"2025-01-15T06:27:24","modified_gmt":"2025-01-15T06:27:24","slug":"hoguera-rectangular","status":"publish","type":"product","link":"https:\/\/keweicorten.com\/es_gt\/hoguera-rectangular\/","title":{"rendered":"hoguera rectangular"},"content":{"rendered":"<h2>Hoguera rectangular de acero corten para mayor durabilidad:<\/h2>\n<p>El acero corten (tambi\u00e9n conocido como acero de intemperie) es una aleaci\u00f3n de acero con buena resistencia a la corrosi\u00f3n que se utiliza habitualmente en productos como muebles de exterior, construcci\u00f3n y pozos de fuego. La durabilidad del pozo de fuego rectangular de acero corten se refleja principalmente en los siguientes aspectos:<\/p>\n<p>Resistencia a la corrosi\u00f3n : La capa de corrosi\u00f3n que se forma en la superficie del acero corten puede proteger eficazmente el metal interno y evitar la corrosi\u00f3n posterior. Esto lo hace excelente en ambientes exteriores, especialmente en climas h\u00famedos o lluviosos.<\/p>\n<p>Resistencia a altas temperaturas: El acero corten puede soportar altas temperaturas, por lo que es adecuado para su uso como material para hogueras. En un entorno de altas temperaturas, sus propiedades f\u00edsicas no se ver\u00e1n afectadas significativamente.<\/p>\n<p>Aspecto hermoso : El acero corten formar\u00e1 un color de \u00f3xido \u00fanico con el tiempo, a\u00f1adiendo una belleza natural al pozo de fuego, y con el tiempo, este aspecto se profundizar\u00e1 gradualmente, diferente de otros materiales del pozo de fuego.<\/p>\n<p>Resistencia y tenacidad: El acero corten tiene una gran resistencia, buena tenacidad y puede soportar grandes pesos e impactos, por lo que no es f\u00e1cil que se da\u00f1e en el uso diario.<\/p>\n<p>Mantenimiento sencillo: Aunque el acero corten se oxida, por lo general no requiere un mantenimiento especial. Basta con limpiarlo e inspeccionarlo de vez en cuando para mantenerlo en buen estado.<\/p>\n<figure style=\"width: 560px\" class=\"wp-caption alignnone\"><a href=\"https:\/\/keweicorten.com\/es_gt\/contacto\/\"><img fetchpriority=\"high\" decoding=\"async\" class=\"\" title=\"hoguera\" src=\"https:\/\/sc04.alicdn.com\/kf\/H60df13f6dc9647ea9a7650652491828df\/253038816\/H60df13f6dc9647ea9a7650652491828df.jpg\" alt=\"\" width=\"560\" height=\"560\" \/><\/a><figcaption class=\"wp-caption-text\">hoguera<\/figcaption><\/figure>\n<p>Este calefactor de exterior es perfecto para crear un ambiente acogedor en su espacio exterior, ya sea un patio, una terraza o un jard\u00edn. Proporciona calor y ambiente, lo que le permite disfrutar del aire libre, incluso durante las estaciones m\u00e1s fr\u00edas.<\/p>\n<figure style=\"width: 557px\" class=\"wp-caption alignnone\"><a href=\"https:\/\/keweicorten.com\/es_gt\"><img decoding=\"async\" class=\"\" title=\"Fog\u00f3n de GAS\" src=\"https:\/\/sc04.alicdn.com\/kf\/Hc231db4a5b974aa583a6dbafea6de497j\/253038816\/Hc231db4a5b974aa583a6dbafea6de497j.jpg\" alt=\"\" width=\"557\" height=\"557\" \/><\/a><figcaption class=\"wp-caption-text\">Fog\u00f3n de GAS<\/figcaption><\/figure>\n<div class=\"J_module\">\n<div class=\"detail-decorate-json-renderer-container\">\n<div class=\"magic-8\">\n<div class=\"magic-9\">\n<div class=\"magic-10\" data-spm-anchor-id=\"a2700.details.0.i44.15a8483bWMzzev\">\n<div class=\"magic-11\"><span data-spm-anchor-id=\"a2700.details.0.i43.15a8483bWMzzev\">Con su construcci\u00f3n duradera, sistema de combustible eficiente, y la experiencia de fuego natural, este pozo de fuego calentador al aire libre es un gran<br \/>\npara cualquier espacio exterior. Aporta funcionalidad y est\u00e9tica, lo que la convierte en una inversi\u00f3n vers\u00e1til y duradera.<\/span><\/div>\n<\/div>\n<\/div>\n<\/div>\n<\/div>\n<\/div>\n<div class=\"J_module\">\n<div class=\"J_module\">\n<p id=\"ali-anchor-AliMagic-c3jg5w\" class=\"magic-3\" data-section=\"AliMagic-c3jg5w\" data-section-title=\"Exhibition\" data-spm-anchor-id=\"a2700.details.0.i45.15a8483bWMzzev\">Exposici\u00f3n<\/p>\n<\/div>\n<div class=\"J_module\">\n<div class=\"icbu-pc-images magic-0\">\n<div>\n<div class=\"flex-layout-v\">\n<div class=\"flex-layout-h magic-0\">\n<div class=\"magic-39\">\n<figure style=\"width: 700px\" class=\"wp-caption alignnone\"><a href=\"https:\/\/keweicorten.com\/es_gt\"><img decoding=\"async\" class=\"magic-40\" title=\"mesa con fuego\" src=\"https:\/\/sc04.alicdn.com\/kf\/H9226ec0116f94907a0411307640a9146o\/253038816\/H9226ec0116f94907a0411307640a9146o.jpg\" alt=\"\" width=\"700\" height=\"200\" data-src=\"\/\/sc04.alicdn.com\/kf\/H9226ec0116f94907a0411307640a9146o\/253038816\/H9226ec0116f94907a0411307640a9146o.jpg\" \/><\/a><figcaption class=\"wp-caption-text\">mesa con fuego<\/figcaption><\/figure>\n<\/div>\n<\/div>\n<\/div>\n<\/div>\n<\/div>\n<\/div>\n<div class=\"J_module\">\n<div class=\"icbu-pc-images magic-0\">\n<div>\n<div class=\"flex-layout-v\">\n<div class=\"flex-layout-h magic-0\">\n<div class=\"magic-39\">\n<figure style=\"width: 700px\" class=\"wp-caption alignnone\"><a href=\"https:\/\/keweicorten.com\/es_gt\"><img loading=\"lazy\" decoding=\"async\" class=\"magic-40\" title=\"FUEGO \" src=\"https:\/\/sc04.alicdn.com\/kf\/H4ed416c0efba48138a0d71bfbaf9f14dF\/253038816\/H4ed416c0efba48138a0d71bfbaf9f14dF.jpg\" alt=\"\" width=\"700\" height=\"200\" data-src=\"\/\/sc04.alicdn.com\/kf\/H4ed416c0efba48138a0d71bfbaf9f14dF\/253038816\/H4ed416c0efba48138a0d71bfbaf9f14dF.jpg\" \/><\/a><figcaption class=\"wp-caption-text\">FUEGO<\/figcaption><\/figure>\n<\/div>\n<\/div>\n<\/div>\n<\/div>\n<\/div>\n<\/div>\n<\/div>","protected":false},"excerpt":{"rendered":"<p>La durabilidad de las hogueras rectangulares de acero corten es muy buena, pero para prolongar su vida \u00fatil suele recomendarse evitar largos periodos de inmersi\u00f3n en agua y asegurarse de que la hoguera pueda ventilarse bien cuando no se utilice.<\/p>\n<table class=\"has-title all magic-30\">\n<tbody>\n<tr>\n<td colspan=\"1\" rowspan=\"1\">\n<div class=\"magic-31\" data-spm-anchor-id=\"a2700.details.0.i47.15a8483bWMzzev\">art\u00edculo<\/div>\n<\/td>\n<td colspan=\"1\" rowspan=\"1\">\n<div class=\"magic-32\">valor<\/div>\n<\/td>\n<\/tr>\n<tr>\n<td colspan=\"1\" rowspan=\"1\">\n<div class=\"magic-33\">Color<\/div>\n<\/td>\n<td colspan=\"1\" rowspan=\"1\">\n<div class=\"magic-34\">Rojo \u00f3xido\/negro<\/div>\n<\/td>\n<\/tr>\n<tr>\n<td colspan=\"1\" rowspan=\"1\">\n<div class=\"magic-33\">Material<\/div>\n<\/td>\n<td colspan=\"1\" rowspan=\"1\">\n<div class=\"magic-34\">Acero corten<\/div>\n<\/td>\n<\/tr>\n<tr>\n<td colspan=\"1\" rowspan=\"1\">\n<div class=\"magic-33\">Acabado<\/div>\n<\/td>\n<td colspan=\"1\" rowspan=\"1\">\n<div class=\"magic-34\">Pintura en polvo, Pintura, Galvanizado<\/div>\n<\/td>\n<\/tr>\n<\/tbody>\n<\/table>","protected":false},"featured_media":1191,"comment_status":"open","ping_status":"closed","template":"","meta":{"_eb_attr":"","_monsterinsights_skip_tracking":false,"_monsterinsights_sitenote_active":false,"_monsterinsights_sitenote_note":"","_monsterinsights_sitenote_category":0,"_uf_show_specific_survey":0,"_uf_disable_surveys":false},"product_brand":[],"product_cat":[55],"product_tag":[],"class_list":{"0":"post-1185","1":"product","2":"type-product","3":"status-publish","4":"has-post-thumbnail","6":"product_cat-gas-fire-pit","8":"first","9":"instock","10":"shipping-taxable","11":"product-type-simple"},"_links":{"self":[{"href":"https:\/\/keweicorten.com\/es_gt\/wp-json\/wp\/v2\/product\/1185"}],"collection":[{"href":"https:\/\/keweicorten.com\/es_gt\/wp-json\/wp\/v2\/product"}],"about":[{"href":"https:\/\/keweicorten.com\/es_gt\/wp-json\/wp\/v2\/types\/product"}],"replies":[{"embeddable":true,"href":"https:\/\/keweicorten.com\/es_gt\/wp-json\/wp\/v2\/comments?post=1185"}],"version-history":[{"count":1,"href":"https:\/\/keweicorten.com\/es_gt\/wp-json\/wp\/v2\/product\/1185\/revisions"}],"predecessor-version":[{"id":1190,"href":"https:\/\/keweicorten.com\/es_gt\/wp-json\/wp\/v2\/product\/1185\/revisions\/1190"}],"wp:featuredmedia":[{"embeddable":true,"href":"https:\/\/keweicorten.com\/es_gt\/wp-json\/wp\/v2\/media\/1191"}],"wp:attachment":[{"href":"https:\/\/keweicorten.com\/es_gt\/wp-json\/wp\/v2\/media?parent=1185"}],"wp:term":[{"taxonomy":"product_brand","embeddable":true,"href":"https:\/\/keweicorten.com\/es_gt\/wp-json\/wp\/v2\/product_brand?post=1185"},{"taxonomy":"product_cat","embeddable":true,"href":"https:\/\/keweicorten.com\/es_gt\/wp-json\/wp\/v2\/product_cat?post=1185"},{"taxonomy":"product_tag","embeddable":true,"href":"https:\/\/keweicorten.com\/es_gt\/wp-json\/wp\/v2\/product_tag?post=1185"}],"curies":[{"name":"wp","href":"https:\/\/api.w.org\/{rel}","templated":true}]}}