{"id":1238,"date":"2024-09-18T07:24:58","date_gmt":"2024-09-18T07:24:58","guid":{"rendered":"https:\/\/keweicorten.com\/?post_type=product&#038;p=1238"},"modified":"2024-09-18T07:24:58","modified_gmt":"2024-09-18T07:24:58","slug":"chapa-de-acero-corten-a-2","status":"publish","type":"product","link":"https:\/\/keweicorten.com\/es_gt\/chapa-de-acero-corten-a-2\/","title":{"rendered":"Placa de acero Corten A"},"content":{"rendered":"<p>Gracias a su resistencia a la intemperie, excelentes propiedades mec\u00e1nicas, efectos est\u00e9ticos \u00fanicos y bajos costes de mantenimiento, la chapa de acero Corten A se ha convertido en uno de los materiales indispensables en la arquitectura moderna y el dise\u00f1o art\u00edstico. Ya se utilice para estructuras exteriores, dise\u00f1o paisaj\u00edstico o creaci\u00f3n escult\u00f3rica, la chapa de acero Corten A proporciona una belleza duradera y un rendimiento fiable.<\/p>\n<figure style=\"width: 737px\" class=\"wp-caption alignnone\"><a href=\"https:\/\/keweicorten.com\/es_gt\/contacto\/\"><img fetchpriority=\"high\" decoding=\"async\" title=\"chapa de acero corten\" src=\"https:\/\/sc04.alicdn.com\/kf\/Adb7c535562cc4a6297ff891b617ab23aF\/239729424\/Adb7c535562cc4a6297ff891b617ab23aF.jpg\" alt=\"\" width=\"737\" height=\"305\" \/><\/a><figcaption class=\"wp-caption-text\">placa<\/figcaption><\/figure>\n<table class=\"all magic-7\" style=\"height: 280px;\" width=\"734\">\n<tbody>\n<tr>\n<td colspan=\"1\" rowspan=\"1\">\n<div class=\"magic-8\" data-spm-anchor-id=\"a2700.details.0.i39.4da84018QxxdRU\">Nombre del producto<\/div>\n<\/td>\n<td colspan=\"1\" rowspan=\"1\">\n<div class=\"magic-9\">Chapa Corten<\/div>\n<\/td>\n<\/tr>\n<tr>\n<td colspan=\"1\" rowspan=\"1\">\n<div class=\"magic-8\">Lugar de origen<\/div>\n<\/td>\n<td colspan=\"1\" rowspan=\"1\">\n<div class=\"magic-9\">China<\/div>\n<\/td>\n<\/tr>\n<tr>\n<td colspan=\"1\" rowspan=\"1\">\n<div class=\"magic-8\">Aplicaci\u00f3n<\/div>\n<\/td>\n<td colspan=\"1\" rowspan=\"1\">\n<div class=\"magic-9\">construcci\u00f3n veh\u00edculo ferroviario puente torre<\/div>\n<\/td>\n<\/tr>\n<tr>\n<td colspan=\"1\" rowspan=\"1\">\n<div class=\"magic-8\">Aleaci\u00f3n o no<\/div>\n<\/td>\n<td colspan=\"1\" rowspan=\"1\">\n<div class=\"magic-9\">Sin aleaci\u00f3n<\/div>\n<\/td>\n<\/tr>\n<tr>\n<td colspan=\"1\" rowspan=\"1\">\n<div class=\"magic-8\">Espesor<\/div>\n<\/td>\n<td colspan=\"1\" rowspan=\"1\">\n<div class=\"magic-9\">1-200 mm o seg\u00fan las necesidades<\/div>\n<\/td>\n<\/tr>\n<tr>\n<td colspan=\"1\" rowspan=\"1\">\n<div class=\"magic-8\">Est\u00e1ndar<\/div>\n<\/td>\n<td colspan=\"1\" rowspan=\"1\">\n<div class=\"magic-9\">ASTM,EN,DIN,ANSI,BS<\/div>\n<\/td>\n<\/tr>\n<tr>\n<td colspan=\"1\" rowspan=\"1\">\n<div class=\"magic-8\">Longitud<\/div>\n<\/td>\n<td colspan=\"1\" rowspan=\"1\">\n<div class=\"magic-9\">3000-12000 mm seg\u00fan las necesidades<\/div>\n<\/td>\n<\/tr>\n<tr>\n<td colspan=\"1\" rowspan=\"1\">\n<div class=\"magic-8\">T\u00e9cnica<\/div>\n<\/td>\n<td colspan=\"1\" rowspan=\"1\">\n<div class=\"magic-9\">laminado en caliente laminado en fr\u00edo (a petici\u00f3n del cliente)<\/div>\n<\/td>\n<\/tr>\n<tr>\n<td colspan=\"1\" rowspan=\"1\">\n<div class=\"magic-8\">Tratamiento de superficies<\/div>\n<\/td>\n<td colspan=\"1\" rowspan=\"1\">\n<div class=\"magic-9\">Limpieza, acabado, granallado seg\u00fan los requisitos del cliente<\/div>\n<\/td>\n<\/tr>\n<tr>\n<td colspan=\"1\" rowspan=\"1\">\n<div class=\"magic-8\">Tolerancia<\/div>\n<\/td>\n<td colspan=\"1\" rowspan=\"1\">\n<div class=\"magic-9\">\u00b11%<\/div>\n<\/td>\n<\/tr>\n<tr>\n<td colspan=\"1\" rowspan=\"1\">\n<div class=\"magic-8\">Servicios de procesamiento<\/div>\n<\/td>\n<td colspan=\"1\" rowspan=\"1\">\n<div class=\"magic-9\">Soldadura, punzonado, corte, desbobinado<\/div>\n<\/td>\n<\/tr>\n<tr>\n<td colspan=\"1\" rowspan=\"1\">\n<div class=\"magic-8\">Facturaci\u00f3n<\/div>\n<\/td>\n<td colspan=\"1\" rowspan=\"1\">\n<div class=\"magic-9\">por peso te\u00f3rico<\/div>\n<\/td>\n<\/tr>\n<tr>\n<td colspan=\"1\" rowspan=\"1\">\n<div class=\"magic-8\">Plazo de entrega<\/div>\n<\/td>\n<td colspan=\"1\" rowspan=\"1\">\n<div class=\"magic-9\">En un plazo de 5-7 d\u00edas laborables<\/div>\n<\/td>\n<\/tr>\n<tr>\n<td colspan=\"1\" rowspan=\"1\">\n<div class=\"magic-8\">Embalaje<\/div>\n<\/td>\n<td colspan=\"1\" rowspan=\"1\">\n<div class=\"magic-9\">Embalaje est\u00e1ndar<\/div>\n<\/td>\n<\/tr>\n<\/tbody>\n<\/table>\n<h3>Aplicaciones de la chapa de acero Corten A:<\/h3>\n<ul>\n<li><strong>Arquitectura<\/strong>: Fachadas, revestimientos murales y esculturas de exterior.<\/li>\n<li><strong>Puentes e infraestructuras<\/strong>: Se utiliza en partes de puentes y edificios donde se requiere un rendimiento duradero sin mantenimiento frecuente.<\/li>\n<li><strong>Paisajismo<\/strong>: Estructuras de jard\u00edn, muros de contenci\u00f3n y elementos decorativos.<\/li>\n<\/ul>","protected":false},"excerpt":{"rendered":"<p>El corten A suele fabricarse seg\u00fan normas espec\u00edficas, como la ASTM A588 o la A606, que describen sus propiedades qu\u00edmicas y mec\u00e1nicas. Los espesores est\u00e1ndar de las chapas de acero Corten A pueden variar, oscilando normalmente entre unos pocos mil\u00edmetros y varios cent\u00edmetros, dependiendo de la aplicaci\u00f3n.<\/p>","protected":false},"featured_media":1239,"comment_status":"open","ping_status":"closed","template":"","meta":{"_eb_attr":"","_monsterinsights_skip_tracking":false,"_monsterinsights_sitenote_active":false,"_monsterinsights_sitenote_note":"","_monsterinsights_sitenote_category":0,"_uf_show_specific_survey":0,"_uf_disable_surveys":false},"product_brand":[],"product_cat":[21],"product_tag":[],"class_list":{"0":"post-1238","1":"product","2":"type-product","3":"status-publish","4":"has-post-thumbnail","6":"product_cat-weather-resistant-steel-plate","8":"first","9":"instock","10":"shipping-taxable","11":"product-type-simple"},"_links":{"self":[{"href":"https:\/\/keweicorten.com\/es_gt\/wp-json\/wp\/v2\/product\/1238"}],"collection":[{"href":"https:\/\/keweicorten.com\/es_gt\/wp-json\/wp\/v2\/product"}],"about":[{"href":"https:\/\/keweicorten.com\/es_gt\/wp-json\/wp\/v2\/types\/product"}],"replies":[{"embeddable":true,"href":"https:\/\/keweicorten.com\/es_gt\/wp-json\/wp\/v2\/comments?post=1238"}],"version-history":[{"count":1,"href":"https:\/\/keweicorten.com\/es_gt\/wp-json\/wp\/v2\/product\/1238\/revisions"}],"predecessor-version":[{"id":1240,"href":"https:\/\/keweicorten.com\/es_gt\/wp-json\/wp\/v2\/product\/1238\/revisions\/1240"}],"wp:featuredmedia":[{"embeddable":true,"href":"https:\/\/keweicorten.com\/es_gt\/wp-json\/wp\/v2\/media\/1239"}],"wp:attachment":[{"href":"https:\/\/keweicorten.com\/es_gt\/wp-json\/wp\/v2\/media?parent=1238"}],"wp:term":[{"taxonomy":"product_brand","embeddable":true,"href":"https:\/\/keweicorten.com\/es_gt\/wp-json\/wp\/v2\/product_brand?post=1238"},{"taxonomy":"product_cat","embeddable":true,"href":"https:\/\/keweicorten.com\/es_gt\/wp-json\/wp\/v2\/product_cat?post=1238"},{"taxonomy":"product_tag","embeddable":true,"href":"https:\/\/keweicorten.com\/es_gt\/wp-json\/wp\/v2\/product_tag?post=1238"}],"curies":[{"name":"wp","href":"https:\/\/api.w.org\/{rel}","templated":true}]}}